{"id":65,"date":"2022-10-20T13:44:33","date_gmt":"2022-10-20T11:44:33","guid":{"rendered":"https:\/\/webszh.uk-halle.de\/genid\/?page_id=65"},"modified":"2023-03-13T18:51:22","modified_gmt":"2023-03-13T17:51:22","slug":"hintergruende","status":"publish","type":"page","link":"https:\/\/webszh.uk-halle.de\/monid\/?page_id=65","title":{"rendered":"Das Modellierungsnetz"},"content":{"rendered":"\t\t<div data-elementor-type=\"wp-page\" data-elementor-id=\"65\" class=\"elementor elementor-65\" data-elementor-post-type=\"page\">\n\t\t\t\t\t\t<section class=\"elementor-section elementor-top-section elementor-element elementor-element-da953bf elementor-section-stretched elementor-section-full_width elementor-section-height-default elementor-section-height-default\" data-id=\"da953bf\" data-element_type=\"section\" data-settings=\"{&quot;stretch_section&quot;:&quot;section-stretched&quot;,&quot;background_background&quot;:&quot;classic&quot;}\">\n\t\t\t\t\t\t\t<div class=\"elementor-background-overlay\"><\/div>\n\t\t\t\t\t\t\t<div class=\"elementor-container elementor-column-gap-default\">\n\t\t\t\t\t<div class=\"elementor-column elementor-col-100 elementor-top-column elementor-element elementor-element-b084084\" data-id=\"b084084\" data-element_type=\"column\">\n\t\t\t<div class=\"elementor-widget-wrap\">\n\t\t\t\t\t\t\t<\/div>\n\t\t<\/div>\n\t\t\t\t\t<\/div>\n\t\t<\/section>\n\t\t\t\t<section class=\"elementor-section elementor-top-section elementor-element elementor-element-6b62791 elementor-section-boxed elementor-section-height-default elementor-section-height-default\" data-id=\"6b62791\" data-element_type=\"section\">\n\t\t\t\t\t\t<div class=\"elementor-container elementor-column-gap-default\">\n\t\t\t\t\t<div class=\"elementor-column elementor-col-100 elementor-top-column elementor-element elementor-element-866504e\" data-id=\"866504e\" data-element_type=\"column\">\n\t\t\t<div class=\"elementor-widget-wrap elementor-element-populated\">\n\t\t\t\t\t\t<div class=\"elementor-element elementor-element-8694e41 elementor-widget elementor-widget-heading\" data-id=\"8694e41\" data-element_type=\"widget\" data-widget_type=\"heading.default\">\n\t\t\t\t<div class=\"elementor-widget-container\">\n\t\t\t<style>\/*! elementor - v3.20.0 - 26-03-2024 *\/\n.elementor-heading-title{padding:0;margin:0;line-height:1}.elementor-widget-heading .elementor-heading-title[class*=elementor-size-]>a{color:inherit;font-size:inherit;line-height:inherit}.elementor-widget-heading .elementor-heading-title.elementor-size-small{font-size:15px}.elementor-widget-heading .elementor-heading-title.elementor-size-medium{font-size:19px}.elementor-widget-heading .elementor-heading-title.elementor-size-large{font-size:29px}.elementor-widget-heading .elementor-heading-title.elementor-size-xl{font-size:39px}.elementor-widget-heading .elementor-heading-title.elementor-size-xxl{font-size:59px}<\/style><h1 class=\"elementor-heading-title elementor-size-default\">DAS  MODELLIERUNGSNETZ<\/h1>\t\t<\/div>\n\t\t\t\t<\/div>\n\t\t\t\t<div class=\"elementor-element elementor-element-97dcac6 elementor-widget elementor-widget-text-editor\" data-id=\"97dcac6\" data-element_type=\"widget\" data-widget_type=\"text-editor.default\">\n\t\t\t\t<div class=\"elementor-widget-container\">\n\t\t\t<style>\/*! elementor - v3.20.0 - 26-03-2024 *\/\n.elementor-widget-text-editor.elementor-drop-cap-view-stacked .elementor-drop-cap{background-color:#69727d;color:#fff}.elementor-widget-text-editor.elementor-drop-cap-view-framed .elementor-drop-cap{color:#69727d;border:3px solid;background-color:transparent}.elementor-widget-text-editor:not(.elementor-drop-cap-view-default) .elementor-drop-cap{margin-top:8px}.elementor-widget-text-editor:not(.elementor-drop-cap-view-default) .elementor-drop-cap-letter{width:1em;height:1em}.elementor-widget-text-editor .elementor-drop-cap{float:left;text-align:center;line-height:1;font-size:50px}.elementor-widget-text-editor .elementor-drop-cap-letter{display:inline-block}<\/style>\t\t\t\t<p>Das Modellierungsnetz f\u00fcr schwere Infektionskrankheiten ist ein vom Bundesministerium f\u00fcr Bildung und Forschung (BMBF) gef\u00f6rdertes Forschungsnetzwerk bestehend aus zehn Forschungsverb\u00fcnden, davon drei assoziiert, und einer \u00fcbergeordneten Koordinierungsstelle, welches im Mai 2022 ins Leben gerufen wurde.<\/p>\n<p>Seit Ende 2019 hat ein neuartiges Virus die Welt fest im Griff. Der Erreger SARS-CoV-2 kann Atemwegserkrankungen und Lungenentz\u00fcndungen ausl\u00f6sen und hat zahlreiche Menschen weltweit das Leben gekostet. Die sogenannte Corona-Pandemie bestimmt je nach Infektionsgeschehen wesentlich unseren Alltag und bringt einschneidende Ver\u00e4nderungen mit sich. SARS-CoV-2 ist jedoch nicht das erste Virus, das Ausl\u00f6ser einer Pandemie war und wird auch nicht das letzte bleiben. In Bezug auf die aktuelle Situation ist das Modellierungsnetz f\u00fcr schwere Infektionskrankheiten mit seinen Modellen und Prognosen direkter Ansprechpartner f\u00fcr Anfragen aus der Politik.<\/p>\t\t\t\t\t\t<\/div>\n\t\t\t\t<\/div>\n\t\t\t\t<div class=\"elementor-element elementor-element-3302baf elementor-widget-divider--separator-type-pattern elementor-widget-divider--view-line elementor-widget elementor-widget-divider\" data-id=\"3302baf\" data-element_type=\"widget\" data-widget_type=\"divider.default\">\n\t\t\t\t<div class=\"elementor-widget-container\">\n\t\t\t<style>\/*! elementor - v3.20.0 - 26-03-2024 *\/\n.elementor-widget-divider{--divider-border-style:none;--divider-border-width:1px;--divider-color:#0c0d0e;--divider-icon-size:20px;--divider-element-spacing:10px;--divider-pattern-height:24px;--divider-pattern-size:20px;--divider-pattern-url:none;--divider-pattern-repeat:repeat-x}.elementor-widget-divider .elementor-divider{display:flex}.elementor-widget-divider .elementor-divider__text{font-size:15px;line-height:1;max-width:95%}.elementor-widget-divider .elementor-divider__element{margin:0 var(--divider-element-spacing);flex-shrink:0}.elementor-widget-divider .elementor-icon{font-size:var(--divider-icon-size)}.elementor-widget-divider .elementor-divider-separator{display:flex;margin:0;direction:ltr}.elementor-widget-divider--view-line_icon .elementor-divider-separator,.elementor-widget-divider--view-line_text .elementor-divider-separator{align-items:center}.elementor-widget-divider--view-line_icon .elementor-divider-separator:after,.elementor-widget-divider--view-line_icon .elementor-divider-separator:before,.elementor-widget-divider--view-line_text .elementor-divider-separator:after,.elementor-widget-divider--view-line_text .elementor-divider-separator:before{display:block;content:\"\";border-block-end:0;flex-grow:1;border-block-start:var(--divider-border-width) var(--divider-border-style) var(--divider-color)}.elementor-widget-divider--element-align-left .elementor-divider .elementor-divider-separator>.elementor-divider__svg:first-of-type{flex-grow:0;flex-shrink:100}.elementor-widget-divider--element-align-left .elementor-divider-separator:before{content:none}.elementor-widget-divider--element-align-left .elementor-divider__element{margin-left:0}.elementor-widget-divider--element-align-right .elementor-divider .elementor-divider-separator>.elementor-divider__svg:last-of-type{flex-grow:0;flex-shrink:100}.elementor-widget-divider--element-align-right .elementor-divider-separator:after{content:none}.elementor-widget-divider--element-align-right .elementor-divider__element{margin-right:0}.elementor-widget-divider--element-align-start .elementor-divider .elementor-divider-separator>.elementor-divider__svg:first-of-type{flex-grow:0;flex-shrink:100}.elementor-widget-divider--element-align-start .elementor-divider-separator:before{content:none}.elementor-widget-divider--element-align-start .elementor-divider__element{margin-inline-start:0}.elementor-widget-divider--element-align-end .elementor-divider .elementor-divider-separator>.elementor-divider__svg:last-of-type{flex-grow:0;flex-shrink:100}.elementor-widget-divider--element-align-end .elementor-divider-separator:after{content:none}.elementor-widget-divider--element-align-end .elementor-divider__element{margin-inline-end:0}.elementor-widget-divider:not(.elementor-widget-divider--view-line_text):not(.elementor-widget-divider--view-line_icon) .elementor-divider-separator{border-block-start:var(--divider-border-width) var(--divider-border-style) var(--divider-color)}.elementor-widget-divider--separator-type-pattern{--divider-border-style:none}.elementor-widget-divider--separator-type-pattern.elementor-widget-divider--view-line .elementor-divider-separator,.elementor-widget-divider--separator-type-pattern:not(.elementor-widget-divider--view-line) .elementor-divider-separator:after,.elementor-widget-divider--separator-type-pattern:not(.elementor-widget-divider--view-line) .elementor-divider-separator:before,.elementor-widget-divider--separator-type-pattern:not([class*=elementor-widget-divider--view]) .elementor-divider-separator{width:100%;min-height:var(--divider-pattern-height);-webkit-mask-size:var(--divider-pattern-size) 100%;mask-size:var(--divider-pattern-size) 100%;-webkit-mask-repeat:var(--divider-pattern-repeat);mask-repeat:var(--divider-pattern-repeat);background-color:var(--divider-color);-webkit-mask-image:var(--divider-pattern-url);mask-image:var(--divider-pattern-url)}.elementor-widget-divider--no-spacing{--divider-pattern-size:auto}.elementor-widget-divider--bg-round{--divider-pattern-repeat:round}.rtl .elementor-widget-divider .elementor-divider__text{direction:rtl}.e-con-inner>.elementor-widget-divider,.e-con>.elementor-widget-divider{width:var(--container-widget-width,100%);--flex-grow:var(--container-widget-flex-grow)}<\/style>\t\t<div class=\"elementor-divider\" style=\"--divider-pattern-url: url(&quot;data:image\/svg+xml,%3Csvg xmlns=&#039;http:\/\/www.w3.org\/2000\/svg&#039; preserveAspectRatio=&#039;none&#039; overflow=&#039;visible&#039; height=&#039;100%&#039; viewBox=&#039;0 0 20 16&#039; fill=&#039;none&#039; stroke=&#039;black&#039; stroke-width=&#039;1&#039; stroke-linecap=&#039;square&#039; stroke-miterlimit=&#039;10&#039;%3E%3Cg transform=&#039;translate(-12.000000, 0)&#039;%3E%3Cpath d=&#039;M28,0L10,18&#039;\/%3E%3Cpath d=&#039;M18,0L0,18&#039;\/%3E%3Cpath d=&#039;M48,0L30,18&#039;\/%3E%3Cpath d=&#039;M38,0L20,18&#039;\/%3E%3C\/g%3E%3C\/svg%3E&quot;);\">\n\t\t\t<span class=\"elementor-divider-separator\">\n\t\t\t\t\t\t<\/span>\n\t\t<\/div>\n\t\t\t\t<\/div>\n\t\t\t\t<\/div>\n\t\t\t\t<div class=\"elementor-element elementor-element-ecaed0e elementor-widget elementor-widget-heading\" data-id=\"ecaed0e\" data-element_type=\"widget\" data-widget_type=\"heading.default\">\n\t\t\t\t<div class=\"elementor-widget-container\">\n\t\t\t<h4 class=\"elementor-heading-title elementor-size-default\">Warum sind Modellierungen wichtig?<\/h4>\t\t<\/div>\n\t\t\t\t<\/div>\n\t\t\t\t<div class=\"elementor-element elementor-element-36173f6 elementor-widget elementor-widget-text-editor\" data-id=\"36173f6\" data-element_type=\"widget\" data-widget_type=\"text-editor.default\">\n\t\t\t\t<div class=\"elementor-widget-container\">\n\t\t\t\t\t\t\t<p>Datenbasierte Modellierungen sind ein elementares Instrument, um im Kampf gegen die Erreger rechtzeitig und zielgerichtet reagieren zu k\u00f6nnen. Sie verkn\u00fcpfen vorhandenes Wissen, machen es interpretierbar und erm\u00f6glichen Vorhersagen \u00fcber die Ausbreitungsdynamiken der Infektionskrankheiten. Dabei werden nicht nur medizinische, sondern auch gesellschaftliche Faktoren einbezogen wie z.B. das Kontaktverhalten oder erhobene Eind\u00e4mmungsma\u00dfnahmen. Je mehr Daten in eine Modellierung einflie\u00dfen, umso genauer kann die Vorhersage werden. Entscheidend sind auch die Annahmen, die der Modellierung zugrunde gelegt werden. Um m\u00f6glichst verl\u00e4ssliche und robuste Aussagen treffen zu k\u00f6nnen, ist es unerl\u00e4sslich, bei der Auswahl dieser Modellannahmen und -parameter Experten aus unterschiedlichen wissenschaftlichen Disziplinen einzubeziehen. Methoden des maschinellen Lernens k\u00f6nnen die Modellierungen zus\u00e4tzlich verbessern. Sowohl in der aktuellen COVID-19-Pandemie, als auch f\u00fcr zuk\u00fcnftige Pandemien stellen Modellierungen die wissenschaftliche Basis f\u00fcr politische Entscheidungen und Interventionsma\u00dfnahmen dar und haben damit direkten Einfluss auf unser Leben.<\/p>\t\t\t\t\t\t<\/div>\n\t\t\t\t<\/div>\n\t\t\t\t<div class=\"elementor-element elementor-element-5d64e9b elementor-widget-divider--separator-type-pattern elementor-widget-divider--view-line elementor-widget elementor-widget-divider\" data-id=\"5d64e9b\" data-element_type=\"widget\" data-widget_type=\"divider.default\">\n\t\t\t\t<div class=\"elementor-widget-container\">\n\t\t\t\t\t<div class=\"elementor-divider\" style=\"--divider-pattern-url: url(&quot;data:image\/svg+xml,%3Csvg xmlns=&#039;http:\/\/www.w3.org\/2000\/svg&#039; preserveAspectRatio=&#039;none&#039; overflow=&#039;visible&#039; height=&#039;100%&#039; viewBox=&#039;0 0 20 16&#039; fill=&#039;none&#039; stroke=&#039;black&#039; stroke-width=&#039;1&#039; stroke-linecap=&#039;square&#039; stroke-miterlimit=&#039;10&#039;%3E%3Cg transform=&#039;translate(-12.000000, 0)&#039;%3E%3Cpath d=&#039;M28,0L10,18&#039;\/%3E%3Cpath d=&#039;M18,0L0,18&#039;\/%3E%3Cpath d=&#039;M48,0L30,18&#039;\/%3E%3Cpath d=&#039;M38,0L20,18&#039;\/%3E%3C\/g%3E%3C\/svg%3E&quot;);\">\n\t\t\t<span class=\"elementor-divider-separator\">\n\t\t\t\t\t\t<\/span>\n\t\t<\/div>\n\t\t\t\t<\/div>\n\t\t\t\t<\/div>\n\t\t\t\t<div class=\"elementor-element elementor-element-bf2163d elementor-widget elementor-widget-text-editor\" data-id=\"bf2163d\" data-element_type=\"widget\" data-widget_type=\"text-editor.default\">\n\t\t\t\t<div class=\"elementor-widget-container\">\n\t\t\t\t\t\t\t<p>Das Netzwerk hat sich zum Ziel gesetzt, den interdisziplin\u00e4ren Austausch f\u00fchrender Wissenschaftler:innen aus den relevanten Forschungsdisziplinen zu st\u00e4rken. Damit soll die Modellierungskompetenz in Deutschland nachhaltig gesteigert werden. Zu diesem Zweck organisiert die Koordinierungsstelle u.a. regelm\u00e4\u00dfige Veranstaltungen wie z. B.&nbsp; Workshops, Jahrestagungen oder Summer Schools. Die Forschungsergebnisse dieser Zusammenk\u00fcnfte werden regelm\u00e4\u00dfig in gemeinsamen Publikationen ver\u00f6ffentlicht.<\/p>\n<p>Die Erkenntnisse der beteiligten Forschungsverb\u00fcnde haben neben der Politikberatung auch f\u00fcr \u00fcbergeordnete Fragestellungen h\u00f6chste Relevanz. Die Zusammenarbeit mit anderen Forschungsnetzwerken wie z.B. des Deutschen Zentrums fu\u0308r Lungenforschung, der Initiative Netzwerk Universit\u00e4tsmedizin (NUM) oder der Zoonose-Plattform soll daher aktiv gef\u00f6rdert werden. Das generierte Modellierungswissen wird allen Partnern zug\u00e4nglich gemacht.<\/p>\n<p>F\u00fcr die \u00fcbergreifende Bereitstellung und Nutzung der Forschungsdaten ist die Entwicklung gemeinsamer Standards bez\u00fcglich Datenmanagement und -aufbewahrung von essenzieller Bedeutung und ein wichtiger Teil der Aufgaben des Modellierungsnetzes.<\/p>\n<p>Neben der Bereitstellung ist auch die Ver\u00f6ffentlichung der Forschungsergebnisse zur allgemeinen Wissensverbreitung ein bedeutsames Ziel. Im Fokus stehen hierbei die verst\u00e4ndliche Kommunikation und korrekte Interpretation der Modellaussagen, sowie die Darlegung der zugrundeliegenden mathematischen Methoden inklusive einer Erkl\u00e4rung der Grenzen ihrer Aussagekraft.<\/p>\n<p>Dar\u00fcber hinaus engagiert sich das Netzwerk f\u00fcr die F\u00f6rderung von Nachwuchswissenschaftler:innen, um die Modellierungskompetenz in Deutschland nachhaltig zu st\u00e4rken. Das Format der Summer Schools zielt speziell auf die Ausbildung dieser jungen Modellierer:innen ab. Parallel dazu erarbeiten erfahrene Wissenschaftler:innen in konzeptionellen Workshops allgemeine Standards, sowie Lehr- und Fortbildungsprogramme f\u00fcr die Nachwuchs-f\u00f6rderung. Auf diese Weise l\u00e4sst sich eine strukturierte Ausbildung im Bereich der mathematischen Modellierung im Studium der Medizin oder in der epidemiologischen und o\u0308ffentlichen Gesundheitsausbildung etablieren.<\/p>\t\t\t\t\t\t<\/div>\n\t\t\t\t<\/div>\n\t\t\t\t\t<\/div>\n\t\t<\/div>\n\t\t\t\t\t<\/div>\n\t\t<\/section>\n\t\t\t\t<section class=\"elementor-section elementor-top-section elementor-element elementor-element-33e5f8d elementor-section-boxed elementor-section-height-default elementor-section-height-default\" data-id=\"33e5f8d\" data-element_type=\"section\" data-settings=\"{&quot;background_background&quot;:&quot;classic&quot;,&quot;shape_divider_top&quot;:&quot;arrow&quot;}\">\n\t\t\t\t\t\t\t<div class=\"elementor-background-overlay\"><\/div>\n\t\t\t\t\t\t<div class=\"elementor-shape elementor-shape-top\" data-negative=\"false\">\n\t\t\t<svg xmlns=\"http:\/\/www.w3.org\/2000\/svg\" viewBox=\"0 0 700 10\" preserveAspectRatio=\"none\">\n\t<path class=\"elementor-shape-fill\" d=\"M350,10L340,0h20L350,10z\"\/>\n<\/svg>\t\t<\/div>\n\t\t\t\t\t<div class=\"elementor-container elementor-column-gap-default\">\n\t\t\t\t\t<div class=\"elementor-column elementor-col-100 elementor-top-column elementor-element elementor-element-4f96add\" data-id=\"4f96add\" data-element_type=\"column\">\n\t\t\t<div class=\"elementor-widget-wrap elementor-element-populated\">\n\t\t\t\t\t\t<div class=\"elementor-element elementor-element-5eb67ec elementor-widget elementor-widget-heading\" data-id=\"5eb67ec\" data-element_type=\"widget\" data-widget_type=\"heading.default\">\n\t\t\t\t<div class=\"elementor-widget-container\">\n\t\t\t<h4 class=\"elementor-heading-title elementor-size-default\">Ziele und Aufgaben auf einen Blick<\/h4>\t\t<\/div>\n\t\t\t\t<\/div>\n\t\t\t\t<div class=\"elementor-element elementor-element-3781300 elementor-widget elementor-widget-text-editor\" data-id=\"3781300\" data-element_type=\"widget\" data-widget_type=\"text-editor.default\">\n\t\t\t\t<div class=\"elementor-widget-container\">\n\t\t\t\t\t\t\t<ul>\n<li>Beratung der Politik<\/li>\n<li>F\u00f6rderung des Austausches und Vernetzung der wissenschaftlichen Community<\/li>\n<li>&nbsp;St\u00e4rkung der Zusammenarbeit mit anderen Forschungsnetzwerken<\/li>\n<li>Bereitstellung der Erkenntnisse f\u00fcr \u00fcbergeordnete Fragestellungen<\/li>\n<li>Entwicklung gemeinsamer Standards f\u00fcr Datenmanagement und -aufbewahrung<\/li>\n<\/ul>\n<ul>\n<li>Ver\u00f6ffentlichung der Forschungsergebnisse zur allgemeinen Wissensverbreitung<\/li>\n<li>Entwicklung gemeinsamer Lehr- und Fortbildungsprogramme f\u00fcr Nachwuchswissenschaftler:innen<\/li>\n<\/ul>\t\t\t\t\t\t<\/div>\n\t\t\t\t<\/div>\n\t\t\t\t\t<\/div>\n\t\t<\/div>\n\t\t\t\t\t<\/div>\n\t\t<\/section>\n\t\t\t\t<section class=\"elementor-section elementor-top-section elementor-element elementor-element-78b0844 elementor-section-full_width elementor-section-height-default elementor-section-height-default\" data-id=\"78b0844\" data-element_type=\"section\">\n\t\t\t\t\t\t<div class=\"elementor-container elementor-column-gap-default\">\n\t\t\t\t\t<div class=\"elementor-column elementor-col-100 elementor-top-column elementor-element elementor-element-b74c3fe\" data-id=\"b74c3fe\" data-element_type=\"column\">\n\t\t\t<div class=\"elementor-widget-wrap elementor-element-populated\">\n\t\t\t\t\t\t<div class=\"elementor-element elementor-element-88f5721 elementor-widget elementor-widget-spacer\" data-id=\"88f5721\" data-element_type=\"widget\" data-widget_type=\"spacer.default\">\n\t\t\t\t<div class=\"elementor-widget-container\">\n\t\t\t<style>\/*! elementor - v3.20.0 - 26-03-2024 *\/\n.elementor-column .elementor-spacer-inner{height:var(--spacer-size)}.e-con{--container-widget-width:100%}.e-con-inner>.elementor-widget-spacer,.e-con>.elementor-widget-spacer{width:var(--container-widget-width,var(--spacer-size));--align-self:var(--container-widget-align-self,initial);--flex-shrink:0}.e-con-inner>.elementor-widget-spacer>.elementor-widget-container,.e-con>.elementor-widget-spacer>.elementor-widget-container{height:100%;width:100%}.e-con-inner>.elementor-widget-spacer>.elementor-widget-container>.elementor-spacer,.e-con>.elementor-widget-spacer>.elementor-widget-container>.elementor-spacer{height:100%}.e-con-inner>.elementor-widget-spacer>.elementor-widget-container>.elementor-spacer>.elementor-spacer-inner,.e-con>.elementor-widget-spacer>.elementor-widget-container>.elementor-spacer>.elementor-spacer-inner{height:var(--container-widget-height,var(--spacer-size))}.e-con-inner>.elementor-widget-spacer.elementor-widget-empty,.e-con>.elementor-widget-spacer.elementor-widget-empty{position:relative;min-height:22px;min-width:22px}.e-con-inner>.elementor-widget-spacer.elementor-widget-empty .elementor-widget-empty-icon,.e-con>.elementor-widget-spacer.elementor-widget-empty .elementor-widget-empty-icon{position:absolute;top:0;bottom:0;left:0;right:0;margin:auto;padding:0;width:22px;height:22px}<\/style>\t\t<div class=\"elementor-spacer\">\n\t\t\t<div class=\"elementor-spacer-inner\"><\/div>\n\t\t<\/div>\n\t\t\t\t<\/div>\n\t\t\t\t<\/div>\n\t\t\t\t\t<\/div>\n\t\t<\/div>\n\t\t\t\t\t<\/div>\n\t\t<\/section>\n\t\t\t\t<section class=\"elementor-section elementor-top-section elementor-element elementor-element-a863e69 elementor-section-stretched elementor-section-full_width elementor-section-height-default elementor-section-height-default\" data-id=\"a863e69\" data-element_type=\"section\" data-settings=\"{&quot;stretch_section&quot;:&quot;section-stretched&quot;,&quot;background_background&quot;:&quot;classic&quot;}\">\n\t\t\t\t\t\t\t<div class=\"elementor-background-overlay\"><\/div>\n\t\t\t\t\t\t\t<div class=\"elementor-container elementor-column-gap-default\">\n\t\t\t\t\t<div class=\"elementor-column elementor-col-100 elementor-top-column elementor-element elementor-element-6529a0d\" data-id=\"6529a0d\" data-element_type=\"column\">\n\t\t\t<div class=\"elementor-widget-wrap\">\n\t\t\t\t\t\t\t<\/div>\n\t\t<\/div>\n\t\t\t\t\t<\/div>\n\t\t<\/section>\n\t\t\t\t<section class=\"elementor-section elementor-top-section elementor-element elementor-element-b5be4be elementor-section-full_width elementor-section-height-default elementor-section-height-default\" data-id=\"b5be4be\" data-element_type=\"section\">\n\t\t\t\t\t\t<div class=\"elementor-container elementor-column-gap-default\">\n\t\t\t\t\t<div class=\"elementor-column elementor-col-100 elementor-top-column elementor-element elementor-element-7453f9c\" data-id=\"7453f9c\" data-element_type=\"column\">\n\t\t\t<div class=\"elementor-widget-wrap elementor-element-populated\">\n\t\t\t\t\t\t<div class=\"elementor-element elementor-element-2615332 elementor-widget elementor-widget-spacer\" data-id=\"2615332\" data-element_type=\"widget\" data-widget_type=\"spacer.default\">\n\t\t\t\t<div class=\"elementor-widget-container\">\n\t\t\t\t\t<div class=\"elementor-spacer\">\n\t\t\t<div class=\"elementor-spacer-inner\"><\/div>\n\t\t<\/div>\n\t\t\t\t<\/div>\n\t\t\t\t<\/div>\n\t\t\t\t\t<\/div>\n\t\t<\/div>\n\t\t\t\t\t<\/div>\n\t\t<\/section>\n\t\t\t\t<\/div>\n\t\t","protected":false},"excerpt":{"rendered":"<p>DAS MODELLIERUNGSNETZ Das Modellierungsnetz f\u00fcr schwere Infektionskrankheiten ist ein vom Bundesministerium f\u00fcr Bildung und Forschung (BMBF) gef\u00f6rdertes Forschungsnetzwerk bestehend aus zehn Forschungsverb\u00fcnden, davon drei assoziiert, und einer \u00fcbergeordneten Koordinierungsstelle, welches im Mai 2022 ins Leben gerufen wurde. Seit Ende 2019 hat ein neuartiges Virus die Welt fest im Griff. Der Erreger SARS-CoV-2 kann Atemwegserkrankungen und [&hellip;]<\/p>\n","protected":false},"author":1,"featured_media":0,"parent":0,"menu_order":0,"comment_status":"closed","ping_status":"closed","template":"","meta":{"footnotes":""},"class_list":["post-65","page","type-page","status-publish","hentry"],"_links":{"self":[{"href":"https:\/\/webszh.uk-halle.de\/monid\/index.php?rest_route=\/wp\/v2\/pages\/65","targetHints":{"allow":["GET"]}}],"collection":[{"href":"https:\/\/webszh.uk-halle.de\/monid\/index.php?rest_route=\/wp\/v2\/pages"}],"about":[{"href":"https:\/\/webszh.uk-halle.de\/monid\/index.php?rest_route=\/wp\/v2\/types\/page"}],"author":[{"embeddable":true,"href":"https:\/\/webszh.uk-halle.de\/monid\/index.php?rest_route=\/wp\/v2\/users\/1"}],"replies":[{"embeddable":true,"href":"https:\/\/webszh.uk-halle.de\/monid\/index.php?rest_route=%2Fwp%2Fv2%2Fcomments&post=65"}],"version-history":[{"count":165,"href":"https:\/\/webszh.uk-halle.de\/monid\/index.php?rest_route=\/wp\/v2\/pages\/65\/revisions"}],"predecessor-version":[{"id":3321,"href":"https:\/\/webszh.uk-halle.de\/monid\/index.php?rest_route=\/wp\/v2\/pages\/65\/revisions\/3321"}],"wp:attachment":[{"href":"https:\/\/webszh.uk-halle.de\/monid\/index.php?rest_route=%2Fwp%2Fv2%2Fmedia&parent=65"}],"curies":[{"name":"wp","href":"https:\/\/api.w.org\/{rel}","templated":true}]}}