{"id":43,"date":"2022-10-20T13:17:30","date_gmt":"2022-10-20T11:17:30","guid":{"rendered":"https:\/\/webszh.uk-halle.de\/genid\/?page_id=43"},"modified":"2024-03-19T15:13:51","modified_gmt":"2024-03-19T14:13:51","slug":"startseite","status":"publish","type":"page","link":"https:\/\/webszh.uk-halle.de\/monid\/","title":{"rendered":"MONID Startseite"},"content":{"rendered":"\t\t<div data-elementor-type=\"wp-page\" data-elementor-id=\"43\" class=\"elementor elementor-43\" data-elementor-post-type=\"page\">\n\t\t\t\t\t\t<section class=\"elementor-section elementor-top-section elementor-element elementor-element-8afba87 elementor-section-stretched elementor-section-full_width elementor-section-height-default elementor-section-height-default\" data-id=\"8afba87\" data-element_type=\"section\" data-settings=\"{&quot;stretch_section&quot;:&quot;section-stretched&quot;,&quot;background_background&quot;:&quot;classic&quot;}\">\n\t\t\t\t\t\t\t<div class=\"elementor-background-overlay\"><\/div>\n\t\t\t\t\t\t\t<div class=\"elementor-container elementor-column-gap-default\">\n\t\t\t\t\t<div class=\"elementor-column elementor-col-100 elementor-top-column elementor-element elementor-element-393c5e4\" data-id=\"393c5e4\" data-element_type=\"column\">\n\t\t\t<div class=\"elementor-widget-wrap\">\n\t\t\t\t\t\t\t<\/div>\n\t\t<\/div>\n\t\t\t\t\t<\/div>\n\t\t<\/section>\n\t\t\t\t<section class=\"elementor-section elementor-top-section elementor-element elementor-element-96dabc6 elementor-section-boxed elementor-section-height-default elementor-section-height-default\" data-id=\"96dabc6\" data-element_type=\"section\">\n\t\t\t\t\t\t<div class=\"elementor-container elementor-column-gap-default\">\n\t\t\t\t\t<div class=\"elementor-column elementor-col-100 elementor-top-column elementor-element elementor-element-ac72d56\" data-id=\"ac72d56\" data-element_type=\"column\">\n\t\t\t<div class=\"elementor-widget-wrap\">\n\t\t\t\t\t\t\t<\/div>\n\t\t<\/div>\n\t\t\t\t\t<\/div>\n\t\t<\/section>\n\t\t\t\t<section class=\"elementor-section elementor-top-section elementor-element elementor-element-2faa318 elementor-section-boxed elementor-section-height-default elementor-section-height-default\" data-id=\"2faa318\" data-element_type=\"section\" data-settings=\"{&quot;background_background&quot;:&quot;classic&quot;,&quot;shape_divider_top&quot;:&quot;arrow&quot;}\">\n\t\t\t\t\t\t\t<div class=\"elementor-background-overlay\"><\/div>\n\t\t\t\t\t\t<div class=\"elementor-shape elementor-shape-top\" data-negative=\"false\">\n\t\t\t<svg xmlns=\"http:\/\/www.w3.org\/2000\/svg\" viewBox=\"0 0 700 10\" preserveAspectRatio=\"none\">\n\t<path class=\"elementor-shape-fill\" d=\"M350,10L340,0h20L350,10z\"\/>\n<\/svg>\t\t<\/div>\n\t\t\t\t\t<div class=\"elementor-container elementor-column-gap-default\">\n\t\t\t\t\t<div class=\"elementor-column elementor-col-100 elementor-top-column elementor-element elementor-element-bb1d14f\" data-id=\"bb1d14f\" data-element_type=\"column\">\n\t\t\t<div class=\"elementor-widget-wrap elementor-element-populated\">\n\t\t\t\t\t\t<div class=\"elementor-element elementor-element-4da41e2 e-transform elementor-widget elementor-widget-heading\" data-id=\"4da41e2\" data-element_type=\"widget\" data-settings=\"{&quot;_transform_translateY_effect&quot;:{&quot;unit&quot;:&quot;px&quot;,&quot;size&quot;:0,&quot;sizes&quot;:[]},&quot;_transform_translateX_effect&quot;:{&quot;unit&quot;:&quot;px&quot;,&quot;size&quot;:&quot;&quot;,&quot;sizes&quot;:[]},&quot;_transform_translateX_effect_tablet&quot;:{&quot;unit&quot;:&quot;px&quot;,&quot;size&quot;:&quot;&quot;,&quot;sizes&quot;:[]},&quot;_transform_translateX_effect_mobile&quot;:{&quot;unit&quot;:&quot;px&quot;,&quot;size&quot;:&quot;&quot;,&quot;sizes&quot;:[]},&quot;_transform_translateY_effect_tablet&quot;:{&quot;unit&quot;:&quot;px&quot;,&quot;size&quot;:&quot;&quot;,&quot;sizes&quot;:[]},&quot;_transform_translateY_effect_mobile&quot;:{&quot;unit&quot;:&quot;px&quot;,&quot;size&quot;:&quot;&quot;,&quot;sizes&quot;:[]}}\" data-widget_type=\"heading.default\">\n\t\t\t\t<div class=\"elementor-widget-container\">\n\t\t\t<style>\/*! elementor - v3.20.0 - 26-03-2024 *\/\n.elementor-heading-title{padding:0;margin:0;line-height:1}.elementor-widget-heading .elementor-heading-title[class*=elementor-size-]>a{color:inherit;font-size:inherit;line-height:inherit}.elementor-widget-heading .elementor-heading-title.elementor-size-small{font-size:15px}.elementor-widget-heading .elementor-heading-title.elementor-size-medium{font-size:19px}.elementor-widget-heading .elementor-heading-title.elementor-size-large{font-size:29px}.elementor-widget-heading .elementor-heading-title.elementor-size-xl{font-size:39px}.elementor-widget-heading .elementor-heading-title.elementor-size-xxl{font-size:59px}<\/style><h1 class=\"elementor-heading-title elementor-size-default\">MONID - MODELLIERUNGSNETZ<br> \nF\u00dcR  SCHWERE  INFEKTIONSKRANKHEITEN<\/h1>\t\t<\/div>\n\t\t\t\t<\/div>\n\t\t\t\t<section class=\"elementor-section elementor-inner-section elementor-element elementor-element-04ecdc0 elementor-section-boxed elementor-section-height-default elementor-section-height-default\" data-id=\"04ecdc0\" data-element_type=\"section\">\n\t\t\t\t\t\t<div class=\"elementor-container elementor-column-gap-custom\">\n\t\t\t\t\t<div class=\"elementor-column elementor-col-100 elementor-inner-column elementor-element elementor-element-67d3eef\" data-id=\"67d3eef\" data-element_type=\"column\">\n\t\t\t<div class=\"elementor-widget-wrap elementor-element-populated\">\n\t\t\t\t\t\t<div class=\"elementor-element elementor-element-d56df1b elementor-widget__width-initial elementor-widget elementor-widget-text-editor\" data-id=\"d56df1b\" data-element_type=\"widget\" data-widget_type=\"text-editor.default\">\n\t\t\t\t<div class=\"elementor-widget-container\">\n\t\t\t<style>\/*! elementor - v3.20.0 - 26-03-2024 *\/\n.elementor-widget-text-editor.elementor-drop-cap-view-stacked .elementor-drop-cap{background-color:#69727d;color:#fff}.elementor-widget-text-editor.elementor-drop-cap-view-framed .elementor-drop-cap{color:#69727d;border:3px solid;background-color:transparent}.elementor-widget-text-editor:not(.elementor-drop-cap-view-default) .elementor-drop-cap{margin-top:8px}.elementor-widget-text-editor:not(.elementor-drop-cap-view-default) .elementor-drop-cap-letter{width:1em;height:1em}.elementor-widget-text-editor .elementor-drop-cap{float:left;text-align:center;line-height:1;font-size:50px}.elementor-widget-text-editor .elementor-drop-cap-letter{display:inline-block}<\/style>\t\t\t\t<pre><span style=\"line-height: 130%; caret-color: #000000; font-size: 14pt; font-family: 'Segoe UI', sans-serif; color: #1f3864;\">Das Modellierungsnetz f\u00fcr schwere Infektionskrankheiten ist ein vom Bundesministerium f\u00fcr Bildung und Forschung (BMBF) gef\u00f6rdertes Forschungsnetzwerk bestehend aus zehn Forschungsverb\u00fcnden, drei davon assoziiert, und einer \u00fcbergeordneten Koordinierungsstelle, welches im Mai 2022 ins Leben gerufen wurde. Im Fokus des Modellierungsnetzes steht die St\u00e4rkung des interdisziplin\u00e4ren Austausches f\u00fchrender Wissenschaftler:innen auf diesem Gebiet. Dar\u00fcber hinaus engagiert sich das Netzwerk f\u00fcr die F\u00f6rderung junger Modellierer:innen und Nachwuchswissenschaftler:innen, um die Modellierungskompetenz in Deutschland nachhaltig zu st\u00e4rken.\nDas Modellierungsnetz f\u00fcr schwere Infektionskrankheiten ist speziell in Bezug auf die aktuelle pandemische Lage direkter Ansprechpartner f\u00fcr Anfragen aus der Politik.&nbsp;<\/span><\/pre>\t\t\t\t\t\t<\/div>\n\t\t\t\t<\/div>\n\t\t\t\t<div class=\"elementor-element elementor-element-e7877aa elementor-button-info elementor-align-center elementor-widget elementor-widget-button\" data-id=\"e7877aa\" data-element_type=\"widget\" data-widget_type=\"button.default\">\n\t\t\t\t<div class=\"elementor-widget-container\">\n\t\t\t\t\t<div class=\"elementor-button-wrapper\">\n\t\t\t<a class=\"elementor-button elementor-button-link elementor-size-xs elementor-animation-grow\" href=\"https:\/\/webszh.uk-halle.de\/monid\/?page_id=65\">\n\t\t\t\t\t\t<span class=\"elementor-button-content-wrapper\">\n\t\t\t\t\t\t<span class=\"elementor-button-text\">Mehr dazu<\/span>\n\t\t<\/span>\n\t\t\t\t\t<\/a>\n\t\t<\/div>\n\t\t\t\t<\/div>\n\t\t\t\t<\/div>\n\t\t\t\t\t<\/div>\n\t\t<\/div>\n\t\t\t\t\t<\/div>\n\t\t<\/section>\n\t\t\t\t\t<\/div>\n\t\t<\/div>\n\t\t\t\t\t<\/div>\n\t\t<\/section>\n\t\t\t\t<section class=\"elementor-section elementor-top-section elementor-element elementor-element-44c7697 elementor-section-boxed elementor-section-height-default elementor-section-height-default\" data-id=\"44c7697\" data-element_type=\"section\">\n\t\t\t\t\t\t<div class=\"elementor-container elementor-column-gap-default\">\n\t\t\t\t\t<div class=\"elementor-column elementor-col-100 elementor-top-column elementor-element elementor-element-184b69c\" data-id=\"184b69c\" data-element_type=\"column\">\n\t\t\t<div class=\"elementor-widget-wrap elementor-element-populated\">\n\t\t\t\t\t\t<div class=\"elementor-element elementor-element-9435e6a elementor-widget elementor-widget-spacer\" data-id=\"9435e6a\" data-element_type=\"widget\" data-widget_type=\"spacer.default\">\n\t\t\t\t<div class=\"elementor-widget-container\">\n\t\t\t<style>\/*! elementor - v3.20.0 - 26-03-2024 *\/\n.elementor-column .elementor-spacer-inner{height:var(--spacer-size)}.e-con{--container-widget-width:100%}.e-con-inner>.elementor-widget-spacer,.e-con>.elementor-widget-spacer{width:var(--container-widget-width,var(--spacer-size));--align-self:var(--container-widget-align-self,initial);--flex-shrink:0}.e-con-inner>.elementor-widget-spacer>.elementor-widget-container,.e-con>.elementor-widget-spacer>.elementor-widget-container{height:100%;width:100%}.e-con-inner>.elementor-widget-spacer>.elementor-widget-container>.elementor-spacer,.e-con>.elementor-widget-spacer>.elementor-widget-container>.elementor-spacer{height:100%}.e-con-inner>.elementor-widget-spacer>.elementor-widget-container>.elementor-spacer>.elementor-spacer-inner,.e-con>.elementor-widget-spacer>.elementor-widget-container>.elementor-spacer>.elementor-spacer-inner{height:var(--container-widget-height,var(--spacer-size))}.e-con-inner>.elementor-widget-spacer.elementor-widget-empty,.e-con>.elementor-widget-spacer.elementor-widget-empty{position:relative;min-height:22px;min-width:22px}.e-con-inner>.elementor-widget-spacer.elementor-widget-empty .elementor-widget-empty-icon,.e-con>.elementor-widget-spacer.elementor-widget-empty .elementor-widget-empty-icon{position:absolute;top:0;bottom:0;left:0;right:0;margin:auto;padding:0;width:22px;height:22px}<\/style>\t\t<div class=\"elementor-spacer\">\n\t\t\t<div class=\"elementor-spacer-inner\"><\/div>\n\t\t<\/div>\n\t\t\t\t<\/div>\n\t\t\t\t<\/div>\n\t\t\t\t\t<\/div>\n\t\t<\/div>\n\t\t\t\t\t<\/div>\n\t\t<\/section>\n\t\t\t\t<section class=\"elementor-section elementor-top-section elementor-element elementor-element-c5c9ac4 elementor-section-stretched elementor-section-full_width elementor-section-height-default elementor-section-height-default\" data-id=\"c5c9ac4\" data-element_type=\"section\" data-settings=\"{&quot;stretch_section&quot;:&quot;section-stretched&quot;,&quot;background_background&quot;:&quot;classic&quot;,&quot;shape_divider_top&quot;:&quot;arrow&quot;}\">\n\t\t\t\t\t\t\t<div class=\"elementor-background-overlay\"><\/div>\n\t\t\t\t\t\t<div class=\"elementor-shape elementor-shape-top\" data-negative=\"false\">\n\t\t\t<svg xmlns=\"http:\/\/www.w3.org\/2000\/svg\" viewBox=\"0 0 700 10\" preserveAspectRatio=\"none\">\n\t<path class=\"elementor-shape-fill\" d=\"M350,10L340,0h20L350,10z\"\/>\n<\/svg>\t\t<\/div>\n\t\t\t\t\t<div class=\"elementor-container elementor-column-gap-default\">\n\t\t\t\t\t<div class=\"elementor-column elementor-col-100 elementor-top-column elementor-element elementor-element-16bbe79\" data-id=\"16bbe79\" data-element_type=\"column\">\n\t\t\t<div class=\"elementor-widget-wrap\">\n\t\t\t\t\t\t\t<\/div>\n\t\t<\/div>\n\t\t\t\t\t<\/div>\n\t\t<\/section>\n\t\t\t\t<section class=\"elementor-section elementor-top-section elementor-element elementor-element-3bf33f8 elementor-section-boxed elementor-section-height-default elementor-section-height-default\" data-id=\"3bf33f8\" data-element_type=\"section\">\n\t\t\t\t\t\t<div class=\"elementor-container elementor-column-gap-default\">\n\t\t\t\t\t<div class=\"elementor-column elementor-col-100 elementor-top-column elementor-element elementor-element-fda1fa2\" data-id=\"fda1fa2\" data-element_type=\"column\">\n\t\t\t<div class=\"elementor-widget-wrap elementor-element-populated\">\n\t\t\t\t\t\t<div class=\"elementor-element elementor-element-f18f337 elementor-widget elementor-widget-spacer\" data-id=\"f18f337\" data-element_type=\"widget\" data-widget_type=\"spacer.default\">\n\t\t\t\t<div class=\"elementor-widget-container\">\n\t\t\t\t\t<div class=\"elementor-spacer\">\n\t\t\t<div class=\"elementor-spacer-inner\"><\/div>\n\t\t<\/div>\n\t\t\t\t<\/div>\n\t\t\t\t<\/div>\n\t\t\t\t\t<\/div>\n\t\t<\/div>\n\t\t\t\t\t<\/div>\n\t\t<\/section>\n\t\t\t\t<section class=\"elementor-section elementor-top-section elementor-element elementor-element-09752b8 elementor-section-stretched elementor-section-boxed elementor-section-height-default elementor-section-height-default\" data-id=\"09752b8\" data-element_type=\"section\" data-settings=\"{&quot;background_background&quot;:&quot;classic&quot;,&quot;stretch_section&quot;:&quot;section-stretched&quot;,&quot;shape_divider_top&quot;:&quot;arrow&quot;}\">\n\t\t\t\t\t\t\t<div class=\"elementor-background-overlay\"><\/div>\n\t\t\t\t\t\t<div class=\"elementor-shape elementor-shape-top\" data-negative=\"false\">\n\t\t\t<svg xmlns=\"http:\/\/www.w3.org\/2000\/svg\" viewBox=\"0 0 700 10\" preserveAspectRatio=\"none\">\n\t<path class=\"elementor-shape-fill\" d=\"M350,10L340,0h20L350,10z\"\/>\n<\/svg>\t\t<\/div>\n\t\t\t\t\t<div class=\"elementor-container elementor-column-gap-default\">\n\t\t\t\t\t<div class=\"elementor-column elementor-col-100 elementor-top-column elementor-element elementor-element-9fc121a\" data-id=\"9fc121a\" data-element_type=\"column\" data-settings=\"{&quot;background_background&quot;:&quot;classic&quot;}\">\n\t\t\t<div class=\"elementor-widget-wrap elementor-element-populated\">\n\t\t\t\t\t\t<div class=\"elementor-element elementor-element-2e0fe95 elementor-widget elementor-widget-heading\" data-id=\"2e0fe95\" data-element_type=\"widget\" data-widget_type=\"heading.default\">\n\t\t\t\t<div class=\"elementor-widget-container\">\n\t\t\t<h2 class=\"elementor-heading-title elementor-size-default\">AKTUELLES AUS DEM NETZWERK<\/h2>\t\t<\/div>\n\t\t\t\t<\/div>\n\t\t\t\t<section class=\"elementor-section elementor-inner-section elementor-element elementor-element-b7a1d20 elementor-section-boxed elementor-section-height-default elementor-section-height-default\" data-id=\"b7a1d20\" data-element_type=\"section\">\n\t\t\t\t\t\t<div class=\"elementor-container elementor-column-gap-default\">\n\t\t\t\t\t<div class=\"elementor-column elementor-col-100 elementor-inner-column elementor-element elementor-element-b4dae65\" data-id=\"b4dae65\" data-element_type=\"column\">\n\t\t\t<div class=\"elementor-widget-wrap elementor-element-populated\">\n\t\t\t\t\t\t<div class=\"elementor-element elementor-element-a3308b4 elementor-grid-2 elementor-grid-tablet-2 elementor-grid-mobile-1 elementor-posts--thumbnail-top elementor-widget elementor-widget-posts\" data-id=\"a3308b4\" data-element_type=\"widget\" data-settings=\"{&quot;classic_columns&quot;:&quot;2&quot;,&quot;classic_row_gap&quot;:{&quot;unit&quot;:&quot;px&quot;,&quot;size&quot;:75,&quot;sizes&quot;:[]},&quot;classic_row_gap_tablet&quot;:{&quot;unit&quot;:&quot;px&quot;,&quot;size&quot;:50,&quot;sizes&quot;:[]},&quot;classic_columns_tablet&quot;:&quot;2&quot;,&quot;classic_columns_mobile&quot;:&quot;1&quot;,&quot;classic_row_gap_mobile&quot;:{&quot;unit&quot;:&quot;px&quot;,&quot;size&quot;:&quot;&quot;,&quot;sizes&quot;:[]}}\" data-widget_type=\"posts.classic\">\n\t\t\t\t<div class=\"elementor-widget-container\">\n\t\t\t<link rel=\"stylesheet\" href=\"https:\/\/webszh.uk-halle.de\/monid\/wp-content\/plugins\/elementor-pro\/assets\/css\/widget-posts.min.css\">\t\t<div class=\"elementor-posts-container elementor-posts elementor-posts--skin-classic elementor-grid\">\n\t\t\t\t<article class=\"elementor-post elementor-grid-item post-4645 post type-post status-publish format-standard has-post-thumbnail hentry category-aktuelles\">\n\t\t\t\t<a class=\"elementor-post__thumbnail__link\" href=\"https:\/\/webszh.uk-halle.de\/monid\/?p=4645\" tabindex=\"-1\" >\n\t\t\t<div class=\"elementor-post__thumbnail\"><img fetchpriority=\"high\" decoding=\"async\" width=\"2560\" height=\"1703\" src=\"https:\/\/webszh.uk-halle.de\/monid\/wp-content\/uploads\/2024\/03\/Monid_print-7-scaled.jpg\" class=\"attachment-full size-full wp-image-4649\" alt=\"\" srcset=\"https:\/\/webszh.uk-halle.de\/monid\/wp-content\/uploads\/2024\/03\/Monid_print-7-scaled.jpg 2560w, https:\/\/webszh.uk-halle.de\/monid\/wp-content\/uploads\/2024\/03\/Monid_print-7-300x200.jpg 300w, https:\/\/webszh.uk-halle.de\/monid\/wp-content\/uploads\/2024\/03\/Monid_print-7-1024x681.jpg 1024w, https:\/\/webszh.uk-halle.de\/monid\/wp-content\/uploads\/2024\/03\/Monid_print-7-768x511.jpg 768w, https:\/\/webszh.uk-halle.de\/monid\/wp-content\/uploads\/2024\/03\/Monid_print-7-1536x1022.jpg 1536w, https:\/\/webszh.uk-halle.de\/monid\/wp-content\/uploads\/2024\/03\/Monid_print-7-2048x1362.jpg 2048w, https:\/\/webszh.uk-halle.de\/monid\/wp-content\/uploads\/2024\/03\/Monid_print-7-500x333.jpg 500w, https:\/\/webszh.uk-halle.de\/monid\/wp-content\/uploads\/2024\/03\/Monid_print-7-800x532.jpg 800w, https:\/\/webszh.uk-halle.de\/monid\/wp-content\/uploads\/2024\/03\/Monid_print-7-1280x852.jpg 1280w, https:\/\/webszh.uk-halle.de\/monid\/wp-content\/uploads\/2024\/03\/Monid_print-7-1920x1277.jpg 1920w\" sizes=\"(max-width: 2560px) 100vw, 2560px\" \/><\/div>\n\t\t<\/a>\n\t\t\t\t<div class=\"elementor-post__text\">\n\t\t\t\t<h3 class=\"elementor-post__title\">\n\t\t\t<a href=\"https:\/\/webszh.uk-halle.de\/monid\/?p=4645\" >\n\t\t\t\tDie 2. Jahrestagung des Modellierungsnetzwerkes f\u00fcr schwere Infektionskrankheiten (MONID) zu Gast in der Leopoldina\t\t\t<\/a>\n\t\t<\/h3>\n\t\t\t\t<div class=\"elementor-post__meta-data\">\n\t\t\t\t\t<span class=\"elementor-post-date\">\n\t\t\t18. M\u00e4rz 2024\t\t<\/span>\n\t\t\t\t<\/div>\n\t\t\t\t<div class=\"elementor-post__excerpt\">\n\t\t\t<p>Die Nationale Akademie der Wissenschaften, Leopoldina, war Austragungsort der \u201e2nd National Conference on Infectious Disease Modeling\u201c, bei der sich \u00fcber 150 nationale und internationale Expert:innen in Halle (Saale) trafen, um die Modellierungskompetenz im Kampf gegen Infektionskrankheiten in Deutschland und dar\u00fcber hinaus weiter zu st\u00e4rken und auszubauen. Das vom BMBF gef\u00f6rderte Modellierungsnetz f\u00fcr schwere Infektionskrankheiten (MONID) blickt zufrieden auf drei Tage voll spannender Paneldiskussionen, intensiver Gespr\u00e4che und Vortr\u00e4ge talentierter (Nachwuchs-) Modellierer:innen zur\u00fcck. Von Mittwoch, den 13.03.2024<\/p>\n\t\t<\/div>\n\t\t\n\t\t<a class=\"elementor-post__read-more\" href=\"https:\/\/webszh.uk-halle.de\/monid\/?p=4645\" aria-label=\"Mehr \u00fcber Die 2. Jahrestagung des Modellierungsnetzwerkes f\u00fcr schwere Infektionskrankheiten (MONID) zu Gast in der Leopoldina\" tabindex=\"-1\" >\n\t\t\tWeiterlesen \u00bb\t\t<\/a>\n\n\t\t\t\t<\/div>\n\t\t\t\t<\/article>\n\t\t\t\t<article class=\"elementor-post elementor-grid-item post-4284 post type-post status-publish format-standard has-post-thumbnail hentry category-aktuelles tag-impung tag-modellierung tag-stiko\">\n\t\t\t\t<a class=\"elementor-post__thumbnail__link\" href=\"https:\/\/webszh.uk-halle.de\/monid\/?p=4284\" tabindex=\"-1\" >\n\t\t\t<div class=\"elementor-post__thumbnail\"><img decoding=\"async\" width=\"615\" height=\"397\" src=\"https:\/\/webszh.uk-halle.de\/monid\/wp-content\/uploads\/2024\/02\/STIKO_Logo_CMYK_ohne-UZ-1.jpg\" class=\"attachment-full size-full wp-image-4287\" alt=\"\" srcset=\"https:\/\/webszh.uk-halle.de\/monid\/wp-content\/uploads\/2024\/02\/STIKO_Logo_CMYK_ohne-UZ-1.jpg 615w, https:\/\/webszh.uk-halle.de\/monid\/wp-content\/uploads\/2024\/02\/STIKO_Logo_CMYK_ohne-UZ-1-300x194.jpg 300w, https:\/\/webszh.uk-halle.de\/monid\/wp-content\/uploads\/2024\/02\/STIKO_Logo_CMYK_ohne-UZ-1-500x323.jpg 500w\" sizes=\"(max-width: 615px) 100vw, 615px\" \/><\/div>\n\t\t<\/a>\n\t\t\t\t<div class=\"elementor-post__text\">\n\t\t\t\t<h3 class=\"elementor-post__title\">\n\t\t\t<a href=\"https:\/\/webszh.uk-halle.de\/monid\/?p=4284\" >\n\t\t\t\tMONID begr\u00fc\u00dft Erweiterung der STIKO-Expertise um Bereich Modellierung &#8211; 2 MONID-Wissenschaftler:innen in neuberufener STIKO\t\t\t<\/a>\n\t\t<\/h3>\n\t\t\t\t<div class=\"elementor-post__meta-data\">\n\t\t\t\t\t<span class=\"elementor-post-date\">\n\t\t\t14. Februar 2024\t\t<\/span>\n\t\t\t\t<\/div>\n\t\t\t\t<div class=\"elementor-post__excerpt\">\n\t\t\t<p>Das Bundesgesundheitsministerium (BMG) hat in Abstimmung mit den obersten Landesgesundheitsbeh\u00f6rden die Mitglieder der St\u00e4ndigen Impfkommission (STIKO) turnusm\u00e4\u00dfig f\u00fcr 3 Jahre neu berufen. Unter den 19 Expert:innen sind auch zwei Wissenschaftler:innen des Modellierungsnetzes f\u00fcr schwere Infektionskrankheiten: Vorstandsmitglied Dr. Berit Lange und Professor Dr. Stefan Flasche, Mitglied des Wissenschaftlichen Beirats des MONID-Verbundes \u201eOptimAgent\u201c. Lange ist kommissarische Leiterin der Abteilung \u201eEpidemiologie\u201c am Helmholtz-Zentrum f\u00fcr Infektionsforschung (HZI) in Braunschweig, vertritt MONID als Co-Sprecherin und leitet zudem den Verbund \u201eRESPINOW\u201c.<\/p>\n\t\t<\/div>\n\t\t\n\t\t<a class=\"elementor-post__read-more\" href=\"https:\/\/webszh.uk-halle.de\/monid\/?p=4284\" aria-label=\"Mehr \u00fcber MONID begr\u00fc\u00dft Erweiterung der STIKO-Expertise um Bereich Modellierung &#8211; 2 MONID-Wissenschaftler:innen in neuberufener STIKO\" tabindex=\"-1\" >\n\t\t\tWeiterlesen \u00bb\t\t<\/a>\n\n\t\t\t\t<\/div>\n\t\t\t\t<\/article>\n\t\t\t\t<\/div>\n\t\t\n\t\t\t\t<\/div>\n\t\t\t\t<\/div>\n\t\t\t\t\t<\/div>\n\t\t<\/div>\n\t\t\t\t\t<\/div>\n\t\t<\/section>\n\t\t\t\t<div class=\"elementor-element elementor-element-8dc8a93 elementor-align-center elementor-widget elementor-widget-button\" data-id=\"8dc8a93\" data-element_type=\"widget\" data-widget_type=\"button.default\">\n\t\t\t\t<div class=\"elementor-widget-container\">\n\t\t\t\t\t<div class=\"elementor-button-wrapper\">\n\t\t\t<a class=\"elementor-button elementor-button-link elementor-size-sm elementor-animation-grow\" href=\"https:\/\/webszh.uk-halle.de\/monid\/?page_id=95\" id=\"aktuelles-link\">\n\t\t\t\t\t\t<span class=\"elementor-button-content-wrapper\">\n\t\t\t\t\t\t<span class=\"elementor-button-icon elementor-align-icon-left\">\n\t\t\t\t<i aria-hidden=\"true\" class=\"fas fa-info\"><\/i>\t\t\t<\/span>\n\t\t\t\t\t\t<span class=\"elementor-button-text\">Weitere Beitr\u00e4ge<\/span>\n\t\t<\/span>\n\t\t\t\t\t<\/a>\n\t\t<\/div>\n\t\t\t\t<\/div>\n\t\t\t\t<\/div>\n\t\t\t\t\t<\/div>\n\t\t<\/div>\n\t\t\t\t\t<\/div>\n\t\t<\/section>\n\t\t\t\t<section class=\"elementor-section elementor-top-section elementor-element elementor-element-8236244 elementor-section-boxed elementor-section-height-default elementor-section-height-default\" data-id=\"8236244\" data-element_type=\"section\">\n\t\t\t\t\t\t<div class=\"elementor-container elementor-column-gap-default\">\n\t\t\t\t\t<div class=\"elementor-column elementor-col-100 elementor-top-column elementor-element elementor-element-14817ee\" data-id=\"14817ee\" data-element_type=\"column\">\n\t\t\t<div class=\"elementor-widget-wrap elementor-element-populated\">\n\t\t\t\t\t\t<div class=\"elementor-element elementor-element-1c8f5e5 elementor-widget elementor-widget-spacer\" data-id=\"1c8f5e5\" data-element_type=\"widget\" data-widget_type=\"spacer.default\">\n\t\t\t\t<div class=\"elementor-widget-container\">\n\t\t\t\t\t<div class=\"elementor-spacer\">\n\t\t\t<div class=\"elementor-spacer-inner\"><\/div>\n\t\t<\/div>\n\t\t\t\t<\/div>\n\t\t\t\t<\/div>\n\t\t\t\t\t<\/div>\n\t\t<\/div>\n\t\t\t\t\t<\/div>\n\t\t<\/section>\n\t\t\t\t<\/div>\n\t\t","protected":false},"excerpt":{"rendered":"<p>MONID &#8211; MODELLIERUNGSNETZ F\u00dcR SCHWERE INFEKTIONSKRANKHEITEN Das Modellierungsnetz f\u00fcr schwere Infektionskrankheiten ist ein vom Bundesministerium f\u00fcr Bildung und Forschung (BMBF) gef\u00f6rdertes Forschungsnetzwerk bestehend aus zehn Forschungsverb\u00fcnden, drei davon assoziiert, und einer \u00fcbergeordneten Koordinierungsstelle, welches im Mai 2022 ins Leben gerufen wurde. Im Fokus des Modellierungsnetzes steht die St\u00e4rkung des interdisziplin\u00e4ren Austausches f\u00fchrender Wissenschaftler:innen auf diesem [&hellip;]<\/p>\n","protected":false},"author":1,"featured_media":0,"parent":0,"menu_order":0,"comment_status":"closed","ping_status":"closed","template":"","meta":{"footnotes":""},"class_list":["post-43","page","type-page","status-publish","hentry"],"_links":{"self":[{"href":"https:\/\/webszh.uk-halle.de\/monid\/index.php?rest_route=\/wp\/v2\/pages\/43","targetHints":{"allow":["GET"]}}],"collection":[{"href":"https:\/\/webszh.uk-halle.de\/monid\/index.php?rest_route=\/wp\/v2\/pages"}],"about":[{"href":"https:\/\/webszh.uk-halle.de\/monid\/index.php?rest_route=\/wp\/v2\/types\/page"}],"author":[{"embeddable":true,"href":"https:\/\/webszh.uk-halle.de\/monid\/index.php?rest_route=\/wp\/v2\/users\/1"}],"replies":[{"embeddable":true,"href":"https:\/\/webszh.uk-halle.de\/monid\/index.php?rest_route=%2Fwp%2Fv2%2Fcomments&post=43"}],"version-history":[{"count":413,"href":"https:\/\/webszh.uk-halle.de\/monid\/index.php?rest_route=\/wp\/v2\/pages\/43\/revisions"}],"predecessor-version":[{"id":4682,"href":"https:\/\/webszh.uk-halle.de\/monid\/index.php?rest_route=\/wp\/v2\/pages\/43\/revisions\/4682"}],"wp:attachment":[{"href":"https:\/\/webszh.uk-halle.de\/monid\/index.php?rest_route=%2Fwp%2Fv2%2Fmedia&parent=43"}],"curies":[{"name":"wp","href":"https:\/\/api.w.org\/{rel}","templated":true}]}}