{"id":2905,"date":"2023-04-12T12:53:59","date_gmt":"2023-04-12T10:53:59","guid":{"rendered":"https:\/\/webszh.uk-halle.de\/monid\/?page_id=2905"},"modified":"2023-04-25T10:29:51","modified_gmt":"2023-04-25T08:29:51","slug":"prepared","status":"publish","type":"page","link":"https:\/\/webszh.uk-halle.de\/monid\/?page_id=2905","title":{"rendered":"PREPARED"},"content":{"rendered":"\t\t<div data-elementor-type=\"wp-page\" data-elementor-id=\"2905\" class=\"elementor elementor-2905\" data-elementor-post-type=\"page\">\n\t\t\t\t\t\t<section class=\"elementor-section elementor-top-section elementor-element elementor-element-5486a7d2 elementor-section-boxed elementor-section-height-default elementor-section-height-default\" data-id=\"5486a7d2\" data-element_type=\"section\">\n\t\t\t\t\t\t<div class=\"elementor-container elementor-column-gap-default\">\n\t\t\t\t\t<div class=\"elementor-column elementor-col-100 elementor-top-column elementor-element elementor-element-20d5ef07\" data-id=\"20d5ef07\" data-element_type=\"column\">\n\t\t\t<div class=\"elementor-widget-wrap elementor-element-populated\">\n\t\t\t\t\t\t<div class=\"elementor-element elementor-element-23c9a9cb elementor-widget elementor-widget-spacer\" data-id=\"23c9a9cb\" data-element_type=\"widget\" data-widget_type=\"spacer.default\">\n\t\t\t\t<div class=\"elementor-widget-container\">\n\t\t\t<style>\/*! elementor - v3.20.0 - 26-03-2024 *\/\n.elementor-column .elementor-spacer-inner{height:var(--spacer-size)}.e-con{--container-widget-width:100%}.e-con-inner>.elementor-widget-spacer,.e-con>.elementor-widget-spacer{width:var(--container-widget-width,var(--spacer-size));--align-self:var(--container-widget-align-self,initial);--flex-shrink:0}.e-con-inner>.elementor-widget-spacer>.elementor-widget-container,.e-con>.elementor-widget-spacer>.elementor-widget-container{height:100%;width:100%}.e-con-inner>.elementor-widget-spacer>.elementor-widget-container>.elementor-spacer,.e-con>.elementor-widget-spacer>.elementor-widget-container>.elementor-spacer{height:100%}.e-con-inner>.elementor-widget-spacer>.elementor-widget-container>.elementor-spacer>.elementor-spacer-inner,.e-con>.elementor-widget-spacer>.elementor-widget-container>.elementor-spacer>.elementor-spacer-inner{height:var(--container-widget-height,var(--spacer-size))}.e-con-inner>.elementor-widget-spacer.elementor-widget-empty,.e-con>.elementor-widget-spacer.elementor-widget-empty{position:relative;min-height:22px;min-width:22px}.e-con-inner>.elementor-widget-spacer.elementor-widget-empty .elementor-widget-empty-icon,.e-con>.elementor-widget-spacer.elementor-widget-empty .elementor-widget-empty-icon{position:absolute;top:0;bottom:0;left:0;right:0;margin:auto;padding:0;width:22px;height:22px}<\/style>\t\t<div class=\"elementor-spacer\">\n\t\t\t<div class=\"elementor-spacer-inner\"><\/div>\n\t\t<\/div>\n\t\t\t\t<\/div>\n\t\t\t\t<\/div>\n\t\t\t\t\t<\/div>\n\t\t<\/div>\n\t\t\t\t\t<\/div>\n\t\t<\/section>\n\t\t\t\t<section class=\"elementor-section elementor-top-section elementor-element elementor-element-5109f93a elementor-section-stretched elementor-section-full_width elementor-section-height-default elementor-section-height-default\" data-id=\"5109f93a\" data-element_type=\"section\" data-settings=\"{&quot;stretch_section&quot;:&quot;section-stretched&quot;,&quot;background_background&quot;:&quot;classic&quot;}\">\n\t\t\t\t\t\t\t<div class=\"elementor-background-overlay\"><\/div>\n\t\t\t\t\t\t\t<div class=\"elementor-container elementor-column-gap-default\">\n\t\t\t\t\t<div class=\"elementor-column elementor-col-100 elementor-top-column elementor-element elementor-element-3890af98\" data-id=\"3890af98\" data-element_type=\"column\">\n\t\t\t<div class=\"elementor-widget-wrap\">\n\t\t\t\t\t\t\t<\/div>\n\t\t<\/div>\n\t\t\t\t\t<\/div>\n\t\t<\/section>\n\t\t\t\t<section class=\"elementor-section elementor-top-section elementor-element elementor-element-761dfe2 elementor-section-boxed elementor-section-height-default elementor-section-height-default\" data-id=\"761dfe2\" data-element_type=\"section\">\n\t\t\t\t\t\t<div class=\"elementor-container elementor-column-gap-default\">\n\t\t\t\t\t<div class=\"elementor-column elementor-col-100 elementor-top-column elementor-element elementor-element-3c872143\" data-id=\"3c872143\" data-element_type=\"column\">\n\t\t\t<div class=\"elementor-widget-wrap elementor-element-populated\">\n\t\t\t\t\t\t<div class=\"elementor-element elementor-element-226b6e7a elementor-widget elementor-widget-spacer\" data-id=\"226b6e7a\" data-element_type=\"widget\" data-widget_type=\"spacer.default\">\n\t\t\t\t<div class=\"elementor-widget-container\">\n\t\t\t\t\t<div class=\"elementor-spacer\">\n\t\t\t<div class=\"elementor-spacer-inner\"><\/div>\n\t\t<\/div>\n\t\t\t\t<\/div>\n\t\t\t\t<\/div>\n\t\t\t\t\t<\/div>\n\t\t<\/div>\n\t\t\t\t\t<\/div>\n\t\t<\/section>\n\t\t\t\t<section class=\"elementor-section elementor-top-section elementor-element elementor-element-6cf10b99 elementor-section-boxed elementor-section-height-default elementor-section-height-default\" data-id=\"6cf10b99\" data-element_type=\"section\" data-settings=\"{&quot;background_background&quot;:&quot;classic&quot;}\">\n\t\t\t\t\t\t\t<div class=\"elementor-background-overlay\"><\/div>\n\t\t\t\t\t\t\t<div class=\"elementor-container elementor-column-gap-default\">\n\t\t\t\t\t<div class=\"elementor-column elementor-col-33 elementor-top-column elementor-element elementor-element-33468ef\" data-id=\"33468ef\" data-element_type=\"column\">\n\t\t\t<div class=\"elementor-widget-wrap elementor-element-populated\">\n\t\t\t\t\t\t<div class=\"elementor-element elementor-element-925b8d6 elementor-widget__width-initial elementor-widget elementor-widget-image\" data-id=\"925b8d6\" data-element_type=\"widget\" data-widget_type=\"image.default\">\n\t\t\t\t<div class=\"elementor-widget-container\">\n\t\t\t<style>\/*! elementor - v3.20.0 - 26-03-2024 *\/\n.elementor-widget-image{text-align:center}.elementor-widget-image a{display:inline-block}.elementor-widget-image a img[src$=\".svg\"]{width:48px}.elementor-widget-image img{vertical-align:middle;display:inline-block}<\/style>\t\t\t\t\t\t\t\t\t\t<img fetchpriority=\"high\" decoding=\"async\" width=\"800\" height=\"166\" src=\"https:\/\/webszh.uk-halle.de\/monid\/wp-content\/uploads\/2023\/04\/PREPARED-Logo-1024x212.png\" class=\"attachment-large size-large wp-image-2908\" alt=\"\" srcset=\"https:\/\/webszh.uk-halle.de\/monid\/wp-content\/uploads\/2023\/04\/PREPARED-Logo-1024x212.png 1024w, https:\/\/webszh.uk-halle.de\/monid\/wp-content\/uploads\/2023\/04\/PREPARED-Logo-300x62.png 300w, https:\/\/webszh.uk-halle.de\/monid\/wp-content\/uploads\/2023\/04\/PREPARED-Logo-768x159.png 768w, https:\/\/webszh.uk-halle.de\/monid\/wp-content\/uploads\/2023\/04\/PREPARED-Logo-1536x318.png 1536w, https:\/\/webszh.uk-halle.de\/monid\/wp-content\/uploads\/2023\/04\/PREPARED-Logo-500x104.png 500w, https:\/\/webszh.uk-halle.de\/monid\/wp-content\/uploads\/2023\/04\/PREPARED-Logo-800x166.png 800w, https:\/\/webszh.uk-halle.de\/monid\/wp-content\/uploads\/2023\/04\/PREPARED-Logo-1280x265.png 1280w, https:\/\/webszh.uk-halle.de\/monid\/wp-content\/uploads\/2023\/04\/PREPARED-Logo.png 1554w\" sizes=\"(max-width: 800px) 100vw, 800px\" \/>\t\t\t\t\t\t\t\t\t\t\t\t\t<\/div>\n\t\t\t\t<\/div>\n\t\t\t\t\t<\/div>\n\t\t<\/div>\n\t\t\t\t<div class=\"elementor-column elementor-col-66 elementor-top-column elementor-element elementor-element-366d77df\" data-id=\"366d77df\" data-element_type=\"column\">\n\t\t\t<div class=\"elementor-widget-wrap elementor-element-populated\">\n\t\t\t\t\t\t<div class=\"elementor-element elementor-element-223285b0 elementor-widget__width-initial elementor-widget elementor-widget-heading\" data-id=\"223285b0\" data-element_type=\"widget\" data-widget_type=\"heading.default\">\n\t\t\t\t<div class=\"elementor-widget-container\">\n\t\t\t<style>\/*! elementor - v3.20.0 - 26-03-2024 *\/\n.elementor-heading-title{padding:0;margin:0;line-height:1}.elementor-widget-heading .elementor-heading-title[class*=elementor-size-]>a{color:inherit;font-size:inherit;line-height:inherit}.elementor-widget-heading .elementor-heading-title.elementor-size-small{font-size:15px}.elementor-widget-heading .elementor-heading-title.elementor-size-medium{font-size:19px}.elementor-widget-heading .elementor-heading-title.elementor-size-large{font-size:29px}.elementor-widget-heading .elementor-heading-title.elementor-size-xl{font-size:39px}.elementor-widget-heading .elementor-heading-title.elementor-size-xxl{font-size:59px}<\/style><h2 class=\"elementor-heading-title elementor-size-default\">PREparedness and PAndemic REsponse <br>in Deutschland<\/h2>\t\t<\/div>\n\t\t\t\t<\/div>\n\t\t\t\t<div class=\"elementor-element elementor-element-6a26a75 elementor-widget elementor-widget-text-editor\" data-id=\"6a26a75\" data-element_type=\"widget\" data-widget_type=\"text-editor.default\">\n\t\t\t\t<div class=\"elementor-widget-container\">\n\t\t\t<style>\/*! elementor - v3.20.0 - 26-03-2024 *\/\n.elementor-widget-text-editor.elementor-drop-cap-view-stacked .elementor-drop-cap{background-color:#69727d;color:#fff}.elementor-widget-text-editor.elementor-drop-cap-view-framed .elementor-drop-cap{color:#69727d;border:3px solid;background-color:transparent}.elementor-widget-text-editor:not(.elementor-drop-cap-view-default) .elementor-drop-cap{margin-top:8px}.elementor-widget-text-editor:not(.elementor-drop-cap-view-default) .elementor-drop-cap-letter{width:1em;height:1em}.elementor-widget-text-editor .elementor-drop-cap{float:left;text-align:center;line-height:1;font-size:50px}.elementor-widget-text-editor .elementor-drop-cap-letter{display:inline-block}<\/style>\t\t\t\t<p>Assoziierter Verbund<\/p>\t\t\t\t\t\t<\/div>\n\t\t\t\t<\/div>\n\t\t\t\t\t<\/div>\n\t\t<\/div>\n\t\t\t\t\t<\/div>\n\t\t<\/section>\n\t\t\t\t<section class=\"elementor-section elementor-top-section elementor-element elementor-element-74813c1e elementor-section-boxed elementor-section-height-default elementor-section-height-default\" data-id=\"74813c1e\" data-element_type=\"section\">\n\t\t\t\t\t\t<div class=\"elementor-container elementor-column-gap-default\">\n\t\t\t\t\t<div class=\"elementor-column elementor-col-100 elementor-top-column elementor-element elementor-element-4ca4e02a\" data-id=\"4ca4e02a\" data-element_type=\"column\">\n\t\t\t<div class=\"elementor-widget-wrap elementor-element-populated\">\n\t\t\t\t\t\t<div class=\"elementor-element elementor-element-5e93403e elementor-widget elementor-widget-spacer\" data-id=\"5e93403e\" data-element_type=\"widget\" data-widget_type=\"spacer.default\">\n\t\t\t\t<div class=\"elementor-widget-container\">\n\t\t\t\t\t<div class=\"elementor-spacer\">\n\t\t\t<div class=\"elementor-spacer-inner\"><\/div>\n\t\t<\/div>\n\t\t\t\t<\/div>\n\t\t\t\t<\/div>\n\t\t\t\t\t<\/div>\n\t\t<\/div>\n\t\t\t\t\t<\/div>\n\t\t<\/section>\n\t\t\t\t<section class=\"elementor-section elementor-top-section elementor-element elementor-element-38111bd4 elementor-section-boxed elementor-section-height-default elementor-section-height-default\" data-id=\"38111bd4\" data-element_type=\"section\">\n\t\t\t\t\t\t<div class=\"elementor-container elementor-column-gap-default\">\n\t\t\t\t\t<div class=\"elementor-column elementor-col-100 elementor-top-column elementor-element elementor-element-105c23d0\" data-id=\"105c23d0\" data-element_type=\"column\">\n\t\t\t<div class=\"elementor-widget-wrap elementor-element-populated\">\n\t\t\t\t\t\t<div class=\"elementor-element elementor-element-578777ae elementor-widget elementor-widget-heading\" data-id=\"578777ae\" data-element_type=\"widget\" data-widget_type=\"heading.default\">\n\t\t\t\t<div class=\"elementor-widget-container\">\n\t\t\t<h2 class=\"elementor-heading-title elementor-size-default\">Projektinhalte und Ziele<\/h2>\t\t<\/div>\n\t\t\t\t<\/div>\n\t\t\t\t<div class=\"elementor-element elementor-element-1020faaa elementor-widget elementor-widget-text-editor\" data-id=\"1020faaa\" data-element_type=\"widget\" data-widget_type=\"text-editor.default\">\n\t\t\t\t<div class=\"elementor-widget-container\">\n\t\t\t\t\t\t\t<p>Das Ziel von PREPARED ist die Konzeptentwicklung f\u00fcr eine wissenschaftlich fundierte, kooperative, adaptive und nachhaltige Infrastruktur f\u00fcr die Pandemievorbereitung und das Pandemiemanagement durch die Universit\u00e4tsmedizin. Dieses soll eine koordinierte, z\u00fcgige, gezielte und evidenzbasierte Aktion und Reaktion auf Bedrohungen f\u00fcr die Patientenversorgung und die Sicherheit der Bev\u00f6lkerung im aktuellen und in zuk\u00fcnftigen Pandemief\u00e4llen gew\u00e4hrleisten, ebenso wie eine koordinierte Forschung im aktuellen und in zuk\u00fcnftigen Pandemief\u00e4llen zu priorit\u00e4ren Fragestellungen. Unsere Vision ist eine Zukunft, in der die Universit\u00e4tsmedizin in Krisensituationen in Kooperation mit anderen klinischen<br \/>und wissenschaftlichen Partnern koordiniert, effizient, transparent, evidenzbasiert und agil die medizinische Versorgung sicherstellt, dringende Fragestellungen wissenschaftlich fundiert beantwortet und die Politik und Bev\u00f6lkerung angemessen ber\u00e4t und informiert.<\/p><p><strong>Herausforderung<\/strong><br \/>Die Herausforderung besteht in der notwendigen B\u00fcndelung, Organisation und Koordination der Vorhaltung klinischer und wissenschaftlicher Expertise, um in zuk\u00fcnftigen Pandemien und Krisen schnell, evidenzbasiert und koordiniert die medizinische Versorgung sicherstellen und Fragestellungen aus Politik, Klinik und Gesellschaft rasch und bestm\u00f6glich<br \/>beantworten zu k\u00f6nnen. Dabei m\u00fcssen m\u00f6glichst viele Perspektiven, Expertisen und Akteure geb\u00fcndelt und strukturiert eingebunden werden. Dazu kommen unterschiedliche regionale Strukturen und Anforderungen, die in der Konzepterstellung ber\u00fccksichtigt werden m\u00fcssen. PREPARED zielt daher darauf ab, den Bedarf f\u00fcr ein bundesweit einheitliches und regional<br \/>flexibles Pandemiemanagement, das flexibel auf Infektionsverl\u00e4ufe reagieren und das Gesundheitssystem vor \u00dcberlastung bewahren kann, zu decken. In Kooperation mit dem Robert Koch-Institut sowie weiteren nationalen und internationalen Partnern m\u00f6chte PREPARED somit einen Beitrag zur bundesdeutschen und europ\u00e4ischen Pandemievorsorge und -vorbereitung leisten.<\/p><p><strong>Mehrwert<\/strong><br \/>PREPARED integriert Konzepte und Ergebnisse aus den Vorg\u00e4ngerprojekten egePan Unimed (Entwicklung, Testung und Implementierung von regional adaptiven Versorgungsstrukturen und Prozessen f\u00fcr ein evidenzgeleitetes Pandemiemanagement), B-FAST (Bundesweites Forschungsnetz \u2013 angewandte Surveillance und Testung) und CEOsys (COVID-19-Evidenz-Oekosystem). Eine Rapid (Re)action and Response Plattform (R3-Hub) wird ein schnelles und abgestimmtes Vorbereiten, Agieren und Reagieren der Universit\u00e4tskliniken erm\u00f6glichen. In enger Vernetzung mit nationalen und internationalen Partnern k\u00f6nnen somit aktuelle und zuk\u00fcnftige Pandemien &#8211; stets in Zusammenarbeit mit institutionellen Partnern wie dem Robert-Koch-Institut &#8211; effektiv und gemeinsam bek\u00e4mpft werden. PREPARED liefert Beitr\u00e4ge zu (a) einer hochwertigen krisenfesten Patientenversorgung, (b) einer kooperativen Evidenzgenerierung und -synthese, (c) einer konsekutiven Ableitung handlungsleitender Empfehlungen und (d) einer Implementierung im Versorgungssetting. Im Resultat des Projektes entsteht ein ganzheitliches Konzept zur Pandemic Preparedness, einschlie\u00dflich einer Plattform zum Austausch von Expertise zu zuk\u00fcnftigen Pathogenen, zur Priorisierung von Forschungsthemen, zur Entwicklung agiler und z\u00fcgiger Ma\u00dfnahmen im Pandemiefall sowie deren Bewertung durch Wissenssynthese und -transfer. Tragende S\u00e4ulen und Qualit\u00e4tskriterien der aufzubauenden PREPARED-Infrastruktur sind Interdisziplinarit\u00e4t, Integration klinischer und wissenschaftlicher Expertise, Angemessenheit der wissenschaftlichen Methoden, Transparenz und Kooperativit\u00e4t mit nationalen, internationalen und regionalen Partnern. <\/p>\t\t\t\t\t\t<\/div>\n\t\t\t\t<\/div>\n\t\t\t\t\t<\/div>\n\t\t<\/div>\n\t\t\t\t\t<\/div>\n\t\t<\/section>\n\t\t\t\t<section class=\"elementor-section elementor-top-section elementor-element elementor-element-141dc93d elementor-section-boxed elementor-section-height-default elementor-section-height-default\" data-id=\"141dc93d\" data-element_type=\"section\" data-settings=\"{&quot;background_background&quot;:&quot;classic&quot;,&quot;shape_divider_top&quot;:&quot;arrow&quot;}\">\n\t\t\t\t\t\t\t<div class=\"elementor-background-overlay\"><\/div>\n\t\t\t\t\t\t<div class=\"elementor-shape elementor-shape-top\" data-negative=\"false\">\n\t\t\t<svg xmlns=\"http:\/\/www.w3.org\/2000\/svg\" viewBox=\"0 0 700 10\" preserveAspectRatio=\"none\">\n\t<path class=\"elementor-shape-fill\" d=\"M350,10L340,0h20L350,10z\"\/>\n<\/svg>\t\t<\/div>\n\t\t\t\t\t<div class=\"elementor-container elementor-column-gap-default\">\n\t\t\t\t\t<div class=\"elementor-column elementor-col-100 elementor-top-column elementor-element elementor-element-51d18a6b\" data-id=\"51d18a6b\" data-element_type=\"column\">\n\t\t\t<div class=\"elementor-widget-wrap elementor-element-populated\">\n\t\t\t\t\t\t<div class=\"elementor-element elementor-element-33f70254 elementor-widget elementor-widget-heading\" data-id=\"33f70254\" data-element_type=\"widget\" data-widget_type=\"heading.default\">\n\t\t\t\t<div class=\"elementor-widget-container\">\n\t\t\t<h2 class=\"elementor-heading-title elementor-size-default\">Projektaufbau<\/h2>\t\t<\/div>\n\t\t\t\t<\/div>\n\t\t\t\t<div class=\"elementor-element elementor-element-1b2e2841 elementor-widget elementor-widget-text-editor\" data-id=\"1b2e2841\" data-element_type=\"widget\" data-widget_type=\"text-editor.default\">\n\t\t\t\t<div class=\"elementor-widget-container\">\n\t\t\t\t\t\t\t<p>Im Rahmen von zehn Arbeitspaketen (AP) arbeitet ein inter- und multidisziplin\u00e4r aufgestelltes Konsortium mit Partnern aller 36 nationalen Universit\u00e4tskliniken, bestehend aus klinisch t\u00e4tigen \u00c4rzten mit Wissenschaftlern, Projektmanagern und weiteren relevanten Akteuren, auf strategischer bzw. operativer Ebene zusammen und b\u00fcndelt somit eine breite wissenschaftliche und klinische Expertise der Universit\u00e4tsmedizin. Zudem kooperiert PREPARED mit verschiedenen externen Partnern au\u00dferuniversit\u00e4rer Einrichtungen, die von hoher Bedeutung f\u00fcr das Pandemiemanagement sind.<br \/>Die zentrale Struktureinheit wird der PREPARED-Hub sein, eine im AP1 gemeinsam mit dem Robert Koch-Institut zu entwickelnde transparente und vernetzte Leitungsinstanz, welche die in den unterschiedlichen anderen APs (2-10) zu entwickelnden kritischen Komponenten und Best Practice-Ergebnisse integriert und funktional b\u00fcndelt. Dabei gehen Erkenntnisse zu\u00a0 Bev\u00f6lkerungssurveillance, Infektionspr\u00e4vention und Hygiene im Krankenhaus (AP2), Teststrategien\u00a0 (AP3), Patientensicherheit und klinisches Risikomanagement (AP4), Modellierung und Risikostratifizierung (AP5), Evidenzsynthese (AP6), z\u00fcgige Ableitung von <br \/>Handlungsempfehlungen (AP7), klinische und regionale Implementierung von Empfehlungen zum\u00a0 Pandemiemanagement (AP8), Mitarbeitergesundheit (AP9) und Personalmanagement (AP 10) in das zu\u00a0 entwickelnde Pandemic Preparedness-Konzept ein. Um die Nachhaltigkeit des Konzeptes zu\u00a0 gew\u00e4hrleisten, werden Regelwerke, SOPs, Protokolle und Curricula entwickelt und dem NUM-Netzwerk\u00a0 zur Verf\u00fcgung gestellt. Die Entwicklung wird durch weitere NUM-Projekte und einem gemeinsamen Use\u00a0 Case mit dem NUM-Projekt COVerCHILD (ebenfalls 2. F\u00f6rderlinie) kooperativ begleitet und auf Tauglichkeit und Umsetzbarkeit gepr\u00fcft.<\/p>\t\t\t\t\t\t<\/div>\n\t\t\t\t<\/div>\n\t\t\t\t\t<\/div>\n\t\t<\/div>\n\t\t\t\t\t<\/div>\n\t\t<\/section>\n\t\t\t\t<section class=\"elementor-section elementor-top-section elementor-element elementor-element-2e3a708 elementor-section-boxed elementor-section-height-default elementor-section-height-default\" data-id=\"2e3a708\" data-element_type=\"section\">\n\t\t\t\t\t\t<div class=\"elementor-container elementor-column-gap-default\">\n\t\t\t\t\t<div class=\"elementor-column elementor-col-100 elementor-top-column elementor-element elementor-element-71472908\" data-id=\"71472908\" data-element_type=\"column\">\n\t\t\t<div class=\"elementor-widget-wrap elementor-element-populated\">\n\t\t\t\t\t\t<div class=\"elementor-element elementor-element-40cc9124 elementor-widget elementor-widget-heading\" data-id=\"40cc9124\" data-element_type=\"widget\" data-widget_type=\"heading.default\">\n\t\t\t\t<div class=\"elementor-widget-container\">\n\t\t\t<h2 class=\"elementor-heading-title elementor-size-default\">Projektverantwortliche<\/h2>\t\t<\/div>\n\t\t\t\t<\/div>\n\t\t\t\t<section class=\"elementor-section elementor-inner-section elementor-element elementor-element-49160525 elementor-section-boxed elementor-section-height-default elementor-section-height-default\" data-id=\"49160525\" data-element_type=\"section\" data-settings=\"{&quot;shape_divider_bottom&quot;:&quot;tilt&quot;}\">\n\t\t\t\t\t<div class=\"elementor-shape elementor-shape-bottom\" data-negative=\"false\">\n\t\t\t<svg xmlns=\"http:\/\/www.w3.org\/2000\/svg\" viewBox=\"0 0 1000 100\" preserveAspectRatio=\"none\">\n\t<path class=\"elementor-shape-fill\" d=\"M0,6V0h1000v100L0,6z\"\/>\n<\/svg>\t\t<\/div>\n\t\t\t\t\t<div class=\"elementor-container elementor-column-gap-default\">\n\t\t\t\t\t<div class=\"elementor-column elementor-col-50 elementor-inner-column elementor-element elementor-element-722a7ae3\" data-id=\"722a7ae3\" data-element_type=\"column\">\n\t\t\t<div class=\"elementor-widget-wrap elementor-element-populated\">\n\t\t\t\t\t\t<div class=\"elementor-element elementor-element-6c583bf8 elementor-widget elementor-widget-heading\" data-id=\"6c583bf8\" data-element_type=\"widget\" data-widget_type=\"heading.default\">\n\t\t\t\t<div class=\"elementor-widget-container\">\n\t\t\t<h4 class=\"elementor-heading-title elementor-size-default\">Prof. Dr. med. Jochen Schmitt\n<\/h4>\t\t<\/div>\n\t\t\t\t<\/div>\n\t\t\t\t<div class=\"elementor-element elementor-element-305151f8 elementor-widget elementor-widget-text-editor\" data-id=\"305151f8\" data-element_type=\"widget\" data-widget_type=\"text-editor.default\">\n\t\t\t\t<div class=\"elementor-widget-container\">\n\t\t\t\t\t\t\t<p>Leitung Zentrum f\u00fcr Evidenzbasierte Gesundheitsversorgung (ZEGV) Universit\u00e4tsklinikum und Medizinische Fakult\u00e4t der TU Dresden<br \/><br \/><\/p>\t\t\t\t\t\t<\/div>\n\t\t\t\t<\/div>\n\t\t\t\t\t<\/div>\n\t\t<\/div>\n\t\t\t\t<div class=\"elementor-column elementor-col-50 elementor-inner-column elementor-element elementor-element-49d1dcbf\" data-id=\"49d1dcbf\" data-element_type=\"column\">\n\t\t\t<div class=\"elementor-widget-wrap elementor-element-populated\">\n\t\t\t\t\t\t<div class=\"elementor-element elementor-element-247be99 elementor-widget elementor-widget-heading\" data-id=\"247be99\" data-element_type=\"widget\" data-widget_type=\"heading.default\">\n\t\t\t\t<div class=\"elementor-widget-container\">\n\t\t\t<h4 class=\"elementor-heading-title elementor-size-default\">Prof. Dr. med. Simone Scheithauer\n<\/h4>\t\t<\/div>\n\t\t\t\t<\/div>\n\t\t\t\t<div class=\"elementor-element elementor-element-5f934e41 elementor-widget elementor-widget-text-editor\" data-id=\"5f934e41\" data-element_type=\"widget\" data-widget_type=\"text-editor.default\">\n\t\t\t\t<div class=\"elementor-widget-container\">\n\t\t\t\t\t\t\t<p>Leitung Institut f\u00fcr Krankenhaushygiene und Infektiologie (IK&amp;I), Universit\u00e4tsmedizin G\u00f6ttingen<\/p>\t\t\t\t\t\t<\/div>\n\t\t\t\t<\/div>\n\t\t\t\t\t<\/div>\n\t\t<\/div>\n\t\t\t\t\t<\/div>\n\t\t<\/section>\n\t\t\t\t\t<\/div>\n\t\t<\/div>\n\t\t\t\t\t<\/div>\n\t\t<\/section>\n\t\t\t\t<section class=\"elementor-section elementor-top-section elementor-element elementor-element-70b43914 elementor-section-boxed elementor-section-height-default elementor-section-height-default\" data-id=\"70b43914\" data-element_type=\"section\">\n\t\t\t\t\t\t<div class=\"elementor-container elementor-column-gap-default\">\n\t\t\t\t\t<div class=\"elementor-column elementor-col-100 elementor-top-column elementor-element elementor-element-4db00c27\" data-id=\"4db00c27\" data-element_type=\"column\">\n\t\t\t<div class=\"elementor-widget-wrap elementor-element-populated\">\n\t\t\t\t\t\t<div class=\"elementor-element elementor-element-7f5914df elementor-widget elementor-widget-spacer\" data-id=\"7f5914df\" data-element_type=\"widget\" data-widget_type=\"spacer.default\">\n\t\t\t\t<div class=\"elementor-widget-container\">\n\t\t\t\t\t<div class=\"elementor-spacer\">\n\t\t\t<div class=\"elementor-spacer-inner\"><\/div>\n\t\t<\/div>\n\t\t\t\t<\/div>\n\t\t\t\t<\/div>\n\t\t\t\t\t<\/div>\n\t\t<\/div>\n\t\t\t\t\t<\/div>\n\t\t<\/section>\n\t\t\t\t<\/div>\n\t\t","protected":false},"excerpt":{"rendered":"<p>PREparedness and PAndemic REsponse in Deutschland Assoziierter Verbund Projektinhalte und Ziele Das Ziel von PREPARED ist die Konzeptentwicklung f\u00fcr eine wissenschaftlich fundierte, kooperative, adaptive und nachhaltige Infrastruktur f\u00fcr die Pandemievorbereitung und das Pandemiemanagement durch die Universit\u00e4tsmedizin. Dieses soll eine koordinierte, z\u00fcgige, gezielte und evidenzbasierte Aktion und Reaktion auf Bedrohungen f\u00fcr die Patientenversorgung und die Sicherheit [&hellip;]<\/p>\n","protected":false},"author":5,"featured_media":0,"parent":0,"menu_order":0,"comment_status":"closed","ping_status":"closed","template":"","meta":{"footnotes":""},"class_list":["post-2905","page","type-page","status-publish","hentry"],"_links":{"self":[{"href":"https:\/\/webszh.uk-halle.de\/monid\/index.php?rest_route=\/wp\/v2\/pages\/2905","targetHints":{"allow":["GET"]}}],"collection":[{"href":"https:\/\/webszh.uk-halle.de\/monid\/index.php?rest_route=\/wp\/v2\/pages"}],"about":[{"href":"https:\/\/webszh.uk-halle.de\/monid\/index.php?rest_route=\/wp\/v2\/types\/page"}],"author":[{"embeddable":true,"href":"https:\/\/webszh.uk-halle.de\/monid\/index.php?rest_route=\/wp\/v2\/users\/5"}],"replies":[{"embeddable":true,"href":"https:\/\/webszh.uk-halle.de\/monid\/index.php?rest_route=%2Fwp%2Fv2%2Fcomments&post=2905"}],"version-history":[{"count":7,"href":"https:\/\/webszh.uk-halle.de\/monid\/index.php?rest_route=\/wp\/v2\/pages\/2905\/revisions"}],"predecessor-version":[{"id":2981,"href":"https:\/\/webszh.uk-halle.de\/monid\/index.php?rest_route=\/wp\/v2\/pages\/2905\/revisions\/2981"}],"wp:attachment":[{"href":"https:\/\/webszh.uk-halle.de\/monid\/index.php?rest_route=%2Fwp%2Fv2%2Fmedia&parent=2905"}],"curies":[{"name":"wp","href":"https:\/\/api.w.org\/{rel}","templated":true}]}}