{"id":47,"date":"2022-08-25T12:14:12","date_gmt":"2022-08-25T10:14:12","guid":{"rendered":"https:\/\/webszh.uk-halle.de\/longcovid-register\/?page_id=47"},"modified":"2022-10-18T10:52:07","modified_gmt":"2022-10-18T08:52:07","slug":"hintergruende","status":"publish","type":"page","link":"https:\/\/webszh.uk-halle.de\/longcovid-register\/index.php\/hintergruende\/","title":{"rendered":"Hintergr\u00fcnde"},"content":{"rendered":"\t\t<div data-elementor-type=\"wp-page\" data-elementor-id=\"47\" class=\"elementor elementor-47\" data-elementor-post-type=\"page\">\n\t\t\t\t\t\t<section class=\"elementor-section elementor-top-section elementor-element elementor-element-d2a9886 elementor-section-height-min-height elementor-section-boxed elementor-section-height-default elementor-section-items-middle\" data-id=\"d2a9886\" data-element_type=\"section\" data-e-type=\"section\" data-settings=\"{&quot;background_background&quot;:&quot;classic&quot;}\">\n\t\t\t\t\t\t\t<div class=\"elementor-background-overlay\"><\/div>\n\t\t\t\t\t\t\t<div class=\"elementor-container elementor-column-gap-default\">\n\t\t\t\t\t<div class=\"elementor-column elementor-col-100 elementor-top-column elementor-element elementor-element-7846bb8\" data-id=\"7846bb8\" data-element_type=\"column\" data-e-type=\"column\">\n\t\t\t<div class=\"elementor-widget-wrap elementor-element-populated\">\n\t\t\t\t\t\t<div class=\"elementor-element elementor-element-0017c95 elementor-widget elementor-widget-heading\" data-id=\"0017c95\" data-element_type=\"widget\" data-e-type=\"widget\" data-widget_type=\"heading.default\">\n\t\t\t\t\t<h2 class=\"elementor-heading-title elementor-size-default\">Hintergr\u00fcnde<\/h2>\t\t\t\t<\/div>\n\t\t\t\t\t<\/div>\n\t\t<\/div>\n\t\t\t\t\t<\/div>\n\t\t<\/section>\n\t\t\t\t<section class=\"elementor-section elementor-top-section elementor-element elementor-element-df469e9 elementor-section-boxed elementor-section-height-default elementor-section-height-default\" data-id=\"df469e9\" data-element_type=\"section\" data-e-type=\"section\">\n\t\t\t\t\t\t<div class=\"elementor-container elementor-column-gap-default\">\n\t\t\t\t\t<div class=\"elementor-column elementor-col-100 elementor-top-column elementor-element elementor-element-7465a92\" data-id=\"7465a92\" data-element_type=\"column\" data-e-type=\"column\" data-settings=\"{&quot;background_background&quot;:&quot;classic&quot;}\">\n\t\t\t<div class=\"elementor-widget-wrap elementor-element-populated\">\n\t\t\t\t\t\t<div class=\"elementor-element elementor-element-d084d0f elementor-widget elementor-widget-heading\" data-id=\"d084d0f\" data-element_type=\"widget\" data-e-type=\"widget\" data-widget_type=\"heading.default\">\n\t\t\t\t\t<h2 class=\"elementor-heading-title elementor-size-default\">Die Long-COVID-Registerstudie auf einen Blick<\/h2>\t\t\t\t<\/div>\n\t\t\t\t<div class=\"elementor-element elementor-element-23b3cd0 elementor-widget elementor-widget-accordion\" data-id=\"23b3cd0\" data-element_type=\"widget\" data-e-type=\"widget\" data-widget_type=\"accordion.default\">\n\t\t\t\t\t\t\t<div class=\"elementor-accordion\">\n\t\t\t\t\t\t\t<div class=\"elementor-accordion-item\">\n\t\t\t\t\t<div id=\"elementor-tab-title-3741\" class=\"elementor-tab-title\" data-tab=\"1\" role=\"button\" aria-controls=\"elementor-tab-content-3741\" aria-expanded=\"false\">\n\t\t\t\t\t\t\t\t\t\t\t\t\t<span class=\"elementor-accordion-icon elementor-accordion-icon-left\" aria-hidden=\"true\">\n\t\t\t\t\t\t\t\t\t\t\t\t\t\t\t<span class=\"elementor-accordion-icon-closed\"><svg class=\"e-font-icon-svg e-fas-plus\" viewBox=\"0 0 448 512\" xmlns=\"http:\/\/www.w3.org\/2000\/svg\"><path d=\"M416 208H272V64c0-17.67-14.33-32-32-32h-32c-17.67 0-32 14.33-32 32v144H32c-17.67 0-32 14.33-32 32v32c0 17.67 14.33 32 32 32h144v144c0 17.67 14.33 32 32 32h32c17.67 0 32-14.33 32-32V304h144c17.67 0 32-14.33 32-32v-32c0-17.67-14.33-32-32-32z\"><\/path><\/svg><\/span>\n\t\t\t\t\t\t\t\t<span class=\"elementor-accordion-icon-opened\"><svg class=\"e-font-icon-svg e-fas-minus\" viewBox=\"0 0 448 512\" xmlns=\"http:\/\/www.w3.org\/2000\/svg\"><path d=\"M416 208H32c-17.67 0-32 14.33-32 32v32c0 17.67 14.33 32 32 32h384c17.67 0 32-14.33 32-32v-32c0-17.67-14.33-32-32-32z\"><\/path><\/svg><\/span>\n\t\t\t\t\t\t\t\t\t\t\t\t\t\t<\/span>\n\t\t\t\t\t\t\t\t\t\t\t\t<a class=\"elementor-accordion-title\" tabindex=\"0\">\u00dcberblick<\/a>\n\t\t\t\t\t<\/div>\n\t\t\t\t\t<div id=\"elementor-tab-content-3741\" class=\"elementor-tab-content elementor-clearfix\" data-tab=\"1\" role=\"region\" aria-labelledby=\"elementor-tab-title-3741\"><p>Die Long-COVID-Registerstudie ist eine deutschlandweite Studie. Die Studie soll erm\u00f6glichen, fl\u00e4chendeckend gro\u00dfe Datenmengen zu sammeln und auszuwerten, um besonders verl\u00e4ssliche Forschungsergebnisse zu erzielen. Im Rahmen der Studie werden Long-COVID-Symptome, deren Verlauf, Schweregrad und Linderung durch individuelle Therapien erfasst. Zudem k\u00f6nnen Zusammenh\u00e4nge zwischen Long-COVID und anderen Erkrankungen beforscht werden.<\/p><p>Ausf\u00fchrliche Studieninformationen haben wir in diesem\u00a0<a href=\"https:\/\/webszh.uk-halle.de\/longcovid-register\/wp-content\/uploads\/2022\/09\/Long-COVID-Register_Studieninformation.pdf\" target=\"_blank\" rel=\"noopener\">Dokument <\/a>zusammengestellt.\u00a0<\/p><\/div>\n\t\t\t\t<\/div>\n\t\t\t\t\t\t\t<div class=\"elementor-accordion-item\">\n\t\t\t\t\t<div id=\"elementor-tab-title-3742\" class=\"elementor-tab-title\" data-tab=\"2\" role=\"button\" aria-controls=\"elementor-tab-content-3742\" aria-expanded=\"false\">\n\t\t\t\t\t\t\t\t\t\t\t\t\t<span class=\"elementor-accordion-icon elementor-accordion-icon-left\" aria-hidden=\"true\">\n\t\t\t\t\t\t\t\t\t\t\t\t\t\t\t<span class=\"elementor-accordion-icon-closed\"><svg class=\"e-font-icon-svg e-fas-plus\" viewBox=\"0 0 448 512\" xmlns=\"http:\/\/www.w3.org\/2000\/svg\"><path d=\"M416 208H272V64c0-17.67-14.33-32-32-32h-32c-17.67 0-32 14.33-32 32v144H32c-17.67 0-32 14.33-32 32v32c0 17.67 14.33 32 32 32h144v144c0 17.67 14.33 32 32 32h32c17.67 0 32-14.33 32-32V304h144c17.67 0 32-14.33 32-32v-32c0-17.67-14.33-32-32-32z\"><\/path><\/svg><\/span>\n\t\t\t\t\t\t\t\t<span class=\"elementor-accordion-icon-opened\"><svg class=\"e-font-icon-svg e-fas-minus\" viewBox=\"0 0 448 512\" xmlns=\"http:\/\/www.w3.org\/2000\/svg\"><path d=\"M416 208H32c-17.67 0-32 14.33-32 32v32c0 17.67 14.33 32 32 32h384c17.67 0 32-14.33 32-32v-32c0-17.67-14.33-32-32-32z\"><\/path><\/svg><\/span>\n\t\t\t\t\t\t\t\t\t\t\t\t\t\t<\/span>\n\t\t\t\t\t\t\t\t\t\t\t\t<a class=\"elementor-accordion-title\" tabindex=\"0\">Das Besondere an der Registerstudie<\/a>\n\t\t\t\t\t<\/div>\n\t\t\t\t\t<div id=\"elementor-tab-content-3742\" class=\"elementor-tab-content elementor-clearfix\" data-tab=\"2\" role=\"region\" aria-labelledby=\"elementor-tab-title-3742\"><p>Bei der Studie handelt es sich um eine Online-Fragebogenstudie. Sie k\u00f6nnen also bequem \u00fcber Ihren eigenen Computer, Ihr Smartphone oder Tablet teilnehmen. Dadurch haben wir Ihre Daten direkt und digital vorliegend und k\u00f6nnen diese schnellstm\u00f6glich auswerten. Somit k\u00f6nnen auch die Ergebnisse schneller ermittelt und quasi am Puls der Zeit ver\u00f6ffentlicht werden. Durch das Online-Format werden au\u00dferdem Umwelt und Geldbeutel geschont.<\/p>\n<p>Das Online-Format erm\u00f6glicht au\u00dferdem unkompliziert eine landesweite Datenerhebung. In der Forschungspraxis ist es oft schwierig, Daten unterschiedlicher lokaler Einrichtungen\/Institutionen zusammenzuf\u00fchren. Dieses Problem wird in der Registerstudie umgangen. Somit k\u00f6nnen gro\u00dfe Datenmengen erhoben werden und Ergebnisse erzielt werden, die besonders genau und verl\u00e4sslich sind.<\/p>\n<p>Die Frageb\u00f6gen, die im Rahmen der Studie angewendet werden, fokussieren in erster Linie Ihre Beschwerden im Rahmen der Long-COVID-Erkrankung. Es werden also einzelne Symptome, deren Verlauf und deren Schweregrad erfasst. Zudem interessieren uns die Auswirkungen individuell wahrgenommener Therapien auf Ihre Beschwerden. Au\u00dferdem interessieren uns Zusammenh\u00e4nge zwischen Long-COVID und verschiedenen anderen Variablen (z.B. Geschlecht, Alter, chronische Erkrankungen). Die Einfl\u00fcsse k\u00f6nnen wechselseitig untersucht werden. Mit Hilfe gro\u00dfer Datenmengen ist es m\u00f6glich, auch komplexe Zusammenh\u00e4nge sinnvoll und verl\u00e4sslich zu untersuchen.&nbsp;<\/p><\/div>\n\t\t\t\t<\/div>\n\t\t\t\t\t\t\t<div class=\"elementor-accordion-item\">\n\t\t\t\t\t<div id=\"elementor-tab-title-3743\" class=\"elementor-tab-title\" data-tab=\"3\" role=\"button\" aria-controls=\"elementor-tab-content-3743\" aria-expanded=\"false\">\n\t\t\t\t\t\t\t\t\t\t\t\t\t<span class=\"elementor-accordion-icon elementor-accordion-icon-left\" aria-hidden=\"true\">\n\t\t\t\t\t\t\t\t\t\t\t\t\t\t\t<span class=\"elementor-accordion-icon-closed\"><svg class=\"e-font-icon-svg e-fas-plus\" viewBox=\"0 0 448 512\" xmlns=\"http:\/\/www.w3.org\/2000\/svg\"><path d=\"M416 208H272V64c0-17.67-14.33-32-32-32h-32c-17.67 0-32 14.33-32 32v144H32c-17.67 0-32 14.33-32 32v32c0 17.67 14.33 32 32 32h144v144c0 17.67 14.33 32 32 32h32c17.67 0 32-14.33 32-32V304h144c17.67 0 32-14.33 32-32v-32c0-17.67-14.33-32-32-32z\"><\/path><\/svg><\/span>\n\t\t\t\t\t\t\t\t<span class=\"elementor-accordion-icon-opened\"><svg class=\"e-font-icon-svg e-fas-minus\" viewBox=\"0 0 448 512\" xmlns=\"http:\/\/www.w3.org\/2000\/svg\"><path d=\"M416 208H32c-17.67 0-32 14.33-32 32v32c0 17.67 14.33 32 32 32h384c17.67 0 32-14.33 32-32v-32c0-17.67-14.33-32-32-32z\"><\/path><\/svg><\/span>\n\t\t\t\t\t\t\t\t\t\t\t\t\t\t<\/span>\n\t\t\t\t\t\t\t\t\t\t\t\t<a class=\"elementor-accordion-title\" tabindex=\"0\">Teilnahme<\/a>\n\t\t\t\t\t<\/div>\n\t\t\t\t\t<div id=\"elementor-tab-content-3743\" class=\"elementor-tab-content elementor-clearfix\" data-tab=\"3\" role=\"region\" aria-labelledby=\"elementor-tab-title-3743\"><p><span style=\"color: var( --e-global-color-text ); font-family: var( --e-global-typography-text-font-family ), Sans-serif; font-size: var( --e-global-typography-text-font-size ); font-weight: var( --e-global-typography-text-font-weight ); word-spacing: var( --e-global-typography-text-word-spacing );\">An der Studie k\u00f6nnen alle Personen teilnehmen, die Long-COVID-Beschwerden haben, 18 Jahre oder \u00e4lter sind und \u00fcber einen Internetzugang und eine eigene E-Mail-Adresse\u00a0<\/span><span style=\"color: var( --e-global-color-text ); font-family: var( --e-global-typography-text-font-family ), Sans-serif; font-size: var( --e-global-typography-text-font-size ); font-weight: var( --e-global-typography-text-font-weight ); word-spacing: var( --e-global-typography-text-word-spacing );\">verf\u00fcgen. Alle Interessierten k\u00f6nnen \u00fcber\u00a0<\/span><a style=\"font-family: var( --e-global-typography-text-font-family ), Sans-serif; font-size: var( --e-global-typography-text-font-size ); font-weight: var( --e-global-typography-text-font-weight ); word-spacing: var( --e-global-typography-text-word-spacing ); background-color: #ffffff;\" href=\"https:\/\/webszh.uk-halle.de\/limesurvey\/index.php\/863731?lang=de\" target=\"_blank\" rel=\"noopener\">diesen Link<\/a><span style=\"color: var( --e-global-color-text ); font-family: var( --e-global-typography-text-font-family ), Sans-serif; font-size: var( --e-global-typography-text-font-size ); font-weight: var( --e-global-typography-text-font-weight ); word-spacing: var( --e-global-typography-text-word-spacing );\">\u00a0die Registrierung starten und dann direkt mit dem ersten Fragebogen beginnen. F\u00fcr weitere Erhebungen, sogenannte Verlaufsmessungen, melden wir uns per E-Mail.\u00a0<\/span><\/p><p><span style=\"color: var( --e-global-color-text ); font-family: var( --e-global-typography-text-font-family ), Sans-serif; font-size: var( --e-global-typography-text-font-size ); font-weight: var( --e-global-typography-text-font-weight ); word-spacing: var( --e-global-typography-text-word-spacing );\">Um m\u00f6glichst viele Personen auf das Long-COVID-Register aufmerksam zu machen, werden Informationen zur Studie auf vielen Wegen verbreitet. Zum Beispiel\u00a0<\/span><span style=\"color: var( --e-global-color-text ); font-family: var( --e-global-typography-text-font-family ), Sans-serif; font-size: var( --e-global-typography-text-font-size ); font-weight: var( --e-global-typography-text-font-weight ); word-spacing: var( --e-global-typography-text-word-spacing );\">arbeiten wir mit Gesundheits\u00e4mtern und Krankenkassen zusammen. Auch p<\/span><span style=\"color: var( --e-global-color-text ); font-family: var( --e-global-typography-text-font-family ), Sans-serif; font-size: var( --e-global-typography-text-font-size ); font-weight: var( --e-global-typography-text-font-weight ); word-spacing: var( --e-global-typography-text-word-spacing );\">ers\u00f6nliche Ansprachen, Plakate und Flyer in Wartezimmern\u00a0<\/span><span style=\"color: var( --e-global-color-text ); font-family: var( --e-global-typography-text-font-family ), Sans-serif; font-size: var( --e-global-typography-text-font-size ); font-weight: var( --e-global-typography-text-font-weight ); word-spacing: var( --e-global-typography-text-word-spacing );\">von Long-COVID-Ambulanzen unterst\u00fctzen die Rekrutierung. Ebenso wird unsere Studie in unterschiedlichen Foren verbreitet. Unsere Rekrutierungsmaterialien enthalten immer einen Verweis auf diese Internetseiten und einen QR-Code, \u00fcber den man sich f\u00fcr die Studie registrieren kann.\u00a0<\/span><\/p><p><span style=\"color: var( --e-global-color-text ); font-family: var( --e-global-typography-text-font-family ), Sans-serif; font-size: var( --e-global-typography-text-font-size ); font-weight: var( --e-global-typography-text-font-weight ); word-spacing: var( --e-global-typography-text-word-spacing );\">Die Teilnahme an der Studie ist selbstverst\u00e4ndlich freiwillig, und es entstehen bei Nichtteilnahme\u00a0<\/span><span style=\"color: var( --e-global-color-text ); font-family: var( --e-global-typography-text-font-family ), Sans-serif; font-size: var( --e-global-typography-text-font-size ); font-weight: var( --e-global-typography-text-font-weight ); word-spacing: var( --e-global-typography-text-word-spacing );\">keine Nachteile.<\/span><\/p><\/div>\n\t\t\t\t<\/div>\n\t\t\t\t\t\t\t<div class=\"elementor-accordion-item\">\n\t\t\t\t\t<div id=\"elementor-tab-title-3744\" class=\"elementor-tab-title\" data-tab=\"4\" role=\"button\" aria-controls=\"elementor-tab-content-3744\" aria-expanded=\"false\">\n\t\t\t\t\t\t\t\t\t\t\t\t\t<span class=\"elementor-accordion-icon elementor-accordion-icon-left\" aria-hidden=\"true\">\n\t\t\t\t\t\t\t\t\t\t\t\t\t\t\t<span class=\"elementor-accordion-icon-closed\"><svg class=\"e-font-icon-svg e-fas-plus\" viewBox=\"0 0 448 512\" xmlns=\"http:\/\/www.w3.org\/2000\/svg\"><path d=\"M416 208H272V64c0-17.67-14.33-32-32-32h-32c-17.67 0-32 14.33-32 32v144H32c-17.67 0-32 14.33-32 32v32c0 17.67 14.33 32 32 32h144v144c0 17.67 14.33 32 32 32h32c17.67 0 32-14.33 32-32V304h144c17.67 0 32-14.33 32-32v-32c0-17.67-14.33-32-32-32z\"><\/path><\/svg><\/span>\n\t\t\t\t\t\t\t\t<span class=\"elementor-accordion-icon-opened\"><svg class=\"e-font-icon-svg e-fas-minus\" viewBox=\"0 0 448 512\" xmlns=\"http:\/\/www.w3.org\/2000\/svg\"><path d=\"M416 208H32c-17.67 0-32 14.33-32 32v32c0 17.67 14.33 32 32 32h384c17.67 0 32-14.33 32-32v-32c0-17.67-14.33-32-32-32z\"><\/path><\/svg><\/span>\n\t\t\t\t\t\t\t\t\t\t\t\t\t\t<\/span>\n\t\t\t\t\t\t\t\t\t\t\t\t<a class=\"elementor-accordion-title\" tabindex=\"0\">Ablauf<\/a>\n\t\t\t\t\t<\/div>\n\t\t\t\t\t<div id=\"elementor-tab-content-3744\" class=\"elementor-tab-content elementor-clearfix\" data-tab=\"4\" role=\"region\" aria-labelledby=\"elementor-tab-title-3744\"><p><span style=\"color: var( --e-global-color-text ); font-family: var( --e-global-typography-text-font-family ), Sans-serif; font-size: var( --e-global-typography-text-font-size ); font-weight: var( --e-global-typography-text-font-weight ); word-spacing: var( --e-global-typography-text-word-spacing );\">Sie k\u00f6nnen sich <a href=\"https:\/\/webszh.uk-halle.de\/limesurvey\/index.php\/863731?lang=de\" target=\"_blank\" rel=\"noopener\">hier <\/a>registrieren und bekommen dann im 6-Monats-Rhythmus Einladungen zu den weiteren Verlaufsmessungen. Die weiteren Erhebungen finden ebenfalls online statt.\u00a0<\/span><\/p><p><span style=\"color: var( --e-global-color-text ); font-family: var( --e-global-typography-text-font-family ), Sans-serif; font-size: var( --e-global-typography-text-font-size ); font-weight: var( --e-global-typography-text-font-weight ); word-spacing: var( --e-global-typography-text-word-spacing );\">Der Zeitaufwand f\u00fcr die erste Befragung bel\u00e4uft sich auf etwa 15 Minuten. Die folgenden Befragungen werden dann voraussichtlich jeweils etwa 7-10 Minuten beanspruchen.<\/span><\/p><p><span style=\"color: var( --e-global-color-text ); font-family: var( --e-global-typography-text-font-family ), Sans-serif; font-size: var( --e-global-typography-text-font-size ); font-weight: var( --e-global-typography-text-font-weight ); word-spacing: var( --e-global-typography-text-word-spacing );\">Ihre Teilnahme an den Online-Umfragen ist stets freiwillig. Bei jeder Umfrage entscheiden Sie selbst \u00fcber Ihre Teilnahme. Sie k\u00f6nnen Ihre Teilnahme jederzeit beenden oder widerrufen. Bitte wenden Sie sich dazu telefonisch, schriftlich oder per E-Mail an unser Studiensekretariat.\u00a0\u00a0<\/span><\/p><\/div>\n\t\t\t\t<\/div>\n\t\t\t\t\t\t\t<div class=\"elementor-accordion-item\">\n\t\t\t\t\t<div id=\"elementor-tab-title-3745\" class=\"elementor-tab-title\" data-tab=\"5\" role=\"button\" aria-controls=\"elementor-tab-content-3745\" aria-expanded=\"false\">\n\t\t\t\t\t\t\t\t\t\t\t\t\t<span class=\"elementor-accordion-icon elementor-accordion-icon-left\" aria-hidden=\"true\">\n\t\t\t\t\t\t\t\t\t\t\t\t\t\t\t<span class=\"elementor-accordion-icon-closed\"><svg class=\"e-font-icon-svg e-fas-plus\" viewBox=\"0 0 448 512\" xmlns=\"http:\/\/www.w3.org\/2000\/svg\"><path d=\"M416 208H272V64c0-17.67-14.33-32-32-32h-32c-17.67 0-32 14.33-32 32v144H32c-17.67 0-32 14.33-32 32v32c0 17.67 14.33 32 32 32h144v144c0 17.67 14.33 32 32 32h32c17.67 0 32-14.33 32-32V304h144c17.67 0 32-14.33 32-32v-32c0-17.67-14.33-32-32-32z\"><\/path><\/svg><\/span>\n\t\t\t\t\t\t\t\t<span class=\"elementor-accordion-icon-opened\"><svg class=\"e-font-icon-svg e-fas-minus\" viewBox=\"0 0 448 512\" xmlns=\"http:\/\/www.w3.org\/2000\/svg\"><path d=\"M416 208H32c-17.67 0-32 14.33-32 32v32c0 17.67 14.33 32 32 32h384c17.67 0 32-14.33 32-32v-32c0-17.67-14.33-32-32-32z\"><\/path><\/svg><\/span>\n\t\t\t\t\t\t\t\t\t\t\t\t\t\t<\/span>\n\t\t\t\t\t\t\t\t\t\t\t\t<a class=\"elementor-accordion-title\" tabindex=\"0\">Datenschutz<\/a>\n\t\t\t\t\t<\/div>\n\t\t\t\t\t<div id=\"elementor-tab-content-3745\" class=\"elementor-tab-content elementor-clearfix\" data-tab=\"5\" role=\"region\" aria-labelledby=\"elementor-tab-title-3745\"><div data-id=\"6b144cc\" data-element_type=\"widget\" data-widget_type=\"text-editor.default\"><div><p>Wenn Sie sich zur Studie anmelden, werden zuerst Ihr Name und Ihre E-Mail-Adresse erfasst. Ihren Namen brauchen wir f\u00fcr die Ansprache, und Ihre E-Mail-Adresse, um Sie zu einem sp\u00e4teren Zeitpunkt kontaktieren zu k\u00f6nnen. Diese Informationen werden an einem separaten Ort gespeichert und werden nie mit Ihren Antworten verbunden.<\/p><p>Die Befragungen finden pseudonymisiert statt, d.h. unter einer individuellen Zahlenkombination, die nicht auf Ihre pers\u00f6nlichen Daten schlie\u00dfen l\u00e4sst. Die Antworten werden separat abgespeichert.<\/p><p>Der Zugang zu den pers\u00f6nlichen Daten und den Antworten ist streng kontrolliert und erfolgt nur durch autorisiertes Studienpersonal.<\/p><p>Ihre pseudonymisierten Antworten werden f\u00fcr wissenschaftliche Publikationen verwendet, aber wir werden uns dar\u00fcber hinaus auch sehr bem\u00fchen, die Ergebnisse in der Gesellschaft bekannt zu machen.<\/p><p>Wir m\u00f6chten unsere Studie \u00fcber einen langen Zeitraum durchf\u00fchren. Falls die Studie zu einem Zeitpunkt beendet sein sollte, werden die Daten danach noch weitere 10 Jahre anonymisiert aufbewahrt und anschlie\u00dfend gel\u00f6scht.<\/p><p>Weitere Informationen zum Datenschutz haben wir in diesem <a href=\"https:\/\/webszh.uk-halle.de\/longcovid-register\/wp-content\/uploads\/2022\/09\/Long-COVID-Register_Datenschutzinformation.pdf\" target=\"_blank\" rel=\"noopener\">Dokument<\/a> zusammengestellt.\u00a0<\/p><\/div><\/div><\/div>\n\t\t\t\t<\/div>\n\t\t\t\t\t\t\t\t<\/div>\n\t\t\t\t\t\t<\/div>\n\t\t\t\t\t<\/div>\n\t\t<\/div>\n\t\t\t\t\t<\/div>\n\t\t<\/section>\n\t\t\t\t<\/div>\n\t\t","protected":false},"excerpt":{"rendered":"<p>Hintergr\u00fcnde Die Long-COVID-Registerstudie auf einen Blick \u00dcberblick Die Long-COVID-Registerstudie ist eine deutschlandweite Studie. Die Studie soll erm\u00f6glichen, fl\u00e4chendeckend gro\u00dfe Datenmengen zu sammeln und auszuwerten, um besonders verl\u00e4ssliche Forschungsergebnisse zu erzielen. Im Rahmen der Studie werden Long-COVID-Symptome, deren Verlauf, Schweregrad und Linderung durch individuelle Therapien erfasst. Zudem k\u00f6nnen Zusammenh\u00e4nge zwischen Long-COVID und anderen Erkrankungen beforscht werden. [&hellip;]<\/p>\n","protected":false},"author":1,"featured_media":0,"parent":0,"menu_order":0,"comment_status":"closed","ping_status":"closed","template":"","meta":{"footnotes":""},"class_list":["post-47","page","type-page","status-publish","hentry"],"_links":{"self":[{"href":"https:\/\/webszh.uk-halle.de\/longcovid-register\/index.php\/wp-json\/wp\/v2\/pages\/47","targetHints":{"allow":["GET"]}}],"collection":[{"href":"https:\/\/webszh.uk-halle.de\/longcovid-register\/index.php\/wp-json\/wp\/v2\/pages"}],"about":[{"href":"https:\/\/webszh.uk-halle.de\/longcovid-register\/index.php\/wp-json\/wp\/v2\/types\/page"}],"author":[{"embeddable":true,"href":"https:\/\/webszh.uk-halle.de\/longcovid-register\/index.php\/wp-json\/wp\/v2\/users\/1"}],"replies":[{"embeddable":true,"href":"https:\/\/webszh.uk-halle.de\/longcovid-register\/index.php\/wp-json\/wp\/v2\/comments?post=47"}],"version-history":[{"count":89,"href":"https:\/\/webszh.uk-halle.de\/longcovid-register\/index.php\/wp-json\/wp\/v2\/pages\/47\/revisions"}],"predecessor-version":[{"id":572,"href":"https:\/\/webszh.uk-halle.de\/longcovid-register\/index.php\/wp-json\/wp\/v2\/pages\/47\/revisions\/572"}],"wp:attachment":[{"href":"https:\/\/webszh.uk-halle.de\/longcovid-register\/index.php\/wp-json\/wp\/v2\/media?parent=47"}],"curies":[{"name":"wp","href":"https:\/\/api.w.org\/{rel}","templated":true}]}}