{"id":273,"date":"2019-07-18T15:22:11","date_gmt":"2019-07-18T13:22:11","guid":{"rendered":"http:\/\/www.uk-halle.de\/loewenkids\/?page_id=273"},"modified":"2025-03-17T10:59:40","modified_gmt":"2025-03-17T09:59:40","slug":"unsere-ziele","status":"publish","type":"page","link":"https:\/\/webszh.uk-halle.de\/loewenkids\/startseite\/unsere-ziele\/","title":{"rendered":"Unsere Ziele"},"content":{"rendered":"\t\t<div data-elementor-type=\"wp-page\" data-elementor-id=\"273\" class=\"elementor elementor-273\" data-elementor-post-type=\"page\">\n\t\t\t\t\t\t<section class=\"elementor-section elementor-top-section elementor-element elementor-element-5bd74d1 elementor-section-boxed elementor-section-height-default elementor-section-height-default\" data-id=\"5bd74d1\" data-element_type=\"section\" data-e-type=\"section\">\n\t\t\t\t\t\t<div class=\"elementor-container elementor-column-gap-default\">\n\t\t\t\t\t<div class=\"elementor-column elementor-col-100 elementor-top-column elementor-element elementor-element-6c81880\" data-id=\"6c81880\" data-element_type=\"column\" data-e-type=\"column\">\n\t\t\t<div class=\"elementor-widget-wrap elementor-element-populated\">\n\t\t\t\t\t\t<div class=\"elementor-element elementor-element-6e6ca4d elementor-widget elementor-widget-spacer\" data-id=\"6e6ca4d\" data-element_type=\"widget\" data-e-type=\"widget\" data-widget_type=\"spacer.default\">\n\t\t\t\t\t\t\t<div class=\"elementor-spacer\">\n\t\t\t<div class=\"elementor-spacer-inner\"><\/div>\n\t\t<\/div>\n\t\t\t\t\t\t<\/div>\n\t\t\t\t<div class=\"elementor-element elementor-element-2b8c6e5 elementor-widget elementor-widget-heading\" data-id=\"2b8c6e5\" data-element_type=\"widget\" data-e-type=\"widget\" data-widget_type=\"heading.default\">\n\t\t\t\t\t<h2 class=\"elementor-heading-title elementor-size-large\">UNSERE ZIELE<\/h2>\t\t\t\t<\/div>\n\t\t\t\t<div class=\"elementor-element elementor-element-03baf7b elementor-widget-divider--view-line elementor-widget elementor-widget-divider\" data-id=\"03baf7b\" data-element_type=\"widget\" data-e-type=\"widget\" data-widget_type=\"divider.default\">\n\t\t\t\t\t\t\t<div class=\"elementor-divider\">\n\t\t\t<span class=\"elementor-divider-separator\">\n\t\t\t\t\t\t<\/span>\n\t\t<\/div>\n\t\t\t\t\t\t<\/div>\n\t\t\t\t<div class=\"elementor-element elementor-element-c84fb8b elementor-widget elementor-widget-spacer\" data-id=\"c84fb8b\" data-element_type=\"widget\" data-e-type=\"widget\" data-widget_type=\"spacer.default\">\n\t\t\t\t\t\t\t<div class=\"elementor-spacer\">\n\t\t\t<div class=\"elementor-spacer-inner\"><\/div>\n\t\t<\/div>\n\t\t\t\t\t\t<\/div>\n\t\t\t\t<div class=\"elementor-element elementor-element-fe53569 elementor-widget elementor-widget-image\" data-id=\"fe53569\" data-element_type=\"widget\" data-e-type=\"widget\" data-widget_type=\"image.default\">\n\t\t\t\t\t\t\t\t\t\t\t\t\t\t\t<img decoding=\"async\" src=\"https:\/\/webszh.uk-halle.de\/loewenkids\/wp-content\/uploads\/elementor\/thumbs\/pexels-arina-krasnikova-5103411-scaled-pn0ocqf9g8uukzdeaydk4w5sn78h7z4wpcvhrp8nwg.jpg\" title=\"pexels-arina-krasnikova-5103411\" alt=\"pexels-arina-krasnikova-5103411\" loading=\"lazy\" \/>\t\t\t\t\t\t\t\t\t\t\t\t\t\t\t<\/div>\n\t\t\t\t<div class=\"elementor-element elementor-element-7020fb4 elementor-widget elementor-widget-spacer\" data-id=\"7020fb4\" data-element_type=\"widget\" data-e-type=\"widget\" data-widget_type=\"spacer.default\">\n\t\t\t\t\t\t\t<div class=\"elementor-spacer\">\n\t\t\t<div class=\"elementor-spacer-inner\"><\/div>\n\t\t<\/div>\n\t\t\t\t\t\t<\/div>\n\t\t\t\t<div class=\"elementor-element elementor-element-28daf52 elementor-mobile-align-start elementor-hidden-mobile elementor-icon-list--layout-traditional elementor-list-item-link-full_width elementor-widget elementor-widget-icon-list\" data-id=\"28daf52\" data-element_type=\"widget\" data-e-type=\"widget\" data-widget_type=\"icon-list.default\">\n\t\t\t\t\t\t\t<ul class=\"elementor-icon-list-items\">\n\t\t\t\t\t\t\t<li class=\"elementor-icon-list-item\">\n\t\t\t\t\t\t\t\t\t\t\t<span class=\"elementor-icon-list-icon\">\n\t\t\t\t\t\t\t<svg aria-hidden=\"true\" class=\"e-font-icon-svg e-fas-baby\" viewBox=\"0 0 384 512\" xmlns=\"http:\/\/www.w3.org\/2000\/svg\"><path d=\"M192 160c44.2 0 80-35.8 80-80S236.2 0 192 0s-80 35.8-80 80 35.8 80 80 80zm-53.4 248.8l25.6-32-61.5-51.2L56.8 383c-11.4 14.2-11.7 34.4-.8 49l48 64c7.9 10.5 19.9 16 32 16 8.3 0 16.8-2.6 24-8 17.7-13.2 21.2-38.3 8-56l-29.4-39.2zm142.7-83.2l-61.5 51.2 25.6 32L216 448c-13.2 17.7-9.7 42.8 8 56 7.2 5.4 15.6 8 24 8 12.2 0 24.2-5.5 32-16l48-64c10.9-14.6 10.6-34.8-.8-49l-45.9-57.4zM376.7 145c-12.7-18.1-37.6-22.4-55.7-9.8l-40.6 28.5c-52.7 37-124.2 37-176.8 0L63 135.3C44.9 122.6 20 127 7.3 145-5.4 163.1-1 188 17 200.7l40.6 28.5c17 11.9 35.4 20.9 54.4 27.9V288h160v-30.8c19-7 37.4-16 54.4-27.9l40.6-28.5c18.1-12.8 22.4-37.7 9.7-55.8z\"><\/path><\/svg>\t\t\t\t\t\t<\/span>\n\t\t\t\t\t\t\t\t\t\t<span class=\"elementor-icon-list-text\">In der L\u00f6wenKIDS-Studie m\u00f6chten wir herausfinden, welchen Einfluss Infektionen (zum Beispiel Atemwegs- oder Magen-Darm-Erkrankungen) und Impfungen in den ersten Lebensjahren auf die Entstehung von chronischen Erkrankungen haben. Dabei betrachten wir zum Beispiel die H\u00e4ufigkeit, Schwere und Dauer der Krankheitsepisoden.<\/span>\n\t\t\t\t\t\t\t\t\t<\/li>\n\t\t\t\t\t\t\t\t<li class=\"elementor-icon-list-item\">\n\t\t\t\t\t\t\t\t\t\t\t<span class=\"elementor-icon-list-icon\">\n\t\t\t\t\t\t\t<svg aria-hidden=\"true\" class=\"e-font-icon-svg e-fas-viruses\" viewBox=\"0 0 640 512\" xmlns=\"http:\/\/www.w3.org\/2000\/svg\"><path d=\"M624,352H611.88c-28.51,0-42.79-34.47-22.63-54.63l8.58-8.57a16,16,0,1,0-22.63-22.63l-8.57,8.58C546.47,294.91,512,280.63,512,252.12V240a16,16,0,0,0-32,0v12.12c0,28.51-34.47,42.79-54.63,22.63l-8.57-8.58a16,16,0,0,0-22.63,22.63l8.58,8.57c20.16,20.16,5.88,54.63-22.63,54.63H368a16,16,0,0,0,0,32h12.12c28.51,0,42.79,34.47,22.63,54.63l-8.58,8.57a16,16,0,1,0,22.63,22.63l8.57-8.58c20.16-20.16,54.63-5.88,54.63,22.63V496a16,16,0,0,0,32,0V483.88c0-28.51,34.47-42.79,54.63-22.63l8.57,8.58a16,16,0,1,0,22.63-22.63l-8.58-8.57C569.09,418.47,583.37,384,611.88,384H624a16,16,0,0,0,0-32ZM480,384a32,32,0,1,1,32-32A32,32,0,0,1,480,384ZM346.51,213.33h16.16a21.33,21.33,0,0,0,0-42.66H346.51c-38,0-57.05-46-30.17-72.84l11.43-11.44A21.33,21.33,0,0,0,297.6,56.23L286.17,67.66c-26.88,26.88-72.84,7.85-72.84-30.17V21.33a21.33,21.33,0,0,0-42.66,0V37.49c0,38-46,57.05-72.84,30.17L86.4,56.23A21.33,21.33,0,0,0,56.23,86.39L67.66,97.83c26.88,26.88,7.85,72.84-30.17,72.84H21.33a21.33,21.33,0,0,0,0,42.66H37.49c38,0,57.05,46,30.17,72.84L56.23,297.6A21.33,21.33,0,1,0,86.4,327.77l11.43-11.43c26.88-26.88,72.84-7.85,72.84,30.17v16.16a21.33,21.33,0,0,0,42.66,0V346.51c0-38,46-57.05,72.84-30.17l11.43,11.43a21.33,21.33,0,0,0,30.17-30.17l-11.43-11.43C289.46,259.29,308.49,213.33,346.51,213.33ZM160,192a32,32,0,1,1,32-32A32,32,0,0,1,160,192Zm80,32a16,16,0,1,1,16-16A16,16,0,0,1,240,224Z\"><\/path><\/svg>\t\t\t\t\t\t<\/span>\n\t\t\t\t\t\t\t\t\t\t<span class=\"elementor-icon-list-text\">In den ersten Lebensjahren durchl\u00e4uft das Immunsystem eine sehr intensive Entwicklung. Hierbei spielen Infektionskrankheiten eine gro\u00dfe Rolle. Wir gehen Hinweisen darauf nach, dass sich Unterschiede in der Entwicklung des Immunsystems auf die Entstehung chronischer Erkrankungen wie Allergien, Asthma oder Diabetes mellitus auswirken k\u00f6nnen. Gleichzeitig untersuchen wir den eventuell sch\u00fctzenden Einfluss von Mikroorganismen, wie beispielsweise der Darmflora.<\/span>\n\t\t\t\t\t\t\t\t\t<\/li>\n\t\t\t\t\t\t\t\t<li class=\"elementor-icon-list-item\">\n\t\t\t\t\t\t\t\t\t\t\t<span class=\"elementor-icon-list-icon\">\n\t\t\t\t\t\t\t<svg aria-hidden=\"true\" class=\"e-font-icon-svg e-far-list-alt\" viewBox=\"0 0 512 512\" xmlns=\"http:\/\/www.w3.org\/2000\/svg\"><path d=\"M464 32H48C21.49 32 0 53.49 0 80v352c0 26.51 21.49 48 48 48h416c26.51 0 48-21.49 48-48V80c0-26.51-21.49-48-48-48zm-6 400H54a6 6 0 0 1-6-6V86a6 6 0 0 1 6-6h404a6 6 0 0 1 6 6v340a6 6 0 0 1-6 6zm-42-92v24c0 6.627-5.373 12-12 12H204c-6.627 0-12-5.373-12-12v-24c0-6.627 5.373-12 12-12h200c6.627 0 12 5.373 12 12zm0-96v24c0 6.627-5.373 12-12 12H204c-6.627 0-12-5.373-12-12v-24c0-6.627 5.373-12 12-12h200c6.627 0 12 5.373 12 12zm0-96v24c0 6.627-5.373 12-12 12H204c-6.627 0-12-5.373-12-12v-24c0-6.627 5.373-12 12-12h200c6.627 0 12 5.373 12 12zm-252 12c0 19.882-16.118 36-36 36s-36-16.118-36-36 16.118-36 36-36 36 16.118 36 36zm0 96c0 19.882-16.118 36-36 36s-36-16.118-36-36 16.118-36 36-36 36 16.118 36 36zm0 96c0 19.882-16.118 36-36 36s-36-16.118-36-36 16.118-36 36-36 36 16.118 36 36z\"><\/path><\/svg>\t\t\t\t\t\t<\/span>\n\t\t\t\t\t\t\t\t\t\t<span class=\"elementor-icon-list-text\">Im Rahmen der L\u00f6wenKIDS-Studie wollen wir die Kinder daher von Geburt an begleiten und die Eltern bitten, Infektionen, Impfungen und die Entwicklung des Immunsystems \u00fcber mehrere Jahre zu beobachten. Besonders h\u00e4ufige Infektionen im Kindesalter sind Erk\u00e4ltungen und Magen-Darm-Erkrankungen. Nicht immer sind diese Erkrankungen so schlimm, dass Eltern mit ihrem Kind zur \u00c4rzt*in gehen. Deshalb bitten wir Sie, die Eltern, uns bei der Erfassung der Erkrankungen zu helfen. Wir versuchen, dies so einfach wie m\u00f6glich f\u00fcr Sie zu gestalten.<\/span>\n\t\t\t\t\t\t\t\t\t<\/li>\n\t\t\t\t\t\t<\/ul>\n\t\t\t\t\t\t<\/div>\n\t\t\t\t<div class=\"elementor-element elementor-element-27f5dcf elementor-hidden-mobile elementor-widget elementor-widget-spacer\" data-id=\"27f5dcf\" data-element_type=\"widget\" data-e-type=\"widget\" data-widget_type=\"spacer.default\">\n\t\t\t\t\t\t\t<div class=\"elementor-spacer\">\n\t\t\t<div class=\"elementor-spacer-inner\"><\/div>\n\t\t<\/div>\n\t\t\t\t\t\t<\/div>\n\t\t\t\t\t<\/div>\n\t\t<\/div>\n\t\t\t\t\t<\/div>\n\t\t<\/section>\n\t\t\t\t<section class=\"elementor-section elementor-top-section elementor-element elementor-element-7b33c33 elementor-hidden-desktop elementor-hidden-tablet elementor-section-boxed elementor-section-height-default elementor-section-height-default\" data-id=\"7b33c33\" data-element_type=\"section\" data-e-type=\"section\">\n\t\t\t\t\t\t<div class=\"elementor-container elementor-column-gap-default\">\n\t\t\t\t\t<div class=\"elementor-column elementor-col-100 elementor-top-column elementor-element elementor-element-8a3d074\" data-id=\"8a3d074\" data-element_type=\"column\" data-e-type=\"column\">\n\t\t\t<div class=\"elementor-widget-wrap elementor-element-populated\">\n\t\t\t\t\t\t<div class=\"elementor-element elementor-element-29770ba elementor-view-default elementor-position-block-start elementor-mobile-position-block-start elementor-widget elementor-widget-icon-box\" data-id=\"29770ba\" data-element_type=\"widget\" data-e-type=\"widget\" data-widget_type=\"icon-box.default\">\n\t\t\t\t\t\t\t<div class=\"elementor-icon-box-wrapper\">\n\n\t\t\t\t\t\t<div class=\"elementor-icon-box-icon\">\n\t\t\t\t<span  class=\"elementor-icon\">\n\t\t\t\t<svg aria-hidden=\"true\" class=\"e-font-icon-svg e-fas-baby\" viewBox=\"0 0 384 512\" xmlns=\"http:\/\/www.w3.org\/2000\/svg\"><path d=\"M192 160c44.2 0 80-35.8 80-80S236.2 0 192 0s-80 35.8-80 80 35.8 80 80 80zm-53.4 248.8l25.6-32-61.5-51.2L56.8 383c-11.4 14.2-11.7 34.4-.8 49l48 64c7.9 10.5 19.9 16 32 16 8.3 0 16.8-2.6 24-8 17.7-13.2 21.2-38.3 8-56l-29.4-39.2zm142.7-83.2l-61.5 51.2 25.6 32L216 448c-13.2 17.7-9.7 42.8 8 56 7.2 5.4 15.6 8 24 8 12.2 0 24.2-5.5 32-16l48-64c10.9-14.6 10.6-34.8-.8-49l-45.9-57.4zM376.7 145c-12.7-18.1-37.6-22.4-55.7-9.8l-40.6 28.5c-52.7 37-124.2 37-176.8 0L63 135.3C44.9 122.6 20 127 7.3 145-5.4 163.1-1 188 17 200.7l40.6 28.5c17 11.9 35.4 20.9 54.4 27.9V288h160v-30.8c19-7 37.4-16 54.4-27.9l40.6-28.5c18.1-12.8 22.4-37.7 9.7-55.8z\"><\/path><\/svg>\t\t\t\t<\/span>\n\t\t\t<\/div>\n\t\t\t\n\t\t\t\t\t\t<div class=\"elementor-icon-box-content\">\n\n\t\t\t\t\n\t\t\t\t\t\t\t\t\t<p class=\"elementor-icon-box-description\">\n\t\t\t\t\t\tIn der L\u00f6wenKIDS-Studie m\u00f6chten wir herausfinden, welchen Einfluss Infektionen (zum Beispiel Atemwegs- oder Magen-Darm-Erkrankungen) und Impfungen in den ersten Lebensjahren auf die Entstehung von chronischen Erkrankungen haben. Dabei betrachten wir zum Beispiel die H\u00e4ufigkeit, Schwere und Dauer der Krankheitsepisoden.\t\t\t\t\t<\/p>\n\t\t\t\t\n\t\t\t<\/div>\n\t\t\t\n\t\t<\/div>\n\t\t\t\t\t\t<\/div>\n\t\t\t\t<div class=\"elementor-element elementor-element-91d7981 elementor-hidden-desktop elementor-hidden-tablet elementor-widget elementor-widget-spacer\" data-id=\"91d7981\" data-element_type=\"widget\" data-e-type=\"widget\" data-widget_type=\"spacer.default\">\n\t\t\t\t\t\t\t<div class=\"elementor-spacer\">\n\t\t\t<div class=\"elementor-spacer-inner\"><\/div>\n\t\t<\/div>\n\t\t\t\t\t\t<\/div>\n\t\t\t\t<div class=\"elementor-element elementor-element-f8ea6ed elementor-view-default elementor-position-block-start elementor-mobile-position-block-start elementor-widget elementor-widget-icon-box\" data-id=\"f8ea6ed\" data-element_type=\"widget\" data-e-type=\"widget\" data-widget_type=\"icon-box.default\">\n\t\t\t\t\t\t\t<div class=\"elementor-icon-box-wrapper\">\n\n\t\t\t\t\t\t<div class=\"elementor-icon-box-icon\">\n\t\t\t\t<span  class=\"elementor-icon\">\n\t\t\t\t<svg aria-hidden=\"true\" class=\"e-font-icon-svg e-fas-viruses\" viewBox=\"0 0 640 512\" xmlns=\"http:\/\/www.w3.org\/2000\/svg\"><path d=\"M624,352H611.88c-28.51,0-42.79-34.47-22.63-54.63l8.58-8.57a16,16,0,1,0-22.63-22.63l-8.57,8.58C546.47,294.91,512,280.63,512,252.12V240a16,16,0,0,0-32,0v12.12c0,28.51-34.47,42.79-54.63,22.63l-8.57-8.58a16,16,0,0,0-22.63,22.63l8.58,8.57c20.16,20.16,5.88,54.63-22.63,54.63H368a16,16,0,0,0,0,32h12.12c28.51,0,42.79,34.47,22.63,54.63l-8.58,8.57a16,16,0,1,0,22.63,22.63l8.57-8.58c20.16-20.16,54.63-5.88,54.63,22.63V496a16,16,0,0,0,32,0V483.88c0-28.51,34.47-42.79,54.63-22.63l8.57,8.58a16,16,0,1,0,22.63-22.63l-8.58-8.57C569.09,418.47,583.37,384,611.88,384H624a16,16,0,0,0,0-32ZM480,384a32,32,0,1,1,32-32A32,32,0,0,1,480,384ZM346.51,213.33h16.16a21.33,21.33,0,0,0,0-42.66H346.51c-38,0-57.05-46-30.17-72.84l11.43-11.44A21.33,21.33,0,0,0,297.6,56.23L286.17,67.66c-26.88,26.88-72.84,7.85-72.84-30.17V21.33a21.33,21.33,0,0,0-42.66,0V37.49c0,38-46,57.05-72.84,30.17L86.4,56.23A21.33,21.33,0,0,0,56.23,86.39L67.66,97.83c26.88,26.88,7.85,72.84-30.17,72.84H21.33a21.33,21.33,0,0,0,0,42.66H37.49c38,0,57.05,46,30.17,72.84L56.23,297.6A21.33,21.33,0,1,0,86.4,327.77l11.43-11.43c26.88-26.88,72.84-7.85,72.84,30.17v16.16a21.33,21.33,0,0,0,42.66,0V346.51c0-38,46-57.05,72.84-30.17l11.43,11.43a21.33,21.33,0,0,0,30.17-30.17l-11.43-11.43C289.46,259.29,308.49,213.33,346.51,213.33ZM160,192a32,32,0,1,1,32-32A32,32,0,0,1,160,192Zm80,32a16,16,0,1,1,16-16A16,16,0,0,1,240,224Z\"><\/path><\/svg>\t\t\t\t<\/span>\n\t\t\t<\/div>\n\t\t\t\n\t\t\t\t\t\t<div class=\"elementor-icon-box-content\">\n\n\t\t\t\t\n\t\t\t\t\t\t\t\t\t<p class=\"elementor-icon-box-description\">\n\t\t\t\t\t\tIn den ersten Lebensjahren durchl\u00e4uft das Immunsystem eine sehr intensive Entwicklung. Hierbei spielen Infektionskrankheiten eine gro\u00dfe Rolle. Wir gehen Hinweisen darauf nach, dass sich Unterschiede in der Entwicklung des Immunsystems auf die Entstehung chronischer Erkrankungen wie Allergien, Asthma oder Diabetes mellitus auswirken k\u00f6nnen. Gleichzeitig untersuchen wir den eventuell sch\u00fctzenden Einfluss von Mikroorganismen, wie beispielsweise der Darmflora.\u200b\t\t\t\t\t<\/p>\n\t\t\t\t\n\t\t\t<\/div>\n\t\t\t\n\t\t<\/div>\n\t\t\t\t\t\t<\/div>\n\t\t\t\t<div class=\"elementor-element elementor-element-ba3dd1d elementor-widget elementor-widget-spacer\" data-id=\"ba3dd1d\" data-element_type=\"widget\" data-e-type=\"widget\" data-widget_type=\"spacer.default\">\n\t\t\t\t\t\t\t<div class=\"elementor-spacer\">\n\t\t\t<div class=\"elementor-spacer-inner\"><\/div>\n\t\t<\/div>\n\t\t\t\t\t\t<\/div>\n\t\t\t\t<div class=\"elementor-element elementor-element-6e62a2b elementor-view-default elementor-position-block-start elementor-mobile-position-block-start elementor-widget elementor-widget-icon-box\" data-id=\"6e62a2b\" data-element_type=\"widget\" data-e-type=\"widget\" data-widget_type=\"icon-box.default\">\n\t\t\t\t\t\t\t<div class=\"elementor-icon-box-wrapper\">\n\n\t\t\t\t\t\t<div class=\"elementor-icon-box-icon\">\n\t\t\t\t<span  class=\"elementor-icon\">\n\t\t\t\t<svg aria-hidden=\"true\" class=\"e-font-icon-svg e-far-list-alt\" viewBox=\"0 0 512 512\" xmlns=\"http:\/\/www.w3.org\/2000\/svg\"><path d=\"M464 32H48C21.49 32 0 53.49 0 80v352c0 26.51 21.49 48 48 48h416c26.51 0 48-21.49 48-48V80c0-26.51-21.49-48-48-48zm-6 400H54a6 6 0 0 1-6-6V86a6 6 0 0 1 6-6h404a6 6 0 0 1 6 6v340a6 6 0 0 1-6 6zm-42-92v24c0 6.627-5.373 12-12 12H204c-6.627 0-12-5.373-12-12v-24c0-6.627 5.373-12 12-12h200c6.627 0 12 5.373 12 12zm0-96v24c0 6.627-5.373 12-12 12H204c-6.627 0-12-5.373-12-12v-24c0-6.627 5.373-12 12-12h200c6.627 0 12 5.373 12 12zm0-96v24c0 6.627-5.373 12-12 12H204c-6.627 0-12-5.373-12-12v-24c0-6.627 5.373-12 12-12h200c6.627 0 12 5.373 12 12zm-252 12c0 19.882-16.118 36-36 36s-36-16.118-36-36 16.118-36 36-36 36 16.118 36 36zm0 96c0 19.882-16.118 36-36 36s-36-16.118-36-36 16.118-36 36-36 36 16.118 36 36zm0 96c0 19.882-16.118 36-36 36s-36-16.118-36-36 16.118-36 36-36 36 16.118 36 36z\"><\/path><\/svg>\t\t\t\t<\/span>\n\t\t\t<\/div>\n\t\t\t\n\t\t\t\t\t\t<div class=\"elementor-icon-box-content\">\n\n\t\t\t\t\n\t\t\t\t\t\t\t\t\t<p class=\"elementor-icon-box-description\">\n\t\t\t\t\t\tIm Rahmen der L\u00f6wenKIDS-Studie wollen wir die Kinder daher von Geburt an begleiten und die Eltern bitten, Infektionen, Impfungen und die Entwicklung des Immunsystems \u00fcber mehrere Jahre zu beobachten. Besonders h\u00e4ufige Infektionen im Kindesalter sind Erk\u00e4ltungen und Magen-Darm-Erkrankungen. Nicht immer sind diese Erkrankungen so schlimm, dass Eltern mit ihrem Kind zur \u00c4rztIn gehen. Deshalb bitten wir Sie, die Eltern, uns bei der Erfassung der Erkrankungen zu helfen. Wir versuchen, dies so einfach wie m\u00f6glich f\u00fcr Sie zu gestalten.\u200b\t\t\t\t\t<\/p>\n\t\t\t\t\n\t\t\t<\/div>\n\t\t\t\n\t\t<\/div>\n\t\t\t\t\t\t<\/div>\n\t\t\t\t<div class=\"elementor-element elementor-element-f1c6bcf elementor-hidden-desktop elementor-hidden-tablet elementor-widget elementor-widget-spacer\" data-id=\"f1c6bcf\" data-element_type=\"widget\" data-e-type=\"widget\" data-widget_type=\"spacer.default\">\n\t\t\t\t\t\t\t<div class=\"elementor-spacer\">\n\t\t\t<div class=\"elementor-spacer-inner\"><\/div>\n\t\t<\/div>\n\t\t\t\t\t\t<\/div>\n\t\t\t\t\t<\/div>\n\t\t<\/div>\n\t\t\t\t\t<\/div>\n\t\t<\/section>\n\t\t\t\t<\/div>\n\t\t","protected":false},"excerpt":{"rendered":"<p>UNSERE ZIELE In der L\u00f6wenKIDS-Studie m\u00f6chten wir herausfinden, welchen Einfluss Infektionen (zum Beispiel Atemwegs- oder Magen-Darm-Erkrankungen) und Impfungen in den ersten Lebensjahren auf die Entstehung von chronischen Erkrankungen haben. Dabei betrachten wir zum Beispiel die H\u00e4ufigkeit, Schwere und Dauer der Krankheitsepisoden. In den ersten Lebensjahren durchl\u00e4uft das Immunsystem eine sehr intensive Entwicklung. Hierbei spielen Infektionskrankheiten [&hellip;]<\/p>\n","protected":false},"author":3,"featured_media":0,"parent":103,"menu_order":3,"comment_status":"closed","ping_status":"closed","template":"elementor_theme","meta":{"footnotes":""},"class_list":["post-273","page","type-page","status-publish","hentry"],"_links":{"self":[{"href":"https:\/\/webszh.uk-halle.de\/loewenkids\/wp-json\/wp\/v2\/pages\/273","targetHints":{"allow":["GET"]}}],"collection":[{"href":"https:\/\/webszh.uk-halle.de\/loewenkids\/wp-json\/wp\/v2\/pages"}],"about":[{"href":"https:\/\/webszh.uk-halle.de\/loewenkids\/wp-json\/wp\/v2\/types\/page"}],"author":[{"embeddable":true,"href":"https:\/\/webszh.uk-halle.de\/loewenkids\/wp-json\/wp\/v2\/users\/3"}],"replies":[{"embeddable":true,"href":"https:\/\/webszh.uk-halle.de\/loewenkids\/wp-json\/wp\/v2\/comments?post=273"}],"version-history":[{"count":71,"href":"https:\/\/webszh.uk-halle.de\/loewenkids\/wp-json\/wp\/v2\/pages\/273\/revisions"}],"predecessor-version":[{"id":3164,"href":"https:\/\/webszh.uk-halle.de\/loewenkids\/wp-json\/wp\/v2\/pages\/273\/revisions\/3164"}],"up":[{"embeddable":true,"href":"https:\/\/webszh.uk-halle.de\/loewenkids\/wp-json\/wp\/v2\/pages\/103"}],"wp:attachment":[{"href":"https:\/\/webszh.uk-halle.de\/loewenkids\/wp-json\/wp\/v2\/media?parent=273"}],"curies":[{"name":"wp","href":"https:\/\/api.w.org\/{rel}","templated":true}]}}