{"id":259,"date":"2019-07-18T15:11:05","date_gmt":"2019-07-18T13:11:05","guid":{"rendered":"http:\/\/www.uk-halle.de\/loewenkids\/?page_id=259"},"modified":"2025-03-17T10:50:55","modified_gmt":"2025-03-17T09:50:55","slug":"was-sind-infektionskrankheiten","status":"publish","type":"page","link":"https:\/\/webszh.uk-halle.de\/loewenkids\/startseite\/was-sind-infektionskrankheiten\/","title":{"rendered":"Was sind Infektionskrankheiten?"},"content":{"rendered":"\t\t<div data-elementor-type=\"wp-page\" data-elementor-id=\"259\" class=\"elementor elementor-259\" data-elementor-post-type=\"page\">\n\t\t\t\t\t\t<section class=\"elementor-section elementor-top-section elementor-element elementor-element-9f9ba85 elementor-section-boxed elementor-section-height-default elementor-section-height-default\" data-id=\"9f9ba85\" data-element_type=\"section\" data-e-type=\"section\">\n\t\t\t\t\t\t<div class=\"elementor-container elementor-column-gap-default\">\n\t\t\t\t\t<div class=\"elementor-column elementor-col-100 elementor-top-column elementor-element elementor-element-cb4f0ea\" data-id=\"cb4f0ea\" data-element_type=\"column\" data-e-type=\"column\">\n\t\t\t<div class=\"elementor-widget-wrap elementor-element-populated\">\n\t\t\t\t\t\t<div class=\"elementor-element elementor-element-80ff30c elementor-widget elementor-widget-spacer\" data-id=\"80ff30c\" data-element_type=\"widget\" data-e-type=\"widget\" data-widget_type=\"spacer.default\">\n\t\t\t\t\t\t\t<div class=\"elementor-spacer\">\n\t\t\t<div class=\"elementor-spacer-inner\"><\/div>\n\t\t<\/div>\n\t\t\t\t\t\t<\/div>\n\t\t\t\t<div class=\"elementor-element elementor-element-8d3ba38 elementor-widget elementor-widget-heading\" data-id=\"8d3ba38\" data-element_type=\"widget\" data-e-type=\"widget\" data-widget_type=\"heading.default\">\n\t\t\t\t\t<h2 class=\"elementor-heading-title elementor-size-large\">WAS SIND INFEKTIONSKRANKHEITEN?<\/h2>\t\t\t\t<\/div>\n\t\t\t\t<div class=\"elementor-element elementor-element-89b8389 elementor-hidden-desktop elementor-hidden-tablet elementor-widget elementor-widget-heading\" data-id=\"89b8389\" data-element_type=\"widget\" data-e-type=\"widget\" data-widget_type=\"heading.default\">\n\t\t\t\t\t<h2 class=\"elementor-heading-title elementor-size-large\">WAS SIND INFEKTIONS-KRANKHEITEN?<\/h2>\t\t\t\t<\/div>\n\t\t\t\t<div class=\"elementor-element elementor-element-bfba3f6 elementor-widget-divider--view-line elementor-widget elementor-widget-divider\" data-id=\"bfba3f6\" data-element_type=\"widget\" data-e-type=\"widget\" data-widget_type=\"divider.default\">\n\t\t\t\t\t\t\t<div class=\"elementor-divider\">\n\t\t\t<span class=\"elementor-divider-separator\">\n\t\t\t\t\t\t<\/span>\n\t\t<\/div>\n\t\t\t\t\t\t<\/div>\n\t\t\t\t<div class=\"elementor-element elementor-element-a79a312 elementor-widget elementor-widget-spacer\" data-id=\"a79a312\" data-element_type=\"widget\" data-e-type=\"widget\" data-widget_type=\"spacer.default\">\n\t\t\t\t\t\t\t<div class=\"elementor-spacer\">\n\t\t\t<div class=\"elementor-spacer-inner\"><\/div>\n\t\t<\/div>\n\t\t\t\t\t\t<\/div>\n\t\t\t\t<div class=\"elementor-element elementor-element-f0c487d elementor-widget elementor-widget-image\" data-id=\"f0c487d\" data-element_type=\"widget\" data-e-type=\"widget\" data-widget_type=\"image.default\">\n\t\t\t\t\t\t\t\t\t\t\t\t\t\t\t<img decoding=\"async\" src=\"https:\/\/webszh.uk-halle.de\/loewenkids\/wp-content\/uploads\/elementor\/thumbs\/kelly-sikkema-xN0INdwHAs4-unsplash-scaled-pn0o8qlyeldz8n6amq7n1eg9r8xbia9z5l27cd5wcg.jpg\" title=\"kelly-sikkema-xN0INdwHAs4-unsplash\" alt=\"kelly-sikkema-xN0INdwHAs4-unsplash\" loading=\"lazy\" \/>\t\t\t\t\t\t\t\t\t\t\t\t\t\t\t<\/div>\n\t\t\t\t<div class=\"elementor-element elementor-element-0b36e6b elementor-widget elementor-widget-spacer\" data-id=\"0b36e6b\" data-element_type=\"widget\" data-e-type=\"widget\" data-widget_type=\"spacer.default\">\n\t\t\t\t\t\t\t<div class=\"elementor-spacer\">\n\t\t\t<div class=\"elementor-spacer-inner\"><\/div>\n\t\t<\/div>\n\t\t\t\t\t\t<\/div>\n\t\t\t\t<div class=\"elementor-element elementor-element-b9095a8 elementor-mobile-align-start elementor-hidden-mobile elementor-icon-list--layout-traditional elementor-list-item-link-full_width elementor-widget elementor-widget-icon-list\" data-id=\"b9095a8\" data-element_type=\"widget\" data-e-type=\"widget\" data-widget_type=\"icon-list.default\">\n\t\t\t\t\t\t\t<ul class=\"elementor-icon-list-items\">\n\t\t\t\t\t\t\t<li class=\"elementor-icon-list-item\">\n\t\t\t\t\t\t\t\t\t\t\t<span class=\"elementor-icon-list-icon\">\n\t\t\t\t\t\t\t<svg aria-hidden=\"true\" class=\"e-font-icon-svg e-fas-bacteria\" viewBox=\"0 0 640 512\" xmlns=\"http:\/\/www.w3.org\/2000\/svg\"><path d=\"M272.35,226.4A17.71,17.71,0,0,0,281.46,203l-4-9.08a121.29,121.29,0,0,1,12.36-3.08A83.34,83.34,0,0,0,323.57,177l10,9a17.76,17.76,0,1,0,23.92-26.27l-9.72-8.76a83.12,83.12,0,0,0,11.65-48.18l11.85-3.51a17.73,17.73,0,1,0-10.15-34l-11.34,3.36a84,84,0,0,0-36.38-35.57l2.84-10.85a17.8,17.8,0,0,0-34.47-8.93l-2.82,10.78a83.25,83.25,0,0,0-16.74,1.1C250.83,27,240,30.22,229.1,33.39l-3.38-9.46a17.8,17.8,0,0,0-33.56,11.89l3.49,9.8a286.74,286.74,0,0,0-43.94,23.57l-6.32-8.43a17.9,17.9,0,0,0-24.94-3.6A17.69,17.69,0,0,0,116.84,82l6.45,8.61a286.59,286.59,0,0,0-34.95,35.33l-8.82-6.42a17.84,17.84,0,0,0-24.89,3.86,17.66,17.66,0,0,0,3.88,24.77l8.88,6.47a286.6,286.6,0,0,0-23,43.91l-10.48-3.59a17.73,17.73,0,1,0-11.59,33.52L32.67,232c-2.79,10-5.79,19.84-7.52,30.22a83.16,83.16,0,0,0-.82,19l-11.58,3.43a17.73,17.73,0,1,0,10.13,34l11.27-3.33a83.51,83.51,0,0,0,36.39,35.43l-2.88,11.06a17.81,17.81,0,0,0,34.48,8.92l2.87-11c1,0,2.07.26,3.1.26a83.39,83.39,0,0,0,45.65-13.88l8.59,8.8a17.77,17.77,0,0,0,25.56-24.7l-9.14-9.37a83.41,83.41,0,0,0,12.08-31.05,119.08,119.08,0,0,1,3.87-15.53l9,4.22a17.74,17.74,0,1,0,15.15-32.09l-8.8-4.11c.67-1,1.2-2.08,1.9-3.05a119.89,119.89,0,0,1,7.87-9.41,121.73,121.73,0,0,1,11.65-11.4,119.49,119.49,0,0,1,9.94-7.82c1.12-.77,2.32-1.42,3.47-2.15l3.92,8.85a17.86,17.86,0,0,0,16.32,10.58A18.14,18.14,0,0,0,272.35,226.4ZM128,256a32,32,0,1,1,32-32A32,32,0,0,1,128,256Zm80-96a16,16,0,1,1,16-16A16,16,0,0,1,208,160Zm431.26,45.3a17.79,17.79,0,0,0-17.06-12.69,17.55,17.55,0,0,0-5.08.74l-11.27,3.33a83.61,83.61,0,0,0-36.39-35.43l2.88-11.06a17.81,17.81,0,0,0-34.48-8.91l-2.87,11c-1,0-2.07-.26-3.1-.26a83.32,83.32,0,0,0-45.65,13.89l-8.59-8.81a17.77,17.77,0,0,0-25.56,24.7l9.14,9.37a83.28,83.28,0,0,0-12.08,31.06,119.34,119.34,0,0,1-3.87,15.52l-9-4.22a17.74,17.74,0,1,0-15.15,32.09l8.8,4.11c-.67,1-1.2,2.08-1.89,3.05a117.71,117.71,0,0,1-7.94,9.47,119,119,0,0,1-11.57,11.33,121.59,121.59,0,0,1-10,7.83c-1.12.77-2.32,1.42-3.47,2.15l-3.92-8.85a17.86,17.86,0,0,0-16.32-10.58,18.14,18.14,0,0,0-7.18,1.5A17.71,17.71,0,0,0,358.54,309l4,9.08a118.71,118.71,0,0,1-12.36,3.08,83.34,83.34,0,0,0-33.77,13.9l-10-9a17.77,17.77,0,1,0-23.92,26.28l9.72,8.75a83.12,83.12,0,0,0-11.65,48.18l-11.86,3.51a17.73,17.73,0,1,0,10.16,34l11.34-3.36A84,84,0,0,0,326.61,479l-2.84,10.85a17.8,17.8,0,0,0,34.47,8.93L361.06,488a83.3,83.3,0,0,0,16.74-1.1c11.37-1.89,22.24-5.07,33.1-8.24l3.38,9.46a17.8,17.8,0,0,0,33.56-11.89l-3.49-9.79a287.66,287.66,0,0,0,43.94-23.58l6.32,8.43a17.88,17.88,0,0,0,24.93,3.6A17.67,17.67,0,0,0,523.16,430l-6.45-8.61a287.37,287.37,0,0,0,34.95-35.34l8.82,6.42a17.76,17.76,0,1,0,21-28.63l-8.88-6.46a287.17,287.17,0,0,0,23-43.92l10.48,3.59a17.73,17.73,0,1,0,11.59-33.52L607.33,280c2.79-10,5.79-19.84,7.52-30.21a83.27,83.27,0,0,0,.82-19.05l11.58-3.43A17.7,17.7,0,0,0,639.26,205.3ZM416,416a32,32,0,1,1,32-32A32,32,0,0,1,416,416Z\"><\/path><\/svg>\t\t\t\t\t\t<\/span>\n\t\t\t\t\t\t\t\t\t\t<span class=\"elementor-icon-list-text\">Eine Infektion tritt auf, wenn ein Keim in den K\u00f6rper eindringt und sich dort vermehrt. Es gibt ganz unterschiedliche Infektionserreger; zu den bekanntesten z\u00e4hlen Viren und Bakterien. Doch nicht jeder Erreger macht automatisch krank. Entscheidend ist, wie aggressiv der Keim ist und wie gut sich unser Abwehrsystem (Immunsystem) dagegen wehren kann. Bei der Geburt ist das Immunsystem noch nicht voll ausgereift. Es muss die vielen verschiedenen Infektionserreger erst kennenlernen, um Abwehrmechanismen gegen diese zu bilden. Dies ist ein Grund daf\u00fcr, warum Kinder meist h\u00e4ufiger krank sind als Erwachsene.<\/span>\n\t\t\t\t\t\t\t\t\t<\/li>\n\t\t\t\t\t\t\t\t<li class=\"elementor-icon-list-item\">\n\t\t\t\t\t\t\t\t\t\t\t<span class=\"elementor-icon-list-icon\">\n\t\t\t\t\t\t\t<svg aria-hidden=\"true\" class=\"e-font-icon-svg e-fas-shield-virus\" viewBox=\"0 0 512 512\" xmlns=\"http:\/\/www.w3.org\/2000\/svg\"><path d=\"M224,192a16,16,0,1,0,16,16A16,16,0,0,0,224,192ZM466.5,83.68l-192-80A57.4,57.4,0,0,0,256.05,0a57.4,57.4,0,0,0-18.46,3.67l-192,80A47.93,47.93,0,0,0,16,128C16,326.5,130.5,463.72,237.5,508.32a48.09,48.09,0,0,0,36.91,0C360.09,472.61,496,349.3,496,128A48,48,0,0,0,466.5,83.68ZM384,256H371.88c-28.51,0-42.79,34.47-22.63,54.63l8.58,8.57a16,16,0,1,1-22.63,22.63l-8.57-8.58C306.47,313.09,272,327.37,272,355.88V368a16,16,0,0,1-32,0V355.88c0-28.51-34.47-42.79-54.63-22.63l-8.57,8.58a16,16,0,0,1-22.63-22.63l8.58-8.57c20.16-20.16,5.88-54.63-22.63-54.63H128a16,16,0,0,1,0-32h12.12c28.51,0,42.79-34.47,22.63-54.63l-8.58-8.57a16,16,0,0,1,22.63-22.63l8.57,8.58c20.16,20.16,54.63,5.88,54.63-22.63V112a16,16,0,0,1,32,0v12.12c0,28.51,34.47,42.79,54.63,22.63l8.57-8.58a16,16,0,0,1,22.63,22.63l-8.58,8.57C329.09,189.53,343.37,224,371.88,224H384a16,16,0,0,1,0,32Zm-96,0a16,16,0,1,0,16,16A16,16,0,0,0,288,256Z\"><\/path><\/svg>\t\t\t\t\t\t<\/span>\n\t\t\t\t\t\t\t\t\t\t<span class=\"elementor-icon-list-text\">Nicht immer entwickelt sich das Immunsystem optimal. So kann es bei einer Allergie passieren, dass sich das Immunsystem gegen eigentlich ungef\u00e4hrliche Stoffe wie Pollen, Katzenhaare oder Erdn\u00fcsse wendet. Es verwechselt diese mit sch\u00e4dlichen Erregern. Oder das Immunsystem wendet sich gegen gesunde Zellen des eigenen K\u00f6rpers, wie zum Beispiel bei einer Form des Diabetes mellitus (\u201eZuckerkrankheit\u201c). Diese Erkrankungen treten teilweise erst im Erwachsenenalter auf und k\u00f6nnen chronisch verlaufen. Das bedeutet, dass sich die Erkrankung \u00fcber einen langen Zeitraum hinzieht oder sogar lebenslang andauert.<\/span>\n\t\t\t\t\t\t\t\t\t<\/li>\n\t\t\t\t\t\t<\/ul>\n\t\t\t\t\t\t<\/div>\n\t\t\t\t<div class=\"elementor-element elementor-element-ed4070b elementor-hidden-mobile elementor-widget elementor-widget-spacer\" data-id=\"ed4070b\" data-element_type=\"widget\" data-e-type=\"widget\" data-widget_type=\"spacer.default\">\n\t\t\t\t\t\t\t<div class=\"elementor-spacer\">\n\t\t\t<div class=\"elementor-spacer-inner\"><\/div>\n\t\t<\/div>\n\t\t\t\t\t\t<\/div>\n\t\t\t\t<div class=\"elementor-element elementor-element-045d94a elementor-widget elementor-widget-text-editor\" data-id=\"045d94a\" data-element_type=\"widget\" data-e-type=\"widget\" data-widget_type=\"text-editor.default\">\n\t\t\t\t\t\t\t\t\t<p style=\"text-align: center;\">Infektionskrankheiten sind zentraler Bestandteil der L\u00f6wenKIDS-Studie, die den\u00a0<a href=\"https:\/\/webszh.uk-halle.de\/loewenkids\/startseite\/unsere-ziele\/\">Einfluss von Infektionen in den ersten Lebenjahren untersucht<\/a>.<\/p>\t\t\t\t\t\t\t\t<\/div>\n\t\t\t\t<div class=\"elementor-element elementor-element-51f2c77 elementor-hidden-mobile elementor-widget elementor-widget-spacer\" data-id=\"51f2c77\" data-element_type=\"widget\" data-e-type=\"widget\" data-widget_type=\"spacer.default\">\n\t\t\t\t\t\t\t<div class=\"elementor-spacer\">\n\t\t\t<div class=\"elementor-spacer-inner\"><\/div>\n\t\t<\/div>\n\t\t\t\t\t\t<\/div>\n\t\t\t\t\t<\/div>\n\t\t<\/div>\n\t\t\t\t\t<\/div>\n\t\t<\/section>\n\t\t\t\t<\/div>\n\t\t","protected":false},"excerpt":{"rendered":"<p>WAS SIND INFEKTIONSKRANKHEITEN? WAS SIND INFEKTIONS-KRANKHEITEN? Eine Infektion tritt auf, wenn ein Keim in den K\u00f6rper eindringt und sich dort vermehrt. Es gibt ganz unterschiedliche Infektionserreger; zu den bekanntesten z\u00e4hlen Viren und Bakterien. Doch nicht jeder Erreger macht automatisch krank. Entscheidend ist, wie aggressiv der Keim ist und wie gut sich unser Abwehrsystem (Immunsystem) dagegen [&hellip;]<\/p>\n","protected":false},"author":3,"featured_media":0,"parent":103,"menu_order":2,"comment_status":"closed","ping_status":"closed","template":"","meta":{"footnotes":""},"class_list":["post-259","page","type-page","status-publish","hentry"],"_links":{"self":[{"href":"https:\/\/webszh.uk-halle.de\/loewenkids\/wp-json\/wp\/v2\/pages\/259","targetHints":{"allow":["GET"]}}],"collection":[{"href":"https:\/\/webszh.uk-halle.de\/loewenkids\/wp-json\/wp\/v2\/pages"}],"about":[{"href":"https:\/\/webszh.uk-halle.de\/loewenkids\/wp-json\/wp\/v2\/types\/page"}],"author":[{"embeddable":true,"href":"https:\/\/webszh.uk-halle.de\/loewenkids\/wp-json\/wp\/v2\/users\/3"}],"replies":[{"embeddable":true,"href":"https:\/\/webszh.uk-halle.de\/loewenkids\/wp-json\/wp\/v2\/comments?post=259"}],"version-history":[{"count":50,"href":"https:\/\/webszh.uk-halle.de\/loewenkids\/wp-json\/wp\/v2\/pages\/259\/revisions"}],"predecessor-version":[{"id":3155,"href":"https:\/\/webszh.uk-halle.de\/loewenkids\/wp-json\/wp\/v2\/pages\/259\/revisions\/3155"}],"up":[{"embeddable":true,"href":"https:\/\/webszh.uk-halle.de\/loewenkids\/wp-json\/wp\/v2\/pages\/103"}],"wp:attachment":[{"href":"https:\/\/webszh.uk-halle.de\/loewenkids\/wp-json\/wp\/v2\/media?parent=259"}],"curies":[{"name":"wp","href":"https:\/\/api.w.org\/{rel}","templated":true}]}}