{"id":256,"date":"2019-07-18T14:54:41","date_gmt":"2019-07-18T12:54:41","guid":{"rendered":"http:\/\/www.uk-halle.de\/loewenkids\/?page_id=256"},"modified":"2026-02-26T13:36:28","modified_gmt":"2026-02-26T12:36:28","slug":"wer-sind-wir","status":"publish","type":"page","link":"https:\/\/webszh.uk-halle.de\/loewenkids\/startseite\/wer-sind-wir\/","title":{"rendered":"Wer sind wir?"},"content":{"rendered":"\t\t<div data-elementor-type=\"wp-page\" data-elementor-id=\"256\" class=\"elementor elementor-256\" data-elementor-post-type=\"page\">\n\t\t\t\t\t\t<section class=\"elementor-section elementor-top-section elementor-element elementor-element-50101bc elementor-section-boxed elementor-section-height-default elementor-section-height-default\" data-id=\"50101bc\" data-element_type=\"section\" data-e-type=\"section\">\n\t\t\t\t\t\t<div class=\"elementor-container elementor-column-gap-default\">\n\t\t\t\t\t<div class=\"elementor-column elementor-col-100 elementor-top-column elementor-element elementor-element-de69c6d\" data-id=\"de69c6d\" data-element_type=\"column\" data-e-type=\"column\">\n\t\t\t<div class=\"elementor-widget-wrap elementor-element-populated\">\n\t\t\t\t\t\t<div class=\"elementor-element elementor-element-b810fe6 elementor-widget elementor-widget-spacer\" data-id=\"b810fe6\" data-element_type=\"widget\" data-e-type=\"widget\" data-widget_type=\"spacer.default\">\n\t\t\t\t\t\t\t<div class=\"elementor-spacer\">\n\t\t\t<div class=\"elementor-spacer-inner\"><\/div>\n\t\t<\/div>\n\t\t\t\t\t\t<\/div>\n\t\t\t\t<div class=\"elementor-element elementor-element-9f71cbf elementor-widget elementor-widget-heading\" data-id=\"9f71cbf\" data-element_type=\"widget\" data-e-type=\"widget\" data-widget_type=\"heading.default\">\n\t\t\t\t\t<h2 class=\"elementor-heading-title elementor-size-large\">DAS STUDIENTEAM<\/h2>\t\t\t\t<\/div>\n\t\t\t\t<div class=\"elementor-element elementor-element-bc6f393 elementor-widget-divider--view-line elementor-widget elementor-widget-divider\" data-id=\"bc6f393\" data-element_type=\"widget\" data-e-type=\"widget\" data-widget_type=\"divider.default\">\n\t\t\t\t\t\t\t<div class=\"elementor-divider\">\n\t\t\t<span class=\"elementor-divider-separator\">\n\t\t\t\t\t\t<\/span>\n\t\t<\/div>\n\t\t\t\t\t\t<\/div>\n\t\t\t\t<div class=\"elementor-element elementor-element-846114f elementor-widget elementor-widget-spacer\" data-id=\"846114f\" data-element_type=\"widget\" data-e-type=\"widget\" data-widget_type=\"spacer.default\">\n\t\t\t\t\t\t\t<div class=\"elementor-spacer\">\n\t\t\t<div class=\"elementor-spacer-inner\"><\/div>\n\t\t<\/div>\n\t\t\t\t\t\t<\/div>\n\t\t\t\t<div class=\"elementor-element elementor-element-c184408 elementor-widget elementor-widget-text-editor\" data-id=\"c184408\" data-element_type=\"widget\" data-e-type=\"widget\" data-widget_type=\"text-editor.default\">\n\t\t\t\t\t\t\t\t\t<p style=\"text-align: center;\">Wir sind Mitarbeiter*innen des Instituts f\u00fcr Medizinische Epidemiologie, Biometrie und Informatik an der Martin-Luther-Universit\u00e4t Halle-Wittenberg.<\/p>\n<p style=\"text-align: center;\"><!-- \/wp:paragraph --><!-- wp:paragraph --><\/p>\n<p style=\"text-align: center;\">Als Epidemiolog*innen untersuchen wir die Verbreitung von Krankheiten in der Bev\u00f6lkerung. Au\u00dferdem wollen wir herausfinden, warum manche Menschen krank werden und andere nicht.<\/p>\t\t\t\t\t\t\t\t<\/div>\n\t\t\t\t<div class=\"elementor-element elementor-element-36df956 elementor-widget elementor-widget-spacer\" data-id=\"36df956\" data-element_type=\"widget\" data-e-type=\"widget\" data-widget_type=\"spacer.default\">\n\t\t\t\t\t\t\t<div class=\"elementor-spacer\">\n\t\t\t<div class=\"elementor-spacer-inner\"><\/div>\n\t\t<\/div>\n\t\t\t\t\t\t<\/div>\n\t\t\t\t\t<\/div>\n\t\t<\/div>\n\t\t\t\t\t<\/div>\n\t\t<\/section>\n\t\t\t\t<section class=\"elementor-section elementor-top-section elementor-element elementor-element-a71c286 elementor-section-boxed elementor-section-height-default elementor-section-height-default\" data-id=\"a71c286\" data-element_type=\"section\" data-e-type=\"section\">\n\t\t\t\t\t\t<div class=\"elementor-container elementor-column-gap-default\">\n\t\t\t\t\t<div class=\"elementor-column elementor-col-25 elementor-top-column elementor-element elementor-element-2d5c2ca\" data-id=\"2d5c2ca\" data-element_type=\"column\" data-e-type=\"column\">\n\t\t\t<div class=\"elementor-widget-wrap elementor-element-populated\">\n\t\t\t\t\t\t<div class=\"elementor-element elementor-element-3f57090 elementor-position-top elementor-widget elementor-widget-image-box\" data-id=\"3f57090\" data-element_type=\"widget\" data-e-type=\"widget\" data-widget_type=\"image-box.default\">\n\t\t\t\t\t<div class=\"elementor-image-box-wrapper\"><figure class=\"elementor-image-box-img\"><img fetchpriority=\"high\" decoding=\"async\" width=\"250\" height=\"334\" src=\"https:\/\/webszh.uk-halle.de\/loewenkids\/wp-content\/uploads\/2022\/04\/RM_250x334.png\" class=\"attachment-full size-full wp-image-1993\" alt=\"\" srcset=\"https:\/\/webszh.uk-halle.de\/loewenkids\/wp-content\/uploads\/2022\/04\/RM_250x334.png 250w, https:\/\/webszh.uk-halle.de\/loewenkids\/wp-content\/uploads\/2022\/04\/RM_250x334-225x300.png 225w\" sizes=\"(max-width: 250px) 100vw, 250px\" \/><\/figure><div class=\"elementor-image-box-content\"><h5 class=\"elementor-image-box-title\">Prof. Dr. Rafael Mikolajczyk<\/h5><p class=\"elementor-image-box-description\">Studienleiter<\/p><\/div><\/div>\t\t\t\t<\/div>\n\t\t\t\t\t<\/div>\n\t\t<\/div>\n\t\t\t\t<div class=\"elementor-column elementor-col-25 elementor-top-column elementor-element elementor-element-b7f02e8\" data-id=\"b7f02e8\" data-element_type=\"column\" data-e-type=\"column\">\n\t\t\t<div class=\"elementor-widget-wrap elementor-element-populated\">\n\t\t\t\t\t\t<div class=\"elementor-element elementor-element-08071e3 elementor-position-top elementor-widget elementor-widget-image-box\" data-id=\"08071e3\" data-element_type=\"widget\" data-e-type=\"widget\" data-widget_type=\"image-box.default\">\n\t\t\t\t\t<div class=\"elementor-image-box-wrapper\"><figure class=\"elementor-image-box-img\"><img decoding=\"async\" width=\"682\" height=\"909\" src=\"https:\/\/webszh.uk-halle.de\/loewenkids\/wp-content\/uploads\/2022\/02\/Gottschick_Cornelia_cut.png\" class=\"attachment-full size-full wp-image-1320\" alt=\"\" srcset=\"https:\/\/webszh.uk-halle.de\/loewenkids\/wp-content\/uploads\/2022\/02\/Gottschick_Cornelia_cut.png 682w, https:\/\/webszh.uk-halle.de\/loewenkids\/wp-content\/uploads\/2022\/02\/Gottschick_Cornelia_cut-225x300.png 225w\" sizes=\"(max-width: 682px) 100vw, 682px\" \/><\/figure><div class=\"elementor-image-box-content\"><h5 class=\"elementor-image-box-title\">Dr. Cornelia Gottschick<\/h5><p class=\"elementor-image-box-description\">Wissenschaftlerin, Studienkoordinatorin<\/p><\/div><\/div>\t\t\t\t<\/div>\n\t\t\t\t\t<\/div>\n\t\t<\/div>\n\t\t\t\t<div class=\"elementor-column elementor-col-25 elementor-top-column elementor-element elementor-element-b9189b7\" data-id=\"b9189b7\" data-element_type=\"column\" data-e-type=\"column\">\n\t\t\t<div class=\"elementor-widget-wrap elementor-element-populated\">\n\t\t\t\t\t\t<div class=\"elementor-element elementor-element-4f6404a elementor-position-top elementor-widget elementor-widget-image-box\" data-id=\"4f6404a\" data-element_type=\"widget\" data-e-type=\"widget\" data-widget_type=\"image-box.default\">\n\t\t\t\t\t<div class=\"elementor-image-box-wrapper\"><figure class=\"elementor-image-box-img\"><img decoding=\"async\" width=\"250\" height=\"334\" src=\"https:\/\/webszh.uk-halle.de\/loewenkids\/wp-content\/uploads\/2022\/02\/Klee_Bianca.jpg\" class=\"attachment-full size-full wp-image-1318\" alt=\"\" srcset=\"https:\/\/webszh.uk-halle.de\/loewenkids\/wp-content\/uploads\/2022\/02\/Klee_Bianca.jpg 250w, https:\/\/webszh.uk-halle.de\/loewenkids\/wp-content\/uploads\/2022\/02\/Klee_Bianca-225x300.jpg 225w\" sizes=\"(max-width: 250px) 100vw, 250px\" \/><\/figure><div class=\"elementor-image-box-content\"><h5 class=\"elementor-image-box-title\">Dr. Bianca Klee<\/h5><p class=\"elementor-image-box-description\">Wissenschaftlerin<\/p><\/div><\/div>\t\t\t\t<\/div>\n\t\t\t\t\t<\/div>\n\t\t<\/div>\n\t\t\t\t<div class=\"elementor-column elementor-col-25 elementor-top-column elementor-element elementor-element-455a816\" data-id=\"455a816\" data-element_type=\"column\" data-e-type=\"column\">\n\t\t\t<div class=\"elementor-widget-wrap elementor-element-populated\">\n\t\t\t\t\t\t<div class=\"elementor-element elementor-element-4d45d9c elementor-position-top elementor-widget elementor-widget-image-box\" data-id=\"4d45d9c\" data-element_type=\"widget\" data-e-type=\"widget\" data-widget_type=\"image-box.default\">\n\t\t\t\t\t<div class=\"elementor-image-box-wrapper\"><figure class=\"elementor-image-box-img\"><img loading=\"lazy\" decoding=\"async\" width=\"712\" height=\"950\" src=\"https:\/\/webszh.uk-halle.de\/loewenkids\/wp-content\/uploads\/2023\/04\/No_portrait-3.png\" class=\"attachment-full size-full wp-image-2441\" alt=\"\" srcset=\"https:\/\/webszh.uk-halle.de\/loewenkids\/wp-content\/uploads\/2023\/04\/No_portrait-3.png 712w, https:\/\/webszh.uk-halle.de\/loewenkids\/wp-content\/uploads\/2023\/04\/No_portrait-3-225x300.png 225w\" sizes=\"(max-width: 712px) 100vw, 712px\" \/><\/figure><div class=\"elementor-image-box-content\"><h5 class=\"elementor-image-box-title\"><h5 data-elementor-setting-key=\"title_text\" data-elementor-inline-editing-toolbar=\"none\" data-pen-placeholder=\"Eingabe hier...\" style=\"font-family: Roboto, sans-serif;font-weight: 600\">Soline Lacroix<span style=\"font-size: 1.25rem\"><\/span><\/h5><\/h5><p class=\"elementor-image-box-description\">Wissenschaftlerin, Doktorandin<\/p><\/div><\/div>\t\t\t\t<\/div>\n\t\t\t\t\t<\/div>\n\t\t<\/div>\n\t\t\t\t\t<\/div>\n\t\t<\/section>\n\t\t\t\t<section class=\"elementor-section elementor-top-section elementor-element elementor-element-2a5a9d7 elementor-section-boxed elementor-section-height-default elementor-section-height-default\" data-id=\"2a5a9d7\" data-element_type=\"section\" data-e-type=\"section\">\n\t\t\t\t\t\t<div class=\"elementor-container elementor-column-gap-default\">\n\t\t\t\t\t<div class=\"elementor-column elementor-col-25 elementor-top-column elementor-element elementor-element-f4c339f\" data-id=\"f4c339f\" data-element_type=\"column\" data-e-type=\"column\">\n\t\t\t<div class=\"elementor-widget-wrap elementor-element-populated\">\n\t\t\t\t\t\t<div class=\"elementor-element elementor-element-fd6ab36 elementor-position-top elementor-widget elementor-widget-image-box\" data-id=\"fd6ab36\" data-element_type=\"widget\" data-e-type=\"widget\" data-widget_type=\"image-box.default\">\n\t\t\t\t\t<div class=\"elementor-image-box-wrapper\"><figure class=\"elementor-image-box-img\"><img loading=\"lazy\" decoding=\"async\" width=\"712\" height=\"950\" src=\"https:\/\/webszh.uk-halle.de\/loewenkids\/wp-content\/uploads\/2023\/04\/No_portrait-3.png\" class=\"attachment-full size-full wp-image-2441\" alt=\"\" srcset=\"https:\/\/webszh.uk-halle.de\/loewenkids\/wp-content\/uploads\/2023\/04\/No_portrait-3.png 712w, https:\/\/webszh.uk-halle.de\/loewenkids\/wp-content\/uploads\/2023\/04\/No_portrait-3-225x300.png 225w\" sizes=\"(max-width: 712px) 100vw, 712px\" \/><\/figure><div class=\"elementor-image-box-content\"><h5 class=\"elementor-image-box-title\">Carla Hartmann<\/h5><p class=\"elementor-image-box-description\">Projektmanagement<\/p><\/div><\/div>\t\t\t\t<\/div>\n\t\t\t\t\t<\/div>\n\t\t<\/div>\n\t\t\t\t<div class=\"elementor-column elementor-col-25 elementor-top-column elementor-element elementor-element-0b49e7e\" data-id=\"0b49e7e\" data-element_type=\"column\" data-e-type=\"column\">\n\t\t\t<div class=\"elementor-widget-wrap elementor-element-populated\">\n\t\t\t\t\t\t<div class=\"elementor-element elementor-element-d5cd847 elementor-position-top elementor-widget elementor-widget-image-box\" data-id=\"d5cd847\" data-element_type=\"widget\" data-e-type=\"widget\" data-widget_type=\"image-box.default\">\n\t\t\t\t\t<div class=\"elementor-image-box-wrapper\"><figure class=\"elementor-image-box-img\"><img loading=\"lazy\" decoding=\"async\" width=\"712\" height=\"950\" src=\"https:\/\/webszh.uk-halle.de\/loewenkids\/wp-content\/uploads\/2023\/04\/No_portrait-3.png\" class=\"attachment-full size-full wp-image-2441\" alt=\"\" srcset=\"https:\/\/webszh.uk-halle.de\/loewenkids\/wp-content\/uploads\/2023\/04\/No_portrait-3.png 712w, https:\/\/webszh.uk-halle.de\/loewenkids\/wp-content\/uploads\/2023\/04\/No_portrait-3-225x300.png 225w\" sizes=\"(max-width: 712px) 100vw, 712px\" \/><\/figure><div class=\"elementor-image-box-content\"><h5 class=\"elementor-image-box-title\">Mareike Kunze<\/h5><p class=\"elementor-image-box-description\">Studiensekret\u00e4rin<\/p><\/div><\/div>\t\t\t\t<\/div>\n\t\t\t\t\t<\/div>\n\t\t<\/div>\n\t\t\t\t<div class=\"elementor-column elementor-col-25 elementor-top-column elementor-element elementor-element-3b17576\" data-id=\"3b17576\" data-element_type=\"column\" data-e-type=\"column\">\n\t\t\t<div class=\"elementor-widget-wrap elementor-element-populated\">\n\t\t\t\t\t\t<div class=\"elementor-element elementor-element-9f6cc67 elementor-position-top elementor-widget elementor-widget-image-box\" data-id=\"9f6cc67\" data-element_type=\"widget\" data-e-type=\"widget\" data-widget_type=\"image-box.default\">\n\t\t\t\t\t<div class=\"elementor-image-box-wrapper\"><figure class=\"elementor-image-box-img\"><img loading=\"lazy\" decoding=\"async\" width=\"712\" height=\"950\" src=\"https:\/\/webszh.uk-halle.de\/loewenkids\/wp-content\/uploads\/2023\/04\/No_portrait-3.png\" class=\"attachment-full size-full wp-image-2441\" alt=\"\" srcset=\"https:\/\/webszh.uk-halle.de\/loewenkids\/wp-content\/uploads\/2023\/04\/No_portrait-3.png 712w, https:\/\/webszh.uk-halle.de\/loewenkids\/wp-content\/uploads\/2023\/04\/No_portrait-3-225x300.png 225w\" sizes=\"(max-width: 712px) 100vw, 712px\" \/><\/figure><div class=\"elementor-image-box-content\"><h5 class=\"elementor-image-box-title\">Nadine Pietsch<\/h5><p class=\"elementor-image-box-description\">Studienassistenz<\/p><\/div><\/div>\t\t\t\t<\/div>\n\t\t\t\t\t<\/div>\n\t\t<\/div>\n\t\t\t\t<div class=\"elementor-column elementor-col-25 elementor-top-column elementor-element elementor-element-6055ef8\" data-id=\"6055ef8\" data-element_type=\"column\" data-e-type=\"column\">\n\t\t\t<div class=\"elementor-widget-wrap\">\n\t\t\t\t\t\t\t<\/div>\n\t\t<\/div>\n\t\t\t\t\t<\/div>\n\t\t<\/section>\n\t\t\t\t<section class=\"elementor-section elementor-top-section elementor-element elementor-element-8e063e6 elementor-section-boxed elementor-section-height-default elementor-section-height-default\" data-id=\"8e063e6\" data-element_type=\"section\" data-e-type=\"section\">\n\t\t\t\t\t\t<div class=\"elementor-container elementor-column-gap-default\">\n\t\t\t\t\t<div class=\"elementor-column elementor-col-100 elementor-top-column elementor-element elementor-element-aa09db0\" data-id=\"aa09db0\" data-element_type=\"column\" data-e-type=\"column\">\n\t\t\t<div class=\"elementor-widget-wrap elementor-element-populated\">\n\t\t\t\t\t\t<div class=\"elementor-element elementor-element-d4c6a3e elementor-widget elementor-widget-spacer\" data-id=\"d4c6a3e\" data-element_type=\"widget\" data-e-type=\"widget\" data-widget_type=\"spacer.default\">\n\t\t\t\t\t\t\t<div class=\"elementor-spacer\">\n\t\t\t<div class=\"elementor-spacer-inner\"><\/div>\n\t\t<\/div>\n\t\t\t\t\t\t<\/div>\n\t\t\t\t\t<\/div>\n\t\t<\/div>\n\t\t\t\t\t<\/div>\n\t\t<\/section>\n\t\t\t\t<\/div>\n\t\t","protected":false},"excerpt":{"rendered":"<p>DAS STUDIENTEAM Wir sind Mitarbeiter*innen des Instituts f\u00fcr Medizinische Epidemiologie, Biometrie und Informatik an der Martin-Luther-Universit\u00e4t Halle-Wittenberg. Als Epidemiolog*innen untersuchen wir die Verbreitung von Krankheiten in der Bev\u00f6lkerung. Au\u00dferdem wollen wir herausfinden, warum manche Menschen krank werden und andere nicht. Prof. Dr. Rafael Mikolajczyk Studienleiter Dr. Cornelia Gottschick Wissenschaftlerin, Studienkoordinatorin Dr. Bianca Klee Wissenschaftlerin Soline [&hellip;]<\/p>\n","protected":false},"author":3,"featured_media":0,"parent":103,"menu_order":1,"comment_status":"closed","ping_status":"closed","template":"","meta":{"footnotes":""},"class_list":["post-256","page","type-page","status-publish","hentry"],"_links":{"self":[{"href":"https:\/\/webszh.uk-halle.de\/loewenkids\/wp-json\/wp\/v2\/pages\/256","targetHints":{"allow":["GET"]}}],"collection":[{"href":"https:\/\/webszh.uk-halle.de\/loewenkids\/wp-json\/wp\/v2\/pages"}],"about":[{"href":"https:\/\/webszh.uk-halle.de\/loewenkids\/wp-json\/wp\/v2\/types\/page"}],"author":[{"embeddable":true,"href":"https:\/\/webszh.uk-halle.de\/loewenkids\/wp-json\/wp\/v2\/users\/3"}],"replies":[{"embeddable":true,"href":"https:\/\/webszh.uk-halle.de\/loewenkids\/wp-json\/wp\/v2\/comments?post=256"}],"version-history":[{"count":95,"href":"https:\/\/webszh.uk-halle.de\/loewenkids\/wp-json\/wp\/v2\/pages\/256\/revisions"}],"predecessor-version":[{"id":3872,"href":"https:\/\/webszh.uk-halle.de\/loewenkids\/wp-json\/wp\/v2\/pages\/256\/revisions\/3872"}],"up":[{"embeddable":true,"href":"https:\/\/webszh.uk-halle.de\/loewenkids\/wp-json\/wp\/v2\/pages\/103"}],"wp:attachment":[{"href":"https:\/\/webszh.uk-halle.de\/loewenkids\/wp-json\/wp\/v2\/media?parent=256"}],"curies":[{"name":"wp","href":"https:\/\/api.w.org\/{rel}","templated":true}]}}