{"id":19,"date":"2018-01-15T11:54:50","date_gmt":"2018-01-15T10:54:50","guid":{"rendered":"http:\/\/web.uk-halle.de\/loewenkids\/?page_id=19"},"modified":"2025-06-04T16:16:37","modified_gmt":"2025-06-04T14:16:37","slug":"kooperationspartner-finanzierung","status":"publish","type":"page","link":"https:\/\/webszh.uk-halle.de\/loewenkids\/kooperationspartner-finanzierung\/","title":{"rendered":"Kooperationspartner\/Finanzierung"},"content":{"rendered":"\t\t<div data-elementor-type=\"wp-page\" data-elementor-id=\"19\" class=\"elementor elementor-19\" data-elementor-post-type=\"page\">\n\t\t\t\t\t\t<section class=\"elementor-section elementor-top-section elementor-element elementor-element-9d6498a elementor-section-boxed elementor-section-height-default elementor-section-height-default\" data-id=\"9d6498a\" data-element_type=\"section\" data-e-type=\"section\">\n\t\t\t\t\t\t<div class=\"elementor-container elementor-column-gap-default\">\n\t\t\t\t\t<div class=\"elementor-column elementor-col-100 elementor-top-column elementor-element elementor-element-4c8466d\" data-id=\"4c8466d\" data-element_type=\"column\" data-e-type=\"column\">\n\t\t\t<div class=\"elementor-widget-wrap elementor-element-populated\">\n\t\t\t\t\t\t<div class=\"elementor-element elementor-element-110d134 elementor-widget elementor-widget-spacer\" data-id=\"110d134\" data-element_type=\"widget\" data-e-type=\"widget\" data-widget_type=\"spacer.default\">\n\t\t\t\t\t\t\t<div class=\"elementor-spacer\">\n\t\t\t<div class=\"elementor-spacer-inner\"><\/div>\n\t\t<\/div>\n\t\t\t\t\t\t<\/div>\n\t\t\t\t<div class=\"elementor-element elementor-element-fe7b965 elementor-widget elementor-widget-heading\" data-id=\"fe7b965\" data-element_type=\"widget\" data-e-type=\"widget\" data-widget_type=\"heading.default\">\n\t\t\t\t\t<h2 class=\"elementor-heading-title elementor-size-large\">KOOPERATIONSPARTNER &amp; FINANZIERUNG<\/h2>\t\t\t\t<\/div>\n\t\t\t\t<div class=\"elementor-element elementor-element-faab4cf elementor-widget-divider--view-line elementor-widget elementor-widget-divider\" data-id=\"faab4cf\" data-element_type=\"widget\" data-e-type=\"widget\" data-widget_type=\"divider.default\">\n\t\t\t\t\t\t\t<div class=\"elementor-divider\">\n\t\t\t<span class=\"elementor-divider-separator\">\n\t\t\t\t\t\t<\/span>\n\t\t<\/div>\n\t\t\t\t\t\t<\/div>\n\t\t\t\t<div class=\"elementor-element elementor-element-ccca79a elementor-widget elementor-widget-spacer\" data-id=\"ccca79a\" data-element_type=\"widget\" data-e-type=\"widget\" data-widget_type=\"spacer.default\">\n\t\t\t\t\t\t\t<div class=\"elementor-spacer\">\n\t\t\t<div class=\"elementor-spacer-inner\"><\/div>\n\t\t<\/div>\n\t\t\t\t\t\t<\/div>\n\t\t\t\t<div class=\"elementor-element elementor-element-595dd0d elementor-widget elementor-widget-text-editor\" data-id=\"595dd0d\" data-element_type=\"widget\" data-e-type=\"widget\" data-widget_type=\"text-editor.default\">\n\t\t\t\t\t\t\t\t\t<p>Diese Studie wird ausschlie\u00dflich aus \u00f6ffentlichen Geldern finanziert. Die Mittel werden von der Martin-Luther-Universit\u00e4t Halle-Wittenberg, dem Helmholtz-Zentrum f\u00fcr Infektionsforschung Braunschweig und der Ludwig-Maximilians-Universit\u00e4t M\u00fcnchen beigesteuert.<\/p>\n<p>Im Folgenden sehen Sie eine \u00dcbersicht der Kooperationspartner, die bei der L\u00f6wenKIDS-Studie mitwirken:<\/p>\t\t\t\t\t\t\t\t<\/div>\n\t\t\t\t<div class=\"elementor-element elementor-element-71e62fa elementor-widget elementor-widget-spacer\" data-id=\"71e62fa\" data-element_type=\"widget\" data-e-type=\"widget\" data-widget_type=\"spacer.default\">\n\t\t\t\t\t\t\t<div class=\"elementor-spacer\">\n\t\t\t<div class=\"elementor-spacer-inner\"><\/div>\n\t\t<\/div>\n\t\t\t\t\t\t<\/div>\n\t\t<div class=\"elementor-element elementor-element-736bc51 e-grid e-con-boxed e-con e-parent\" data-id=\"736bc51\" data-element_type=\"container\" data-e-type=\"container\">\n\t\t\t\t\t<div class=\"e-con-inner\">\n\t\t\t\t<div class=\"elementor-element elementor-element-090d921 elementor-widget elementor-widget-image\" data-id=\"090d921\" data-element_type=\"widget\" data-e-type=\"widget\" data-widget_type=\"image.default\">\n\t\t\t\t\t\t\t\t\t\t\t\t\t\t\t\t<a href=\"https:\/\/www.helmholtz-hzi.de\/\">\n\t\t\t\t\t\t\t<img fetchpriority=\"high\" decoding=\"async\" width=\"300\" height=\"180\" src=\"https:\/\/webszh.uk-halle.de\/loewenkids\/wp-content\/uploads\/2025\/06\/HZI-300x180.jpeg\" class=\"attachment-medium size-medium wp-image-3228\" alt=\"\" srcset=\"https:\/\/webszh.uk-halle.de\/loewenkids\/wp-content\/uploads\/2025\/06\/HZI-300x180.jpeg 300w, https:\/\/webszh.uk-halle.de\/loewenkids\/wp-content\/uploads\/2025\/06\/HZI.jpeg 386w\" sizes=\"(max-width: 300px) 100vw, 300px\" \/>\t\t\t\t\t\t\t\t<\/a>\n\t\t\t\t\t\t\t\t\t\t\t\t\t\t\t<\/div>\n\t\t\t\t<div class=\"elementor-element elementor-element-b7eb31b elementor-widget elementor-widget-image\" data-id=\"b7eb31b\" data-element_type=\"widget\" data-e-type=\"widget\" data-widget_type=\"image.default\">\n\t\t\t\t\t\t\t\t\t\t\t\t\t\t\t\t<a href=\"https:\/\/www.lmu.de\/de\/index.html\">\n\t\t\t\t\t\t\t<img decoding=\"async\" width=\"300\" height=\"149\" src=\"https:\/\/webszh.uk-halle.de\/loewenkids\/wp-content\/uploads\/2025\/06\/LMU2-300x149.jpg\" class=\"attachment-medium size-medium wp-image-3239\" alt=\"\" srcset=\"https:\/\/webszh.uk-halle.de\/loewenkids\/wp-content\/uploads\/2025\/06\/LMU2-300x149.jpg 300w, https:\/\/webszh.uk-halle.de\/loewenkids\/wp-content\/uploads\/2025\/06\/LMU2-768x382.jpg 768w, https:\/\/webszh.uk-halle.de\/loewenkids\/wp-content\/uploads\/2025\/06\/LMU2.jpg 917w\" sizes=\"(max-width: 300px) 100vw, 300px\" \/>\t\t\t\t\t\t\t\t<\/a>\n\t\t\t\t\t\t\t\t\t\t\t\t\t\t\t<\/div>\n\t\t\t\t<div class=\"elementor-element elementor-element-79fd0e4 elementor-widget elementor-widget-image\" data-id=\"79fd0e4\" data-element_type=\"widget\" data-e-type=\"widget\" data-widget_type=\"image.default\">\n\t\t\t\t\t\t\t\t\t\t\t\t\t\t\t\t<a href=\"https:\/\/www.mhh.de\/\">\n\t\t\t\t\t\t\t<img decoding=\"async\" width=\"274\" height=\"109\" src=\"https:\/\/webszh.uk-halle.de\/loewenkids\/wp-content\/uploads\/2025\/06\/MHH.jpg\" class=\"attachment-medium size-medium wp-image-3235\" alt=\"\" \/>\t\t\t\t\t\t\t\t<\/a>\n\t\t\t\t\t\t\t\t\t\t\t\t\t\t\t<\/div>\n\t\t\t\t<div class=\"elementor-element elementor-element-5b5af57 elementor-widget elementor-widget-image\" data-id=\"5b5af57\" data-element_type=\"widget\" data-e-type=\"widget\" data-widget_type=\"image.default\">\n\t\t\t\t\t\t\t\t\t\t\t\t\t\t\t\t<a href=\"https:\/\/klinikum-braunschweig.de\/\">\n\t\t\t\t\t\t\t<img loading=\"lazy\" decoding=\"async\" width=\"300\" height=\"146\" src=\"https:\/\/webszh.uk-halle.de\/loewenkids\/wp-content\/uploads\/2025\/06\/Klinikum-Braunschweig-300x146.png\" class=\"attachment-medium size-medium wp-image-3229\" alt=\"\" srcset=\"https:\/\/webszh.uk-halle.de\/loewenkids\/wp-content\/uploads\/2025\/06\/Klinikum-Braunschweig-300x146.png 300w, https:\/\/webszh.uk-halle.de\/loewenkids\/wp-content\/uploads\/2025\/06\/Klinikum-Braunschweig-1024x497.png 1024w, https:\/\/webszh.uk-halle.de\/loewenkids\/wp-content\/uploads\/2025\/06\/Klinikum-Braunschweig-768x373.png 768w, https:\/\/webszh.uk-halle.de\/loewenkids\/wp-content\/uploads\/2025\/06\/Klinikum-Braunschweig-1536x746.png 1536w, https:\/\/webszh.uk-halle.de\/loewenkids\/wp-content\/uploads\/2025\/06\/Klinikum-Braunschweig.png 1912w\" sizes=\"(max-width: 300px) 100vw, 300px\" \/>\t\t\t\t\t\t\t\t<\/a>\n\t\t\t\t\t\t\t\t\t\t\t\t\t\t\t<\/div>\n\t\t\t\t<div class=\"elementor-element elementor-element-a2d9574 elementor-widget elementor-widget-image\" data-id=\"a2d9574\" data-element_type=\"widget\" data-e-type=\"widget\" data-widget_type=\"image.default\">\n\t\t\t\t\t\t\t\t\t\t\t\t\t\t\t\t<a href=\"https:\/\/fz-borstel.de\/de\/\">\n\t\t\t\t\t\t\t<img loading=\"lazy\" decoding=\"async\" width=\"300\" height=\"146\" src=\"https:\/\/webszh.uk-halle.de\/loewenkids\/wp-content\/uploads\/2025\/06\/Forschungszentrum-Borstel-300x146.png\" class=\"attachment-medium size-medium wp-image-3225\" alt=\"\" srcset=\"https:\/\/webszh.uk-halle.de\/loewenkids\/wp-content\/uploads\/2025\/06\/Forschungszentrum-Borstel-300x146.png 300w, https:\/\/webszh.uk-halle.de\/loewenkids\/wp-content\/uploads\/2025\/06\/Forschungszentrum-Borstel-1024x497.png 1024w, https:\/\/webszh.uk-halle.de\/loewenkids\/wp-content\/uploads\/2025\/06\/Forschungszentrum-Borstel-768x373.png 768w, https:\/\/webszh.uk-halle.de\/loewenkids\/wp-content\/uploads\/2025\/06\/Forschungszentrum-Borstel-1536x746.png 1536w, https:\/\/webszh.uk-halle.de\/loewenkids\/wp-content\/uploads\/2025\/06\/Forschungszentrum-Borstel.png 1912w\" sizes=\"(max-width: 300px) 100vw, 300px\" \/>\t\t\t\t\t\t\t\t<\/a>\n\t\t\t\t\t\t\t\t\t\t\t\t\t\t\t<\/div>\n\t\t\t\t<div class=\"elementor-element elementor-element-7ad9204 elementor-widget elementor-widget-image\" data-id=\"7ad9204\" data-element_type=\"widget\" data-e-type=\"widget\" data-widget_type=\"image.default\">\n\t\t\t\t\t\t\t\t\t\t\t\t\t\t\t\t<a href=\"https:\/\/www.uniklinikum-jena.de\/\">\n\t\t\t\t\t\t\t<img loading=\"lazy\" decoding=\"async\" width=\"192\" height=\"95\" src=\"https:\/\/webszh.uk-halle.de\/loewenkids\/wp-content\/uploads\/2025\/06\/Uniklinik-Jena.png\" class=\"attachment-medium size-medium wp-image-3238\" alt=\"\" \/>\t\t\t\t\t\t\t\t<\/a>\n\t\t\t\t\t\t\t\t\t\t\t\t\t\t\t<\/div>\n\t\t\t\t\t<\/div>\n\t\t\t\t<\/div>\n\t\t\t\t<div class=\"elementor-element elementor-element-bde6211 elementor-widget elementor-widget-spacer\" data-id=\"bde6211\" data-element_type=\"widget\" data-e-type=\"widget\" data-widget_type=\"spacer.default\">\n\t\t\t\t\t\t\t<div class=\"elementor-spacer\">\n\t\t\t<div class=\"elementor-spacer-inner\"><\/div>\n\t\t<\/div>\n\t\t\t\t\t\t<\/div>\n\t\t\t\t<div class=\"elementor-element elementor-element-e76b8a3 elementor-widget__width-initial e-transform elementor-widget elementor-widget-text-editor\" data-id=\"e76b8a3\" data-element_type=\"widget\" data-e-type=\"widget\" data-settings=\"{&quot;_transform_translateX_effect&quot;:{&quot;unit&quot;:&quot;px&quot;,&quot;size&quot;:&quot;&quot;,&quot;sizes&quot;:[]},&quot;_transform_translateX_effect_tablet&quot;:{&quot;unit&quot;:&quot;px&quot;,&quot;size&quot;:&quot;&quot;,&quot;sizes&quot;:[]},&quot;_transform_translateX_effect_mobile&quot;:{&quot;unit&quot;:&quot;px&quot;,&quot;size&quot;:&quot;&quot;,&quot;sizes&quot;:[]},&quot;_transform_translateY_effect&quot;:{&quot;unit&quot;:&quot;px&quot;,&quot;size&quot;:&quot;&quot;,&quot;sizes&quot;:[]},&quot;_transform_translateY_effect_tablet&quot;:{&quot;unit&quot;:&quot;px&quot;,&quot;size&quot;:&quot;&quot;,&quot;sizes&quot;:[]},&quot;_transform_translateY_effect_mobile&quot;:{&quot;unit&quot;:&quot;px&quot;,&quot;size&quot;:&quot;&quot;,&quot;sizes&quot;:[]}}\" data-widget_type=\"text-editor.default\">\n\t\t\t\t\t\t\t\t\t<p>Au\u00dferdem gibt es im Rahmen der L\u00f6wenKIDS-Studie zus\u00e4tzliche Kooperationen mit:<\/p>\n<p><!-- \/wp:paragraph --><!-- wp:list --><\/p>\n<ul>\n<li>Gesundheits\u00e4mtern<\/li>\n<li><a href=\"https:\/\/www.helmholtz-hzi.de\/de\/forschung\/forschungsschwerpunkte\/bakterielle_und_virale_krankheitserreger\/mikrobielle_interaktionen_und_prozesse\/dietmar_pieper\/\">Forschungsgruppe Mikrobielle Interaktionen und Prozesse, Helmholtz-Zentrum f\u00fcr Infektionsforschung, Braunschweig<\/a><\/li>\n<li><a href=\"https:\/\/www.helmholtz-hzi.de\/de\/nc\/forschung\/forschungsschwerpunkte\/immunantwort-und-interventionen\/vakzinologie-und-angewandte-mikrobiologie\/team\/\">Abteilung Vakzinologie, Helmholtz-Zentrum f\u00fcr Infektionsforschung, Braunschweig<\/a><\/li>\n<li><a href=\"https:\/\/www.uniklinikum-jena.de\/mibi\/\">Institut f\u00fcr Medizinische Mikrobiologie, Friedrich-Schiller-Universit\u00e4t Jena<\/a><\/li>\n<\/ul>\n<p>\u00a0<\/p>\t\t\t\t\t\t\t\t<\/div>\n\t\t\t\t<div class=\"elementor-element elementor-element-5f2e787 elementor-widget elementor-widget-spacer\" data-id=\"5f2e787\" data-element_type=\"widget\" data-e-type=\"widget\" data-widget_type=\"spacer.default\">\n\t\t\t\t\t\t\t<div class=\"elementor-spacer\">\n\t\t\t<div class=\"elementor-spacer-inner\"><\/div>\n\t\t<\/div>\n\t\t\t\t\t\t<\/div>\n\t\t\t\t<div class=\"elementor-element elementor-element-b09bdb8 elementor-widget__width-initial elementor-widget elementor-widget-text-editor\" data-id=\"b09bdb8\" data-element_type=\"widget\" data-e-type=\"widget\" data-widget_type=\"text-editor.default\">\n\t\t\t\t\t\t\t\t\t<p>Ehemalige Kooperationspartner:<\/p>\t\t\t\t\t\t\t\t<\/div>\n\t\t<div class=\"elementor-element elementor-element-b9fa1cc e-grid e-con-boxed e-con e-parent\" data-id=\"b9fa1cc\" data-element_type=\"container\" data-e-type=\"container\">\n\t\t\t\t\t<div class=\"e-con-inner\">\n\t\t\t\t<div class=\"elementor-element elementor-element-d09f99f elementor-widget elementor-widget-image\" data-id=\"d09f99f\" data-element_type=\"widget\" data-e-type=\"widget\" data-widget_type=\"image.default\">\n\t\t\t\t\t\t\t\t\t\t\t\t\t\t\t<img loading=\"lazy\" decoding=\"async\" width=\"300\" height=\"88\" src=\"https:\/\/webszh.uk-halle.de\/loewenkids\/wp-content\/uploads\/2025\/06\/Promise-300x88.png\" class=\"attachment-medium size-medium wp-image-3236\" alt=\"\" srcset=\"https:\/\/webszh.uk-halle.de\/loewenkids\/wp-content\/uploads\/2025\/06\/Promise-300x88.png 300w, https:\/\/webszh.uk-halle.de\/loewenkids\/wp-content\/uploads\/2025\/06\/Promise-1024x302.png 1024w, https:\/\/webszh.uk-halle.de\/loewenkids\/wp-content\/uploads\/2025\/06\/Promise-768x227.png 768w, https:\/\/webszh.uk-halle.de\/loewenkids\/wp-content\/uploads\/2025\/06\/Promise.png 1356w\" sizes=\"(max-width: 300px) 100vw, 300px\" \/>\t\t\t\t\t\t\t\t\t\t\t\t\t\t\t<\/div>\n\t\t\t\t<div class=\"elementor-element elementor-element-8b412ce elementor-widget elementor-widget-image\" data-id=\"8b412ce\" data-element_type=\"widget\" data-e-type=\"widget\" data-widget_type=\"image.default\">\n\t\t\t\t\t\t\t\t\t\t\t\t\t\t\t<img loading=\"lazy\" decoding=\"async\" width=\"300\" height=\"141\" src=\"https:\/\/webszh.uk-halle.de\/loewenkids\/wp-content\/uploads\/2025\/06\/Marienstift2-300x141.jpeg\" class=\"attachment-medium size-medium wp-image-3240\" alt=\"\" srcset=\"https:\/\/webszh.uk-halle.de\/loewenkids\/wp-content\/uploads\/2025\/06\/Marienstift2-300x141.jpeg 300w, https:\/\/webszh.uk-halle.de\/loewenkids\/wp-content\/uploads\/2025\/06\/Marienstift2-768x362.jpeg 768w, https:\/\/webszh.uk-halle.de\/loewenkids\/wp-content\/uploads\/2025\/06\/Marienstift2.jpeg 777w\" sizes=\"(max-width: 300px) 100vw, 300px\" \/>\t\t\t\t\t\t\t\t\t\t\t\t\t\t\t<\/div>\n\t\t\t\t<div class=\"elementor-element elementor-element-b1c8dd1 elementor-widget elementor-widget-image\" data-id=\"b1c8dd1\" data-element_type=\"widget\" data-e-type=\"widget\" data-widget_type=\"image.default\">\n\t\t\t\t\t\t\t\t\t\t\t\t\t\t\t<img loading=\"lazy\" decoding=\"async\" width=\"300\" height=\"97\" src=\"https:\/\/webszh.uk-halle.de\/loewenkids\/wp-content\/uploads\/2025\/06\/Friederikenstift-300x97.png\" class=\"attachment-medium size-medium wp-image-3226\" alt=\"\" srcset=\"https:\/\/webszh.uk-halle.de\/loewenkids\/wp-content\/uploads\/2025\/06\/Friederikenstift-300x97.png 300w, https:\/\/webszh.uk-halle.de\/loewenkids\/wp-content\/uploads\/2025\/06\/Friederikenstift.png 534w\" sizes=\"(max-width: 300px) 100vw, 300px\" \/>\t\t\t\t\t\t\t\t\t\t\t\t\t\t\t<\/div>\n\t\t\t\t<div class=\"elementor-element elementor-element-487ea20 elementor-widget elementor-widget-image\" data-id=\"487ea20\" data-element_type=\"widget\" data-e-type=\"widget\" data-widget_type=\"image.default\">\n\t\t\t\t\t\t\t\t\t\t\t\t\t\t\t<img loading=\"lazy\" decoding=\"async\" width=\"300\" height=\"122\" src=\"https:\/\/webszh.uk-halle.de\/loewenkids\/wp-content\/uploads\/2025\/06\/Henriettenstift-300x122.jpeg\" class=\"attachment-medium size-medium wp-image-3227\" alt=\"\" srcset=\"https:\/\/webszh.uk-halle.de\/loewenkids\/wp-content\/uploads\/2025\/06\/Henriettenstift-300x122.jpeg 300w, https:\/\/webszh.uk-halle.de\/loewenkids\/wp-content\/uploads\/2025\/06\/Henriettenstift-1024x417.jpeg 1024w, https:\/\/webszh.uk-halle.de\/loewenkids\/wp-content\/uploads\/2025\/06\/Henriettenstift-768x313.jpeg 768w, https:\/\/webszh.uk-halle.de\/loewenkids\/wp-content\/uploads\/2025\/06\/Henriettenstift.jpeg 1082w\" sizes=\"(max-width: 300px) 100vw, 300px\" \/>\t\t\t\t\t\t\t\t\t\t\t\t\t\t\t<\/div>\n\t\t\t\t<div class=\"elementor-element elementor-element-5dcf320 elementor-widget elementor-widget-image\" data-id=\"5dcf320\" data-element_type=\"widget\" data-e-type=\"widget\" data-widget_type=\"image.default\">\n\t\t\t\t\t\t\t\t\t\t\t\t\t\t\t<img loading=\"lazy\" decoding=\"async\" width=\"300\" height=\"146\" src=\"https:\/\/webszh.uk-halle.de\/loewenkids\/wp-content\/uploads\/2025\/06\/Klinikum-Wolfenbuettel-300x146.png\" class=\"attachment-medium size-medium wp-image-3230\" alt=\"\" srcset=\"https:\/\/webszh.uk-halle.de\/loewenkids\/wp-content\/uploads\/2025\/06\/Klinikum-Wolfenbuettel-300x146.png 300w, https:\/\/webszh.uk-halle.de\/loewenkids\/wp-content\/uploads\/2025\/06\/Klinikum-Wolfenbuettel-1024x497.png 1024w, https:\/\/webszh.uk-halle.de\/loewenkids\/wp-content\/uploads\/2025\/06\/Klinikum-Wolfenbuettel-768x373.png 768w, https:\/\/webszh.uk-halle.de\/loewenkids\/wp-content\/uploads\/2025\/06\/Klinikum-Wolfenbuettel-1536x746.png 1536w, https:\/\/webszh.uk-halle.de\/loewenkids\/wp-content\/uploads\/2025\/06\/Klinikum-Wolfenbuettel.png 1912w\" sizes=\"(max-width: 300px) 100vw, 300px\" \/>\t\t\t\t\t\t\t\t\t\t\t\t\t\t\t<\/div>\n\t\t\t\t<div class=\"elementor-element elementor-element-74afede elementor-widget elementor-widget-image\" data-id=\"74afede\" data-element_type=\"widget\" data-e-type=\"widget\" data-widget_type=\"image.default\">\n\t\t\t\t\t\t\t\t\t\t\t\t\t\t\t<img loading=\"lazy\" decoding=\"async\" width=\"300\" height=\"145\" src=\"https:\/\/webszh.uk-halle.de\/loewenkids\/wp-content\/uploads\/2025\/06\/Klinikum-Wolfsburg-300x145.png\" class=\"attachment-medium size-medium wp-image-3231\" alt=\"\" srcset=\"https:\/\/webszh.uk-halle.de\/loewenkids\/wp-content\/uploads\/2025\/06\/Klinikum-Wolfsburg-300x145.png 300w, https:\/\/webszh.uk-halle.de\/loewenkids\/wp-content\/uploads\/2025\/06\/Klinikum-Wolfsburg.png 680w\" sizes=\"(max-width: 300px) 100vw, 300px\" \/>\t\t\t\t\t\t\t\t\t\t\t\t\t\t\t<\/div>\n\t\t\t\t<div class=\"elementor-element elementor-element-fd55f02 elementor-widget elementor-widget-image\" data-id=\"fd55f02\" data-element_type=\"widget\" data-e-type=\"widget\" data-widget_type=\"image.default\">\n\t\t\t\t\t\t\t\t\t\t\t\t\t\t\t<img loading=\"lazy\" decoding=\"async\" width=\"800\" height=\"186\" src=\"https:\/\/webszh.uk-halle.de\/loewenkids\/wp-content\/uploads\/2025\/06\/Bremen-Mitte-1024x238.png\" class=\"attachment-large size-large wp-image-3223\" alt=\"\" srcset=\"https:\/\/webszh.uk-halle.de\/loewenkids\/wp-content\/uploads\/2025\/06\/Bremen-Mitte-1024x238.png 1024w, https:\/\/webszh.uk-halle.de\/loewenkids\/wp-content\/uploads\/2025\/06\/Bremen-Mitte-300x70.png 300w, https:\/\/webszh.uk-halle.de\/loewenkids\/wp-content\/uploads\/2025\/06\/Bremen-Mitte-768x179.png 768w, https:\/\/webszh.uk-halle.de\/loewenkids\/wp-content\/uploads\/2025\/06\/Bremen-Mitte-1536x358.png 1536w, https:\/\/webszh.uk-halle.de\/loewenkids\/wp-content\/uploads\/2025\/06\/Bremen-Mitte-2048x477.png 2048w\" sizes=\"(max-width: 800px) 100vw, 800px\" \/>\t\t\t\t\t\t\t\t\t\t\t\t\t\t\t<\/div>\n\t\t\t\t<div class=\"elementor-element elementor-element-c320c50 elementor-widget elementor-widget-image\" data-id=\"c320c50\" data-element_type=\"widget\" data-e-type=\"widget\" data-widget_type=\"image.default\">\n\t\t\t\t\t\t\t\t\t\t\t\t\t\t\t<img loading=\"lazy\" decoding=\"async\" width=\"800\" height=\"189\" src=\"https:\/\/webszh.uk-halle.de\/loewenkids\/wp-content\/uploads\/2025\/06\/Links-der-Weser-1024x242.png\" class=\"attachment-large size-large wp-image-3232\" alt=\"\" srcset=\"https:\/\/webszh.uk-halle.de\/loewenkids\/wp-content\/uploads\/2025\/06\/Links-der-Weser-1024x242.png 1024w, https:\/\/webszh.uk-halle.de\/loewenkids\/wp-content\/uploads\/2025\/06\/Links-der-Weser-300x71.png 300w, https:\/\/webszh.uk-halle.de\/loewenkids\/wp-content\/uploads\/2025\/06\/Links-der-Weser-768x182.png 768w, https:\/\/webszh.uk-halle.de\/loewenkids\/wp-content\/uploads\/2025\/06\/Links-der-Weser-1536x363.png 1536w, https:\/\/webszh.uk-halle.de\/loewenkids\/wp-content\/uploads\/2025\/06\/Links-der-Weser-2048x484.png 2048w\" sizes=\"(max-width: 800px) 100vw, 800px\" \/>\t\t\t\t\t\t\t\t\t\t\t\t\t\t\t<\/div>\n\t\t\t\t<div class=\"elementor-element elementor-element-cba80c4 elementor-widget elementor-widget-image\" data-id=\"cba80c4\" data-element_type=\"widget\" data-e-type=\"widget\" data-widget_type=\"image.default\">\n\t\t\t\t\t\t\t\t\t\t\t\t\t\t\t<img loading=\"lazy\" decoding=\"async\" width=\"800\" height=\"186\" src=\"https:\/\/webszh.uk-halle.de\/loewenkids\/wp-content\/uploads\/2025\/06\/Bremen-Nord-1024x238.png\" class=\"attachment-large size-large wp-image-3224\" alt=\"\" srcset=\"https:\/\/webszh.uk-halle.de\/loewenkids\/wp-content\/uploads\/2025\/06\/Bremen-Nord-1024x238.png 1024w, https:\/\/webszh.uk-halle.de\/loewenkids\/wp-content\/uploads\/2025\/06\/Bremen-Nord-300x70.png 300w, https:\/\/webszh.uk-halle.de\/loewenkids\/wp-content\/uploads\/2025\/06\/Bremen-Nord-768x179.png 768w, https:\/\/webszh.uk-halle.de\/loewenkids\/wp-content\/uploads\/2025\/06\/Bremen-Nord-1536x358.png 1536w, https:\/\/webszh.uk-halle.de\/loewenkids\/wp-content\/uploads\/2025\/06\/Bremen-Nord-2048x477.png 2048w\" sizes=\"(max-width: 800px) 100vw, 800px\" \/>\t\t\t\t\t\t\t\t\t\t\t\t\t\t\t<\/div>\n\t\t\t\t<div class=\"elementor-element elementor-element-5ee34ae elementor-widget elementor-widget-image\" data-id=\"5ee34ae\" data-element_type=\"widget\" data-e-type=\"widget\" data-widget_type=\"image.default\">\n\t\t\t\t\t\t\t\t\t\t\t\t\t\t\t<img loading=\"lazy\" decoding=\"async\" width=\"499\" height=\"201\" src=\"https:\/\/webszh.uk-halle.de\/loewenkids\/wp-content\/uploads\/2025\/06\/St.-Josef-Stift2.png\" class=\"attachment-large size-large wp-image-3241\" alt=\"\" srcset=\"https:\/\/webszh.uk-halle.de\/loewenkids\/wp-content\/uploads\/2025\/06\/St.-Josef-Stift2.png 499w, https:\/\/webszh.uk-halle.de\/loewenkids\/wp-content\/uploads\/2025\/06\/St.-Josef-Stift2-300x121.png 300w\" sizes=\"(max-width: 499px) 100vw, 499px\" \/>\t\t\t\t\t\t\t\t\t\t\t\t\t\t\t<\/div>\n\t\t\t\t\t<\/div>\n\t\t\t\t<\/div>\n\t\t\t\t<div class=\"elementor-element elementor-element-5e67469 elementor-widget elementor-widget-spacer\" data-id=\"5e67469\" data-element_type=\"widget\" data-e-type=\"widget\" data-widget_type=\"spacer.default\">\n\t\t\t\t\t\t\t<div class=\"elementor-spacer\">\n\t\t\t<div class=\"elementor-spacer-inner\"><\/div>\n\t\t<\/div>\n\t\t\t\t\t\t<\/div>\n\t\t\t\t<div class=\"elementor-element elementor-element-0d44425 elementor-widget__width-initial e-transform elementor-widget elementor-widget-text-editor\" data-id=\"0d44425\" data-element_type=\"widget\" data-e-type=\"widget\" data-settings=\"{&quot;_transform_translateX_effect&quot;:{&quot;unit&quot;:&quot;px&quot;,&quot;size&quot;:&quot;&quot;,&quot;sizes&quot;:[]},&quot;_transform_translateX_effect_tablet&quot;:{&quot;unit&quot;:&quot;px&quot;,&quot;size&quot;:&quot;&quot;,&quot;sizes&quot;:[]},&quot;_transform_translateX_effect_mobile&quot;:{&quot;unit&quot;:&quot;px&quot;,&quot;size&quot;:&quot;&quot;,&quot;sizes&quot;:[]},&quot;_transform_translateY_effect&quot;:{&quot;unit&quot;:&quot;px&quot;,&quot;size&quot;:&quot;&quot;,&quot;sizes&quot;:[]},&quot;_transform_translateY_effect_tablet&quot;:{&quot;unit&quot;:&quot;px&quot;,&quot;size&quot;:&quot;&quot;,&quot;sizes&quot;:[]},&quot;_transform_translateY_effect_mobile&quot;:{&quot;unit&quot;:&quot;px&quot;,&quot;size&quot;:&quot;&quot;,&quot;sizes&quot;:[]}}\" data-widget_type=\"text-editor.default\">\n\t\t\t\t\t\t\t\t\t<p>Kooperationspartner in der Rekurtierungsphase:<\/p>\n<ul>\n<li>Hebammen, \u00c4rztinnen\/ \u00c4rzten und Apotheken<\/li>\n<li>Kindertagesst\u00e4tten in Braunschweig<\/li>\n<\/ul>\n<p>\u00a0<\/p>\t\t\t\t\t\t\t\t<\/div>\n\t\t\t\t<div class=\"elementor-element elementor-element-1066033 elementor-widget elementor-widget-spacer\" data-id=\"1066033\" data-element_type=\"widget\" data-e-type=\"widget\" data-widget_type=\"spacer.default\">\n\t\t\t\t\t\t\t<div class=\"elementor-spacer\">\n\t\t\t<div class=\"elementor-spacer-inner\"><\/div>\n\t\t<\/div>\n\t\t\t\t\t\t<\/div>\n\t\t\t\t\t<\/div>\n\t\t<\/div>\n\t\t\t\t\t<\/div>\n\t\t<\/section>\n\t\t\t\t<\/div>\n\t\t","protected":false},"excerpt":{"rendered":"<p>KOOPERATIONSPARTNER &amp; FINANZIERUNG Diese Studie wird ausschlie\u00dflich aus \u00f6ffentlichen Geldern finanziert. Die Mittel werden von der Martin-Luther-Universit\u00e4t Halle-Wittenberg, dem Helmholtz-Zentrum f\u00fcr Infektionsforschung Braunschweig und der Ludwig-Maximilians-Universit\u00e4t M\u00fcnchen beigesteuert. Im Folgenden sehen Sie eine \u00dcbersicht der Kooperationspartner, die bei der L\u00f6wenKIDS-Studie mitwirken: Au\u00dferdem gibt es im Rahmen der L\u00f6wenKIDS-Studie zus\u00e4tzliche Kooperationen mit: Gesundheits\u00e4mtern Forschungsgruppe Mikrobielle Interaktionen [&hellip;]<\/p>\n","protected":false},"author":1,"featured_media":0,"parent":0,"menu_order":0,"comment_status":"closed","ping_status":"closed","template":"","meta":{"footnotes":""},"class_list":["post-19","page","type-page","status-publish","hentry"],"_links":{"self":[{"href":"https:\/\/webszh.uk-halle.de\/loewenkids\/wp-json\/wp\/v2\/pages\/19","targetHints":{"allow":["GET"]}}],"collection":[{"href":"https:\/\/webszh.uk-halle.de\/loewenkids\/wp-json\/wp\/v2\/pages"}],"about":[{"href":"https:\/\/webszh.uk-halle.de\/loewenkids\/wp-json\/wp\/v2\/types\/page"}],"author":[{"embeddable":true,"href":"https:\/\/webszh.uk-halle.de\/loewenkids\/wp-json\/wp\/v2\/users\/1"}],"replies":[{"embeddable":true,"href":"https:\/\/webszh.uk-halle.de\/loewenkids\/wp-json\/wp\/v2\/comments?post=19"}],"version-history":[{"count":68,"href":"https:\/\/webszh.uk-halle.de\/loewenkids\/wp-json\/wp\/v2\/pages\/19\/revisions"}],"predecessor-version":[{"id":3244,"href":"https:\/\/webszh.uk-halle.de\/loewenkids\/wp-json\/wp\/v2\/pages\/19\/revisions\/3244"}],"wp:attachment":[{"href":"https:\/\/webszh.uk-halle.de\/loewenkids\/wp-json\/wp\/v2\/media?parent=19"}],"curies":[{"name":"wp","href":"https:\/\/api.w.org\/{rel}","templated":true}]}}