{"id":16,"date":"2018-01-15T11:54:50","date_gmt":"2018-01-15T10:54:50","guid":{"rendered":"http:\/\/web.uk-halle.de\/loewenkids\/?page_id=16"},"modified":"2022-04-07T16:23:28","modified_gmt":"2022-04-07T14:23:28","slug":"datenschutz","status":"publish","type":"page","link":"https:\/\/webszh.uk-halle.de\/loewenkids\/datenschutz\/","title":{"rendered":"Datenschutz"},"content":{"rendered":"\t\t<div data-elementor-type=\"wp-page\" data-elementor-id=\"16\" class=\"elementor elementor-16\" data-elementor-post-type=\"page\">\n\t\t\t\t\t\t<section class=\"elementor-section elementor-top-section elementor-element elementor-element-39f1ab1 elementor-section-boxed elementor-section-height-default elementor-section-height-default\" data-id=\"39f1ab1\" data-element_type=\"section\" data-e-type=\"section\">\n\t\t\t\t\t\t<div class=\"elementor-container elementor-column-gap-default\">\n\t\t\t\t\t<div class=\"elementor-column elementor-col-100 elementor-top-column elementor-element elementor-element-b6a6ecd\" data-id=\"b6a6ecd\" data-element_type=\"column\" data-e-type=\"column\">\n\t\t\t<div class=\"elementor-widget-wrap elementor-element-populated\">\n\t\t\t\t\t\t<div class=\"elementor-element elementor-element-badee46 elementor-widget elementor-widget-spacer\" data-id=\"badee46\" data-element_type=\"widget\" data-e-type=\"widget\" data-widget_type=\"spacer.default\">\n\t\t\t\t\t\t\t<div class=\"elementor-spacer\">\n\t\t\t<div class=\"elementor-spacer-inner\"><\/div>\n\t\t<\/div>\n\t\t\t\t\t\t<\/div>\n\t\t\t\t<div class=\"elementor-element elementor-element-1ba85a2 elementor-widget elementor-widget-heading\" data-id=\"1ba85a2\" data-element_type=\"widget\" data-e-type=\"widget\" data-widget_type=\"heading.default\">\n\t\t\t\t\t<h2 class=\"elementor-heading-title elementor-size-large\">DATENSCHUTZ<\/h2>\t\t\t\t<\/div>\n\t\t\t\t<div class=\"elementor-element elementor-element-1190df8 elementor-widget-divider--view-line elementor-widget elementor-widget-divider\" data-id=\"1190df8\" data-element_type=\"widget\" data-e-type=\"widget\" data-widget_type=\"divider.default\">\n\t\t\t\t\t\t\t<div class=\"elementor-divider\">\n\t\t\t<span class=\"elementor-divider-separator\">\n\t\t\t\t\t\t<\/span>\n\t\t<\/div>\n\t\t\t\t\t\t<\/div>\n\t\t\t\t<div class=\"elementor-element elementor-element-0fbd6b5 elementor-widget elementor-widget-spacer\" data-id=\"0fbd6b5\" data-element_type=\"widget\" data-e-type=\"widget\" data-widget_type=\"spacer.default\">\n\t\t\t\t\t\t\t<div class=\"elementor-spacer\">\n\t\t\t<div class=\"elementor-spacer-inner\"><\/div>\n\t\t<\/div>\n\t\t\t\t\t\t<\/div>\n\t\t\t\t<div class=\"elementor-element elementor-element-72ba533 elementor-widget elementor-widget-image\" data-id=\"72ba533\" data-element_type=\"widget\" data-e-type=\"widget\" data-widget_type=\"image.default\">\n\t\t\t\t\t\t\t\t\t\t\t\t\t\t\t<img decoding=\"async\" src=\"https:\/\/webszh.uk-halle.de\/loewenkids\/wp-content\/uploads\/elementor\/thumbs\/family-gf73263b52_1920-pn0o6zmroozrmrprugzmwccdyfjq6kbykxco6tr9xc.jpg\" title=\"family-gf73263b52_1920\" alt=\"family-gf73263b52_1920\" loading=\"lazy\" \/>\t\t\t\t\t\t\t\t\t\t\t\t\t\t\t<\/div>\n\t\t\t\t<div class=\"elementor-element elementor-element-2c9b6f7 elementor-widget elementor-widget-spacer\" data-id=\"2c9b6f7\" data-element_type=\"widget\" data-e-type=\"widget\" data-widget_type=\"spacer.default\">\n\t\t\t\t\t\t\t<div class=\"elementor-spacer\">\n\t\t\t<div class=\"elementor-spacer-inner\"><\/div>\n\t\t<\/div>\n\t\t\t\t\t\t<\/div>\n\t\t\t\t<div class=\"elementor-element elementor-element-e3b499e elementor-widget elementor-widget-text-editor\" data-id=\"e3b499e\" data-element_type=\"widget\" data-e-type=\"widget\" data-widget_type=\"text-editor.default\">\n\t\t\t\t\t\t\t\t\t<p>Alle im Rahmen dieser Studie erhobenen personenbezogenen Daten werden entsprechend der \u00e4rztlichen Schweigepflicht und den gesetzlichen Bestimmungen vertraulich behandelt.<\/p>\n<p>Die Studiendaten werden pseudonymisiert, das hei\u00dft ohne Namensnennung unter Verwendung einer Identifikationsnummer, erfasst. Ihre pers\u00f6nlichen Daten (Name, Adresse, E-Mail-Adresse) werden getrennt von den Studiendaten gespeichert und sind vor unberechtigtem Zugriff gesch\u00fctzt.<\/p>\n<p>Die Studie wurde von den Ethikkommissionen der Medizinischen Hochschule Hannover (MHH), der Medizinischen Fakult\u00e4t der Martin-Luther-Universit\u00e4t Halle-Wittenberg und der Ludwig-Maximilians-Universit\u00e4t M\u00fcnchen sowie von der Bundesbeauftragten f\u00fcr den Datenschutz und die Informationsfreiheit gepr\u00fcft. Es bestehen keine ethischen oder datenschutzrechtlichen Bedenken gegen die Durchf\u00fchrung der Studie.<\/p>\n<p>Zur Datenschutzerkl\u00e4rung gelangen sie\u00a0<a href=\"https:\/\/www.medizin.uni-halle.de\/datenschutzerklaerung\">hier<\/a>.<\/p>\t\t\t\t\t\t\t\t<\/div>\n\t\t\t\t<div class=\"elementor-element elementor-element-9cda972 elementor-widget elementor-widget-spacer\" data-id=\"9cda972\" data-element_type=\"widget\" data-e-type=\"widget\" data-widget_type=\"spacer.default\">\n\t\t\t\t\t\t\t<div class=\"elementor-spacer\">\n\t\t\t<div class=\"elementor-spacer-inner\"><\/div>\n\t\t<\/div>\n\t\t\t\t\t\t<\/div>\n\t\t\t\t\t<\/div>\n\t\t<\/div>\n\t\t\t\t\t<\/div>\n\t\t<\/section>\n\t\t\t\t<\/div>\n\t\t","protected":false},"excerpt":{"rendered":"<p>DATENSCHUTZ Alle im Rahmen dieser Studie erhobenen personenbezogenen Daten werden entsprechend der \u00e4rztlichen Schweigepflicht und den gesetzlichen Bestimmungen vertraulich behandelt. Die Studiendaten werden pseudonymisiert, das hei\u00dft ohne Namensnennung unter Verwendung einer Identifikationsnummer, erfasst. Ihre pers\u00f6nlichen Daten (Name, Adresse, E-Mail-Adresse) werden getrennt von den Studiendaten gespeichert und sind vor unberechtigtem Zugriff gesch\u00fctzt. Die Studie wurde von [&hellip;]<\/p>\n","protected":false},"author":1,"featured_media":0,"parent":0,"menu_order":0,"comment_status":"closed","ping_status":"closed","template":"","meta":{"footnotes":""},"class_list":["post-16","page","type-page","status-publish","hentry"],"_links":{"self":[{"href":"https:\/\/webszh.uk-halle.de\/loewenkids\/wp-json\/wp\/v2\/pages\/16","targetHints":{"allow":["GET"]}}],"collection":[{"href":"https:\/\/webszh.uk-halle.de\/loewenkids\/wp-json\/wp\/v2\/pages"}],"about":[{"href":"https:\/\/webszh.uk-halle.de\/loewenkids\/wp-json\/wp\/v2\/types\/page"}],"author":[{"embeddable":true,"href":"https:\/\/webszh.uk-halle.de\/loewenkids\/wp-json\/wp\/v2\/users\/1"}],"replies":[{"embeddable":true,"href":"https:\/\/webszh.uk-halle.de\/loewenkids\/wp-json\/wp\/v2\/comments?post=16"}],"version-history":[{"count":43,"href":"https:\/\/webszh.uk-halle.de\/loewenkids\/wp-json\/wp\/v2\/pages\/16\/revisions"}],"predecessor-version":[{"id":2108,"href":"https:\/\/webszh.uk-halle.de\/loewenkids\/wp-json\/wp\/v2\/pages\/16\/revisions\/2108"}],"wp:attachment":[{"href":"https:\/\/webszh.uk-halle.de\/loewenkids\/wp-json\/wp\/v2\/media?parent=16"}],"curies":[{"name":"wp","href":"https:\/\/api.w.org\/{rel}","templated":true}]}}