{"id":14,"date":"2018-01-15T11:54:50","date_gmt":"2018-01-15T10:54:50","guid":{"rendered":"http:\/\/web.uk-halle.de\/loewenkids\/?page_id=14"},"modified":"2025-03-17T11:11:11","modified_gmt":"2025-03-17T10:11:11","slug":"ablauf","status":"publish","type":"page","link":"https:\/\/webszh.uk-halle.de\/loewenkids\/startseite\/ablauf\/","title":{"rendered":"Ablauf der Studie"},"content":{"rendered":"\t\t<div data-elementor-type=\"wp-page\" data-elementor-id=\"14\" class=\"elementor elementor-14\" data-elementor-post-type=\"page\">\n\t\t\t\t\t\t<section class=\"elementor-section elementor-top-section elementor-element elementor-element-2f7c7fd elementor-section-boxed elementor-section-height-default elementor-section-height-default\" data-id=\"2f7c7fd\" data-element_type=\"section\" data-e-type=\"section\">\n\t\t\t\t\t\t<div class=\"elementor-container elementor-column-gap-default\">\n\t\t\t\t\t<div class=\"elementor-column elementor-col-100 elementor-top-column elementor-element elementor-element-784b29e\" data-id=\"784b29e\" data-element_type=\"column\" data-e-type=\"column\">\n\t\t\t<div class=\"elementor-widget-wrap elementor-element-populated\">\n\t\t\t\t\t\t<div class=\"elementor-element elementor-element-5f994b2 elementor-widget elementor-widget-spacer\" data-id=\"5f994b2\" data-element_type=\"widget\" data-e-type=\"widget\" data-widget_type=\"spacer.default\">\n\t\t\t\t\t\t\t<div class=\"elementor-spacer\">\n\t\t\t<div class=\"elementor-spacer-inner\"><\/div>\n\t\t<\/div>\n\t\t\t\t\t\t<\/div>\n\t\t\t\t<div class=\"elementor-element elementor-element-f2d3fa0 elementor-widget elementor-widget-heading\" data-id=\"f2d3fa0\" data-element_type=\"widget\" data-e-type=\"widget\" data-widget_type=\"heading.default\">\n\t\t\t\t\t<h2 class=\"elementor-heading-title elementor-size-large\">ABLAUF DER STUDIE<\/h2>\t\t\t\t<\/div>\n\t\t\t\t<div class=\"elementor-element elementor-element-58d0486 elementor-widget-divider--view-line elementor-widget elementor-widget-divider\" data-id=\"58d0486\" data-element_type=\"widget\" data-e-type=\"widget\" data-widget_type=\"divider.default\">\n\t\t\t\t\t\t\t<div class=\"elementor-divider\">\n\t\t\t<span class=\"elementor-divider-separator\">\n\t\t\t\t\t\t<\/span>\n\t\t<\/div>\n\t\t\t\t\t\t<\/div>\n\t\t\t\t<div class=\"elementor-element elementor-element-2e97067 elementor-widget elementor-widget-spacer\" data-id=\"2e97067\" data-element_type=\"widget\" data-e-type=\"widget\" data-widget_type=\"spacer.default\">\n\t\t\t\t\t\t\t<div class=\"elementor-spacer\">\n\t\t\t<div class=\"elementor-spacer-inner\"><\/div>\n\t\t<\/div>\n\t\t\t\t\t\t<\/div>\n\t\t\t\t<div class=\"elementor-element elementor-element-79c0f51 elementor-align-start elementor-hidden-mobile elementor-icon-list--layout-traditional elementor-list-item-link-full_width elementor-widget elementor-widget-icon-list\" data-id=\"79c0f51\" data-element_type=\"widget\" data-e-type=\"widget\" data-widget_type=\"icon-list.default\">\n\t\t\t\t\t\t\t<ul class=\"elementor-icon-list-items\">\n\t\t\t\t\t\t\t<li class=\"elementor-icon-list-item\">\n\t\t\t\t\t\t\t\t\t\t\t<span class=\"elementor-icon-list-icon\">\n\t\t\t\t\t\t\t<svg aria-hidden=\"true\" class=\"e-font-icon-svg e-far-calendar-alt\" viewBox=\"0 0 448 512\" xmlns=\"http:\/\/www.w3.org\/2000\/svg\"><path d=\"M148 288h-40c-6.6 0-12-5.4-12-12v-40c0-6.6 5.4-12 12-12h40c6.6 0 12 5.4 12 12v40c0 6.6-5.4 12-12 12zm108-12v-40c0-6.6-5.4-12-12-12h-40c-6.6 0-12 5.4-12 12v40c0 6.6 5.4 12 12 12h40c6.6 0 12-5.4 12-12zm96 0v-40c0-6.6-5.4-12-12-12h-40c-6.6 0-12 5.4-12 12v40c0 6.6 5.4 12 12 12h40c6.6 0 12-5.4 12-12zm-96 96v-40c0-6.6-5.4-12-12-12h-40c-6.6 0-12 5.4-12 12v40c0 6.6 5.4 12 12 12h40c6.6 0 12-5.4 12-12zm-96 0v-40c0-6.6-5.4-12-12-12h-40c-6.6 0-12 5.4-12 12v40c0 6.6 5.4 12 12 12h40c6.6 0 12-5.4 12-12zm192 0v-40c0-6.6-5.4-12-12-12h-40c-6.6 0-12 5.4-12 12v40c0 6.6 5.4 12 12 12h40c6.6 0 12-5.4 12-12zm96-260v352c0 26.5-21.5 48-48 48H48c-26.5 0-48-21.5-48-48V112c0-26.5 21.5-48 48-48h48V12c0-6.6 5.4-12 12-12h40c6.6 0 12 5.4 12 12v52h128V12c0-6.6 5.4-12 12-12h40c6.6 0 12 5.4 12 12v52h48c26.5 0 48 21.5 48 48zm-48 346V160H48v298c0 3.3 2.7 6 6 6h340c3.3 0 6-2.7 6-6z\"><\/path><\/svg>\t\t\t\t\t\t<\/span>\n\t\t\t\t\t\t\t\t\t\t<span class=\"elementor-icon-list-text\">Von Februar 2015 bis Juli 2017 haben wir nach teilnehmenden Familien f\u00fcr die Langzeitstudie gesucht. Alle neugeborenen Kinder aus Deutschland konnten an der L\u00f6wenKIDS-Studie teilnehmen. Die Studie wurde bis Mai 2017 vom Helmholtz-Zentrum f\u00fcr Infektionsforschung aus Braunschweig koordiniert. Seit Juni 2017 ist das Institut f\u00fcr Medizinische Epidemiologie, Biometrie und Informatik (IMEBI) in Halle (Saale) f\u00fcr die Koordination zust\u00e4ndig.<\/span>\n\t\t\t\t\t\t\t\t\t<\/li>\n\t\t\t\t\t\t\t\t<li class=\"elementor-icon-list-item\">\n\t\t\t\t\t\t\t\t\t\t\t<span class=\"elementor-icon-list-icon\">\n\t\t\t\t\t\t\t<svg aria-hidden=\"true\" class=\"e-font-icon-svg e-fas-baby-carriage\" viewBox=\"0 0 512 512\" xmlns=\"http:\/\/www.w3.org\/2000\/svg\"><path d=\"M144.8 17c-11.3-17.8-37.2-22.8-54-9.4C35.3 51.9 0 118 0 192h256L144.8 17zM496 96h-48c-35.3 0-64 28.7-64 64v64H0c0 50.6 23 96.4 60.3 130.7C25.7 363.6 0 394.7 0 432c0 44.2 35.8 80 80 80s80-35.8 80-80c0-8.9-1.8-17.2-4.4-25.2 21.6 5.9 44.6 9.2 68.4 9.2s46.9-3.3 68.4-9.2c-2.7 8-4.4 16.3-4.4 25.2 0 44.2 35.8 80 80 80s80-35.8 80-80c0-37.3-25.7-68.4-60.3-77.3C425 320.4 448 274.6 448 224v-64h48c8.8 0 16-7.2 16-16v-32c0-8.8-7.2-16-16-16zM80 464c-17.6 0-32-14.4-32-32s14.4-32 32-32 32 14.4 32 32-14.4 32-32 32zm320-32c0 17.6-14.4 32-32 32s-32-14.4-32-32 14.4-32 32-32 32 14.4 32 32z\"><\/path><\/svg>\t\t\t\t\t\t<\/span>\n\t\t\t\t\t\t\t\t\t\t<span class=\"elementor-icon-list-text\">Sie als Eltern konnten sich schon w\u00e4hrend der Schwangerschaft f\u00fcr eine Teilnahme entscheiden. Ein Einstieg in die Studie war aber auch bis zu drei Monate nach der Geburt Ihres Kindes m\u00f6glich. Wir haben an vielen Orten Flyer verteilt und die Studie bei Krei\u00dfsaalbesichtigungen und Infoabenden in Geburtskliniken, in Geburtsvorbereitungskursen und in Frauenarztpraxen pers\u00f6nlich vorgestellt.<\/span>\n\t\t\t\t\t\t\t\t\t<\/li>\n\t\t\t\t\t\t<\/ul>\n\t\t\t\t\t\t<\/div>\n\t\t\t\t<div class=\"elementor-element elementor-element-8be958c elementor-hidden-desktop elementor-hidden-tablet elementor-view-default elementor-position-block-start elementor-mobile-position-block-start elementor-widget elementor-widget-icon-box\" data-id=\"8be958c\" data-element_type=\"widget\" data-e-type=\"widget\" data-widget_type=\"icon-box.default\">\n\t\t\t\t\t\t\t<div class=\"elementor-icon-box-wrapper\">\n\n\t\t\t\t\t\t<div class=\"elementor-icon-box-icon\">\n\t\t\t\t<span  class=\"elementor-icon\">\n\t\t\t\t<svg aria-hidden=\"true\" class=\"e-font-icon-svg e-far-calendar-alt\" viewBox=\"0 0 448 512\" xmlns=\"http:\/\/www.w3.org\/2000\/svg\"><path d=\"M148 288h-40c-6.6 0-12-5.4-12-12v-40c0-6.6 5.4-12 12-12h40c6.6 0 12 5.4 12 12v40c0 6.6-5.4 12-12 12zm108-12v-40c0-6.6-5.4-12-12-12h-40c-6.6 0-12 5.4-12 12v40c0 6.6 5.4 12 12 12h40c6.6 0 12-5.4 12-12zm96 0v-40c0-6.6-5.4-12-12-12h-40c-6.6 0-12 5.4-12 12v40c0 6.6 5.4 12 12 12h40c6.6 0 12-5.4 12-12zm-96 96v-40c0-6.6-5.4-12-12-12h-40c-6.6 0-12 5.4-12 12v40c0 6.6 5.4 12 12 12h40c6.6 0 12-5.4 12-12zm-96 0v-40c0-6.6-5.4-12-12-12h-40c-6.6 0-12 5.4-12 12v40c0 6.6 5.4 12 12 12h40c6.6 0 12-5.4 12-12zm192 0v-40c0-6.6-5.4-12-12-12h-40c-6.6 0-12 5.4-12 12v40c0 6.6 5.4 12 12 12h40c6.6 0 12-5.4 12-12zm96-260v352c0 26.5-21.5 48-48 48H48c-26.5 0-48-21.5-48-48V112c0-26.5 21.5-48 48-48h48V12c0-6.6 5.4-12 12-12h40c6.6 0 12 5.4 12 12v52h128V12c0-6.6 5.4-12 12-12h40c6.6 0 12 5.4 12 12v52h48c26.5 0 48 21.5 48 48zm-48 346V160H48v298c0 3.3 2.7 6 6 6h340c3.3 0 6-2.7 6-6z\"><\/path><\/svg>\t\t\t\t<\/span>\n\t\t\t<\/div>\n\t\t\t\n\t\t\t\t\t\t<div class=\"elementor-icon-box-content\">\n\n\t\t\t\t\n\t\t\t\t\t\t\t\t\t<p class=\"elementor-icon-box-description\">\n\t\t\t\t\t\tVon Februar 2015 bis Juli 2017 haben wir nach teilnehmenden Familien f\u00fcr die Langzeitstudie gesucht. Alle neugeborenen Kinder aus Deutschland konnten an der L\u00f6wenKIDS-Studie teilnehmen. Die Studie wurde bis Mai 2017 vom Helmholtz-Zentrum f\u00fcr Infektionsforschung aus Braunschweig koordiniert. Seit Juni 2017 ist das Institut f\u00fcr Medizinische Epidemiologie, Biometrie und Informatik (IMEBI) in Halle (Saale) f\u00fcr die Koordination zust\u00e4ndig.\t\t\t\t\t<\/p>\n\t\t\t\t\n\t\t\t<\/div>\n\t\t\t\n\t\t<\/div>\n\t\t\t\t\t\t<\/div>\n\t\t\t\t<div class=\"elementor-element elementor-element-bd795e4 elementor-hidden-desktop elementor-hidden-tablet elementor-view-default elementor-position-block-start elementor-mobile-position-block-start elementor-widget elementor-widget-icon-box\" data-id=\"bd795e4\" data-element_type=\"widget\" data-e-type=\"widget\" data-widget_type=\"icon-box.default\">\n\t\t\t\t\t\t\t<div class=\"elementor-icon-box-wrapper\">\n\n\t\t\t\t\t\t<div class=\"elementor-icon-box-icon\">\n\t\t\t\t<span  class=\"elementor-icon\">\n\t\t\t\t<svg aria-hidden=\"true\" class=\"e-font-icon-svg e-fas-baby-carriage\" viewBox=\"0 0 512 512\" xmlns=\"http:\/\/www.w3.org\/2000\/svg\"><path d=\"M144.8 17c-11.3-17.8-37.2-22.8-54-9.4C35.3 51.9 0 118 0 192h256L144.8 17zM496 96h-48c-35.3 0-64 28.7-64 64v64H0c0 50.6 23 96.4 60.3 130.7C25.7 363.6 0 394.7 0 432c0 44.2 35.8 80 80 80s80-35.8 80-80c0-8.9-1.8-17.2-4.4-25.2 21.6 5.9 44.6 9.2 68.4 9.2s46.9-3.3 68.4-9.2c-2.7 8-4.4 16.3-4.4 25.2 0 44.2 35.8 80 80 80s80-35.8 80-80c0-37.3-25.7-68.4-60.3-77.3C425 320.4 448 274.6 448 224v-64h48c8.8 0 16-7.2 16-16v-32c0-8.8-7.2-16-16-16zM80 464c-17.6 0-32-14.4-32-32s14.4-32 32-32 32 14.4 32 32-14.4 32-32 32zm320-32c0 17.6-14.4 32-32 32s-32-14.4-32-32 14.4-32 32-32 32 14.4 32 32z\"><\/path><\/svg>\t\t\t\t<\/span>\n\t\t\t<\/div>\n\t\t\t\n\t\t\t\t\t\t<div class=\"elementor-icon-box-content\">\n\n\t\t\t\t\n\t\t\t\t\t\t\t\t\t<p class=\"elementor-icon-box-description\">\n\t\t\t\t\t\tSie als Eltern konnten sich schon w\u00e4hrend der Schwangerschaft f\u00fcr eine Teilnahme entscheiden. Ein Einstieg in die Studie war aber auch bis zu drei Monate nach der Geburt Ihres Kindes m\u00f6glich. Wir haben an vielen Orten Flyer verteilt und die Studie bei Krei\u00dfsaalbesichtigungen und Infoabenden in Geburtskliniken, in Geburtsvorbereitungskursen und in Frauenarztpraxen pers\u00f6nlich vorgestellt.\t\t\t\t\t<\/p>\n\t\t\t\t\n\t\t\t<\/div>\n\t\t\t\n\t\t<\/div>\n\t\t\t\t\t\t<\/div>\n\t\t\t\t<div class=\"elementor-element elementor-element-3fd51f8 elementor-widget elementor-widget-spacer\" data-id=\"3fd51f8\" data-element_type=\"widget\" data-e-type=\"widget\" data-widget_type=\"spacer.default\">\n\t\t\t\t\t\t\t<div class=\"elementor-spacer\">\n\t\t\t<div class=\"elementor-spacer-inner\"><\/div>\n\t\t<\/div>\n\t\t\t\t\t\t<\/div>\n\t\t\t\t<div class=\"elementor-element elementor-element-1df2ddb elementor-widget elementor-widget-text-editor\" data-id=\"1df2ddb\" data-element_type=\"widget\" data-e-type=\"widget\" data-widget_type=\"text-editor.default\">\n\t\t\t\t\t\t\t\t\t<p>Das <strong>Kleinkindalter stellt die Hauptphase der Studie<\/strong> dar. Hier geht es darum, mit Hilfe der Eltern m\u00f6glichst alle Infektionen und deren Erreger zu erfassen. Dies kann alles von<strong> zu Hause<\/strong> aus erledigt werden. Der Ablauf f\u00fcr die Teinehmer*innen der Studie stellt sich dabei wir folgt dar:<\/p>\t\t\t\t\t\t\t\t<\/div>\n\t\t\t\t<div class=\"elementor-element elementor-element-63bc305 elementor-widget elementor-widget-spacer\" data-id=\"63bc305\" data-element_type=\"widget\" data-e-type=\"widget\" data-widget_type=\"spacer.default\">\n\t\t\t\t\t\t\t<div class=\"elementor-spacer\">\n\t\t\t<div class=\"elementor-spacer-inner\"><\/div>\n\t\t<\/div>\n\t\t\t\t\t\t<\/div>\n\t\t\t\t\t<\/div>\n\t\t<\/div>\n\t\t\t\t\t<\/div>\n\t\t<\/section>\n\t\t\t\t<section class=\"elementor-section elementor-top-section elementor-element elementor-element-42a055c elementor-section-boxed elementor-section-height-default elementor-section-height-default\" data-id=\"42a055c\" data-element_type=\"section\" data-e-type=\"section\">\n\t\t\t\t\t\t<div class=\"elementor-container elementor-column-gap-default\">\n\t\t\t\t\t<div class=\"elementor-column elementor-col-33 elementor-top-column elementor-element elementor-element-37dfb27\" data-id=\"37dfb27\" data-element_type=\"column\" data-e-type=\"column\">\n\t\t\t<div class=\"elementor-widget-wrap elementor-element-populated\">\n\t\t\t\t\t\t<div class=\"elementor-element elementor-element-b8f70ce elementor-widget elementor-widget-heading\" data-id=\"b8f70ce\" data-element_type=\"widget\" data-e-type=\"widget\" data-widget_type=\"heading.default\">\n\t\t\t\t\t<h2 class=\"elementor-heading-title elementor-size-medium\">F\u00dcHREN EINES TAGEBUCHS<\/h2>\t\t\t\t<\/div>\n\t\t\t\t<div class=\"elementor-element elementor-element-0be97d1 elementor-widget elementor-widget-image\" data-id=\"0be97d1\" data-element_type=\"widget\" data-e-type=\"widget\" data-widget_type=\"image.default\">\n\t\t\t\t\t\t\t\t\t\t\t\t\t\t\t<img decoding=\"async\" src=\"https:\/\/webszh.uk-halle.de\/loewenkids\/wp-content\/uploads\/elementor\/thumbs\/Nase1-pa01sn4b7815j0ztxn15i6gt3pq0niwo1fauja08ao.jpg\" title=\"Nase1\" alt=\"Nase1\" loading=\"lazy\" \/>\t\t\t\t\t\t\t\t\t\t\t\t\t\t\t<\/div>\n\t\t\t\t<div class=\"elementor-element elementor-element-c0bf95d elementor-widget elementor-widget-text-editor\" data-id=\"c0bf95d\" data-element_type=\"widget\" data-e-type=\"widget\" data-widget_type=\"text-editor.default\">\n\t\t\t\t\t\t\t\t\t<p>Bei jeder Erkrankung Ihres Kindes tragen die Eltern die Krankheitsanzeichen in eine vorbereitete Tabelle, das <strong>L\u00f6wenKIDS-Tagebuch<\/strong>, ein.<\/p>\t\t\t\t\t\t\t\t<\/div>\n\t\t\t\t<div class=\"elementor-element elementor-element-a5104dd elementor-widget elementor-widget-spacer\" data-id=\"a5104dd\" data-element_type=\"widget\" data-e-type=\"widget\" data-widget_type=\"spacer.default\">\n\t\t\t\t\t\t\t<div class=\"elementor-spacer\">\n\t\t\t<div class=\"elementor-spacer-inner\"><\/div>\n\t\t<\/div>\n\t\t\t\t\t\t<\/div>\n\t\t\t\t<div class=\"elementor-element elementor-element-137eab0 elementor-widget elementor-widget-spacer\" data-id=\"137eab0\" data-element_type=\"widget\" data-e-type=\"widget\" data-widget_type=\"spacer.default\">\n\t\t\t\t\t\t\t<div class=\"elementor-spacer\">\n\t\t\t<div class=\"elementor-spacer-inner\"><\/div>\n\t\t<\/div>\n\t\t\t\t\t\t<\/div>\n\t\t\t\t<div class=\"elementor-element elementor-element-bb5fd1b elementor-widget elementor-widget-spacer\" data-id=\"bb5fd1b\" data-element_type=\"widget\" data-e-type=\"widget\" data-widget_type=\"spacer.default\">\n\t\t\t\t\t\t\t<div class=\"elementor-spacer\">\n\t\t\t<div class=\"elementor-spacer-inner\"><\/div>\n\t\t<\/div>\n\t\t\t\t\t\t<\/div>\n\t\t\t\t\t<\/div>\n\t\t<\/div>\n\t\t\t\t<div class=\"elementor-column elementor-col-33 elementor-top-column elementor-element elementor-element-e3006cb\" data-id=\"e3006cb\" data-element_type=\"column\" data-e-type=\"column\">\n\t\t\t<div class=\"elementor-widget-wrap elementor-element-populated\">\n\t\t\t\t\t\t<div class=\"elementor-element elementor-element-9d22a4a elementor-widget elementor-widget-heading\" data-id=\"9d22a4a\" data-element_type=\"widget\" data-e-type=\"widget\" data-widget_type=\"heading.default\">\n\t\t\t\t\t<h2 class=\"elementor-heading-title elementor-size-medium\">PROBENENTNAHME<\/h2>\t\t\t\t<\/div>\n\t\t\t\t<div class=\"elementor-element elementor-element-736a506 elementor-widget elementor-widget-image\" data-id=\"736a506\" data-element_type=\"widget\" data-e-type=\"widget\" data-widget_type=\"image.default\">\n\t\t\t\t\t\t\t\t\t\t\t\t\t\t\t<img fetchpriority=\"high\" decoding=\"async\" width=\"768\" height=\"512\" src=\"https:\/\/webszh.uk-halle.de\/loewenkids\/wp-content\/uploads\/2022\/04\/pexels-tima-miroshnichenko-8376257-768x512.jpg\" class=\"attachment-medium_large size-medium_large wp-image-2114\" alt=\"\" srcset=\"https:\/\/webszh.uk-halle.de\/loewenkids\/wp-content\/uploads\/2022\/04\/pexels-tima-miroshnichenko-8376257-768x512.jpg 768w, https:\/\/webszh.uk-halle.de\/loewenkids\/wp-content\/uploads\/2022\/04\/pexels-tima-miroshnichenko-8376257-300x200.jpg 300w, https:\/\/webszh.uk-halle.de\/loewenkids\/wp-content\/uploads\/2022\/04\/pexels-tima-miroshnichenko-8376257-1024x683.jpg 1024w, https:\/\/webszh.uk-halle.de\/loewenkids\/wp-content\/uploads\/2022\/04\/pexels-tima-miroshnichenko-8376257-1536x1024.jpg 1536w, https:\/\/webszh.uk-halle.de\/loewenkids\/wp-content\/uploads\/2022\/04\/pexels-tima-miroshnichenko-8376257-2048x1365.jpg 2048w\" sizes=\"(max-width: 768px) 100vw, 768px\" \/>\t\t\t\t\t\t\t\t\t\t\t\t\t\t\t<\/div>\n\t\t\t\t<div class=\"elementor-element elementor-element-a6d397f elementor-widget elementor-widget-text-editor\" data-id=\"a6d397f\" data-element_type=\"widget\" data-e-type=\"widget\" data-widget_type=\"text-editor.default\">\n\t\t\t\t\t\t\t\t\t<p>Ist ein Kind erk\u00e4ltet, entnehmen die Eltern mit einem speziellen Wattest\u00e4bchen eine <strong>Probe aus der Nase<\/strong> und schicken diese per Post an das Studienteam.<\/p>\n<p>Hat ein Kind Durchfall, senden die Eltern eine <strong>Stuhlprobe<\/strong> an das Studienteam.<\/p>\t\t\t\t\t\t\t\t<\/div>\n\t\t\t\t<div class=\"elementor-element elementor-element-cfda470 elementor-widget elementor-widget-spacer\" data-id=\"cfda470\" data-element_type=\"widget\" data-e-type=\"widget\" data-widget_type=\"spacer.default\">\n\t\t\t\t\t\t\t<div class=\"elementor-spacer\">\n\t\t\t<div class=\"elementor-spacer-inner\"><\/div>\n\t\t<\/div>\n\t\t\t\t\t\t<\/div>\n\t\t\t\t\t<\/div>\n\t\t<\/div>\n\t\t\t\t<div class=\"elementor-column elementor-col-33 elementor-top-column elementor-element elementor-element-f349111\" data-id=\"f349111\" data-element_type=\"column\" data-e-type=\"column\">\n\t\t\t<div class=\"elementor-widget-wrap elementor-element-populated\">\n\t\t\t\t\t\t<div class=\"elementor-element elementor-element-5955bbe elementor-widget elementor-widget-heading\" data-id=\"5955bbe\" data-element_type=\"widget\" data-e-type=\"widget\" data-widget_type=\"heading.default\">\n\t\t\t\t\t<h2 class=\"elementor-heading-title elementor-size-medium\">WEITERE UNTERSUCHUNGEN<\/h2>\t\t\t\t<\/div>\n\t\t\t\t<div class=\"elementor-element elementor-element-6a22af8 elementor-widget elementor-widget-image\" data-id=\"6a22af8\" data-element_type=\"widget\" data-e-type=\"widget\" data-widget_type=\"image.default\">\n\t\t\t\t\t\t\t\t\t\t\t\t\t\t\t<img decoding=\"async\" width=\"768\" height=\"512\" src=\"https:\/\/webszh.uk-halle.de\/loewenkids\/wp-content\/uploads\/2022\/04\/kelly-sikkema-xN0INdwHAs4-unsplash-1-768x512.jpg\" class=\"attachment-medium_large size-medium_large wp-image-2113\" alt=\"\" srcset=\"https:\/\/webszh.uk-halle.de\/loewenkids\/wp-content\/uploads\/2022\/04\/kelly-sikkema-xN0INdwHAs4-unsplash-1-768x512.jpg 768w, https:\/\/webszh.uk-halle.de\/loewenkids\/wp-content\/uploads\/2022\/04\/kelly-sikkema-xN0INdwHAs4-unsplash-1-300x200.jpg 300w, https:\/\/webszh.uk-halle.de\/loewenkids\/wp-content\/uploads\/2022\/04\/kelly-sikkema-xN0INdwHAs4-unsplash-1-1024x683.jpg 1024w, https:\/\/webszh.uk-halle.de\/loewenkids\/wp-content\/uploads\/2022\/04\/kelly-sikkema-xN0INdwHAs4-unsplash-1-1536x1024.jpg 1536w, https:\/\/webszh.uk-halle.de\/loewenkids\/wp-content\/uploads\/2022\/04\/kelly-sikkema-xN0INdwHAs4-unsplash-1-2048x1365.jpg 2048w\" sizes=\"(max-width: 768px) 100vw, 768px\" \/>\t\t\t\t\t\t\t\t\t\t\t\t\t\t\t<\/div>\n\t\t\t\t<div class=\"elementor-element elementor-element-f02c0be elementor-widget elementor-widget-text-editor\" data-id=\"f02c0be\" data-element_type=\"widget\" data-e-type=\"widget\" data-widget_type=\"text-editor.default\">\n\t\t\t\t\t\t\t\t\t<p>Bei einigen Kindern m\u00f6chten wir das <strong>Immunsystem ganz genau untersuchen<\/strong>. Dazu laden wir die Eltern mit ihrem Kind zur Blutentnahme in unser Studienzentrum ein. Eine Teilnahme an der Studie ist jedoch auch ohne Blutentnahme m\u00f6glich. Nach dem sechsten Lebensjahr senden wir Ihnen\/Ihrem Kind in gr\u00f6\u00dferen Abst\u00e4nden Frageb\u00f6gen zu, um herauszufinden, wie es den L\u00f6wenKIDS geht. Sp\u00e4testens in dieser Phase kann Ihr Kind auch selbst entscheiden, ob es weiterhin an der Studie teilnehmen m\u00f6chte.<\/p>\t\t\t\t\t\t\t\t<\/div>\n\t\t\t\t\t<\/div>\n\t\t<\/div>\n\t\t\t\t\t<\/div>\n\t\t<\/section>\n\t\t\t\t<section class=\"elementor-section elementor-top-section elementor-element elementor-element-60520fb elementor-section-boxed elementor-section-height-default elementor-section-height-default\" data-id=\"60520fb\" data-element_type=\"section\" data-e-type=\"section\">\n\t\t\t\t\t\t<div class=\"elementor-container elementor-column-gap-default\">\n\t\t\t\t\t<div class=\"elementor-column elementor-col-100 elementor-top-column elementor-element elementor-element-18f3864\" data-id=\"18f3864\" data-element_type=\"column\" data-e-type=\"column\">\n\t\t\t<div class=\"elementor-widget-wrap elementor-element-populated\">\n\t\t\t\t\t\t<div class=\"elementor-element elementor-element-9e8f167 elementor-widget elementor-widget-spacer\" data-id=\"9e8f167\" data-element_type=\"widget\" data-e-type=\"widget\" data-widget_type=\"spacer.default\">\n\t\t\t\t\t\t\t<div class=\"elementor-spacer\">\n\t\t\t<div class=\"elementor-spacer-inner\"><\/div>\n\t\t<\/div>\n\t\t\t\t\t\t<\/div>\n\t\t\t\t<div class=\"elementor-element elementor-element-c8f5ac2 elementor-widget elementor-widget-text-editor\" data-id=\"c8f5ac2\" data-element_type=\"widget\" data-e-type=\"widget\" data-widget_type=\"text-editor.default\">\n\t\t\t\t\t\t\t\t\t<p>Die <strong>Durchf\u00fchrung eines Nasenabstrichs<\/strong>, wie er f\u00fcr die L\u00f6wenKIDS-Studie ben\u00f6tigt wird, ist in diesem Video ersichtlich.<\/p>\t\t\t\t\t\t\t\t<\/div>\n\t\t\t\t<div class=\"elementor-element elementor-element-4ec1b53 elementor-widget elementor-widget-spacer\" data-id=\"4ec1b53\" data-element_type=\"widget\" data-e-type=\"widget\" data-widget_type=\"spacer.default\">\n\t\t\t\t\t\t\t<div class=\"elementor-spacer\">\n\t\t\t<div class=\"elementor-spacer-inner\"><\/div>\n\t\t<\/div>\n\t\t\t\t\t\t<\/div>\n\t\t\t\t<div class=\"elementor-element elementor-element-18664cb elementor-widget elementor-widget-video\" data-id=\"18664cb\" data-element_type=\"widget\" data-e-type=\"widget\" data-settings=\"{&quot;youtube_url&quot;:&quot;https:\\\/\\\/youtu.be\\\/x_A1Ev72ioQ&quot;,&quot;lazy_load&quot;:&quot;yes&quot;,&quot;video_type&quot;:&quot;youtube&quot;,&quot;controls&quot;:&quot;yes&quot;}\" data-widget_type=\"video.default\">\n\t\t\t\t\t\t\t<div class=\"elementor-wrapper elementor-open-inline\">\n\t\t\t<div class=\"elementor-video\"><\/div>\t\t<\/div>\n\t\t\t\t\t\t<\/div>\n\t\t\t\t<div class=\"elementor-element elementor-element-7baeb2f elementor-widget elementor-widget-spacer\" data-id=\"7baeb2f\" data-element_type=\"widget\" data-e-type=\"widget\" data-widget_type=\"spacer.default\">\n\t\t\t\t\t\t\t<div class=\"elementor-spacer\">\n\t\t\t<div class=\"elementor-spacer-inner\"><\/div>\n\t\t<\/div>\n\t\t\t\t\t\t<\/div>\n\t\t\t\t\t<\/div>\n\t\t<\/div>\n\t\t\t\t\t<\/div>\n\t\t<\/section>\n\t\t\t\t<\/div>\n\t\t","protected":false},"excerpt":{"rendered":"<p>ABLAUF DER STUDIE Von Februar 2015 bis Juli 2017 haben wir nach teilnehmenden Familien f\u00fcr die Langzeitstudie gesucht. Alle neugeborenen Kinder aus Deutschland konnten an der L\u00f6wenKIDS-Studie teilnehmen. Die Studie wurde bis Mai 2017 vom Helmholtz-Zentrum f\u00fcr Infektionsforschung aus Braunschweig koordiniert. Seit Juni 2017 ist das Institut f\u00fcr Medizinische Epidemiologie, Biometrie und Informatik (IMEBI) in [&hellip;]<\/p>\n","protected":false},"author":1,"featured_media":0,"parent":103,"menu_order":4,"comment_status":"closed","ping_status":"closed","template":"","meta":{"footnotes":""},"class_list":["post-14","page","type-page","status-publish","hentry"],"_links":{"self":[{"href":"https:\/\/webszh.uk-halle.de\/loewenkids\/wp-json\/wp\/v2\/pages\/14","targetHints":{"allow":["GET"]}}],"collection":[{"href":"https:\/\/webszh.uk-halle.de\/loewenkids\/wp-json\/wp\/v2\/pages"}],"about":[{"href":"https:\/\/webszh.uk-halle.de\/loewenkids\/wp-json\/wp\/v2\/types\/page"}],"author":[{"embeddable":true,"href":"https:\/\/webszh.uk-halle.de\/loewenkids\/wp-json\/wp\/v2\/users\/1"}],"replies":[{"embeddable":true,"href":"https:\/\/webszh.uk-halle.de\/loewenkids\/wp-json\/wp\/v2\/comments?post=14"}],"version-history":[{"count":64,"href":"https:\/\/webszh.uk-halle.de\/loewenkids\/wp-json\/wp\/v2\/pages\/14\/revisions"}],"predecessor-version":[{"id":3171,"href":"https:\/\/webszh.uk-halle.de\/loewenkids\/wp-json\/wp\/v2\/pages\/14\/revisions\/3171"}],"up":[{"embeddable":true,"href":"https:\/\/webszh.uk-halle.de\/loewenkids\/wp-json\/wp\/v2\/pages\/103"}],"wp:attachment":[{"href":"https:\/\/webszh.uk-halle.de\/loewenkids\/wp-json\/wp\/v2\/media?parent=14"}],"curies":[{"name":"wp","href":"https:\/\/api.w.org\/{rel}","templated":true}]}}