{"id":8854,"date":"2025-02-19T15:22:10","date_gmt":"2025-02-19T14:22:10","guid":{"rendered":"https:\/\/webszh.uk-halle.de\/digihero\/?page_id=8854"},"modified":"2025-07-08T15:39:55","modified_gmt":"2025-07-08T13:39:55","slug":"datenschutzinformation-zur-studie","status":"publish","type":"page","link":"https:\/\/webszh.uk-halle.de\/digihero\/datenschutz\/datenschutzinformation-zur-studie\/","title":{"rendered":"Datenschutzinformation zur Studie"},"content":{"rendered":"\t\t<div data-elementor-type=\"wp-page\" data-elementor-id=\"8854\" class=\"elementor elementor-8854\" data-elementor-post-type=\"page\">\n\t\t\t\t<div class=\"elementor-element elementor-element-8703d8c e-flex e-con-boxed e-con e-parent\" data-id=\"8703d8c\" data-element_type=\"container\" data-e-type=\"container\">\n\t\t\t\t\t<div class=\"e-con-inner\">\n\t\t\t\t<div class=\"elementor-element elementor-element-494ce6b elementor-widget elementor-widget-text-editor\" data-id=\"494ce6b\" data-element_type=\"widget\" data-e-type=\"widget\" data-widget_type=\"text-editor.default\">\n\t\t\t\t\t\t\t\t\t<h1>Datenschutzinformation zur Studie<\/h1><p>Stand: 10.06.2025<\/p><h2>Informationen zu den in der Datenschutzgrundverordnung (DS-GVO) festgelegten Rechten (Art. 12 ff. DS-GVO):<\/h2><div class=\"page\" title=\"Page 1\"><div class=\"layoutArea\"><div class=\"column\"><p>Die vorliegenden Informationen richten sich an Teilnehmerinnen und Teilnehmer der Studie fu\u0308r digitale Gesundheitsforschung in Deutschland (DigiHero) der Martin-Luther-Universita\u0308t Halle-Wittenberg.<\/p><\/div><\/div><\/div><h3>Rechtsgrundlage der Datenverarbeitung<\/h3><div class=\"page\" title=\"Page 1\"><div class=\"layoutArea\"><div class=\"column\"><p>Die Rechtsgrundlage zur Verarbeitung der Sie betreffenden personenbezogenen Daten bildet Ihre freiwillige schriftliche Einwilligung gema\u0308\u00df Art. 6 Abs. 1 S. 1 lit. a und Art. 9 Abs. 2 lit. a DS-GVO.<\/p><\/div><\/div><\/div><h3>Erhobene Daten<\/h3><p>Im Rahmen dieser Studie werden folgende personenbezogene Daten bzw. Arten von personenbezogenen Daten erhoben:<\/p><ul><li>Name, Adresse und E-Mail-Adresse f\u00fcr den Zweck der Registrierung. Diese Daten werden in einer separaten Datenbank aufbewahrt.<\/li><li>Dar\u00fcber hinaus werden weitere personenbezogene Daten erhoben, wie Daten zur Ihrer Gesundheit, Erkrankungen und allgemeine Daten (Geburtsmonat und \u2013jahr, Geschlecht, weitere soziodemographische Variablen, und die Zusammensetzung des Haushaltes sowie ggf. Daten zu Ihrem Corona-Test).<\/li><li>Au\u00dferdem werden Daten zu Auswirkungen der COVID-19-Pandemie erhoben, sowie Ihre Meinungen und Einstellungen erfragt.<\/li><\/ul><h3>Zwecke der Datenverarbeitung<\/h3><p>Ihre Daten werden zur Durchf\u00fchrung und Auswertung der Studie DigiHero und daher f\u00fcr Zwecke der medizinischen Forschung verwendet. Ihre pers\u00f6nlichen Daten werden getrennt von den wissenschaftlichen Daten gespeichert. Ein Zugriff auf Ihre pers\u00f6nlichen Daten erfolgt ausschlie\u00dflich im Falle von erneuter Kontaktierung im Rahmen des genannten Forschungsprojektes mit Ihnen.<\/p><h3>Dauer der Datenverarbeitung bzw. -speicherung<\/h3><p>Ihre Daten werden f\u00fcr die Dauer des Projektes (also ohne ein festes Ende) verarbeitet bzw. gespeichert und nach dem Ende des Projektes f\u00fcr weitere 10 Jahre in anonymisierter Form gespeichert.<\/p><h3>\u00dcbermittlung an Dritte \/ ins Ausland<\/h3><p>Ihre Daten (einschlie\u00dflich der gesundheitsbezogenen Daten, die als besonders schutzw\u00fcrdig gelten) k\u00f6nnen auf Antrag in pseudonymisierter Form anderen Wissenschaftlern und Wissenschaftlerinnen f\u00fcr Forschungszwecke zur Verf\u00fcgung gestellt werden. Die Pseudonyme werden eine Zahlenkombination darstellen, die f\u00fcr Externe nicht aufl\u00f6sbar ist. Dar\u00fcber hinaus werden wir die Forscherinnen und Forscher verpflichten, keine Versuche zu unternehmen, die Personen hinter den Pseudonymen zu identifizieren. Ihre Daten d\u00fcrfen von den Nutzern und Nutzerinnen nur zu dem vorbestimmten und beantragten Forschungszweck genutzt und nicht weitergegeben werden. \u00dcber die Herausgabe der Daten entscheidet ein Gremium aus wissenschaftlichen Experten und Expertinnen auf der Basis der Datennutzungsordnung. Eine Herausgabe der Daten erfolgt dabei nur an Personen bzw. Institutionen aus L\u00e4ndern mit gleichen oder vergleichbaren Datenschutz-Standards wie Deutschland (Art. 44 bis 50 Datenschutzgrundverordnung (DSGVO)). Eine Ver\u00f6ffentlichung von Forschungsergebnissen erfolgt ausschlie\u00dflich in anonymisierter Form.<\/p><h3>Betroffenenrechte<\/h3><p>Ihnen steht das Recht zu, jederzeit Auskunft zu den bei uns gespeicherten und Ihrer Person zuzuordnenden personenbezogenen Daten zu verlangen (Art. 15 DSGVO). Dar\u00fcber hinaus haben Sie das Recht auf Berichtigung (Art. 16 DSGVO), L\u00f6schung (Art. 17 DSGVO), Einschr\u00e4nkung der Verarbeitung (Art. 18 DSGVO), Daten\u00fcbertragung (Art. 20 DSGVO) und Widerspruch (Art. 21 DSGVO).<\/p><h3>Einschr\u00e4nkung dieser Rechte im Forschungskontext<\/h3><p>Gem\u00e4\u00df Art. 89 DS-GVO iVm Art. 27 DSAG LSA sind die vorgenannten Rechte insofern eingeschr\u00e4nkt, als diese Rechte voraussichtlich die Verwirklichung der Forschungszwecke unm\u00f6glich machen oder ernsthaft beeintr\u00e4chtigen und die Beschr\u00e4nkung f\u00fcr die Erf\u00fcllung der Forschungszwecke notwendig ist. Allerdings sind die Daten zu anonymisieren, sobald der Forschungszweck dies zul\u00e4sst und Ihre berechtigten Interessen dem nicht widersprechen.<\/p><h3>Einwilligung zur Verarbeitung personenbezogener Daten und Recht auf Widerruf dieser Einwilligung<\/h3><p>Die Verarbeitung Ihrer personenbezogenen Daten ist nur mit Ihrer Einwilligung rechtm\u00e4\u00dfig (Art. 6 DS- GVO). Die Einwilligung ist freiwillig. Sie haben das Recht, Ihre Einwilligung zur Verarbeitung personenbezogener Daten jederzeit ohne Angabe von Gr\u00fcnden zu widerrufen. Durch den Widerruf der Einwilligung wird jedoch die Rechtm\u00e4\u00dfigkeit der aufgrund der Einwilligung bis zum Widerruf erfolgten Verarbeitung nicht ber\u00fchrt. Durch einen Widerruf Ihrer Einwilligung werden Sie keine Nachteile im Zusammenhang mit einer medizinischen Behandlung erleiden. Im Falle des Widerrufs m\u00fcssen die personenbezogenen Daten grunds\u00e4tzlich gel\u00f6scht werden (Art. 7 Absatz 3 DS-GVO).<\/p><p>M\u00f6chten Sie eines dieser Rechte in Anspruch nehmen, wenden Sie sich bitte an den f\u00fcr die Datenverarbeitung Verantwortlichen oder die\/den Datenschutzbeauftragte\/n.<\/p><h3>F\u00fcr die Datenverarbeitung Verantwortlicher<\/h3><p>Prof. Rafael Mikolajczyk<br \/>Institut f\u00fcr Medizinische Epidemiologie, Biometrie und Informatik<br \/>Medizinische Fakult\u00e4t der Martin-Luther-Universit\u00e4t Halle-Wittenberg<br \/>Magdeburger Str. 8,<br \/>06114 Halle<\/p><p>Telefon: 0345 557-5480<br \/>E-Mail: digihero-studie@uk-halle.de<\/p><p>Sollten Sie dar\u00fcber hinaus Fragen zur Datenerhebung, -verarbeitung und -nutzung haben, k\u00f6nnen Sie sich f\u00fcr weitere Ausk\u00fcnfte an die\/den hierf\u00fcr zust\u00e4ndigen Datenschutzbeauftragten wenden:<\/p><h3>Datenschutzbeauftragter Universit\u00e4t Halle<\/h3><p>Universit\u00e4tsplatz 10,<br \/>06108 Halle<\/p><p>Telefon: 0345 552-1014<br \/>E-Mail: datenschutz@uni-halle.de<\/p><h3>Beschwerderecht<\/h3><div class=\"page\" title=\"Page 2\"><div class=\"layoutArea\"><div class=\"column\"><p>Sie haben unbeschadet der genannten Rechte und der Mo\u0308glichkeit der Geltendmachung anderer Rechtsbehelfe jederzeit die Mo\u0308glichkeit, Ihr Recht auf Beschwerde bei einer Aufsichtsbeho\u0308rde, insbesondere in dem Mitgliedstaat Ihres Aufenthaltsorts, Ihres Arbeitsplatzes oder des Orts des mutma\u00dflichen Versto\u00dfes geltend zu machen, wenn Sie der Ansicht sind, dass die Verarbeitung der Sie betreffenden personenbezogenen Daten gegen datenschutzrechtliche Vorschriften versto\u0308\u00dft (Art. 77 DS-GVO).<\/p><\/div><\/div><\/div>\t\t\t\t\t\t\t\t<\/div>\n\t\t\t\t\t<\/div>\n\t\t\t\t<\/div>\n\t\t\t\t<\/div>\n\t\t","protected":false},"excerpt":{"rendered":"<p>Datenschutzinformation zur Studie Stand: 10.06.2025 Informationen zu den in der Datenschutzgrundverordnung (DS-GVO) festgelegten Rechten (Art. 12 ff. DS-GVO): Die vorliegenden Informationen richten sich an Teilnehmerinnen und Teilnehmer der Studie fu\u0308r digitale Gesundheitsforschung in Deutschland (DigiHero) der Martin-Luther-Universita\u0308t Halle-Wittenberg. Rechtsgrundlage der Datenverarbeitung Die Rechtsgrundlage zur Verarbeitung der Sie betreffenden personenbezogenen Daten bildet Ihre freiwillige schriftliche Einwilligung [&hellip;]<\/p>\n","protected":false},"author":20,"featured_media":0,"parent":8828,"menu_order":0,"comment_status":"closed","ping_status":"closed","template":"","meta":{"_acf_changed":false,"footnotes":""},"class_list":["post-8854","page","type-page","status-publish","hentry"],"acf":[],"_links":{"self":[{"href":"https:\/\/webszh.uk-halle.de\/digihero\/wp-json\/wp\/v2\/pages\/8854","targetHints":{"allow":["GET"]}}],"collection":[{"href":"https:\/\/webszh.uk-halle.de\/digihero\/wp-json\/wp\/v2\/pages"}],"about":[{"href":"https:\/\/webszh.uk-halle.de\/digihero\/wp-json\/wp\/v2\/types\/page"}],"author":[{"embeddable":true,"href":"https:\/\/webszh.uk-halle.de\/digihero\/wp-json\/wp\/v2\/users\/20"}],"replies":[{"embeddable":true,"href":"https:\/\/webszh.uk-halle.de\/digihero\/wp-json\/wp\/v2\/comments?post=8854"}],"version-history":[{"count":10,"href":"https:\/\/webszh.uk-halle.de\/digihero\/wp-json\/wp\/v2\/pages\/8854\/revisions"}],"predecessor-version":[{"id":9021,"href":"https:\/\/webszh.uk-halle.de\/digihero\/wp-json\/wp\/v2\/pages\/8854\/revisions\/9021"}],"up":[{"embeddable":true,"href":"https:\/\/webszh.uk-halle.de\/digihero\/wp-json\/wp\/v2\/pages\/8828"}],"wp:attachment":[{"href":"https:\/\/webszh.uk-halle.de\/digihero\/wp-json\/wp\/v2\/media?parent=8854"}],"curies":[{"name":"wp","href":"https:\/\/api.w.org\/{rel}","templated":true}]}}