{"id":8833,"date":"2025-02-19T14:59:56","date_gmt":"2025-02-19T13:59:56","guid":{"rendered":"https:\/\/webszh.uk-halle.de\/digihero\/?page_id=8833"},"modified":"2025-02-19T15:13:56","modified_gmt":"2025-02-19T14:13:56","slug":"datenschutzinformation-zum-einladungsschreiben","status":"publish","type":"page","link":"https:\/\/webszh.uk-halle.de\/digihero\/datenschutz\/datenschutzinformation-zum-einladungsschreiben\/","title":{"rendered":"Datenschutzinformation zum Einladungsschreiben"},"content":{"rendered":"\t\t<div data-elementor-type=\"wp-page\" data-elementor-id=\"8833\" class=\"elementor elementor-8833\" data-elementor-post-type=\"page\">\n\t\t\t\t<div class=\"elementor-element elementor-element-44e1c6c e-flex e-con-boxed e-con e-parent\" data-id=\"44e1c6c\" data-element_type=\"container\" data-e-type=\"container\">\n\t\t\t\t\t<div class=\"e-con-inner\">\n\t\t\t\t<div class=\"elementor-element elementor-element-ae68522 elementor-widget elementor-widget-text-editor\" data-id=\"ae68522\" data-element_type=\"widget\" data-e-type=\"widget\" data-widget_type=\"text-editor.default\">\n\t\t\t\t\t\t\t\t\t<h1>Datenschutzinformation zum Einladungsschreiben<\/h1><p>Stand: 07.06.2024<\/p><h2>Informationen zu den in der Datenschutzgrundverordnung (DS-GVO) festgelegten Rechten (Art. 12 ff. DS-GVO):<\/h2><p>Die vorliegenden Informationen richten sich an Empf\u00e4ngerinnen und Empf\u00e4nger des Informations- und Einladungsschreibens sowie des Flyers zur Studie f\u00fcr digitale Gesundheitsforschung in Deutschland (DigiHero) der Martin-Luther-Universit\u00e4t Halle-Wittenberg.<\/p><h3>Rechtsgrundlage der Datenverarbeitung<\/h3><p>Die Rechtsgrundlage zur Verarbeitung der Sie betreffenden personenbezogenen Daten bilden \u00a734 und \u00a746 BMG (Bundesmeldegesetz). Dieses sieht vor, dass die Meldebeh\u00f6rde einer anderen \u00f6ffentlichen Stelle Daten \u00fcbermitteln darf, soweit dies zur Erf\u00fcllung ihrer \u00f6ffentlichen Aufgaben erforderlich ist. Die DigiHero-Studie erf\u00fcllt diese gesetzlichen Voraussetzungen u.a. aufgrund der \u00f6ffentlichen Aufgabe der wissenschaftlichen Forschung.<\/p><h3>Umfang der betroffenen Daten<\/h3><p>Folgende personenbezogenen Daten bzw. Arten von personenbezogenen Daten werden\/wurden von der Meldebeh\u00f6rde an uns \u00fcbermittelt:<\/p><ul><li>Name<\/li><li>Vorname<\/li><li>Adresse<\/li><li>Geburtsdatum<\/li><li>Geschlecht<\/li><\/ul><h3>Zwecke der Datenverarbeitung und Quelle der Datenerhebung<\/h3><p>Die personenbezogenen Daten wurden uns im Rahmen des Rekrutierungsprozesses f\u00fcr die DigiHeroStudie zum Zwecke der Einladung von Studienteilnehmerinnen und Studienteilnehmern f\u00fcr unser wissenschaftliches Forschungsprojekt von dem f\u00fcr Sie zust\u00e4ndigen Melderegister oder Einwohnermeldeamt \u00fcbermittelt.<\/p><p>Die personenbezogenen Daten aus der Melderegisterauskunft wurden an einen Auftragsdienstleister (Deutsche Post E-Solutions GmbH) zum Druck, zur Frankierung und zum Versand der Rekrutierungsschreiben im Rahmen einer ordnungsgem\u00e4\u00dfen Auftragsverarbeitung \u00fcbermittelt.<\/p><h3>Dauer der Datenverarbeitung bzw. -speicherung<\/h3><p>Die personenbezogenen Daten werden im Falle einer Nichtr\u00fcckmeldung f\u00fcr die Dauer von drei Monaten nach Versand der Anschreiben gespeichert und anschlie\u00dfend gel\u00f6scht.<\/p><h3>\u00dcbermittlung an Dritte \/ ins Ausland<\/h3><p>Eine \u00dcbermittlung der Daten an Dritte oder ins (EU-)Ausland ist nicht vorgesehen. Eine automatisierte Entscheidungsfindung und\/oder Profiling hat vorliegend nicht stattgefunden.<\/p><h3>Recht auf Auskunft<\/h3><p>Sie haben das Recht auf Auskunft \u00fcber die Sie betreffenden personenbezogenenDaten, die im Rahmen der Studie erhoben, verarbeitet oder ggf. an Dritte \u00fcbermittelt werden, einschlie\u00dflich der Aush\u00e4ndigung einer kostenfreien Kopie dieser Daten (Art. 15 DS-GVO).<\/p><h3>Recht auf Berichtigung<\/h3><p>Sie haben das Recht, Sie betreffende unrichtige personenbezogene Daten berichtigen zu lassen (Art. 16 und 19 DS-GVO). Weiterhin ist es Ihnen f\u00fcr die Zukunft m\u00f6glich, eine Auskunftssperre nach \u00a7 51 BMG beim f\u00fcr Sie zust\u00e4ndigen Melderegister oder Einwohnermeldeamt zu beantragen. Hierdurch wird Ihr Datensatz bei zuk\u00fcnftigen Abfragen nicht mehr an uns oder andere Stellen herausgegeben.<\/p><h3>Recht auf L\u00f6schung<\/h3><p>Sie haben das Recht auf L\u00f6schung Sie betreffender personenbezogener Daten, z. B. wenn diese Daten f\u00fcr den Zweck, f\u00fcr den sie erhoben wurden, nicht mehr notwendig sind (Art. 17 und 19 DS-GVO).<\/p><h3>Recht auf Einschr\u00e4nkung der Verarbeitung<\/h3><p>Unter bestimmten Voraussetzungen haben Sie das Recht, eine Einschr\u00e4nkung der Verarbeitung zu verlangen, d.h. die Daten d\u00fcrfen nur gespeichert, aber nicht verarbeitet werden (Art. 18 und 19 DSGVO).<\/p><h3>Recht auf Daten\u00fcbertragbarkeit<\/h3><p>Sie haben das Recht, die Sie betreffenden personenbezogenenDaten, die Sie dem Verantwortlichen f\u00fcr die Studie bereitgestellt haben, zu erhalten. Damit k\u00f6nnen Sie beantragen, dass diese Daten entweder Ihnen oder, soweit technisch m\u00f6glich, einer anderen von Ihnen benannten Stelle \u00fcbermittelt werden (Art. 20 DS-GVO).<\/p><p>M\u00f6chten Sie eines dieser Rechte in Anspruch nehmen, wenden Sie sich bitte an den f\u00fcr die Datenverarbeitung Verantwortlichen oder die\/den Datenschutzbeauftragte\/n.<\/p><h3>F\u00fcr die Datenverarbeitung Verantwortlicher:<\/h3><p>Prof. Rafael Mikolajczyk<br \/>Institut f\u00fcr Medizinische Epidemiologie, Biometrie und Informatik<br \/>Medizinische Fakult\u00e4t der Martin-Luther-Universit\u00e4t Halle-Wittenberg<br \/>Magdeburger Str. 8,<br \/>06114 Halle<br \/>Telefon: 0345 557 5480<br \/>E-Mail: digihero-studie@uk-halle.de<\/p><p>Sollten Sie dar\u00fcber hinaus Fragen zur Datenerhebung, -verarbeitung und -nutzung haben, k\u00f6nnen Sie sich f\u00fcr weitere Ausk\u00fcnfte an den hierf\u00fcr zust\u00e4ndigen Datenschutzbeauftragten wenden:<\/p><h3>Datenschutzbeauftragter Universit\u00e4t Halle<\/h3><p>Universit\u00e4tsplatz 10,<br \/>06108 Halle<br \/>Telefon: 0345 55 21014<br \/>E-Mail: datenschutz@uni-halle.de<\/p><h3>Beschwerderecht<\/h3><p>Sie haben unbeschadet der genannten Rechte und der M\u00f6glichkeit der Geltendmachung anderer Rechtsbehelfe jederzeit die M\u00f6glichkeit, Ihr Recht auf Beschwerde bei einer Aufsichtsbeh\u00f6rde, insbesondere in dem Mitgliedstaat Ihres Aufenthaltsorts, Ihres Arbeitsplatzes oder des Orts des mutma\u00dflichen Versto\u00dfes geltend zu machen, wenn Sie der Ansicht sind, dass die Verarbeitung der Sie betreffenden personenbezogenen Daten gegen datenschutzrechtliche Vorschriften verst\u00f6\u00dft (Art. 77 DS-GVO). Die grunds\u00e4tzlich f\u00fcr den Studienstandort zust\u00e4ndige Datenschutzaufsichtsbeh\u00f6rde ist:<\/p><h3>Landesbeauftragter f\u00fcr den Datenschutz Sachsen-Anhalt<\/h3><p>Leiterstra\u00dfe 9,<br \/>39104 Magdeburg<br \/>Telefon 0391 818030<br \/>E-Mail: poststelle@lfd.sachsen-anhalt.de<\/p><p>Eine Beschwerde k\u00f6nnen Sie auch bei jeder anderen Datenschutzaufsichtsbeh\u00f6rde eines Bundeslandes einreichen.<\/p><p>Die f\u00fcr Nordrhein-Westfalen zust\u00e4ndige Beh\u00f6rde ist:<\/p><h3>Landesbeauftragte f\u00fcr Datenschutz und Informationsfreiheit Nordrhein-Westfalen<\/h3><p>Kavalleriestra\u00dfe 2-4,<br \/>40213 D\u00fcsseldorf<br \/>Telefon 0211 38424-0<br \/>E-Mail: poststelle@ldi.nrw.de<\/p>\t\t\t\t\t\t\t\t<\/div>\n\t\t\t\t\t<\/div>\n\t\t\t\t<\/div>\n\t\t\t\t<\/div>\n\t\t","protected":false},"excerpt":{"rendered":"<p>Datenschutzinformation zum Einladungsschreiben Stand: 07.06.2024 Informationen zu den in der Datenschutzgrundverordnung (DS-GVO) festgelegten Rechten (Art. 12 ff. DS-GVO): Die vorliegenden Informationen richten sich an Empf\u00e4ngerinnen und Empf\u00e4nger des Informations- und Einladungsschreibens sowie des Flyers zur Studie f\u00fcr digitale Gesundheitsforschung in Deutschland (DigiHero) der Martin-Luther-Universit\u00e4t Halle-Wittenberg. Rechtsgrundlage der Datenverarbeitung Die Rechtsgrundlage zur Verarbeitung der Sie betreffenden [&hellip;]<\/p>\n","protected":false},"author":20,"featured_media":0,"parent":8828,"menu_order":0,"comment_status":"closed","ping_status":"closed","template":"","meta":{"_acf_changed":false,"footnotes":""},"class_list":["post-8833","page","type-page","status-publish","hentry"],"acf":[],"_links":{"self":[{"href":"https:\/\/webszh.uk-halle.de\/digihero\/wp-json\/wp\/v2\/pages\/8833","targetHints":{"allow":["GET"]}}],"collection":[{"href":"https:\/\/webszh.uk-halle.de\/digihero\/wp-json\/wp\/v2\/pages"}],"about":[{"href":"https:\/\/webszh.uk-halle.de\/digihero\/wp-json\/wp\/v2\/types\/page"}],"author":[{"embeddable":true,"href":"https:\/\/webszh.uk-halle.de\/digihero\/wp-json\/wp\/v2\/users\/20"}],"replies":[{"embeddable":true,"href":"https:\/\/webszh.uk-halle.de\/digihero\/wp-json\/wp\/v2\/comments?post=8833"}],"version-history":[{"count":10,"href":"https:\/\/webszh.uk-halle.de\/digihero\/wp-json\/wp\/v2\/pages\/8833\/revisions"}],"predecessor-version":[{"id":8845,"href":"https:\/\/webszh.uk-halle.de\/digihero\/wp-json\/wp\/v2\/pages\/8833\/revisions\/8845"}],"up":[{"embeddable":true,"href":"https:\/\/webszh.uk-halle.de\/digihero\/wp-json\/wp\/v2\/pages\/8828"}],"wp:attachment":[{"href":"https:\/\/webszh.uk-halle.de\/digihero\/wp-json\/wp\/v2\/media?parent=8833"}],"curies":[{"name":"wp","href":"https:\/\/api.w.org\/{rel}","templated":true}]}}