{"id":4748,"date":"2022-08-11T18:14:10","date_gmt":"2022-08-11T16:14:10","guid":{"rendered":"https:\/\/webszh.uk-halle.de\/digihero\/?page_id=4748"},"modified":"2022-08-25T11:20:51","modified_gmt":"2022-08-25T09:20:51","slug":"aktuelles","status":"publish","type":"page","link":"https:\/\/webszh.uk-halle.de\/digihero\/aktuelles\/","title":{"rendered":"Aktuelles"},"content":{"rendered":"\t\t<div data-elementor-type=\"wp-page\" data-elementor-id=\"4748\" class=\"elementor elementor-4748\" data-elementor-post-type=\"page\">\n\t\t\t\t\t\t<section class=\"elementor-section elementor-top-section elementor-element elementor-element-ecdd34d elementor-section-height-min-height elementor-section-boxed elementor-section-height-default elementor-section-items-middle\" data-id=\"ecdd34d\" data-element_type=\"section\" data-e-type=\"section\" data-settings=\"{&quot;background_background&quot;:&quot;classic&quot;}\">\n\t\t\t\t\t\t\t<div class=\"elementor-background-overlay\"><\/div>\n\t\t\t\t\t\t\t<div class=\"elementor-container elementor-column-gap-default\">\n\t\t\t\t\t<div class=\"elementor-column elementor-col-100 elementor-top-column elementor-element elementor-element-dc2b522\" data-id=\"dc2b522\" data-element_type=\"column\" data-e-type=\"column\">\n\t\t\t<div class=\"elementor-widget-wrap elementor-element-populated\">\n\t\t\t\t\t\t<div class=\"elementor-element elementor-element-2471722 elementor-widget elementor-widget-heading\" data-id=\"2471722\" data-element_type=\"widget\" data-e-type=\"widget\" data-widget_type=\"heading.default\">\n\t\t\t\t\t<h2 class=\"elementor-heading-title elementor-size-default\">Aktuelles<\/h2>\t\t\t\t<\/div>\n\t\t\t\t\t<\/div>\n\t\t<\/div>\n\t\t\t\t\t<\/div>\n\t\t<\/section>\n\t\t\t\t<section class=\"elementor-section elementor-top-section elementor-element elementor-element-6200c8c elementor-section-boxed elementor-section-height-default elementor-section-height-default\" data-id=\"6200c8c\" data-element_type=\"section\" data-e-type=\"section\">\n\t\t\t\t\t\t<div class=\"elementor-container elementor-column-gap-default\">\n\t\t\t\t\t<div class=\"elementor-column elementor-col-100 elementor-top-column elementor-element elementor-element-14b9c09\" data-id=\"14b9c09\" data-element_type=\"column\" data-e-type=\"column\">\n\t\t\t<div class=\"elementor-widget-wrap elementor-element-populated\">\n\t\t\t\t\t\t<div class=\"elementor-element elementor-element-e12d4d2 elementor-grid-2 elementor-grid-tablet-2 elementor-grid-mobile-1 elementor-posts--thumbnail-top elementor-widget elementor-widget-posts\" data-id=\"e12d4d2\" data-element_type=\"widget\" data-e-type=\"widget\" data-settings=\"{&quot;pagination_type&quot;:&quot;numbers&quot;,&quot;classic_columns&quot;:&quot;2&quot;,&quot;classic_row_gap&quot;:{&quot;unit&quot;:&quot;px&quot;,&quot;size&quot;:75,&quot;sizes&quot;:[]},&quot;classic_row_gap_tablet&quot;:{&quot;unit&quot;:&quot;px&quot;,&quot;size&quot;:33,&quot;sizes&quot;:[]},&quot;classic_columns_tablet&quot;:&quot;2&quot;,&quot;classic_columns_mobile&quot;:&quot;1&quot;,&quot;classic_row_gap_mobile&quot;:{&quot;unit&quot;:&quot;px&quot;,&quot;size&quot;:&quot;&quot;,&quot;sizes&quot;:[]}}\" data-widget_type=\"posts.classic\">\n\t\t\t\t<div class=\"elementor-widget-container\">\n\t\t\t\t\t\t\t<div class=\"elementor-posts-container elementor-posts elementor-posts--skin-classic elementor-grid\" role=\"list\">\n\t\t\t\t<article class=\"elementor-post elementor-grid-item post-8521 post type-post status-publish format-standard has-post-thumbnail hentry category-aktuelles\" role=\"listitem\">\n\t\t\t\t<a class=\"elementor-post__thumbnail__link\" href=\"https:\/\/webszh.uk-halle.de\/digihero\/2025\/01\/28\/faecheruebergreifendes-konsortium-staerkt-pandemieforschung-ueber-fuenf-millionen-euro-fuer-22-projekte\/\" tabindex=\"-1\" >\n\t\t\t<div class=\"elementor-post__thumbnail\"><img fetchpriority=\"high\" decoding=\"async\" width=\"1920\" height=\"845\" src=\"https:\/\/webszh.uk-halle.de\/digihero\/wp-content\/uploads\/2025\/01\/Website-Kachel-3.png\" class=\"attachment-full size-full wp-image-8527\" alt=\"\" srcset=\"https:\/\/webszh.uk-halle.de\/digihero\/wp-content\/uploads\/2025\/01\/Website-Kachel-3.png 1920w, https:\/\/webszh.uk-halle.de\/digihero\/wp-content\/uploads\/2025\/01\/Website-Kachel-3-300x132.png 300w, https:\/\/webszh.uk-halle.de\/digihero\/wp-content\/uploads\/2025\/01\/Website-Kachel-3-1024x451.png 1024w, https:\/\/webszh.uk-halle.de\/digihero\/wp-content\/uploads\/2025\/01\/Website-Kachel-3-768x338.png 768w, https:\/\/webszh.uk-halle.de\/digihero\/wp-content\/uploads\/2025\/01\/Website-Kachel-3-1536x676.png 1536w\" sizes=\"(max-width: 1920px) 100vw, 1920px\" \/><\/div>\n\t\t<\/a>\n\t\t\t\t<div class=\"elementor-post__text\">\n\t\t\t\t<h3 class=\"elementor-post__title\">\n\t\t\t<a href=\"https:\/\/webszh.uk-halle.de\/digihero\/2025\/01\/28\/faecheruebergreifendes-konsortium-staerkt-pandemieforschung-ueber-fuenf-millionen-euro-fuer-22-projekte\/\" >\n\t\t\t\tF\u00e4cher\u00fcbergreifendes Konsortium st\u00e4rkt Pandemieforschung: \u00dcber f\u00fcnf Millionen Euro f\u00fcr 22 Projekte\t\t\t<\/a>\n\t\t<\/h3>\n\t\t\t\t<div class=\"elementor-post__meta-data\">\n\t\t\t\t\t<span class=\"elementor-post-date\">\n\t\t\t28. Januar 2025\t\t<\/span>\n\t\t\t\t<\/div>\n\t\t\t\t<div class=\"elementor-post__excerpt\">\n\t\t\t<p>DigiHero ist bei einem Konsortium zur Pandemieforschung beteiligt, welches vom Ministerium f\u00fcr Wissenschaft, Energie, Klimaschutz und Umwelt des Landes Sachsen-Anhalt gef\u00f6rdert wird. Die Universit\u00e4tsmedizin Halle berichtet dazu folgendes: Um f\u00fcr zuk\u00fcnftige Pandemien gewappnet zu sein und die Folgen der Corona-Pandemie besser bew\u00e4ltigen zu k\u00f6nnen, arbeitet ein f\u00e4cher\u00fcbergreifendes Konsortium der Universit\u00e4tsmedizin Halle gezielt an noch bestehenden Herausforderungen. Insgesamt 22 Projekte befassen sich beispielsweise mit den Auswirkungen von Pandemiema\u00dfnahmen, Empfehlungen f\u00fcr die Praxis und der \u00dcbertragungsdynamik von<\/p>\n\t\t<\/div>\n\t\t\n\t\t<a class=\"elementor-post__read-more\" href=\"https:\/\/webszh.uk-halle.de\/digihero\/2025\/01\/28\/faecheruebergreifendes-konsortium-staerkt-pandemieforschung-ueber-fuenf-millionen-euro-fuer-22-projekte\/\" aria-label=\"Mehr \u00fcber F\u00e4cher\u00fcbergreifendes Konsortium st\u00e4rkt Pandemieforschung: \u00dcber f\u00fcnf Millionen Euro f\u00fcr 22 Projekte\" tabindex=\"-1\" >\n\t\t\tWeiterlesen \u00bb\t\t<\/a>\n\n\t\t\t\t<\/div>\n\t\t\t\t<\/article>\n\t\t\t\t<article class=\"elementor-post elementor-grid-item post-8372 post type-post status-publish format-standard has-post-thumbnail hentry category-aktuelles category-ergebnisse\" role=\"listitem\">\n\t\t\t\t<a class=\"elementor-post__thumbnail__link\" href=\"https:\/\/webszh.uk-halle.de\/digihero\/2025\/01\/23\/wie-covid-19-und-die-massnahmen-zur-eindaemmung-der-pandemie-die-psychische-gesundheit-beeinflussen\/\" tabindex=\"-1\" >\n\t\t\t<div class=\"elementor-post__thumbnail\"><img decoding=\"async\" width=\"1920\" height=\"845\" src=\"https:\/\/webszh.uk-halle.de\/digihero\/wp-content\/uploads\/2025\/01\/Website-Kachel-1.png\" class=\"attachment-full size-full wp-image-8384\" alt=\"\" srcset=\"https:\/\/webszh.uk-halle.de\/digihero\/wp-content\/uploads\/2025\/01\/Website-Kachel-1.png 1920w, https:\/\/webszh.uk-halle.de\/digihero\/wp-content\/uploads\/2025\/01\/Website-Kachel-1-300x132.png 300w, https:\/\/webszh.uk-halle.de\/digihero\/wp-content\/uploads\/2025\/01\/Website-Kachel-1-1024x451.png 1024w, https:\/\/webszh.uk-halle.de\/digihero\/wp-content\/uploads\/2025\/01\/Website-Kachel-1-768x338.png 768w, https:\/\/webszh.uk-halle.de\/digihero\/wp-content\/uploads\/2025\/01\/Website-Kachel-1-1536x676.png 1536w\" sizes=\"(max-width: 1920px) 100vw, 1920px\" \/><\/div>\n\t\t<\/a>\n\t\t\t\t<div class=\"elementor-post__text\">\n\t\t\t\t<h3 class=\"elementor-post__title\">\n\t\t\t<a href=\"https:\/\/webszh.uk-halle.de\/digihero\/2025\/01\/23\/wie-covid-19-und-die-massnahmen-zur-eindaemmung-der-pandemie-die-psychische-gesundheit-beeinflussen\/\" >\n\t\t\t\tWie COVID-19 und die Ma\u00dfnahmen zur Eind\u00e4mmung der Pandemie die psychische Gesundheit beeinflussen\t\t\t<\/a>\n\t\t<\/h3>\n\t\t\t\t<div class=\"elementor-post__meta-data\">\n\t\t\t\t\t<span class=\"elementor-post-date\">\n\t\t\t23. Januar 2025\t\t<\/span>\n\t\t\t\t<\/div>\n\t\t\t\t<div class=\"elementor-post__excerpt\">\n\t\t\t<p>Die COVID-19-Pandemie hat viele Menschen belastet \u2013 sei es durch die Infektion selbst oder durch die Einschr\u00e4nkungen und Ma\u00dfnahmen, die ergriffen wurden, um das Virus einzud\u00e4mmen. Doch wie genau beeinflussen diese Faktoren die psychische Gesundheit? Unsere Studie, die 2024 in der Fachzeitschrift Psychiatry Research ver\u00f6ffentlicht wurde, hat genau das untersucht.<\/p>\n\t\t<\/div>\n\t\t\n\t\t<a class=\"elementor-post__read-more\" href=\"https:\/\/webszh.uk-halle.de\/digihero\/2025\/01\/23\/wie-covid-19-und-die-massnahmen-zur-eindaemmung-der-pandemie-die-psychische-gesundheit-beeinflussen\/\" aria-label=\"Mehr \u00fcber Wie COVID-19 und die Ma\u00dfnahmen zur Eind\u00e4mmung der Pandemie die psychische Gesundheit beeinflussen\" tabindex=\"-1\" >\n\t\t\tWeiterlesen \u00bb\t\t<\/a>\n\n\t\t\t\t<\/div>\n\t\t\t\t<\/article>\n\t\t\t\t<article class=\"elementor-post elementor-grid-item post-8345 post type-post status-publish format-standard has-post-thumbnail hentry category-aktuelles category-ergebnisse\" role=\"listitem\">\n\t\t\t\t<a class=\"elementor-post__thumbnail__link\" href=\"https:\/\/webszh.uk-halle.de\/digihero\/2025\/01\/22\/wie-haengt-die-virusvariante-mit-der-genesung-von-post-covid-zusammen\/\" tabindex=\"-1\" >\n\t\t\t<div class=\"elementor-post__thumbnail\"><img decoding=\"async\" width=\"1920\" height=\"845\" src=\"https:\/\/webszh.uk-halle.de\/digihero\/wp-content\/uploads\/2025\/01\/Website-Kachel.png\" class=\"attachment-full size-full wp-image-8353\" alt=\"\" srcset=\"https:\/\/webszh.uk-halle.de\/digihero\/wp-content\/uploads\/2025\/01\/Website-Kachel.png 1920w, https:\/\/webszh.uk-halle.de\/digihero\/wp-content\/uploads\/2025\/01\/Website-Kachel-300x132.png 300w, https:\/\/webszh.uk-halle.de\/digihero\/wp-content\/uploads\/2025\/01\/Website-Kachel-1024x451.png 1024w, https:\/\/webszh.uk-halle.de\/digihero\/wp-content\/uploads\/2025\/01\/Website-Kachel-768x338.png 768w, https:\/\/webszh.uk-halle.de\/digihero\/wp-content\/uploads\/2025\/01\/Website-Kachel-1536x676.png 1536w\" sizes=\"(max-width: 1920px) 100vw, 1920px\" \/><\/div>\n\t\t<\/a>\n\t\t\t\t<div class=\"elementor-post__text\">\n\t\t\t\t<h3 class=\"elementor-post__title\">\n\t\t\t<a href=\"https:\/\/webszh.uk-halle.de\/digihero\/2025\/01\/22\/wie-haengt-die-virusvariante-mit-der-genesung-von-post-covid-zusammen\/\" >\n\t\t\t\tWie h\u00e4ngt die Virusvariante mit der Genesung von Post-COVID zusammen?\t\t\t<\/a>\n\t\t<\/h3>\n\t\t\t\t<div class=\"elementor-post__meta-data\">\n\t\t\t\t\t<span class=\"elementor-post-date\">\n\t\t\t22. Januar 2025\t\t<\/span>\n\t\t\t\t<\/div>\n\t\t\t\t<div class=\"elementor-post__excerpt\">\n\t\t\t<p>Unsere Studie zeigt: Eine Infektion mit der Omikron-Variante f\u00fchrte zu einem schnelleren Abklingen von Post-COVID-Beschwerden im Vergleich zu fr\u00fcheren Varianten. Zwar senkt die Impfung das Risiko eines schweren Akutverlaufs, doch nach Ber\u00fccksichtigung der Virusvarianten zeigte sich in unserer Arbeit kein Zusammenhang zwischen dem Impfstatus und der Dauer der Post-COVID-Beschwerden. Insgesamt waren ein Jahr nach der Infektion weniger als 40 % der Betroffenen genesen, was die Wichtigkeit weiterer Forschung unterstreicht. Eine Zusammenfassung der Ergebnisse mit dem Verweis zur Originalpublikation finden Sie hier.<\/p>\n\t\t<\/div>\n\t\t\n\t\t<a class=\"elementor-post__read-more\" href=\"https:\/\/webszh.uk-halle.de\/digihero\/2025\/01\/22\/wie-haengt-die-virusvariante-mit-der-genesung-von-post-covid-zusammen\/\" aria-label=\"Mehr \u00fcber Wie h\u00e4ngt die Virusvariante mit der Genesung von Post-COVID zusammen?\" tabindex=\"-1\" >\n\t\t\tWeiterlesen \u00bb\t\t<\/a>\n\n\t\t\t\t<\/div>\n\t\t\t\t<\/article>\n\t\t\t\t<article class=\"elementor-post elementor-grid-item post-7914 post type-post status-publish format-standard has-post-thumbnail hentry category-aktuelles\" role=\"listitem\">\n\t\t\t\t<a class=\"elementor-post__thumbnail__link\" href=\"https:\/\/webszh.uk-halle.de\/digihero\/2024\/11\/25\/digihero-studie-weitet-befragungen-auf-weitere-regionen-aus\/\" tabindex=\"-1\" >\n\t\t\t<div class=\"elementor-post__thumbnail\"><img loading=\"lazy\" decoding=\"async\" width=\"1920\" height=\"845\" src=\"https:\/\/webszh.uk-halle.de\/digihero\/wp-content\/uploads\/2024\/11\/kachel-immer-mehr-digiheros.png\" class=\"attachment-full size-full wp-image-7917\" alt=\"\" srcset=\"https:\/\/webszh.uk-halle.de\/digihero\/wp-content\/uploads\/2024\/11\/kachel-immer-mehr-digiheros.png 1920w, https:\/\/webszh.uk-halle.de\/digihero\/wp-content\/uploads\/2024\/11\/kachel-immer-mehr-digiheros-300x132.png 300w, https:\/\/webszh.uk-halle.de\/digihero\/wp-content\/uploads\/2024\/11\/kachel-immer-mehr-digiheros-1024x451.png 1024w, https:\/\/webszh.uk-halle.de\/digihero\/wp-content\/uploads\/2024\/11\/kachel-immer-mehr-digiheros-768x338.png 768w, https:\/\/webszh.uk-halle.de\/digihero\/wp-content\/uploads\/2024\/11\/kachel-immer-mehr-digiheros-1536x676.png 1536w\" sizes=\"(max-width: 1920px) 100vw, 1920px\" \/><\/div>\n\t\t<\/a>\n\t\t\t\t<div class=\"elementor-post__text\">\n\t\t\t\t<h3 class=\"elementor-post__title\">\n\t\t\t<a href=\"https:\/\/webszh.uk-halle.de\/digihero\/2024\/11\/25\/digihero-studie-weitet-befragungen-auf-weitere-regionen-aus\/\" >\n\t\t\t\t\u201eDigiHero\u201c-Studie weitet Befragungen auf weitere Regionen aus\t\t\t<\/a>\n\t\t<\/h3>\n\t\t\t\t<div class=\"elementor-post__meta-data\">\n\t\t\t\t\t<span class=\"elementor-post-date\">\n\t\t\t25. November 2024\t\t<\/span>\n\t\t\t\t<\/div>\n\t\t\t\t<div class=\"elementor-post__excerpt\">\n\t\t\t<p>Mit bisher 90.000 Teilnehmenden ist \u201eDigiHero\u201c die gr\u00f6\u00dfte Studie f\u00fcr digitale Gesundheitsforschung in Deutschland. Nun werden auch in Niedersachsen, Baden-W\u00fcrttemberg, Hessen, Berlin, Hamburg und Jena neue Teilnehmende gesucht. Dort erhalten zuf\u00e4llig ausgew\u00e4hlte Personen aus bis zu jedem dritten Haushalt eine Einladung zur Teilnahme. Die Studie wird bereits in zahlreichen Bundesl\u00e4ndern durchgef\u00fchrt und w\u00e4chst stetig weiter. DigiHero wird unter Leitung der Universit\u00e4tsmedizin Halle von Forscherinnen und Forschern aus sechs Universit\u00e4ten mit unterschiedlichen Forschungsschwerpunkten getragen, die gemeinsam<\/p>\n\t\t<\/div>\n\t\t\n\t\t<a class=\"elementor-post__read-more\" href=\"https:\/\/webszh.uk-halle.de\/digihero\/2024\/11\/25\/digihero-studie-weitet-befragungen-auf-weitere-regionen-aus\/\" aria-label=\"Mehr \u00fcber \u201eDigiHero\u201c-Studie weitet Befragungen auf weitere Regionen aus\" tabindex=\"-1\" >\n\t\t\tWeiterlesen \u00bb\t\t<\/a>\n\n\t\t\t\t<\/div>\n\t\t\t\t<\/article>\n\t\t\t\t<article class=\"elementor-post elementor-grid-item post-7698 post type-post status-publish format-standard has-post-thumbnail hentry category-aktuelles\" role=\"listitem\">\n\t\t\t\t<a class=\"elementor-post__thumbnail__link\" href=\"https:\/\/webszh.uk-halle.de\/digihero\/2024\/10\/14\/digihero-startet-in-bundesland-nordrhein-westfalen\/\" tabindex=\"-1\" >\n\t\t\t<div class=\"elementor-post__thumbnail\"><img loading=\"lazy\" decoding=\"async\" width=\"1920\" height=\"845\" src=\"https:\/\/webszh.uk-halle.de\/digihero\/wp-content\/uploads\/2024\/10\/Website-Kachel.png\" class=\"attachment-full size-full wp-image-7710\" alt=\"NRW: Werden auch Sie ein &quot;DigiHero&quot;\" srcset=\"https:\/\/webszh.uk-halle.de\/digihero\/wp-content\/uploads\/2024\/10\/Website-Kachel.png 1920w, https:\/\/webszh.uk-halle.de\/digihero\/wp-content\/uploads\/2024\/10\/Website-Kachel-300x132.png 300w, https:\/\/webszh.uk-halle.de\/digihero\/wp-content\/uploads\/2024\/10\/Website-Kachel-1024x451.png 1024w, https:\/\/webszh.uk-halle.de\/digihero\/wp-content\/uploads\/2024\/10\/Website-Kachel-768x338.png 768w, https:\/\/webszh.uk-halle.de\/digihero\/wp-content\/uploads\/2024\/10\/Website-Kachel-1536x676.png 1536w\" sizes=\"(max-width: 1920px) 100vw, 1920px\" \/><\/div>\n\t\t<\/a>\n\t\t\t\t<div class=\"elementor-post__text\">\n\t\t\t\t<h3 class=\"elementor-post__title\">\n\t\t\t<a href=\"https:\/\/webszh.uk-halle.de\/digihero\/2024\/10\/14\/digihero-startet-in-bundesland-nordrhein-westfalen\/\" >\n\t\t\t\tDigiHero startet in Bundesland Nordrhein-Westfalen\t\t\t<\/a>\n\t\t<\/h3>\n\t\t\t\t<div class=\"elementor-post__meta-data\">\n\t\t\t\t\t<span class=\"elementor-post-date\">\n\t\t\t14. Oktober 2024\t\t<\/span>\n\t\t\t\t<\/div>\n\t\t\t\t<div class=\"elementor-post__excerpt\">\n\t\t\t<p>In den folgenden Wochen erhalten ausgew\u00e4hlte B\u00fcrgerinnen und B\u00fcrger in Nordrhein-Westfalen postalische Einladungen zur DigiHero Studie. Diese Erweiterung ist durch eine Kooperation mit dem Institut f\u00fcr Pr\u00e4vention und Arbeitsmedizin der Deutschen Gesetzlichen Unfallversicherung der Ruhr-Universit\u00e4t Bochum und der Universit\u00e4t M\u00fcnster m\u00f6glich. Das Institut f\u00fcr Pr\u00e4vention und Arbeitsmedizin der Deutschen Gesetzlichen Unfallversicherung der Ruhr-Universit\u00e4t Bochum hat dazu folgende Pressemitteilung ver\u00f6ffentlicht: Werden auch Sie ein \u201eDigiHero\u201c DigiHero-Studie weitet Befragungen auf Nordrhein-Westfalen aus DigiHero ist die gr\u00f6\u00dfte Online-Studie<\/p>\n\t\t<\/div>\n\t\t\n\t\t<a class=\"elementor-post__read-more\" href=\"https:\/\/webszh.uk-halle.de\/digihero\/2024\/10\/14\/digihero-startet-in-bundesland-nordrhein-westfalen\/\" aria-label=\"Mehr \u00fcber DigiHero startet in Bundesland Nordrhein-Westfalen\" tabindex=\"-1\" >\n\t\t\tWeiterlesen \u00bb\t\t<\/a>\n\n\t\t\t\t<\/div>\n\t\t\t\t<\/article>\n\t\t\t\t<article class=\"elementor-post elementor-grid-item post-7679 post type-post status-publish format-standard has-post-thumbnail hentry category-aktuelles\" role=\"listitem\">\n\t\t\t\t<a class=\"elementor-post__thumbnail__link\" href=\"https:\/\/webszh.uk-halle.de\/digihero\/2024\/09\/20\/neue-publikation-zur-uebertragung-von-sars-cov-2-in-haushalten-erschienen\/\" tabindex=\"-1\" >\n\t\t\t<div class=\"elementor-post__thumbnail\"><img loading=\"lazy\" decoding=\"async\" width=\"1920\" height=\"845\" src=\"https:\/\/webszh.uk-halle.de\/digihero\/wp-content\/uploads\/2024\/09\/kachel-neue-studie-so-schuetzt-die-impfung-vor-omikron-in-haushalten.png\" class=\"attachment-full size-full wp-image-7690\" alt=\"\" srcset=\"https:\/\/webszh.uk-halle.de\/digihero\/wp-content\/uploads\/2024\/09\/kachel-neue-studie-so-schuetzt-die-impfung-vor-omikron-in-haushalten.png 1920w, https:\/\/webszh.uk-halle.de\/digihero\/wp-content\/uploads\/2024\/09\/kachel-neue-studie-so-schuetzt-die-impfung-vor-omikron-in-haushalten-300x132.png 300w, https:\/\/webszh.uk-halle.de\/digihero\/wp-content\/uploads\/2024\/09\/kachel-neue-studie-so-schuetzt-die-impfung-vor-omikron-in-haushalten-1024x451.png 1024w, https:\/\/webszh.uk-halle.de\/digihero\/wp-content\/uploads\/2024\/09\/kachel-neue-studie-so-schuetzt-die-impfung-vor-omikron-in-haushalten-768x338.png 768w, https:\/\/webszh.uk-halle.de\/digihero\/wp-content\/uploads\/2024\/09\/kachel-neue-studie-so-schuetzt-die-impfung-vor-omikron-in-haushalten-1536x676.png 1536w\" sizes=\"(max-width: 1920px) 100vw, 1920px\" \/><\/div>\n\t\t<\/a>\n\t\t\t\t<div class=\"elementor-post__text\">\n\t\t\t\t<h3 class=\"elementor-post__title\">\n\t\t\t<a href=\"https:\/\/webszh.uk-halle.de\/digihero\/2024\/09\/20\/neue-publikation-zur-uebertragung-von-sars-cov-2-in-haushalten-erschienen\/\" >\n\t\t\t\tNeue Publikation zur \u00dcbertragung von SARS-CoV-2 in Haushalten erschienen\t\t\t<\/a>\n\t\t<\/h3>\n\t\t\t\t<div class=\"elementor-post__meta-data\">\n\t\t\t\t\t<span class=\"elementor-post-date\">\n\t\t\t20. September 2024\t\t<\/span>\n\t\t\t\t<\/div>\n\t\t\t\t<div class=\"elementor-post__excerpt\">\n\t\t\t<p>Das DigiHero Team hat Daten zur \u00dcbertragungsstudie, an der 457 DigiHero Haushalte teilgenommen, ausgewertet. Die Ergebnisse konnten jetzt in einer englischsprachigen Fachzeitschrift ver\u00f6ffentlicht werden. Eine Zusammenfassung der Ergebnisse mit dem Verweis zur Originalpublikation finden Sie hier.<\/p>\n\t\t<\/div>\n\t\t\n\t\t<a class=\"elementor-post__read-more\" href=\"https:\/\/webszh.uk-halle.de\/digihero\/2024\/09\/20\/neue-publikation-zur-uebertragung-von-sars-cov-2-in-haushalten-erschienen\/\" aria-label=\"Mehr \u00fcber Neue Publikation zur \u00dcbertragung von SARS-CoV-2 in Haushalten erschienen\" tabindex=\"-1\" >\n\t\t\tWeiterlesen \u00bb\t\t<\/a>\n\n\t\t\t\t<\/div>\n\t\t\t\t<\/article>\n\t\t\t\t<\/div>\n\t\t\n\t\t\t\t<div class=\"e-load-more-anchor\" data-page=\"1\" data-max-page=\"8\" data-next-page=\"https:\/\/webszh.uk-halle.de\/digihero\/wp-json\/wp\/v2\/pages\/4748\/page\/2\/\"><\/div>\n\t\t\t\t<nav class=\"elementor-pagination\" aria-label=\"Seitennummerierung\">\n\t\t\t<span aria-current=\"page\" class=\"page-numbers current\"><span class=\"elementor-screen-only\">Seite<\/span>1<\/span>\n<a class=\"page-numbers\" href=\"https:\/\/webszh.uk-halle.de\/digihero\/wp-json\/wp\/v2\/pages\/4748\/page\/2\/\"><span class=\"elementor-screen-only\">Seite<\/span>2<\/a>\n<a class=\"page-numbers\" href=\"https:\/\/webszh.uk-halle.de\/digihero\/wp-json\/wp\/v2\/pages\/4748\/page\/3\/\"><span class=\"elementor-screen-only\">Seite<\/span>3<\/a>\n<span class=\"page-numbers dots\">&hellip;<\/span>\n<a class=\"page-numbers\" href=\"https:\/\/webszh.uk-halle.de\/digihero\/wp-json\/wp\/v2\/pages\/4748\/page\/5\/\"><span class=\"elementor-screen-only\">Seite<\/span>5<\/a>\t\t<\/nav>\n\t\t\t\t\t\t<\/div>\n\t\t\t\t<\/div>\n\t\t\t\t\t<\/div>\n\t\t<\/div>\n\t\t\t\t\t<\/div>\n\t\t<\/section>\n\t\t\t\t<\/div>\n\t\t","protected":false},"excerpt":{"rendered":"<p>Aktuelles<\/p>\n","protected":false},"author":20,"featured_media":0,"parent":0,"menu_order":0,"comment_status":"closed","ping_status":"closed","template":"","meta":{"_acf_changed":false,"footnotes":""},"class_list":["post-4748","page","type-page","status-publish","hentry"],"acf":[],"_links":{"self":[{"href":"https:\/\/webszh.uk-halle.de\/digihero\/wp-json\/wp\/v2\/pages\/4748","targetHints":{"allow":["GET"]}}],"collection":[{"href":"https:\/\/webszh.uk-halle.de\/digihero\/wp-json\/wp\/v2\/pages"}],"about":[{"href":"https:\/\/webszh.uk-halle.de\/digihero\/wp-json\/wp\/v2\/types\/page"}],"author":[{"embeddable":true,"href":"https:\/\/webszh.uk-halle.de\/digihero\/wp-json\/wp\/v2\/users\/20"}],"replies":[{"embeddable":true,"href":"https:\/\/webszh.uk-halle.de\/digihero\/wp-json\/wp\/v2\/comments?post=4748"}],"version-history":[{"count":10,"href":"https:\/\/webszh.uk-halle.de\/digihero\/wp-json\/wp\/v2\/pages\/4748\/revisions"}],"predecessor-version":[{"id":4949,"href":"https:\/\/webszh.uk-halle.de\/digihero\/wp-json\/wp\/v2\/pages\/4748\/revisions\/4949"}],"wp:attachment":[{"href":"https:\/\/webszh.uk-halle.de\/digihero\/wp-json\/wp\/v2\/media?parent=4748"}],"curies":[{"name":"wp","href":"https:\/\/api.w.org\/{rel}","templated":true}]}}