{"id":3820,"date":"2021-11-15T12:33:16","date_gmt":"2021-11-15T11:33:16","guid":{"rendered":"https:\/\/webszh.uk-halle.de\/digihero\/?page_id=3820"},"modified":"2025-01-22T14:52:37","modified_gmt":"2025-01-22T13:52:37","slug":"ergebnisse","status":"publish","type":"page","link":"https:\/\/webszh.uk-halle.de\/digihero\/ergebnisse\/","title":{"rendered":"Ergebnisse"},"content":{"rendered":"\t\t<div data-elementor-type=\"wp-page\" data-elementor-id=\"3820\" class=\"elementor elementor-3820\" data-elementor-post-type=\"page\">\n\t\t\t\t\t\t<section class=\"elementor-section elementor-top-section elementor-element elementor-element-2a3c451 elementor-section-height-min-height elementor-section-boxed elementor-section-height-default elementor-section-items-middle\" data-id=\"2a3c451\" data-element_type=\"section\" data-e-type=\"section\" data-settings=\"{&quot;background_background&quot;:&quot;classic&quot;}\">\n\t\t\t\t\t\t\t<div class=\"elementor-background-overlay\"><\/div>\n\t\t\t\t\t\t\t<div class=\"elementor-container elementor-column-gap-default\">\n\t\t\t\t\t<div class=\"elementor-column elementor-col-100 elementor-top-column elementor-element elementor-element-812fb04\" data-id=\"812fb04\" data-element_type=\"column\" data-e-type=\"column\">\n\t\t\t<div class=\"elementor-widget-wrap elementor-element-populated\">\n\t\t\t\t\t\t<div class=\"elementor-element elementor-element-d16b162 elementor-widget elementor-widget-heading\" data-id=\"d16b162\" data-element_type=\"widget\" data-e-type=\"widget\" data-widget_type=\"heading.default\">\n\t\t\t\t\t<h2 class=\"elementor-heading-title elementor-size-default\">Ergebnisse<\/h2>\t\t\t\t<\/div>\n\t\t\t\t\t<\/div>\n\t\t<\/div>\n\t\t\t\t\t<\/div>\n\t\t<\/section>\n\t\t<div class=\"elementor-element elementor-element-251d8cf e-flex e-con-boxed e-con e-parent\" data-id=\"251d8cf\" data-element_type=\"container\" data-e-type=\"container\">\n\t\t\t\t\t<div class=\"e-con-inner\">\n\t\t<div class=\"elementor-element elementor-element-071cd6b e-con-full e-flex e-con e-child\" data-id=\"071cd6b\" data-element_type=\"container\" data-e-type=\"container\">\n\t\t\t\t<\/div>\n\t\t\t\t\t<\/div>\n\t\t\t\t<\/div>\n\t\t\t\t<section class=\"elementor-section elementor-top-section elementor-element elementor-element-85fb804 elementor-section-boxed elementor-section-height-default elementor-section-height-default\" data-id=\"85fb804\" data-element_type=\"section\" data-e-type=\"section\">\n\t\t\t\t\t\t<div class=\"elementor-container elementor-column-gap-default\">\n\t\t\t\t\t<div class=\"elementor-column elementor-col-100 elementor-top-column elementor-element elementor-element-4e129da\" data-id=\"4e129da\" data-element_type=\"column\" data-e-type=\"column\">\n\t\t\t<div class=\"elementor-widget-wrap elementor-element-populated\">\n\t\t\t\t\t\t<div class=\"elementor-element elementor-element-ff97366 elementor-grid-2 elementor-posts--thumbnail-none elementor-grid-tablet-2 elementor-grid-mobile-1 elementor-widget elementor-widget-posts\" data-id=\"ff97366\" data-element_type=\"widget\" data-e-type=\"widget\" data-settings=\"{&quot;pagination_type&quot;:&quot;load_more_infinite_scroll&quot;,&quot;classic_columns&quot;:&quot;2&quot;,&quot;classic_row_gap&quot;:{&quot;unit&quot;:&quot;px&quot;,&quot;size&quot;:75,&quot;sizes&quot;:[]},&quot;classic_row_gap_tablet&quot;:{&quot;unit&quot;:&quot;px&quot;,&quot;size&quot;:25,&quot;sizes&quot;:[]},&quot;classic_columns_tablet&quot;:&quot;2&quot;,&quot;classic_columns_mobile&quot;:&quot;1&quot;,&quot;classic_row_gap_mobile&quot;:{&quot;unit&quot;:&quot;px&quot;,&quot;size&quot;:&quot;&quot;,&quot;sizes&quot;:[]},&quot;load_more_spinner&quot;:{&quot;value&quot;:&quot;fas fa-spinner&quot;,&quot;library&quot;:&quot;fa-solid&quot;}}\" data-widget_type=\"posts.classic\">\n\t\t\t\t<div class=\"elementor-widget-container\">\n\t\t\t\t\t\t\t<div class=\"elementor-posts-container elementor-posts elementor-posts--skin-classic elementor-grid\" role=\"list\">\n\t\t\t\t<article class=\"elementor-post elementor-grid-item post-10250 post type-post status-publish format-standard hentry category-ergebnisse\" role=\"listitem\">\n\t\t\t\t<div class=\"elementor-post__text\">\n\t\t\t\t<h3 class=\"elementor-post__title\">\n\t\t\t<a href=\"https:\/\/webszh.uk-halle.de\/digihero\/2025\/12\/11\/wie-erkennen-wir-neue-infektionen-bei-personen-die-eine-infektion-mit-dem-erreger-hatten-3\/\" >\n\t\t\t\tWie erkennen wir neue Infektionen bei Personen, die eine Infektion mit dem Erreger hatten?\t\t\t<\/a>\n\t\t<\/h3>\n\t\t\t\t<div class=\"elementor-post__excerpt\">\n\t\t\t<p>In unserer aktuellen Studie wenden wir uns dem Problem zu, wie man neue Infektionen erkennen kann. Wir untersuchen die Frage am Beispiel der SARS-CoV-2 Infektion. W\u00e4hrend der Pandemie wurde h\u00e4ufig getestet und es war einfacher festzustellen, ob jemand eine neue Infektion hatte. Nach dem Ende der Pandemie wird weniger h\u00e4ufig getestet. Eine Infektion kann man auch nachtr\u00e4glich anhand der spezifischen Antik\u00f6rper nachweisen. Allerdings hatten inzwischen viele Personen mehrere Impfungen oder Infektionen. Dadurch ver\u00e4ndern sich die Antik\u00f6rperspiegel im Blut stetig, und typische Symptome treten nicht immer auf. Unsere aktuelle Untersuchung aus der DigiHero-Studie zeigt, dass g\u00e4ngige Kriterien, wie das alleinige Vorliegen von Symptomen, die auch durch andere Erreger verursacht werden k\u00f6nnen, oder der Nachweis einer Serokonversion, Infektionen h\u00e4ufig \u00fcbersehen.<\/p>\n\t\t<\/div>\n\t\t\n\t\t<a class=\"elementor-post__read-more\" href=\"https:\/\/webszh.uk-halle.de\/digihero\/2025\/12\/11\/wie-erkennen-wir-neue-infektionen-bei-personen-die-eine-infektion-mit-dem-erreger-hatten-3\/\" aria-label=\"Mehr \u00fcber Wie erkennen wir neue Infektionen bei Personen, die eine Infektion mit dem Erreger hatten?\" tabindex=\"-1\" >\n\t\t\tWeiterlesen \u00bb\t\t<\/a>\n\n\t\t\t\t<\/div>\n\t\t\t\t<\/article>\n\t\t\t\t<article class=\"elementor-post elementor-grid-item post-9237 post type-post status-publish format-standard hentry category-ergebnisse\" role=\"listitem\">\n\t\t\t\t<div class=\"elementor-post__text\">\n\t\t\t\t<h3 class=\"elementor-post__title\">\n\t\t\t<a href=\"https:\/\/webszh.uk-halle.de\/digihero\/2025\/09\/11\/welchen-einfluss-haben-vorangegangene-impfungen-und-infektionen-auf-die-dauer-von-mild-verlaufenden-covid-19-erkrankungen\/\" >\n\t\t\t\tWelchen Einfluss haben vorangegangene Impfungen und Infektionen auf die Dauer von mild verlaufenden COVID-19 Erkrankungen?\t\t\t<\/a>\n\t\t<\/h3>\n\t\t\t\t<div class=\"elementor-post__excerpt\">\n\t\t\t<p>Studien zeigten, dass sowohl Impfungen als auch vorangegangene SARS-CoV-2-Infektionen nicht zu einer dauerhaften Immunit\u00e4t gegen\u00fcber Infektionen mit der Omikron-Virusvariante f\u00fchren. Auch eine Steigerung der Immunit\u00e4t durch Auffrischungsimpfungen ist nicht dauerhaft. Impfungen und vorangegangene SARS-CoV-2-Infektionen sch\u00fctzen jedoch vor schweren oder gar t\u00f6dlichen Infektionsverl\u00e4ufen, auch bei Infektionen mit Omikron. Bisher unbekannt ist allerdings der Effekt auf die Infektionsdauer bei milden Verl\u00e4ufen. Diesen haben wir in unserer neuesten Studie, die in der englischsprachigen Fachzeitschrift Journal of Infection and Public Health ver\u00f6ffentlicht wurde, untersucht.<\/p>\n\t\t<\/div>\n\t\t\n\t\t<a class=\"elementor-post__read-more\" href=\"https:\/\/webszh.uk-halle.de\/digihero\/2025\/09\/11\/welchen-einfluss-haben-vorangegangene-impfungen-und-infektionen-auf-die-dauer-von-mild-verlaufenden-covid-19-erkrankungen\/\" aria-label=\"Mehr \u00fcber Welchen Einfluss haben vorangegangene Impfungen und Infektionen auf die Dauer von mild verlaufenden COVID-19 Erkrankungen?\" tabindex=\"-1\" >\n\t\t\tWeiterlesen \u00bb\t\t<\/a>\n\n\t\t\t\t<\/div>\n\t\t\t\t<\/article>\n\t\t\t\t<article class=\"elementor-post elementor-grid-item post-8372 post type-post status-publish format-standard has-post-thumbnail hentry category-aktuelles category-ergebnisse\" role=\"listitem\">\n\t\t\t\t<div class=\"elementor-post__text\">\n\t\t\t\t<h3 class=\"elementor-post__title\">\n\t\t\t<a href=\"https:\/\/webszh.uk-halle.de\/digihero\/2025\/01\/23\/wie-covid-19-und-die-massnahmen-zur-eindaemmung-der-pandemie-die-psychische-gesundheit-beeinflussen\/\" >\n\t\t\t\tWie COVID-19 und die Ma\u00dfnahmen zur Eind\u00e4mmung der Pandemie die psychische Gesundheit beeinflussen\t\t\t<\/a>\n\t\t<\/h3>\n\t\t\t\t<div class=\"elementor-post__excerpt\">\n\t\t\t<p>Die COVID-19-Pandemie hat viele Menschen belastet \u2013 sei es durch die Infektion selbst oder durch die Einschr\u00e4nkungen und Ma\u00dfnahmen, die ergriffen wurden, um das Virus einzud\u00e4mmen. Doch wie genau beeinflussen diese Faktoren die psychische Gesundheit? Unsere Studie, die 2024 in der Fachzeitschrift Psychiatry Research ver\u00f6ffentlicht wurde, hat genau das untersucht.<\/p>\n\t\t<\/div>\n\t\t\n\t\t<a class=\"elementor-post__read-more\" href=\"https:\/\/webszh.uk-halle.de\/digihero\/2025\/01\/23\/wie-covid-19-und-die-massnahmen-zur-eindaemmung-der-pandemie-die-psychische-gesundheit-beeinflussen\/\" aria-label=\"Mehr \u00fcber Wie COVID-19 und die Ma\u00dfnahmen zur Eind\u00e4mmung der Pandemie die psychische Gesundheit beeinflussen\" tabindex=\"-1\" >\n\t\t\tWeiterlesen \u00bb\t\t<\/a>\n\n\t\t\t\t<\/div>\n\t\t\t\t<\/article>\n\t\t\t\t<article class=\"elementor-post elementor-grid-item post-8345 post type-post status-publish format-standard has-post-thumbnail hentry category-aktuelles category-ergebnisse\" role=\"listitem\">\n\t\t\t\t<div class=\"elementor-post__text\">\n\t\t\t\t<h3 class=\"elementor-post__title\">\n\t\t\t<a href=\"https:\/\/webszh.uk-halle.de\/digihero\/2025\/01\/22\/wie-haengt-die-virusvariante-mit-der-genesung-von-post-covid-zusammen\/\" >\n\t\t\t\tWie h\u00e4ngt die Virusvariante mit der Genesung von Post-COVID zusammen?\t\t\t<\/a>\n\t\t<\/h3>\n\t\t\t\t<div class=\"elementor-post__excerpt\">\n\t\t\t<p>Unsere Studie zeigt: Eine Infektion mit der Omikron-Variante f\u00fchrte zu einem schnelleren Abklingen von Post-COVID-Beschwerden im Vergleich zu fr\u00fcheren Varianten. Zwar senkt die Impfung das Risiko eines schweren Akutverlaufs, doch nach Ber\u00fccksichtigung der Virusvarianten zeigte sich in unserer Arbeit kein Zusammenhang zwischen dem Impfstatus und der Dauer der Post-COVID-Beschwerden. Insgesamt waren ein Jahr nach der Infektion weniger als 40 % der Betroffenen genesen, was die Wichtigkeit weiterer Forschung unterstreicht. Eine Zusammenfassung der Ergebnisse mit dem Verweis zur Originalpublikation finden Sie hier.<\/p>\n\t\t<\/div>\n\t\t\n\t\t<a class=\"elementor-post__read-more\" href=\"https:\/\/webszh.uk-halle.de\/digihero\/2025\/01\/22\/wie-haengt-die-virusvariante-mit-der-genesung-von-post-covid-zusammen\/\" aria-label=\"Mehr \u00fcber Wie h\u00e4ngt die Virusvariante mit der Genesung von Post-COVID zusammen?\" tabindex=\"-1\" >\n\t\t\tWeiterlesen \u00bb\t\t<\/a>\n\n\t\t\t\t<\/div>\n\t\t\t\t<\/article>\n\t\t\t\t<\/div>\n\t\t\t\t\t<span class=\"e-load-more-spinner\">\n\t\t\t\t<svg aria-hidden=\"true\" class=\"e-font-icon-svg e-fas-spinner\" viewBox=\"0 0 512 512\" xmlns=\"http:\/\/www.w3.org\/2000\/svg\"><path d=\"M304 48c0 26.51-21.49 48-48 48s-48-21.49-48-48 21.49-48 48-48 48 21.49 48 48zm-48 368c-26.51 0-48 21.49-48 48s21.49 48 48 48 48-21.49 48-48-21.49-48-48-48zm208-208c-26.51 0-48 21.49-48 48s21.49 48 48 48 48-21.49 48-48-21.49-48-48-48zM96 256c0-26.51-21.49-48-48-48S0 229.49 0 256s21.49 48 48 48 48-21.49 48-48zm12.922 99.078c-26.51 0-48 21.49-48 48s21.49 48 48 48 48-21.49 48-48c0-26.509-21.491-48-48-48zm294.156 0c-26.51 0-48 21.49-48 48s21.49 48 48 48 48-21.49 48-48c0-26.509-21.49-48-48-48zM108.922 60.922c-26.51 0-48 21.49-48 48s21.49 48 48 48 48-21.49 48-48-21.491-48-48-48z\"><\/path><\/svg>\t\t\t<\/span>\n\t\t\n\t\t\t\t<div class=\"e-load-more-anchor\" data-page=\"1\" data-max-page=\"4\" data-next-page=\"https:\/\/webszh.uk-halle.de\/digihero\/wp-json\/wp\/v2\/pages\/3820\/page\/2\/\"><\/div>\n\t\t\t\t<div class=\"e-load-more-message\"><\/div>\n\t\t\t\t\t\t<\/div>\n\t\t\t\t<\/div>\n\t\t\t\t\t<\/div>\n\t\t<\/div>\n\t\t\t\t\t<\/div>\n\t\t<\/section>\n\t\t<div class=\"elementor-element elementor-element-25fa806 e-flex e-con-boxed e-con e-parent\" data-id=\"25fa806\" data-element_type=\"container\" data-e-type=\"container\">\n\t\t\t\t\t<div class=\"e-con-inner\">\n\t\t\t\t\t<\/div>\n\t\t\t\t<\/div>\n\t\t\t\t<\/div>\n\t\t","protected":false},"excerpt":{"rendered":"<p>Ergebnisse<\/p>\n","protected":false},"author":20,"featured_media":0,"parent":0,"menu_order":0,"comment_status":"closed","ping_status":"closed","template":"","meta":{"_acf_changed":false,"footnotes":""},"class_list":["post-3820","page","type-page","status-publish","hentry"],"acf":[],"_links":{"self":[{"href":"https:\/\/webszh.uk-halle.de\/digihero\/wp-json\/wp\/v2\/pages\/3820","targetHints":{"allow":["GET"]}}],"collection":[{"href":"https:\/\/webszh.uk-halle.de\/digihero\/wp-json\/wp\/v2\/pages"}],"about":[{"href":"https:\/\/webszh.uk-halle.de\/digihero\/wp-json\/wp\/v2\/types\/page"}],"author":[{"embeddable":true,"href":"https:\/\/webszh.uk-halle.de\/digihero\/wp-json\/wp\/v2\/users\/20"}],"replies":[{"embeddable":true,"href":"https:\/\/webszh.uk-halle.de\/digihero\/wp-json\/wp\/v2\/comments?post=3820"}],"version-history":[{"count":43,"href":"https:\/\/webszh.uk-halle.de\/digihero\/wp-json\/wp\/v2\/pages\/3820\/revisions"}],"predecessor-version":[{"id":8365,"href":"https:\/\/webszh.uk-halle.de\/digihero\/wp-json\/wp\/v2\/pages\/3820\/revisions\/8365"}],"wp:attachment":[{"href":"https:\/\/webszh.uk-halle.de\/digihero\/wp-json\/wp\/v2\/media?parent=3820"}],"curies":[{"name":"wp","href":"https:\/\/api.w.org\/{rel}","templated":true}]}}