{"id":189,"date":"2023-03-07T14:07:45","date_gmt":"2023-03-07T13:07:45","guid":{"rendered":"https:\/\/webszh.uk-halle.de\/coprep\/?page_id=189"},"modified":"2024-03-18T14:39:54","modified_gmt":"2024-03-18T13:39:54","slug":"ziele","status":"publish","type":"page","link":"https:\/\/webszh.uk-halle.de\/coprep\/?page_id=189","title":{"rendered":"Ziele"},"content":{"rendered":"\t\t<div data-elementor-type=\"wp-page\" data-elementor-id=\"189\" class=\"elementor elementor-189\" data-elementor-post-type=\"page\">\n\t\t\t\t\t\t<section class=\"elementor-section elementor-top-section elementor-element elementor-element-273ddc2 elementor-section-height-min-height elementor-section-boxed elementor-section-height-default elementor-section-items-middle\" data-id=\"273ddc2\" data-element_type=\"section\" data-e-type=\"section\" data-settings=\"{&quot;background_background&quot;:&quot;classic&quot;}\">\n\t\t\t\t\t\t\t<div class=\"elementor-background-overlay\"><\/div>\n\t\t\t\t\t\t\t<div class=\"elementor-container elementor-column-gap-default\">\n\t\t\t\t\t<div class=\"elementor-column elementor-col-100 elementor-top-column elementor-element elementor-element-6beffdc\" data-id=\"6beffdc\" data-element_type=\"column\" data-e-type=\"column\">\n\t\t\t<div class=\"elementor-widget-wrap elementor-element-populated\">\n\t\t\t\t\t\t<div class=\"elementor-element elementor-element-40c59e1 elementor-widget elementor-widget-heading\" data-id=\"40c59e1\" data-element_type=\"widget\" data-e-type=\"widget\" data-widget_type=\"heading.default\">\n\t\t\t\t\t<h2 class=\"elementor-heading-title elementor-size-default\">Ziele<\/h2>\t\t\t\t<\/div>\n\t\t\t\t\t<\/div>\n\t\t<\/div>\n\t\t\t\t\t<\/div>\n\t\t<\/section>\n\t\t\t\t<section class=\"elementor-section elementor-top-section elementor-element elementor-element-2103ebe elementor-section-boxed elementor-section-height-default elementor-section-height-default\" data-id=\"2103ebe\" data-element_type=\"section\" data-e-type=\"section\" data-settings=\"{&quot;background_background&quot;:&quot;classic&quot;}\">\n\t\t\t\t\t\t\t<div class=\"elementor-background-overlay\"><\/div>\n\t\t\t\t\t\t\t<div class=\"elementor-container elementor-column-gap-default\">\n\t\t\t\t\t<div class=\"elementor-column elementor-col-100 elementor-top-column elementor-element elementor-element-cf69943\" data-id=\"cf69943\" data-element_type=\"column\" data-e-type=\"column\" data-settings=\"{&quot;background_background&quot;:&quot;classic&quot;}\">\n\t\t\t<div class=\"elementor-widget-wrap elementor-element-populated\">\n\t\t\t\t\t\t<div class=\"elementor-element elementor-element-f409e79 elementor-view-framed elementor-position-inline-start elementor-shape-circle elementor-mobile-position-block-start elementor-widget elementor-widget-icon-box\" data-id=\"f409e79\" data-element_type=\"widget\" data-e-type=\"widget\" data-widget_type=\"icon-box.default\">\n\t\t\t\t\t\t\t<div class=\"elementor-icon-box-wrapper\">\n\n\t\t\t\t\t\t<div class=\"elementor-icon-box-icon\">\n\t\t\t\t<span  class=\"elementor-icon\">\n\t\t\t\t<svg aria-hidden=\"true\" class=\"e-font-icon-svg e-fas-map-marked-alt\" viewBox=\"0 0 576 512\" xmlns=\"http:\/\/www.w3.org\/2000\/svg\"><path d=\"M288 0c-69.59 0-126 56.41-126 126 0 56.26 82.35 158.8 113.9 196.02 6.39 7.54 17.82 7.54 24.2 0C331.65 284.8 414 182.26 414 126 414 56.41 357.59 0 288 0zm0 168c-23.2 0-42-18.8-42-42s18.8-42 42-42 42 18.8 42 42-18.8 42-42 42zM20.12 215.95A32.006 32.006 0 0 0 0 245.66v250.32c0 11.32 11.43 19.06 21.94 14.86L160 448V214.92c-8.84-15.98-16.07-31.54-21.25-46.42L20.12 215.95zM288 359.67c-14.07 0-27.38-6.18-36.51-16.96-19.66-23.2-40.57-49.62-59.49-76.72v182l192 64V266c-18.92 27.09-39.82 53.52-59.49 76.72-9.13 10.77-22.44 16.95-36.51 16.95zm266.06-198.51L416 224v288l139.88-55.95A31.996 31.996 0 0 0 576 426.34V176.02c0-11.32-11.43-19.06-21.94-14.86z\"><\/path><\/svg>\t\t\t\t<\/span>\n\t\t\t<\/div>\n\t\t\t\n\t\t\t\t\t\t<div class=\"elementor-icon-box-content\">\n\n\t\t\t\t\t\t\t\t\t<h2 class=\"elementor-icon-box-title\">\n\t\t\t\t\t\t<span  >\n\t\t\t\t\t\t\tWas soll mit CoPreP erreicht werden?\t\t\t\t\t\t<\/span>\n\t\t\t\t\t<\/h2>\n\t\t\t\t\n\t\t\t\t\n\t\t\t<\/div>\n\t\t\t\n\t\t<\/div>\n\t\t\t\t\t\t<\/div>\n\t\t\t\t<div class=\"elementor-element elementor-element-dfd3437 elementor-widget elementor-widget-text-editor\" data-id=\"dfd3437\" data-element_type=\"widget\" data-e-type=\"widget\" data-widget_type=\"text-editor.default\">\n\t\t\t\t\t\t\t\t\t<p><strong>Die CoPreP-Initiative<\/strong> der Universit\u00e4tsmedizin Halle (UMH) m\u00f6chte mit ihren Projekten zur St\u00e4rkung der pandemischen Vorbereitung (\u201ePandemic Preparedness\u201c) in Sachsen-Anhalt im Hinblick auf die COVID-19-Pandemie\u00a0 beitragen. Sie entwickelt zudem Strategien zur besseren Vorbereitung auf k\u00fcnftige Pandemien f\u00fcr Sachsen-Anhalt und ganz Deutschland.<\/p><p>Ein Kernpunkt, um dies zu erreichen, ist die Entwicklung von zielgerichteten Modellen, die zum einen das Infektionsgeschehen und zum anderen die Effektivit\u00e4t von Ma\u00dfnahmen besser vorhersagen k\u00f6nnen.<\/p><p>Im Einzelnen sollen die folgenden vier Hauptziele verfolgt werden:<\/p><ol><li><span style=\"color: #b51d48;\"><strong>Empirische Analysen<\/strong><\/span> gesundheitsrelevanter Auswirkungen von Pandemiema\u00dfnahmen in ausgew\u00e4hlten Versorgungsbereichen sowie von Bedarfen zur Unterst\u00fctzung der Entscheidungsfindung.<\/li><li><span style=\"color: #b51d48;\"><strong>Interdisziplin\u00e4re Auswertung<\/strong><\/span> der erhobenen Daten und Modellierung der bev\u00f6lkerungsbezogenen und individuellen Auswirkungen einer m\u00f6glichen Priorisierung diagnostischer und therapeutischer Ma\u00dfnahmen.<\/li><li><span style=\"color: #b51d48;\"><strong>Entwicklung<\/strong><\/span> von evidenzbasierten und ethisch begr\u00fcndbaren f\u00fcr die Gesundheitsversorgung in Sachsen-Anhalt praxistauglichen Handlungsempfehlungen f\u00fcr Priorit\u00e4tensetzungen in verschiedenen Bereichen der Gesundheitsversorgung in Zeiten von Pandemien oder anderweitig bedingten Einschr\u00e4nkungen von Ressourcen der Gesundheitsversorgung.<\/li><li><span style=\"color: #b51d48;\"><strong>Pilotierung<\/strong><\/span> und fortlaufende Adaptation der Handlungsempfehlungen unter besonderer Ber\u00fccksichtigung der Versorgungsbedingungen und Gesundheitsprofile der Bev\u00f6lkerung in Sachsen-Anhalt.<\/li><\/ol>\t\t\t\t\t\t\t\t<\/div>\n\t\t\t\t\t<\/div>\n\t\t<\/div>\n\t\t\t\t\t<\/div>\n\t\t<\/section>\n\t\t\t\t<\/div>\n\t\t","protected":false},"excerpt":{"rendered":"<p>Ziele Was soll mit CoPreP erreicht werden? Die CoPreP-Initiative der Universit\u00e4tsmedizin Halle (UMH) m\u00f6chte mit ihren Projekten zur St\u00e4rkung der pandemischen Vorbereitung (\u201ePandemic Preparedness\u201c) in Sachsen-Anhalt im Hinblick auf die COVID-19-Pandemie\u00a0 beitragen. Sie entwickelt zudem Strategien zur besseren Vorbereitung auf k\u00fcnftige Pandemien f\u00fcr Sachsen-Anhalt und ganz Deutschland. Ein Kernpunkt, um dies zu erreichen, ist die [&hellip;]<\/p>\n","protected":false},"author":2,"featured_media":0,"parent":0,"menu_order":0,"comment_status":"closed","ping_status":"closed","template":"","meta":{"footnotes":""},"class_list":["post-189","page","type-page","status-publish","hentry"],"_links":{"self":[{"href":"https:\/\/webszh.uk-halle.de\/coprep\/index.php?rest_route=\/wp\/v2\/pages\/189","targetHints":{"allow":["GET"]}}],"collection":[{"href":"https:\/\/webszh.uk-halle.de\/coprep\/index.php?rest_route=\/wp\/v2\/pages"}],"about":[{"href":"https:\/\/webszh.uk-halle.de\/coprep\/index.php?rest_route=\/wp\/v2\/types\/page"}],"author":[{"embeddable":true,"href":"https:\/\/webszh.uk-halle.de\/coprep\/index.php?rest_route=\/wp\/v2\/users\/2"}],"replies":[{"embeddable":true,"href":"https:\/\/webszh.uk-halle.de\/coprep\/index.php?rest_route=%2Fwp%2Fv2%2Fcomments&post=189"}],"version-history":[{"count":14,"href":"https:\/\/webszh.uk-halle.de\/coprep\/index.php?rest_route=\/wp\/v2\/pages\/189\/revisions"}],"predecessor-version":[{"id":1372,"href":"https:\/\/webszh.uk-halle.de\/coprep\/index.php?rest_route=\/wp\/v2\/pages\/189\/revisions\/1372"}],"wp:attachment":[{"href":"https:\/\/webszh.uk-halle.de\/coprep\/index.php?rest_route=%2Fwp%2Fv2%2Fmedia&parent=189"}],"curies":[{"name":"wp","href":"https:\/\/api.w.org\/{rel}","templated":true}]}}