{"id":186,"date":"2023-03-07T14:03:23","date_gmt":"2023-03-07T13:03:23","guid":{"rendered":"https:\/\/webszh.uk-halle.de\/coprep\/?page_id=186"},"modified":"2024-03-18T14:38:09","modified_gmt":"2024-03-18T13:38:09","slug":"hintergruende-2","status":"publish","type":"page","link":"https:\/\/webszh.uk-halle.de\/coprep\/?page_id=186","title":{"rendered":"Hintergr\u00fcnde"},"content":{"rendered":"\t\t<div data-elementor-type=\"wp-page\" data-elementor-id=\"186\" class=\"elementor elementor-186\" data-elementor-post-type=\"page\">\n\t\t\t\t\t\t<section class=\"elementor-section elementor-top-section elementor-element elementor-element-0463741 elementor-section-height-min-height elementor-section-boxed elementor-section-height-default elementor-section-items-middle\" data-id=\"0463741\" data-element_type=\"section\" data-e-type=\"section\" data-settings=\"{&quot;background_background&quot;:&quot;classic&quot;}\">\n\t\t\t\t\t\t\t<div class=\"elementor-background-overlay\"><\/div>\n\t\t\t\t\t\t\t<div class=\"elementor-container elementor-column-gap-default\">\n\t\t\t\t\t<div class=\"elementor-column elementor-col-100 elementor-top-column elementor-element elementor-element-42d857f\" data-id=\"42d857f\" data-element_type=\"column\" data-e-type=\"column\">\n\t\t\t<div class=\"elementor-widget-wrap elementor-element-populated\">\n\t\t\t\t\t\t<div class=\"elementor-element elementor-element-79a3687 elementor-widget elementor-widget-heading\" data-id=\"79a3687\" data-element_type=\"widget\" data-e-type=\"widget\" data-widget_type=\"heading.default\">\n\t\t\t\t\t<h2 class=\"elementor-heading-title elementor-size-default\">Hintergr\u00fcnde<\/h2>\t\t\t\t<\/div>\n\t\t\t\t\t<\/div>\n\t\t<\/div>\n\t\t\t\t\t<\/div>\n\t\t<\/section>\n\t\t\t\t<section class=\"elementor-section elementor-top-section elementor-element elementor-element-c592340 elementor-section-boxed elementor-section-height-default elementor-section-height-default\" data-id=\"c592340\" data-element_type=\"section\" data-e-type=\"section\" data-settings=\"{&quot;background_background&quot;:&quot;classic&quot;}\">\n\t\t\t\t\t\t\t<div class=\"elementor-background-overlay\"><\/div>\n\t\t\t\t\t\t\t<div class=\"elementor-container elementor-column-gap-default\">\n\t\t\t\t\t<div class=\"elementor-column elementor-col-100 elementor-top-column elementor-element elementor-element-9f7246a\" data-id=\"9f7246a\" data-element_type=\"column\" data-e-type=\"column\" data-settings=\"{&quot;background_background&quot;:&quot;classic&quot;}\">\n\t\t\t<div class=\"elementor-widget-wrap elementor-element-populated\">\n\t\t\t\t\t\t<div class=\"elementor-element elementor-element-ab1c98f elementor-view-framed elementor-position-inline-start elementor-shape-circle elementor-mobile-position-block-start elementor-widget elementor-widget-icon-box\" data-id=\"ab1c98f\" data-element_type=\"widget\" data-e-type=\"widget\" data-widget_type=\"icon-box.default\">\n\t\t\t\t\t\t\t<div class=\"elementor-icon-box-wrapper\">\n\n\t\t\t\t\t\t<div class=\"elementor-icon-box-icon\">\n\t\t\t\t<span  class=\"elementor-icon\">\n\t\t\t\t<svg aria-hidden=\"true\" class=\"e-font-icon-svg e-fas-lightbulb\" viewBox=\"0 0 352 512\" xmlns=\"http:\/\/www.w3.org\/2000\/svg\"><path d=\"M96.06 454.35c.01 6.29 1.87 12.45 5.36 17.69l17.09 25.69a31.99 31.99 0 0 0 26.64 14.28h61.71a31.99 31.99 0 0 0 26.64-14.28l17.09-25.69a31.989 31.989 0 0 0 5.36-17.69l.04-38.35H96.01l.05 38.35zM0 176c0 44.37 16.45 84.85 43.56 115.78 16.52 18.85 42.36 58.23 52.21 91.45.04.26.07.52.11.78h160.24c.04-.26.07-.51.11-.78 9.85-33.22 35.69-72.6 52.21-91.45C335.55 260.85 352 220.37 352 176 352 78.61 272.91-.3 175.45 0 73.44.31 0 82.97 0 176zm176-80c-44.11 0-80 35.89-80 80 0 8.84-7.16 16-16 16s-16-7.16-16-16c0-61.76 50.24-112 112-112 8.84 0 16 7.16 16 16s-7.16 16-16 16z\"><\/path><\/svg>\t\t\t\t<\/span>\n\t\t\t<\/div>\n\t\t\t\n\t\t\t\t\t\t<div class=\"elementor-icon-box-content\">\n\n\t\t\t\t\t\t\t\t\t<h2 class=\"elementor-icon-box-title\">\n\t\t\t\t\t\t<span  >\n\t\t\t\t\t\t\tWarum wurde CoPreP ins Leben gerufen?\u200b\t\t\t\t\t\t<\/span>\n\t\t\t\t\t<\/h2>\n\t\t\t\t\n\t\t\t\t\n\t\t\t<\/div>\n\t\t\t\n\t\t<\/div>\n\t\t\t\t\t\t<\/div>\n\t\t\t\t<div class=\"elementor-element elementor-element-6eeef26 elementor-widget elementor-widget-text-editor\" data-id=\"6eeef26\" data-element_type=\"widget\" data-e-type=\"widget\" data-widget_type=\"text-editor.default\">\n\t\t\t\t\t\t\t\t\t<p>Pandemien stellen eine der <a href=\"https:\/\/www.who.int\/news-room\/spotlight\/ten-threats-to-global-health-in-2019\" target=\"_blank\" rel=\"noopener\">gr\u00f6\u00dften Bedrohungen<\/a> f\u00fcr die Menschheit und die modernen Gesellschaften dar. Die WHO hat dieses Problem zwar seit vielen Jahren adressiert, die aktuelle Pandemie legte jedoch in brutaler Art und Weise offen, wie gro\u00df die Wissensl\u00fccken und die Defizite in der Vorbereitung von Gesundheitssystemen im Hinblick auf Pandemiesituationen nach wie vor sind.<\/p><p>Diese Defizite stellen Entscheidungstr\u00e4ger in Politik und anderen Lebensbereichen vor enorme Herausforderungen, da sie \u00fcber Ma\u00dfnahmen nicht nur als Reaktion auf bereits eingetretene ung\u00fcnstige Szenarien entscheiden m\u00fcssen, sondern pr\u00e4emptiv basierend auf Prognosen, die in der Weise bisher keine Entscheidungsgrundlage darstellten.<\/p><p>Da es sich teilweise um erhebliche Einschr\u00e4nkungen individueller Freiheiten handelte (z.B. Lockdown, Impfpflicht), die mit Grundrechten konfligierten und mit enormen wirtschaftlichen Folgen einhergingen, bedarf es m\u00f6glichst genauer Vorhersagemodelle, um Ma\u00dfnahmen passgenau einsetzen zu k\u00f6nnen.<\/p>\t\t\t\t\t\t\t\t<\/div>\n\t\t\t\t\t<\/div>\n\t\t<\/div>\n\t\t\t\t\t<\/div>\n\t\t<\/section>\n\t\t\t\t<\/div>\n\t\t","protected":false},"excerpt":{"rendered":"<p>Hintergr\u00fcnde Warum wurde CoPreP ins Leben gerufen?\u200b Pandemien stellen eine der gr\u00f6\u00dften Bedrohungen f\u00fcr die Menschheit und die modernen Gesellschaften dar. Die WHO hat dieses Problem zwar seit vielen Jahren adressiert, die aktuelle Pandemie legte jedoch in brutaler Art und Weise offen, wie gro\u00df die Wissensl\u00fccken und die Defizite in der Vorbereitung von Gesundheitssystemen im [&hellip;]<\/p>\n","protected":false},"author":2,"featured_media":0,"parent":0,"menu_order":0,"comment_status":"closed","ping_status":"closed","template":"","meta":{"footnotes":""},"class_list":["post-186","page","type-page","status-publish","hentry"],"_links":{"self":[{"href":"https:\/\/webszh.uk-halle.de\/coprep\/index.php?rest_route=\/wp\/v2\/pages\/186","targetHints":{"allow":["GET"]}}],"collection":[{"href":"https:\/\/webszh.uk-halle.de\/coprep\/index.php?rest_route=\/wp\/v2\/pages"}],"about":[{"href":"https:\/\/webszh.uk-halle.de\/coprep\/index.php?rest_route=\/wp\/v2\/types\/page"}],"author":[{"embeddable":true,"href":"https:\/\/webszh.uk-halle.de\/coprep\/index.php?rest_route=\/wp\/v2\/users\/2"}],"replies":[{"embeddable":true,"href":"https:\/\/webszh.uk-halle.de\/coprep\/index.php?rest_route=%2Fwp%2Fv2%2Fcomments&post=186"}],"version-history":[{"count":38,"href":"https:\/\/webszh.uk-halle.de\/coprep\/index.php?rest_route=\/wp\/v2\/pages\/186\/revisions"}],"predecessor-version":[{"id":1369,"href":"https:\/\/webszh.uk-halle.de\/coprep\/index.php?rest_route=\/wp\/v2\/pages\/186\/revisions\/1369"}],"wp:attachment":[{"href":"https:\/\/webszh.uk-halle.de\/coprep\/index.php?rest_route=%2Fwp%2Fv2%2Fmedia&parent=186"}],"curies":[{"name":"wp","href":"https:\/\/api.w.org\/{rel}","templated":true}]}}