{"id":929,"date":"2022-01-09T16:26:43","date_gmt":"2022-01-09T16:26:43","guid":{"rendered":"https:\/\/webszh.uk-halle.de\/carla-studie\/?page_id=929"},"modified":"2022-12-21T14:44:04","modified_gmt":"2022-12-21T14:44:04","slug":"teilnehmerinformationen","status":"publish","type":"page","link":"https:\/\/webszh.uk-halle.de\/carla-studie\/index.php\/teilnehmerinformationen\/","title":{"rendered":"Teilnehmerinformationen"},"content":{"rendered":"\t\t<div data-elementor-type=\"wp-page\" data-elementor-id=\"929\" class=\"elementor elementor-929\">\n\t\t\t\t\t\t<div class=\"elementor-inner\">\n\t\t\t\t<div class=\"elementor-section-wrap\">\n\t\t\t\t\t\t\t\t\t<section class=\"elementor-section elementor-top-section elementor-element elementor-element-21f2f200 elementor-section-full_width elementor-section-height-default elementor-section-height-default\" data-id=\"21f2f200\" data-element_type=\"section\" data-settings=\"{&quot;background_background&quot;:&quot;classic&quot;}\">\n\t\t\t\t\t\t\t<div class=\"elementor-background-overlay\"><\/div>\n\t\t\t\t\t\t\t<div class=\"elementor-container elementor-column-gap-default\">\n\t\t\t\t\t\t\t<div class=\"elementor-row\">\n\t\t\t\t\t<div class=\"elementor-column elementor-col-100 elementor-top-column elementor-element elementor-element-79f2161b\" data-id=\"79f2161b\" data-element_type=\"column\">\n\t\t\t<div class=\"elementor-column-wrap elementor-element-populated\">\n\t\t\t\t\t\t\t<div class=\"elementor-widget-wrap\">\n\t\t\t\t\t\t<div class=\"elementor-element elementor-element-414e4f4e elementor-widget elementor-widget-heading\" data-id=\"414e4f4e\" data-element_type=\"widget\" data-widget_type=\"heading.default\">\n\t\t\t\t<div class=\"elementor-widget-container\">\n\t\t\t<h2 class=\"elementor-heading-title elementor-size-default\">Informationen f\u00fcr Teilnehmende<\/h2>\t\t<\/div>\n\t\t\t\t<\/div>\n\t\t\t\t\t\t<\/div>\n\t\t\t\t\t<\/div>\n\t\t<\/div>\n\t\t\t\t\t\t\t\t<\/div>\n\t\t\t\t\t<\/div>\n\t\t<\/section>\n\t\t\t\t<section class=\"elementor-section elementor-top-section elementor-element elementor-element-03fc0f9 elementor-section-boxed elementor-section-height-default elementor-section-height-default\" data-id=\"03fc0f9\" data-element_type=\"section\">\n\t\t\t\t\t\t<div class=\"elementor-container elementor-column-gap-default\">\n\t\t\t\t\t\t\t<div class=\"elementor-row\">\n\t\t\t\t\t<div class=\"elementor-column elementor-col-100 elementor-top-column elementor-element elementor-element-c015cd7\" data-id=\"c015cd7\" data-element_type=\"column\">\n\t\t\t<div class=\"elementor-column-wrap elementor-element-populated\">\n\t\t\t\t\t\t\t<div class=\"elementor-widget-wrap\">\n\t\t\t\t\t\t<div class=\"elementor-element elementor-element-6cbbc3f elementor-widget elementor-widget-text-editor\" data-id=\"6cbbc3f\" data-element_type=\"widget\" data-widget_type=\"text-editor.default\">\n\t\t\t\t<div class=\"elementor-widget-container\">\n\t\t\t\t\t\t\t\t<div class=\"elementor-text-editor elementor-clearfix\">\n\t\t\t\t\t\t\t\t\t<\/div>\n\t\t\t\t\t\t<\/div>\n\t\t\t\t<\/div>\n\t\t\t\t\t\t<\/div>\n\t\t\t\t\t<\/div>\n\t\t<\/div>\n\t\t\t\t\t\t\t\t<\/div>\n\t\t\t\t\t<\/div>\n\t\t<\/section>\n\t\t\t\t<section class=\"elementor-section elementor-top-section elementor-element elementor-element-a0892b2 elementor-section-boxed elementor-section-height-default elementor-section-height-default\" data-id=\"a0892b2\" data-element_type=\"section\">\n\t\t\t\t\t\t<div class=\"elementor-container elementor-column-gap-default\">\n\t\t\t\t\t\t\t<div class=\"elementor-row\">\n\t\t\t\t\t<div class=\"elementor-column elementor-col-100 elementor-top-column elementor-element elementor-element-e590724\" data-id=\"e590724\" data-element_type=\"column\">\n\t\t\t<div class=\"elementor-column-wrap elementor-element-populated\">\n\t\t\t\t\t\t\t<div class=\"elementor-widget-wrap\">\n\t\t\t\t\t\t<div class=\"elementor-element elementor-element-5fce470 elementor-widget elementor-widget-text-editor\" data-id=\"5fce470\" data-element_type=\"widget\" data-widget_type=\"text-editor.default\">\n\t\t\t\t<div class=\"elementor-widget-container\">\n\t\t\t\t\t\t\t\t<div class=\"elementor-text-editor elementor-clearfix\">\n\t\t\t\t<ul>\n<li><a href=\"https:\/\/webszh.uk-halle.de\/carla-studie\/wp-content\/uploads\/2022\/01\/TN-Info_CARLA_V7_2021-04-07.pdf\" target=\"_blank\" rel=\"noopener\">Informationsbrosch\u00fcre zum Ablauf der Untersuchungen<\/a><\/li>\n<li><a href=\"https:\/\/webszh.uk-halle.de\/carla-studie\/wp-content\/uploads\/2022\/01\/Info-DSGV-CARLA_V2_2020-10-29.pdf\" target=\"_blank\" rel=\"noopener\">Datenschutzerkl\u00e4rung<\/a><\/li>\n<li><a href=\"https:\/\/webszh.uk-halle.de\/carla-studie\/wp-content\/uploads\/2022\/01\/Wegbeschreibung_UKM_mit_Lageplan_V6_CARLA.pdf\" target=\"_blank\" rel=\"noopener\">Wegbeschreibung zum Studienzentrum<\/a><\/li>\n<li><a href=\"https:\/\/webszh.uk-halle.de\/carla-studie\/wp-content\/uploads\/2022\/01\/Beiblatt-Corona-Terminbestaetigung_V1_CARLA.pdf\" target=\"_blank\" rel=\"noopener\">Informationen zu Covid-19-Schutzvorkehrungen im Studienzentrum<\/a><\/li>\n<li><a href=\"https:\/\/webszh.uk-halle.de\/carla-studie\/wp-content\/uploads\/2022\/01\/Selbstauskunft-COVID-19_TN_V2_CARLA.pdf\" target=\"_blank\" rel=\"noopener\">Selbstauskunftsbogen zur Risikominimierung vor einer Covid-19-Erkrankung<\/a> <br><\/li><\/ul>\n<div>&nbsp;<\/div>\t\t\t\t\t<\/div>\n\t\t\t\t\t\t<\/div>\n\t\t\t\t<\/div>\n\t\t\t\t\t\t<\/div>\n\t\t\t\t\t<\/div>\n\t\t<\/div>\n\t\t\t\t\t\t\t\t<\/div>\n\t\t\t\t\t<\/div>\n\t\t<\/section>\n\t\t\t\t<section class=\"elementor-section elementor-top-section elementor-element elementor-element-871663d elementor-section-boxed elementor-section-height-default elementor-section-height-default\" data-id=\"871663d\" data-element_type=\"section\">\n\t\t\t\t\t\t<div class=\"elementor-container elementor-column-gap-default\">\n\t\t\t\t\t\t\t<div class=\"elementor-row\">\n\t\t\t\t\t\t\t\t\t<\/div>\n\t\t\t\t\t<\/div>\n\t\t<\/section>\n\t\t\t\t\t\t\t\t\t<\/div>\n\t\t\t<\/div>\n\t\t\t\t\t<\/div>\n\t\t","protected":false},"excerpt":{"rendered":"<p>Informationen f\u00fcr Teilnehmende Informationsbrosch\u00fcre zum Ablauf der Untersuchungen Datenschutzerkl\u00e4rung Wegbeschreibung zum Studienzentrum Informationen zu Covid-19-Schutzvorkehrungen im Studienzentrum Selbstauskunftsbogen zur Risikominimierung vor einer Covid-19-Erkrankung &nbsp;<\/p>\n","protected":false},"author":3,"featured_media":0,"parent":0,"menu_order":0,"comment_status":"closed","ping_status":"closed","template":"","meta":{"footnotes":""},"class_list":["post-929","page","type-page","status-publish","hentry"],"_links":{"self":[{"href":"https:\/\/webszh.uk-halle.de\/carla-studie\/index.php\/wp-json\/wp\/v2\/pages\/929","targetHints":{"allow":["GET"]}}],"collection":[{"href":"https:\/\/webszh.uk-halle.de\/carla-studie\/index.php\/wp-json\/wp\/v2\/pages"}],"about":[{"href":"https:\/\/webszh.uk-halle.de\/carla-studie\/index.php\/wp-json\/wp\/v2\/types\/page"}],"author":[{"embeddable":true,"href":"https:\/\/webszh.uk-halle.de\/carla-studie\/index.php\/wp-json\/wp\/v2\/users\/3"}],"replies":[{"embeddable":true,"href":"https:\/\/webszh.uk-halle.de\/carla-studie\/index.php\/wp-json\/wp\/v2\/comments?post=929"}],"version-history":[{"count":77,"href":"https:\/\/webszh.uk-halle.de\/carla-studie\/index.php\/wp-json\/wp\/v2\/pages\/929\/revisions"}],"predecessor-version":[{"id":2120,"href":"https:\/\/webszh.uk-halle.de\/carla-studie\/index.php\/wp-json\/wp\/v2\/pages\/929\/revisions\/2120"}],"wp:attachment":[{"href":"https:\/\/webszh.uk-halle.de\/carla-studie\/index.php\/wp-json\/wp\/v2\/media?parent=929"}],"curies":[{"name":"wp","href":"https:\/\/api.w.org\/{rel}","templated":true}]}}