{"id":84,"date":"2021-06-30T06:17:36","date_gmt":"2021-06-30T06:17:36","guid":{"rendered":"https:\/\/webszh.uk-halle.de\/carla-studie\/?page_id=84"},"modified":"2022-12-21T22:54:06","modified_gmt":"2022-12-21T22:54:06","slug":"faq","status":"publish","type":"page","link":"https:\/\/webszh.uk-halle.de\/carla-studie\/index.php\/faq\/","title":{"rendered":"FAQ"},"content":{"rendered":"\t\t<div data-elementor-type=\"wp-page\" data-elementor-id=\"84\" class=\"elementor elementor-84\">\n\t\t\t\t\t\t<div class=\"elementor-inner\">\n\t\t\t\t<div class=\"elementor-section-wrap\">\n\t\t\t\t\t\t\t\t\t<section class=\"elementor-section elementor-top-section elementor-element elementor-element-2b6eef6d elementor-section-full_width elementor-section-height-default elementor-section-height-default\" data-id=\"2b6eef6d\" data-element_type=\"section\" data-settings=\"{&quot;background_background&quot;:&quot;classic&quot;}\">\n\t\t\t\t\t\t\t<div class=\"elementor-background-overlay\"><\/div>\n\t\t\t\t\t\t\t<div class=\"elementor-container elementor-column-gap-default\">\n\t\t\t\t\t\t\t<div class=\"elementor-row\">\n\t\t\t\t\t<div class=\"elementor-column elementor-col-100 elementor-top-column elementor-element elementor-element-541d2a9d\" data-id=\"541d2a9d\" data-element_type=\"column\">\n\t\t\t<div class=\"elementor-column-wrap elementor-element-populated\">\n\t\t\t\t\t\t\t<div class=\"elementor-widget-wrap\">\n\t\t\t\t\t\t<div class=\"elementor-element elementor-element-45ffb1e9 elementor-widget elementor-widget-heading\" data-id=\"45ffb1e9\" data-element_type=\"widget\" data-widget_type=\"heading.default\">\n\t\t\t\t<div class=\"elementor-widget-container\">\n\t\t\t<h2 class=\"elementor-heading-title elementor-size-default\">H\u00e4ufig gestellte Fragen (FAQ)<\/h2>\t\t<\/div>\n\t\t\t\t<\/div>\n\t\t\t\t\t\t<\/div>\n\t\t\t\t\t<\/div>\n\t\t<\/div>\n\t\t\t\t\t\t\t\t<\/div>\n\t\t\t\t\t<\/div>\n\t\t<\/section>\n\t\t\t\t<section class=\"elementor-section elementor-top-section elementor-element elementor-element-5758b163 elementor-section-boxed elementor-section-height-default elementor-section-height-default\" data-id=\"5758b163\" data-element_type=\"section\">\n\t\t\t\t\t\t<div class=\"elementor-container elementor-column-gap-default\">\n\t\t\t\t\t\t\t<div class=\"elementor-row\">\n\t\t\t\t\t<div class=\"elementor-column elementor-col-100 elementor-top-column elementor-element elementor-element-40c744bc\" data-id=\"40c744bc\" data-element_type=\"column\" data-settings=\"{&quot;background_background&quot;:&quot;classic&quot;}\">\n\t\t\t<div class=\"elementor-column-wrap elementor-element-populated\">\n\t\t\t\t\t\t\t<div class=\"elementor-widget-wrap\">\n\t\t\t\t\t\t<div class=\"elementor-element elementor-element-4a70b104 elementor-widget elementor-widget-heading\" data-id=\"4a70b104\" data-element_type=\"widget\" data-widget_type=\"heading.default\">\n\t\t\t\t<div class=\"elementor-widget-container\">\n\t\t\t<h2 class=\"elementor-heading-title elementor-size-default\">Allgemeines<\/h2>\t\t<\/div>\n\t\t\t\t<\/div>\n\t\t\t\t<div class=\"elementor-element elementor-element-457d5c2a elementor-widget elementor-widget-accordion\" data-id=\"457d5c2a\" data-element_type=\"widget\" data-widget_type=\"accordion.default\">\n\t\t\t\t<div class=\"elementor-widget-container\">\n\t\t\t\t\t<div class=\"elementor-accordion\" role=\"tablist\">\n\t\t\t\t\t\t\t<div class=\"elementor-accordion-item\">\n\t\t\t\t\t<div id=\"elementor-tab-title-1161\" class=\"elementor-tab-title\" data-tab=\"1\" role=\"tab\" aria-controls=\"elementor-tab-content-1161\" aria-expanded=\"false\">\n\t\t\t\t\t\t\t\t\t\t\t\t\t<span class=\"elementor-accordion-icon elementor-accordion-icon-left\" aria-hidden=\"true\">\n\t\t\t\t\t\t\t\t\t\t\t\t\t\t\t<span class=\"elementor-accordion-icon-closed\"><i class=\"fas fa-plus\"><\/i><\/span>\n\t\t\t\t\t\t\t\t<span class=\"elementor-accordion-icon-opened\"><i class=\"fas fa-minus\"><\/i><\/span>\n\t\t\t\t\t\t\t\t\t\t\t\t\t\t<\/span>\n\t\t\t\t\t\t\t\t\t\t\t\t<a class=\"elementor-accordion-title\" href=\"\">Was wird untersucht? <\/a>\n\t\t\t\t\t<\/div>\n\t\t\t\t\t<div id=\"elementor-tab-content-1161\" class=\"elementor-tab-content elementor-clearfix\" data-tab=\"1\" role=\"tabpanel\" aria-labelledby=\"elementor-tab-title-1161\"><p class=\"MsoNormal\" style=\"text-align: justify; tab-stops: 5.0cm 212.65pt; margin: 0cm 0cm 6.0pt 14.2pt;\"><span lang=\"DE\" style=\"mso-bidi-font-size: 12.0pt; font-family: 'Arial',sans-serif; mso-bidi-font-family: 'Times New Roman';\">Durch die Befragung und die medizinische Untersuchung m\u00f6chten wir vor allem m\u00f6gliche Ver\u00e4nderungen des Gesundheitszustands seit der letzten Untersuchung herausfinden. Au\u00dferdem k\u00f6nnen wir analysieren, welche Faktoren das Neuauftreten oder die Verschlechterung bereits vorhandener Erkrankungen beg\u00fcnstigen und welche Faktoren sch\u00fctzend wirken.\u00a0 Nachfolgend finden Sie eine Darstellung der geplanten Untersuchungen:<\/span><\/p><ul><li>Fragebogen\/ Interview<\/li><li>Tests der Merkf\u00e4higkeit und Ged\u00e4chtnisleistung<\/li><li>Blutdruckmessung und Pulswellenanalyse<\/li><li>Gr\u00f6\u00dfe, Gewicht, weitere K\u00f6rperma\u00dfe und K\u00f6rperzusammensetzung<\/li><li>Mobilit\u00e4ts- und Gleichgewichtstests<\/li><li>Handgreifkraft und k\u00f6rperliche Aktivit\u00e4t<\/li><li>Blutproben<\/li><li>Urinproben<\/li><li>Stuhlprobe<\/li><li>EKG<\/li><li>Echokardiographie<\/li><\/ul><div id=\"gtx-trans\" style=\"position: absolute; left: 518px; top: 80px;\"><div class=\"gtx-trans-icon\">\u00a0<\/div><\/div><\/div>\n\t\t\t\t<\/div>\n\t\t\t\t\t\t\t<div class=\"elementor-accordion-item\">\n\t\t\t\t\t<div id=\"elementor-tab-title-1162\" class=\"elementor-tab-title\" data-tab=\"2\" role=\"tab\" aria-controls=\"elementor-tab-content-1162\" aria-expanded=\"false\">\n\t\t\t\t\t\t\t\t\t\t\t\t\t<span class=\"elementor-accordion-icon elementor-accordion-icon-left\" aria-hidden=\"true\">\n\t\t\t\t\t\t\t\t\t\t\t\t\t\t\t<span class=\"elementor-accordion-icon-closed\"><i class=\"fas fa-plus\"><\/i><\/span>\n\t\t\t\t\t\t\t\t<span class=\"elementor-accordion-icon-opened\"><i class=\"fas fa-minus\"><\/i><\/span>\n\t\t\t\t\t\t\t\t\t\t\t\t\t\t<\/span>\n\t\t\t\t\t\t\t\t\t\t\t\t<a class=\"elementor-accordion-title\" href=\"\">Wo finden die Untersuchungen statt?<\/a>\n\t\t\t\t\t<\/div>\n\t\t\t\t\t<div id=\"elementor-tab-content-1162\" class=\"elementor-tab-content elementor-clearfix\" data-tab=\"2\" role=\"tabpanel\" aria-labelledby=\"elementor-tab-title-1162\"><div id=\"360-c62\" class=\"h-accordion-item-content__container open\"><div class=\"w-100 h-y-container h-accordion-item-content\"><div class=\"h-text h-text-component style-1987 style-local-360-c63 position-relative h-element\" data-colibri-id=\"360-c63\"><div class=\"\"><p>Die Untersuchungen werden im Studienzentrum der NAKO in der Magdeburger Stra\u00dfe 16 durchgef\u00fchrt.\u00a0 Alle Untersuchungen zusammen dauern etwa 4 Stunden.<\/p><\/div><\/div><\/div><\/div><div id=\"gtx-trans\" style=\"position: absolute; left: 167px; top: 14px;\"><div class=\"gtx-trans-icon\">\u00a0<\/div><\/div><\/div>\n\t\t\t\t<\/div>\n\t\t\t\t\t\t\t<div class=\"elementor-accordion-item\">\n\t\t\t\t\t<div id=\"elementor-tab-title-1163\" class=\"elementor-tab-title\" data-tab=\"3\" role=\"tab\" aria-controls=\"elementor-tab-content-1163\" aria-expanded=\"false\">\n\t\t\t\t\t\t\t\t\t\t\t\t\t<span class=\"elementor-accordion-icon elementor-accordion-icon-left\" aria-hidden=\"true\">\n\t\t\t\t\t\t\t\t\t\t\t\t\t\t\t<span class=\"elementor-accordion-icon-closed\"><i class=\"fas fa-plus\"><\/i><\/span>\n\t\t\t\t\t\t\t\t<span class=\"elementor-accordion-icon-opened\"><i class=\"fas fa-minus\"><\/i><\/span>\n\t\t\t\t\t\t\t\t\t\t\t\t\t\t<\/span>\n\t\t\t\t\t\t\t\t\t\t\t\t<a class=\"elementor-accordion-title\" href=\"\">Wer f\u00fchrt die Studie durch?<\/a>\n\t\t\t\t\t<\/div>\n\t\t\t\t\t<div id=\"elementor-tab-content-1163\" class=\"elementor-tab-content elementor-clearfix\" data-tab=\"3\" role=\"tabpanel\" aria-labelledby=\"elementor-tab-title-1163\"><p>Die Studie wird vom Institut f\u00fcr Medizinische Epidemiologie, Biometrie und Informatik an der Medizinischen Fakult\u00e4t der Martin-Luther-Universit\u00e4t Halle-Wittenberg in Zusammenarbeit mit der Universit\u00e4tsklinik und Poliklinik f\u00fcr Innere Medizin III (Kardiologie, Angiologie) des Universit\u00e4tsklinikums Kr\u00f6llwitz, dem Interdisziplin\u00e4res Zentrum f\u00fcr Altern Halle (IZAH) Martin-Luther-Universit\u00e4t Halle-Wittenberg und verschiedenen anderen Instituten der Medizinischen Fakult\u00e4t durchgef\u00fchrt. Zu unseren Studienmitarbeitern*innen geh\u00f6ren Gesundheitswissenschaftler (Epidemiologen, Biostatistiker), \u00c4rzte, speziell geschultes medizinisches und labortechnisches Personal, Interviewer*innen und Medizinische Dokumentare*innen.<\/p><\/div>\n\t\t\t\t<\/div>\n\t\t\t\t\t\t\t<div class=\"elementor-accordion-item\">\n\t\t\t\t\t<div id=\"elementor-tab-title-1164\" class=\"elementor-tab-title\" data-tab=\"4\" role=\"tab\" aria-controls=\"elementor-tab-content-1164\" aria-expanded=\"false\">\n\t\t\t\t\t\t\t\t\t\t\t\t\t<span class=\"elementor-accordion-icon elementor-accordion-icon-left\" aria-hidden=\"true\">\n\t\t\t\t\t\t\t\t\t\t\t\t\t\t\t<span class=\"elementor-accordion-icon-closed\"><i class=\"fas fa-plus\"><\/i><\/span>\n\t\t\t\t\t\t\t\t<span class=\"elementor-accordion-icon-opened\"><i class=\"fas fa-minus\"><\/i><\/span>\n\t\t\t\t\t\t\t\t\t\t\t\t\t\t<\/span>\n\t\t\t\t\t\t\t\t\t\t\t\t<a class=\"elementor-accordion-title\" href=\"\">Was geschieht mit den Ergebnissen \/ Daten?<\/a>\n\t\t\t\t\t<\/div>\n\t\t\t\t\t<div id=\"elementor-tab-content-1164\" class=\"elementor-tab-content elementor-clearfix\" data-tab=\"4\" role=\"tabpanel\" aria-labelledby=\"elementor-tab-title-1164\"><p>Alle Daten, die im Verlauf der Studie erhoben werden, werden in eine Datenbank \u00fcberf\u00fchrt, die auf einem Forschungsserver der Medizinischen Fakult\u00e4t liegt. Der Zugriff zu dem Forschungsserver ist nur autorisiertem Personal gestattet.<\/p><p>Die personenidentifizierenden Daten (Name, Adresse) werden von den Untersuchungsergebnissen getrennt gespeichert und k\u00f6nnen nur durch eine Identifikationsnummer verkn\u00fcpft werden. Die Zusammenf\u00fchrung Ihrer Untersuchungsdaten aus Basis- und Folgeuntersuchungen erfolgt ebenfalls ausschlie\u00dflich \u00fcber diese Ihnen zugeordnete Identifikationsnummer, nicht \u00fcber Namen und Adresse. Die Untersuchungsergebnisse und Fragebogenangaben werden ohne Bezug zu den personenidentifizierenden Daten (anonym) ausgewertet. Die Ergebnisse der Studie werden nur zusammengefasst als Vergleich von Personengruppen dargestellt.<\/p><p>Falls wir uns zu einem sp\u00e4teren Zeitpunkt an Sie wenden m\u00f6chten, weil wir R\u00fcckfragen haben, weil wir Sie \u00fcber wichtige Befunde informieren m\u00f6chten oder um Sie zu weiteren Folgestudien bzw. Anschlussprojekten einzuladen, werden wir Ihre getrennt gespeicherten Adressdaten verwenden. Die L\u00f6schung der Adressdaten erfolgt erst 10 Jahre nach Abschluss des langfristig angelegten Gesamtprojektes statt.<\/p><p>Um den Einfluss bestimmter Risikofaktoren auf die Entstehung und den Verlauf chronischer Krankheiten wie der Herz-Kreislauf-Krankheiten besser beurteilen zu k\u00f6nnen, ist es wichtig, den Gesundheitszustand der Bev\u00f6lkerung \u00fcber einen l\u00e4ngeren Zeitraum zu beobachten. Deshalb m\u00f6chten wir Sie auch jetzt darum bitten, dass wir uns gegebenenfalls zu einem sp\u00e4teren Zeitpunkt bei Ihnen oder Ihren behandelnden \u00c4rzten nach Ihrem Gesundheitszustand erkundigen d\u00fcrfen.<\/p><p>Ihre Teilnahme an der Studie ist freiwillig, und es besteht jederzeit die M\u00f6glichkeit des Widerrufs Ihres Einverst\u00e4ndnisses, ohne dass Ihnen daraus Nachteile entstehen.<\/p><\/div>\n\t\t\t\t<\/div>\n\t\t\t\t\t\t\t<div class=\"elementor-accordion-item\">\n\t\t\t\t\t<div id=\"elementor-tab-title-1165\" class=\"elementor-tab-title\" data-tab=\"5\" role=\"tab\" aria-controls=\"elementor-tab-content-1165\" aria-expanded=\"false\">\n\t\t\t\t\t\t\t\t\t\t\t\t\t<span class=\"elementor-accordion-icon elementor-accordion-icon-left\" aria-hidden=\"true\">\n\t\t\t\t\t\t\t\t\t\t\t\t\t\t\t<span class=\"elementor-accordion-icon-closed\"><i class=\"fas fa-plus\"><\/i><\/span>\n\t\t\t\t\t\t\t\t<span class=\"elementor-accordion-icon-opened\"><i class=\"fas fa-minus\"><\/i><\/span>\n\t\t\t\t\t\t\t\t\t\t\t\t\t\t<\/span>\n\t\t\t\t\t\t\t\t\t\t\t\t<a class=\"elementor-accordion-title\" href=\"\">Was ist mit dem Datenschutz?<\/a>\n\t\t\t\t\t<\/div>\n\t\t\t\t\t<div id=\"elementor-tab-content-1165\" class=\"elementor-tab-content elementor-clearfix\" data-tab=\"5\" role=\"tabpanel\" aria-labelledby=\"elementor-tab-title-1165\"><p>Alle Daten werden streng vertraulich behandelt und nur zu dem angegebenen Forschungszweck verwendet. Alle Studienmitarbeiter, die mit Ihren Daten umgehen, werden auf die Datenschutzvorschriften des Landesdatenschutzgesetzes verpflichtet und unterliegen der \u00e4rztlichen Schweigepflicht. Das Verfahren der Datenerhebung und \u2013verarbeitung wurde mit dem zust\u00e4ndigen Landesbeauftragten f\u00fcr den Datenschutz abgestimmt.<\/p><p>Ihre Daten werden nur in anonymisierter Form (getrennt von den personenbezogenen Daten) ausgewertet. Es erfolgt keine Weitergabe personenbezogener Daten an Dritte.<\/p><\/div>\n\t\t\t\t<\/div>\n\t\t\t\t\t\t\t<div class=\"elementor-accordion-item\">\n\t\t\t\t\t<div id=\"elementor-tab-title-1166\" class=\"elementor-tab-title\" data-tab=\"6\" role=\"tab\" aria-controls=\"elementor-tab-content-1166\" aria-expanded=\"false\">\n\t\t\t\t\t\t\t\t\t\t\t\t\t<span class=\"elementor-accordion-icon elementor-accordion-icon-left\" aria-hidden=\"true\">\n\t\t\t\t\t\t\t\t\t\t\t\t\t\t\t<span class=\"elementor-accordion-icon-closed\"><i class=\"fas fa-plus\"><\/i><\/span>\n\t\t\t\t\t\t\t\t<span class=\"elementor-accordion-icon-opened\"><i class=\"fas fa-minus\"><\/i><\/span>\n\t\t\t\t\t\t\t\t\t\t\t\t\t\t<\/span>\n\t\t\t\t\t\t\t\t\t\t\t\t<a class=\"elementor-accordion-title\" href=\"\">Wof\u00fcr werden die Blutproben aufbewahrt?<\/a>\n\t\t\t\t\t<\/div>\n\t\t\t\t\t<div id=\"elementor-tab-content-1166\" class=\"elementor-tab-content elementor-clearfix\" data-tab=\"6\" role=\"tabpanel\" aria-labelledby=\"elementor-tab-title-1166\"><p>Viele Untersuchungen k\u00f6nnen nicht sofort, sondern erst zu einem sp\u00e4teren Zeitpunkt durchgef\u00fchrt werden. Einige der Untersuchungen werden nur bei speziell ausgew\u00e4hlten Gruppen durchgef\u00fchrt, die erst anhand anderen Untersuchungen ausgew\u00e4hlt werden k\u00f6nnen.<\/p><p>Au\u00dferdem m\u00f6chten wir zu einem sp\u00e4teren Zeitpunkt auf der Basis neuer wissenschaftlicher Erkenntnisse entwickelte Untersuchungsmethoden anwenden oder m\u00f6glicherweise neu entdeckte Risikofaktoren f\u00fcr chronische Krankheiten untersuchen k\u00f6nnen.<\/p><\/div>\n\t\t\t\t<\/div>\n\t\t\t\t\t\t\t<div class=\"elementor-accordion-item\">\n\t\t\t\t\t<div id=\"elementor-tab-title-1167\" class=\"elementor-tab-title\" data-tab=\"7\" role=\"tab\" aria-controls=\"elementor-tab-content-1167\" aria-expanded=\"false\">\n\t\t\t\t\t\t\t\t\t\t\t\t\t<span class=\"elementor-accordion-icon elementor-accordion-icon-left\" aria-hidden=\"true\">\n\t\t\t\t\t\t\t\t\t\t\t\t\t\t\t<span class=\"elementor-accordion-icon-closed\"><i class=\"fas fa-plus\"><\/i><\/span>\n\t\t\t\t\t\t\t\t<span class=\"elementor-accordion-icon-opened\"><i class=\"fas fa-minus\"><\/i><\/span>\n\t\t\t\t\t\t\t\t\t\t\t\t\t\t<\/span>\n\t\t\t\t\t\t\t\t\t\t\t\t<a class=\"elementor-accordion-title\" href=\"\">An wen wende ich mich, wenn ich Fragen zur Studie habe?<\/a>\n\t\t\t\t\t<\/div>\n\t\t\t\t\t<div id=\"elementor-tab-content-1167\" class=\"elementor-tab-content elementor-clearfix\" data-tab=\"7\" role=\"tabpanel\" aria-labelledby=\"elementor-tab-title-1167\"><p>F\u00fcr Fragen zur Studie stehen Ihnen unsere Mitarbeiter\/innen zur Verf\u00fcgung:<\/p><p>Studienzentrum der CARLA Studie:<\/p><p>Telefonnummer: 0345 557-3588<\/p><p>Adresse: Magdeburger Str. 16<\/p><p>\u00a0\u00a0\u00a0\u00a0\u00a0\u00a0\u00a0\u00a0\u00a0\u00a0\u00a0\u00a0\u00a0\u00a0\u00a0 06112 Halle (Saale)<\/p><\/div>\n\t\t\t\t<\/div>\n\t\t\t\t\t\t\t<div class=\"elementor-accordion-item\">\n\t\t\t\t\t<div id=\"elementor-tab-title-1168\" class=\"elementor-tab-title\" data-tab=\"8\" role=\"tab\" aria-controls=\"elementor-tab-content-1168\" aria-expanded=\"false\">\n\t\t\t\t\t\t\t\t\t\t\t\t\t<span class=\"elementor-accordion-icon elementor-accordion-icon-left\" aria-hidden=\"true\">\n\t\t\t\t\t\t\t\t\t\t\t\t\t\t\t<span class=\"elementor-accordion-icon-closed\"><i class=\"fas fa-plus\"><\/i><\/span>\n\t\t\t\t\t\t\t\t<span class=\"elementor-accordion-icon-opened\"><i class=\"fas fa-minus\"><\/i><\/span>\n\t\t\t\t\t\t\t\t\t\t\t\t\t\t<\/span>\n\t\t\t\t\t\t\t\t\t\t\t\t<a class=\"elementor-accordion-title\" href=\"\">Wer finanziert diese Studie?<\/a>\n\t\t\t\t\t<\/div>\n\t\t\t\t\t<div id=\"elementor-tab-content-1168\" class=\"elementor-tab-content elementor-clearfix\" data-tab=\"8\" role=\"tabpanel\" aria-labelledby=\"elementor-tab-title-1168\"><p>Die Studie wird \u00fcber \u00f6ffentliche Geldgeber finanziert. Eine Nutzung Ihrer Daten f\u00fcr kommerzielle Zwecke ist ausgeschlossen.<\/p><p style=\"text-align: justify; line-height: 200%; margin: 3.0pt 0cm 3.0pt 0cm;\"><span lang=\"EN-US\">Die Basiserhebung und folgende Untersuchungen wurden durch den\u00a0<\/span><a href=\"https:\/\/gepris.dfg.de\/gepris\/projekt\/5484963?context=projekt&amp;task=showDetail&amp;id=5484963&amp;\"><span style=\"color: var( --e-global-color-text ); font-family: var( --e-global-typography-text-font-family ), Sans-serif; font-weight: var( --e-global-typography-text-font-weight ); font-size: 1rem;\">Sonderforschungsbereich\u00a0598<\/span><\/a><span style=\"color: var( --e-global-color-text ); font-family: var( --e-global-typography-text-font-family ), Sans-serif; font-weight: var( --e-global-typography-text-font-weight ); font-size: 1rem;\"> &#8222;Herzversagen im Alter: Zellul\u00e4re Mechanismen und therapeutische Einflussnahme&#8220;<\/span><span style=\"color: var( --e-global-color-text ); font-family: var( --e-global-typography-text-font-family ), Sans-serif; font-weight: var( --e-global-typography-text-font-weight ); font-size: 1rem;\">\u00a0der Deutschen Forschungsgemeinschaft (DFG) sowie zus\u00e4tzliche Mittel der DFG, das Wilhelm-Roux-Programm der Martin-Luther-Universit\u00e4t Halle-Wittenberg, das Arbeitsamt und\u00a0<\/span><span style=\"color: var( --e-global-color-text ); font-family: var( --e-global-typography-text-font-family ), Sans-serif; font-weight: var( --e-global-typography-text-font-weight ); font-size: 1rem;\">das Kultusministerium\u00a0<\/span><span lang=\"EN-US\" style=\"color: var( --e-global-color-text ); font-family: var( --e-global-typography-text-font-family ), Sans-serif; font-weight: var( --e-global-typography-text-font-weight ); font-size: 1rem;\">Sachsen-Anhalt finanziert und unterst\u00fctzt.<\/span><\/p><p>Die momentan stattfindende 3. Folgeuntersuchung wird durch Mittel der EU und des Landes Sachsen-Anhalt im Rahmen des EFRE\/ESF-F\u00f6rderprogramms finanziert. Das Projekt mit dem Kennzeichen <a href=\"https:\/\/www.medizin.uni-halle.de\/vbf\/forschungsfoerderung\/auswahl-gefoerderter-projekte\/efre\/esf-foerderungen\/autonomie-im-alter-biosalsa\">&#8222;BIOSALSA&#8220;<\/a> geh\u00f6rt dem interdisziplin\u00e4ren Forschungsverbund <a href=\"http:\/\/autonomie-im-alter.ovgu.de\/\">&#8222;Autonomie im Alter&#8220;<\/a> an.<\/p><p><img loading=\"lazy\" decoding=\"async\" class=\"aligncenter\" src=\"https:\/\/webszh.uk-halle.de\/carla-studie\/wp-content\/uploads\/2021\/09\/Sachsen_Anhalt_EFRE-300x52.png\" alt=\"\" width=\"256\" height=\"44\" data-wp-editing=\"1\" \/><\/p><\/div>\n\t\t\t\t<\/div>\n\t\t\t\t\t\t\t\t<\/div>\n\t\t\t\t<\/div>\n\t\t\t\t<\/div>\n\t\t\t\t\t\t<\/div>\n\t\t\t\t\t<\/div>\n\t\t<\/div>\n\t\t\t\t\t\t\t\t<\/div>\n\t\t\t\t\t<\/div>\n\t\t<\/section>\n\t\t\t\t\t\t\t\t\t<\/div>\n\t\t\t<\/div>\n\t\t\t\t\t<\/div>\n\t\t","protected":false},"excerpt":{"rendered":"<p>H\u00e4ufig gestellte Fragen (FAQ) Allgemeines Was wird untersucht? Durch die Befragung und die medizinische Untersuchung m\u00f6chten wir vor allem m\u00f6gliche Ver\u00e4nderungen des Gesundheitszustands seit der letzten Untersuchung herausfinden. Au\u00dferdem k\u00f6nnen wir analysieren, welche Faktoren das Neuauftreten oder die Verschlechterung bereits vorhandener Erkrankungen beg\u00fcnstigen und welche Faktoren sch\u00fctzend wirken.\u00a0 Nachfolgend finden Sie eine Darstellung der geplanten [&hellip;]<\/p>\n","protected":false},"author":1,"featured_media":0,"parent":0,"menu_order":0,"comment_status":"closed","ping_status":"closed","template":"","meta":{"footnotes":""},"class_list":["post-84","page","type-page","status-publish","hentry"],"_links":{"self":[{"href":"https:\/\/webszh.uk-halle.de\/carla-studie\/index.php\/wp-json\/wp\/v2\/pages\/84","targetHints":{"allow":["GET"]}}],"collection":[{"href":"https:\/\/webszh.uk-halle.de\/carla-studie\/index.php\/wp-json\/wp\/v2\/pages"}],"about":[{"href":"https:\/\/webszh.uk-halle.de\/carla-studie\/index.php\/wp-json\/wp\/v2\/types\/page"}],"author":[{"embeddable":true,"href":"https:\/\/webszh.uk-halle.de\/carla-studie\/index.php\/wp-json\/wp\/v2\/users\/1"}],"replies":[{"embeddable":true,"href":"https:\/\/webszh.uk-halle.de\/carla-studie\/index.php\/wp-json\/wp\/v2\/comments?post=84"}],"version-history":[{"count":64,"href":"https:\/\/webszh.uk-halle.de\/carla-studie\/index.php\/wp-json\/wp\/v2\/pages\/84\/revisions"}],"predecessor-version":[{"id":2132,"href":"https:\/\/webszh.uk-halle.de\/carla-studie\/index.php\/wp-json\/wp\/v2\/pages\/84\/revisions\/2132"}],"wp:attachment":[{"href":"https:\/\/webszh.uk-halle.de\/carla-studie\/index.php\/wp-json\/wp\/v2\/media?parent=84"}],"curies":[{"name":"wp","href":"https:\/\/api.w.org\/{rel}","templated":true}]}}