{"id":599,"date":"2021-09-29T08:30:23","date_gmt":"2021-09-29T08:30:23","guid":{"rendered":"https:\/\/webszh.uk-halle.de\/carla-studie\/?page_id=599"},"modified":"2022-12-21T23:17:01","modified_gmt":"2022-12-21T23:17:01","slug":"formulare-und-instrumente","status":"publish","type":"page","link":"https:\/\/webszh.uk-halle.de\/carla-studie\/index.php\/formulare-und-instrumente\/","title":{"rendered":"Formulare und Instrumente"},"content":{"rendered":"\t\t<div data-elementor-type=\"wp-page\" data-elementor-id=\"599\" class=\"elementor elementor-599\">\n\t\t\t\t\t\t<div class=\"elementor-inner\">\n\t\t\t\t<div class=\"elementor-section-wrap\">\n\t\t\t\t\t\t\t\t\t<section class=\"elementor-section elementor-top-section elementor-element elementor-element-76e5eda elementor-section-full_width elementor-section-height-default elementor-section-height-default\" data-id=\"76e5eda\" data-element_type=\"section\" data-settings=\"{&quot;background_background&quot;:&quot;classic&quot;}\">\n\t\t\t\t\t\t\t<div class=\"elementor-background-overlay\"><\/div>\n\t\t\t\t\t\t\t<div class=\"elementor-container elementor-column-gap-default\">\n\t\t\t\t\t\t\t<div class=\"elementor-row\">\n\t\t\t\t\t<div class=\"elementor-column elementor-col-100 elementor-top-column elementor-element elementor-element-1cccdee\" data-id=\"1cccdee\" data-element_type=\"column\">\n\t\t\t<div class=\"elementor-column-wrap elementor-element-populated\">\n\t\t\t\t\t\t\t<div class=\"elementor-widget-wrap\">\n\t\t\t\t\t\t<div class=\"elementor-element elementor-element-57173a2 elementor-widget elementor-widget-heading\" data-id=\"57173a2\" data-element_type=\"widget\" data-widget_type=\"heading.default\">\n\t\t\t\t<div class=\"elementor-widget-container\">\n\t\t\t<h2 class=\"elementor-heading-title elementor-size-default\">Formulare und Instrumente<\/h2>\t\t<\/div>\n\t\t\t\t<\/div>\n\t\t\t\t\t\t<\/div>\n\t\t\t\t\t<\/div>\n\t\t<\/div>\n\t\t\t\t\t\t\t\t<\/div>\n\t\t\t\t\t<\/div>\n\t\t<\/section>\n\t\t\t\t<section class=\"elementor-section elementor-top-section elementor-element elementor-element-4f60424 elementor-section-boxed elementor-section-height-default elementor-section-height-default\" data-id=\"4f60424\" data-element_type=\"section\">\n\t\t\t\t\t\t<div class=\"elementor-container elementor-column-gap-default\">\n\t\t\t\t\t\t\t<div class=\"elementor-row\">\n\t\t\t\t\t<div class=\"elementor-column elementor-col-100 elementor-top-column elementor-element elementor-element-23e9abb\" data-id=\"23e9abb\" data-element_type=\"column\">\n\t\t\t<div class=\"elementor-column-wrap elementor-element-populated\">\n\t\t\t\t\t\t\t<div class=\"elementor-widget-wrap\">\n\t\t\t\t\t\t<div class=\"elementor-element elementor-element-e2d61d5 elementor-widget elementor-widget-spacer\" data-id=\"e2d61d5\" data-element_type=\"widget\" data-widget_type=\"spacer.default\">\n\t\t\t\t<div class=\"elementor-widget-container\">\n\t\t\t\t\t<div class=\"elementor-spacer\">\n\t\t\t<div class=\"elementor-spacer-inner\"><\/div>\n\t\t<\/div>\n\t\t\t\t<\/div>\n\t\t\t\t<\/div>\n\t\t\t\t<div class=\"elementor-element elementor-element-52f294e elementor-widget elementor-widget-text-editor\" data-id=\"52f294e\" data-element_type=\"widget\" data-widget_type=\"text-editor.default\">\n\t\t\t\t<div class=\"elementor-widget-container\">\n\t\t\t\t\t\t\t\t<div class=\"elementor-text-editor elementor-clearfix\">\n\t\t\t\t<p>Formulare, Interviews und Instrumente der einzelnen Untersuchungen stehen auf Anfrage zur Verf\u00fcgung.<\/p><p>Bei Interesse, wenden Sie sich an: <a href=\"mailto:carla-studie@uk-halle.de\">carlastudie@uk-halle.de<\/a>\u00a0oder nutzen Sie das Kontaktformular.<\/p>\t\t\t\t\t<\/div>\n\t\t\t\t\t\t<\/div>\n\t\t\t\t<\/div>\n\t\t\t\t\t\t<\/div>\n\t\t\t\t\t<\/div>\n\t\t<\/div>\n\t\t\t\t\t\t\t\t<\/div>\n\t\t\t\t\t<\/div>\n\t\t<\/section>\n\t\t\t\t<section class=\"elementor-section elementor-top-section elementor-element elementor-element-71158f7 elementor-section-boxed elementor-section-height-default elementor-section-height-default\" data-id=\"71158f7\" data-element_type=\"section\">\n\t\t\t\t\t\t<div class=\"elementor-container elementor-column-gap-default\">\n\t\t\t\t\t\t\t<div class=\"elementor-row\">\n\t\t\t\t\t<div class=\"elementor-column elementor-col-100 elementor-top-column elementor-element elementor-element-2a07adc\" data-id=\"2a07adc\" data-element_type=\"column\">\n\t\t\t<div class=\"elementor-column-wrap elementor-element-populated\">\n\t\t\t\t\t\t\t<div class=\"elementor-widget-wrap\">\n\t\t\t\t\t\t<div class=\"elementor-element elementor-element-5449fc5 elementor-widget-divider--view-line elementor-widget elementor-widget-divider\" data-id=\"5449fc5\" data-element_type=\"widget\" data-widget_type=\"divider.default\">\n\t\t\t\t<div class=\"elementor-widget-container\">\n\t\t\t\t\t<div class=\"elementor-divider\">\n\t\t\t<span class=\"elementor-divider-separator\">\n\t\t\t\t\t\t<\/span>\n\t\t<\/div>\n\t\t\t\t<\/div>\n\t\t\t\t<\/div>\n\t\t\t\t\t\t<\/div>\n\t\t\t\t\t<\/div>\n\t\t<\/div>\n\t\t\t\t\t\t\t\t<\/div>\n\t\t\t\t\t<\/div>\n\t\t<\/section>\n\t\t\t\t<section class=\"elementor-section elementor-top-section elementor-element elementor-element-943c604 elementor-section-boxed elementor-section-height-default elementor-section-height-default\" data-id=\"943c604\" data-element_type=\"section\">\n\t\t\t\t\t\t<div class=\"elementor-container elementor-column-gap-default\">\n\t\t\t\t\t\t\t<div class=\"elementor-row\">\n\t\t\t\t\t<div class=\"elementor-column elementor-col-100 elementor-top-column elementor-element elementor-element-b0291ee\" data-id=\"b0291ee\" data-element_type=\"column\">\n\t\t\t<div class=\"elementor-column-wrap elementor-element-populated\">\n\t\t\t\t\t\t\t<div class=\"elementor-widget-wrap\">\n\t\t\t\t\t\t<div class=\"elementor-element elementor-element-d21845b elementor-widget elementor-widget-text-editor\" data-id=\"d21845b\" data-element_type=\"widget\" data-widget_type=\"text-editor.default\">\n\t\t\t\t<div class=\"elementor-widget-container\">\n\t\t\t\t\t\t\t\t<div class=\"elementor-text-editor elementor-clearfix\">\n\t\t\t\t<p>Einen \u00dcberblick \u00fcber die Instrumente und Formulare gibt folgende Tabelle:<\/p><p id=\"table-2-title\" class=\"c-article-table-title u-h1\"><a href=\"https:\/\/link.springer.com\/article\/10.1007\/s10654-021-00824-7\/tables\/2\">Table 2: Interviews und Frageb\u00f6gen der Basisuntersuchung (CARLA-0), der 1. (CARLA-1), 2. (CARLA-2) und 3. (CARLA-3) Nachuntersuchung.<\/a><\/p>\t\t\t\t\t<\/div>\n\t\t\t\t\t\t<\/div>\n\t\t\t\t<\/div>\n\t\t\t\t<div class=\"elementor-element elementor-element-e788503 elementor-widget elementor-widget-spacer\" data-id=\"e788503\" data-element_type=\"widget\" data-widget_type=\"spacer.default\">\n\t\t\t\t<div class=\"elementor-widget-container\">\n\t\t\t\t\t<div class=\"elementor-spacer\">\n\t\t\t<div class=\"elementor-spacer-inner\"><\/div>\n\t\t<\/div>\n\t\t\t\t<\/div>\n\t\t\t\t<\/div>\n\t\t\t\t\t\t<\/div>\n\t\t\t\t\t<\/div>\n\t\t<\/div>\n\t\t\t\t\t\t\t\t<\/div>\n\t\t\t\t\t<\/div>\n\t\t<\/section>\n\t\t\t\t\t\t\t\t\t<\/div>\n\t\t\t<\/div>\n\t\t\t\t\t<\/div>\n\t\t","protected":false},"excerpt":{"rendered":"<p>Formulare und Instrumente Formulare, Interviews und Instrumente der einzelnen Untersuchungen stehen auf Anfrage zur Verf\u00fcgung. Bei Interesse, wenden Sie sich an: carlastudie@uk-halle.de\u00a0oder nutzen Sie das Kontaktformular. Einen \u00dcberblick \u00fcber die Instrumente und Formulare gibt folgende Tabelle: Table 2: Interviews und Frageb\u00f6gen der Basisuntersuchung (CARLA-0), der 1. (CARLA-1), 2. (CARLA-2) und 3. (CARLA-3) Nachuntersuchung.<\/p>\n","protected":false},"author":4,"featured_media":0,"parent":0,"menu_order":0,"comment_status":"closed","ping_status":"closed","template":"","meta":{"footnotes":""},"class_list":["post-599","page","type-page","status-publish","hentry"],"_links":{"self":[{"href":"https:\/\/webszh.uk-halle.de\/carla-studie\/index.php\/wp-json\/wp\/v2\/pages\/599","targetHints":{"allow":["GET"]}}],"collection":[{"href":"https:\/\/webszh.uk-halle.de\/carla-studie\/index.php\/wp-json\/wp\/v2\/pages"}],"about":[{"href":"https:\/\/webszh.uk-halle.de\/carla-studie\/index.php\/wp-json\/wp\/v2\/types\/page"}],"author":[{"embeddable":true,"href":"https:\/\/webszh.uk-halle.de\/carla-studie\/index.php\/wp-json\/wp\/v2\/users\/4"}],"replies":[{"embeddable":true,"href":"https:\/\/webszh.uk-halle.de\/carla-studie\/index.php\/wp-json\/wp\/v2\/comments?post=599"}],"version-history":[{"count":31,"href":"https:\/\/webszh.uk-halle.de\/carla-studie\/index.php\/wp-json\/wp\/v2\/pages\/599\/revisions"}],"predecessor-version":[{"id":2159,"href":"https:\/\/webszh.uk-halle.de\/carla-studie\/index.php\/wp-json\/wp\/v2\/pages\/599\/revisions\/2159"}],"wp:attachment":[{"href":"https:\/\/webszh.uk-halle.de\/carla-studie\/index.php\/wp-json\/wp\/v2\/media?parent=599"}],"curies":[{"name":"wp","href":"https:\/\/api.w.org\/{rel}","templated":true}]}}