{"id":597,"date":"2021-09-29T08:30:37","date_gmt":"2021-09-29T08:30:37","guid":{"rendered":"https:\/\/webszh.uk-halle.de\/carla-studie\/?page_id=597"},"modified":"2023-06-19T14:09:13","modified_gmt":"2023-06-19T14:09:13","slug":"studienbeschreibung","status":"publish","type":"page","link":"https:\/\/webszh.uk-halle.de\/carla-studie\/index.php\/studienbeschreibung\/","title":{"rendered":"Studienbeschreibung"},"content":{"rendered":"\t\t<div data-elementor-type=\"wp-page\" data-elementor-id=\"597\" class=\"elementor elementor-597\">\n\t\t\t\t\t\t<div class=\"elementor-inner\">\n\t\t\t\t<div class=\"elementor-section-wrap\">\n\t\t\t\t\t\t\t\t\t<section class=\"elementor-section elementor-top-section elementor-element elementor-element-f43d393 elementor-section-full_width elementor-section-height-default elementor-section-height-default\" data-id=\"f43d393\" data-element_type=\"section\" data-settings=\"{&quot;background_background&quot;:&quot;classic&quot;}\">\n\t\t\t\t\t\t\t<div class=\"elementor-background-overlay\"><\/div>\n\t\t\t\t\t\t\t<div class=\"elementor-container elementor-column-gap-default\">\n\t\t\t\t\t\t\t<div class=\"elementor-row\">\n\t\t\t\t\t<div class=\"elementor-column elementor-col-100 elementor-top-column elementor-element elementor-element-7305b02\" data-id=\"7305b02\" data-element_type=\"column\">\n\t\t\t<div class=\"elementor-column-wrap elementor-element-populated\">\n\t\t\t\t\t\t\t<div class=\"elementor-widget-wrap\">\n\t\t\t\t\t\t<div class=\"elementor-element elementor-element-5b5901a elementor-widget elementor-widget-heading\" data-id=\"5b5901a\" data-element_type=\"widget\" data-widget_type=\"heading.default\">\n\t\t\t\t<div class=\"elementor-widget-container\">\n\t\t\t<h2 class=\"elementor-heading-title elementor-size-default\">Studienbeschreibung<\/h2>\t\t<\/div>\n\t\t\t\t<\/div>\n\t\t\t\t\t\t<\/div>\n\t\t\t\t\t<\/div>\n\t\t<\/div>\n\t\t\t\t\t\t\t\t<\/div>\n\t\t\t\t\t<\/div>\n\t\t<\/section>\n\t\t\t\t<section class=\"elementor-section elementor-top-section elementor-element elementor-element-52125bc elementor-section-boxed elementor-section-height-default elementor-section-height-default\" data-id=\"52125bc\" data-element_type=\"section\">\n\t\t\t\t\t\t<div class=\"elementor-container elementor-column-gap-default\">\n\t\t\t\t\t\t\t<div class=\"elementor-row\">\n\t\t\t\t\t<div class=\"elementor-column elementor-col-100 elementor-top-column elementor-element elementor-element-52baea0\" data-id=\"52baea0\" data-element_type=\"column\">\n\t\t\t<div class=\"elementor-column-wrap elementor-element-populated\">\n\t\t\t\t\t\t\t<div class=\"elementor-widget-wrap\">\n\t\t\t\t\t\t<section class=\"elementor-section elementor-inner-section elementor-element elementor-element-987c707 elementor-section-boxed elementor-section-height-default elementor-section-height-default\" data-id=\"987c707\" data-element_type=\"section\">\n\t\t\t\t\t\t<div class=\"elementor-container elementor-column-gap-default\">\n\t\t\t\t\t\t\t<div class=\"elementor-row\">\n\t\t\t\t\t<div class=\"elementor-column elementor-col-50 elementor-inner-column elementor-element elementor-element-f8a8708\" data-id=\"f8a8708\" data-element_type=\"column\">\n\t\t\t<div class=\"elementor-column-wrap elementor-element-populated\">\n\t\t\t\t\t\t\t<div class=\"elementor-widget-wrap\">\n\t\t\t\t\t\t<div class=\"elementor-element elementor-element-cdd3daa elementor-widget elementor-widget-spacer\" data-id=\"cdd3daa\" data-element_type=\"widget\" data-widget_type=\"spacer.default\">\n\t\t\t\t<div class=\"elementor-widget-container\">\n\t\t\t\t\t<div class=\"elementor-spacer\">\n\t\t\t<div class=\"elementor-spacer-inner\"><\/div>\n\t\t<\/div>\n\t\t\t\t<\/div>\n\t\t\t\t<\/div>\n\t\t\t\t<div class=\"elementor-element elementor-element-b514388 elementor-view-default elementor-widget elementor-widget-icon\" data-id=\"b514388\" data-element_type=\"widget\" data-widget_type=\"icon.default\">\n\t\t\t\t<div class=\"elementor-widget-container\">\n\t\t\t\t\t<div class=\"elementor-icon-wrapper\">\n\t\t\t<div class=\"elementor-icon\">\n\t\t\t<i aria-hidden=\"true\" class=\"fas fa-file-pdf\"><\/i>\t\t\t<\/div>\n\t\t<\/div>\n\t\t\t\t<\/div>\n\t\t\t\t<\/div>\n\t\t\t\t<div class=\"elementor-element elementor-element-788a8e7 elementor-widget elementor-widget-text-editor\" data-id=\"788a8e7\" data-element_type=\"widget\" data-widget_type=\"text-editor.default\">\n\t\t\t\t<div class=\"elementor-widget-container\">\n\t\t\t\t\t\t\t\t<div class=\"elementor-text-editor elementor-clearfix\">\n\t\t\t\t<h5><strong><a href=\"https:\/\/webszh.uk-halle.de\/carla-studie\/wp-content\/uploads\/2022\/01\/Hassan2022_Article_CardiovascularRiskFactorsLivin.pdf\">Kohortenprofil 2022<\/a><\/strong><\/h5>\t\t\t\t\t<\/div>\n\t\t\t\t\t\t<\/div>\n\t\t\t\t<\/div>\n\t\t\t\t\t\t<\/div>\n\t\t\t\t\t<\/div>\n\t\t<\/div>\n\t\t\t\t<div class=\"elementor-column elementor-col-50 elementor-inner-column elementor-element elementor-element-08bf56d\" data-id=\"08bf56d\" data-element_type=\"column\">\n\t\t\t<div class=\"elementor-column-wrap elementor-element-populated\">\n\t\t\t\t\t\t\t<div class=\"elementor-widget-wrap\">\n\t\t\t\t\t\t<div class=\"elementor-element elementor-element-f899ba8 elementor-widget elementor-widget-text-editor\" data-id=\"f899ba8\" data-element_type=\"widget\" data-widget_type=\"text-editor.default\">\n\t\t\t\t<div class=\"elementor-widget-container\">\n\t\t\t\t\t\t\t\t<div class=\"elementor-text-editor elementor-clearfix\">\n\t\t\t\t<p>Die aktuelle Beschreibung der CARLA-Studie inklusive aller Follow-ups, der eingesetzten Instrumente, durchgef\u00fchrter Messungen, gesammelter Proben und erhobener Laborparameter finden sie in folgender Publikation:<\/p><p>Hassan, L., Efremov, L., Gro\u00dfkopf, A. <em>et al.<\/em> Cardiovascular risk factors, living and ageing in Halle: the CARLA study.<em> Eur J Epidemiol<\/em> (2022).<\/p><p>DOI: <a href=\"https:\/\/doi.org\/10.1007\/s10654-021-00824-7\" target=\"_blank\" rel=\"noopener\">https:\/\/doi.org\/10.1007\/s10654-021-00824-7<\/a><\/p>\t\t\t\t\t<\/div>\n\t\t\t\t\t\t<\/div>\n\t\t\t\t<\/div>\n\t\t\t\t\t\t<\/div>\n\t\t\t\t\t<\/div>\n\t\t<\/div>\n\t\t\t\t\t\t\t\t<\/div>\n\t\t\t\t\t<\/div>\n\t\t<\/section>\n\t\t\t\t\t\t<\/div>\n\t\t\t\t\t<\/div>\n\t\t<\/div>\n\t\t\t\t\t\t\t\t<\/div>\n\t\t\t\t\t<\/div>\n\t\t<\/section>\n\t\t\t\t<section class=\"elementor-section elementor-top-section elementor-element elementor-element-ac77654 elementor-section-boxed elementor-section-height-default elementor-section-height-default\" data-id=\"ac77654\" data-element_type=\"section\">\n\t\t\t\t\t\t<div class=\"elementor-container elementor-column-gap-default\">\n\t\t\t\t\t\t\t<div class=\"elementor-row\">\n\t\t\t\t\t<div class=\"elementor-column elementor-col-100 elementor-top-column elementor-element elementor-element-4715ee2\" data-id=\"4715ee2\" data-element_type=\"column\">\n\t\t\t<div class=\"elementor-column-wrap elementor-element-populated\">\n\t\t\t\t\t\t\t<div class=\"elementor-widget-wrap\">\n\t\t\t\t\t\t<section class=\"elementor-section elementor-inner-section elementor-element elementor-element-444e855 elementor-section-boxed elementor-section-height-default elementor-section-height-default\" data-id=\"444e855\" data-element_type=\"section\">\n\t\t\t\t\t\t<div class=\"elementor-container elementor-column-gap-default\">\n\t\t\t\t\t\t\t<div class=\"elementor-row\">\n\t\t\t\t\t<div class=\"elementor-column elementor-col-50 elementor-inner-column elementor-element elementor-element-0203d80\" data-id=\"0203d80\" data-element_type=\"column\">\n\t\t\t<div class=\"elementor-column-wrap elementor-element-populated\">\n\t\t\t\t\t\t\t<div class=\"elementor-widget-wrap\">\n\t\t\t\t\t\t<div class=\"elementor-element elementor-element-0497be3 elementor-widget elementor-widget-spacer\" data-id=\"0497be3\" data-element_type=\"widget\" data-widget_type=\"spacer.default\">\n\t\t\t\t<div class=\"elementor-widget-container\">\n\t\t\t\t\t<div class=\"elementor-spacer\">\n\t\t\t<div class=\"elementor-spacer-inner\"><\/div>\n\t\t<\/div>\n\t\t\t\t<\/div>\n\t\t\t\t<\/div>\n\t\t\t\t<div class=\"elementor-element elementor-element-1eb0f62 elementor-view-default elementor-widget elementor-widget-icon\" data-id=\"1eb0f62\" data-element_type=\"widget\" data-widget_type=\"icon.default\">\n\t\t\t\t<div class=\"elementor-widget-container\">\n\t\t\t\t\t<div class=\"elementor-icon-wrapper\">\n\t\t\t<div class=\"elementor-icon\">\n\t\t\t<i aria-hidden=\"true\" class=\"fas fa-file-pdf\"><\/i>\t\t\t<\/div>\n\t\t<\/div>\n\t\t\t\t<\/div>\n\t\t\t\t<\/div>\n\t\t\t\t<div class=\"elementor-element elementor-element-20bcc46 elementor-widget elementor-widget-text-editor\" data-id=\"20bcc46\" data-element_type=\"widget\" data-widget_type=\"text-editor.default\">\n\t\t\t\t<div class=\"elementor-widget-container\">\n\t\t\t\t\t\t\t\t<div class=\"elementor-text-editor elementor-clearfix\">\n\t\t\t\t<h5><strong><a href=\"https:\/\/webszh.uk-halle.de\/carla-studie\/wp-content\/uploads\/2022\/01\/Greiser2005_Study-Protocol-BL.pdf\">Studienprotokoll 2005<\/a><\/strong><\/h5>\t\t\t\t\t<\/div>\n\t\t\t\t\t\t<\/div>\n\t\t\t\t<\/div>\n\t\t\t\t\t\t<\/div>\n\t\t\t\t\t<\/div>\n\t\t<\/div>\n\t\t\t\t<div class=\"elementor-column elementor-col-50 elementor-inner-column elementor-element elementor-element-ae06352\" data-id=\"ae06352\" data-element_type=\"column\">\n\t\t\t<div class=\"elementor-column-wrap elementor-element-populated\">\n\t\t\t\t\t\t\t<div class=\"elementor-widget-wrap\">\n\t\t\t\t\t\t<div class=\"elementor-element elementor-element-6db84dc elementor-widget elementor-widget-text-editor\" data-id=\"6db84dc\" data-element_type=\"widget\" data-widget_type=\"text-editor.default\">\n\t\t\t\t<div class=\"elementor-widget-container\">\n\t\t\t\t\t\t\t\t<div class=\"elementor-text-editor elementor-clearfix\">\n\t\t\t\t<p>Das uspr\u00fcngliche Studienprotokoll ist in folgender Publikation beschrieben:<\/p><p>Greiser, K.H., Kluttig, A., Schumann, B. et al. Cardiovascular disease, risk factors and heart rate variability in the elderly general population: Design and objectives of the CARdiovascular disease, Living and Ageing in Halle (CARLA) Study.\u00a0<em>BMC Cardiovasc Disord<\/em> <strong>5, <\/strong><span style=\"font-weight: var( --e-global-typography-text-font-weight );\">33 (2005).<\/span><\/p><p><span style=\"font-weight: var( --e-global-typography-text-font-weight );\">DOI:\u00a0<a href=\"https:\/\/doi.org\/10.1186\/1471-2261-5-33\">https:\/\/doi.org\/10.1186\/1471-2261-5-33<\/a><\/span><\/p>\t\t\t\t\t<\/div>\n\t\t\t\t\t\t<\/div>\n\t\t\t\t<\/div>\n\t\t\t\t\t\t<\/div>\n\t\t\t\t\t<\/div>\n\t\t<\/div>\n\t\t\t\t\t\t\t\t<\/div>\n\t\t\t\t\t<\/div>\n\t\t<\/section>\n\t\t\t\t\t\t<\/div>\n\t\t\t\t\t<\/div>\n\t\t<\/div>\n\t\t\t\t\t\t\t\t<\/div>\n\t\t\t\t\t<\/div>\n\t\t<\/section>\n\t\t\t\t<section class=\"elementor-section elementor-top-section elementor-element elementor-element-3b9f00b elementor-section-boxed elementor-section-height-default elementor-section-height-default\" data-id=\"3b9f00b\" data-element_type=\"section\">\n\t\t\t\t\t\t<div class=\"elementor-container elementor-column-gap-default\">\n\t\t\t\t\t\t\t<div class=\"elementor-row\">\n\t\t\t\t\t<div class=\"elementor-column elementor-col-100 elementor-top-column elementor-element elementor-element-e8cf9ea\" data-id=\"e8cf9ea\" data-element_type=\"column\">\n\t\t\t<div class=\"elementor-column-wrap\">\n\t\t\t\t\t\t\t<div class=\"elementor-widget-wrap\">\n\t\t\t\t\t\t\t\t<\/div>\n\t\t\t\t\t<\/div>\n\t\t<\/div>\n\t\t\t\t\t\t\t\t<\/div>\n\t\t\t\t\t<\/div>\n\t\t<\/section>\n\t\t\t\t<section class=\"elementor-section elementor-top-section elementor-element elementor-element-6bb81d3 elementor-section-boxed elementor-section-height-default elementor-section-height-default\" data-id=\"6bb81d3\" data-element_type=\"section\">\n\t\t\t\t\t\t<div class=\"elementor-container elementor-column-gap-default\">\n\t\t\t\t\t\t\t<div class=\"elementor-row\">\n\t\t\t\t\t<div class=\"elementor-column elementor-col-33 elementor-top-column elementor-element elementor-element-4dc1bea\" data-id=\"4dc1bea\" data-element_type=\"column\">\n\t\t\t<div class=\"elementor-column-wrap elementor-element-populated\">\n\t\t\t\t\t\t\t<div class=\"elementor-widget-wrap\">\n\t\t\t\t\t\t<div class=\"elementor-element elementor-element-31fe69b elementor-widget elementor-widget-image\" data-id=\"31fe69b\" data-element_type=\"widget\" data-widget_type=\"image.default\">\n\t\t\t\t<div class=\"elementor-widget-container\">\n\t\t\t\t\t\t\t\t<div class=\"elementor-image\">\n\t\t\t\t\t\t\t\t\t\t\t\t<img loading=\"lazy\" decoding=\"async\" width=\"720\" height=\"960\" src=\"https:\/\/webszh.uk-halle.de\/carla-studie\/wp-content\/uploads\/2023\/06\/Fig2_neu_CARLA_HP_dt.png\" class=\"attachment-medium_large size-medium_large\" alt=\"\" srcset=\"https:\/\/webszh.uk-halle.de\/carla-studie\/wp-content\/uploads\/2023\/06\/Fig2_neu_CARLA_HP_dt.png 720w, https:\/\/webszh.uk-halle.de\/carla-studie\/wp-content\/uploads\/2023\/06\/Fig2_neu_CARLA_HP_dt-225x300.png 225w\" sizes=\"auto, (max-width: 720px) 100vw, 720px\" \/>\t\t\t\t\t\t\t\t\t\t\t\t\t\t<\/div>\n\t\t\t\t\t\t<\/div>\n\t\t\t\t<\/div>\n\t\t\t\t\t\t<\/div>\n\t\t\t\t\t<\/div>\n\t\t<\/div>\n\t\t\t\t<div class=\"elementor-column elementor-col-66 elementor-top-column elementor-element elementor-element-eb9ccb9\" data-id=\"eb9ccb9\" data-element_type=\"column\">\n\t\t\t<div class=\"elementor-column-wrap elementor-element-populated\">\n\t\t\t\t\t\t\t<div class=\"elementor-widget-wrap\">\n\t\t\t\t\t\t<div class=\"elementor-element elementor-element-769d37a elementor-widget elementor-widget-heading\" data-id=\"769d37a\" data-element_type=\"widget\" data-widget_type=\"heading.default\">\n\t\t\t\t<div class=\"elementor-widget-container\">\n\t\t\t<h2 class=\"elementor-heading-title elementor-size-default\">Zusammenfassung<\/h2>\t\t<\/div>\n\t\t\t\t<\/div>\n\t\t\t\t<div class=\"elementor-element elementor-element-61f27cc elementor-widget elementor-widget-text-editor\" data-id=\"61f27cc\" data-element_type=\"widget\" data-widget_type=\"text-editor.default\">\n\t\t\t\t<div class=\"elementor-widget-container\">\n\t\t\t\t\t\t\t\t<div class=\"elementor-text-editor elementor-clearfix\">\n\t\t\t\t<p>Die CARLA-Studie (Cardiovascular Disease, Living and Ageing in Halle) ist eine bev\u00f6lkerungsbezogene L\u00e4ngsschnitt-Kohortenstudie der Allgemeinbev\u00f6lkerung der Stadt Halle (Saale), Deutschland.\u00a0<\/p><p>Das prim\u00e4re Ziel der Kohorte war die Untersuchung von Risikofaktoren f\u00fcr kardiovaskul\u00e4re Erkrankungen auf der Grundlage einer umfassenden kardiologischen Ph\u00e4notypisierung der Studienteilnehmer. Dieses Ziel wurde jetzt um die Untersuchung von Faktoren erweitert, die mit gesundem Altern verbunden sind.<\/p><p>\u00a0Insgesamt wurden 1779 Probanden, 812 Frauen und 967 M\u00e4nner im Alter von 45-83 Jahren, zu Beginn der Studie (2002-2005) untersucht. Au\u00dferdem wurden zwei Nachuntersuchungen 4 und 8 Jahre sp\u00e4ter durchgef\u00fchrt.\u00a0<span style=\"color: var( --e-global-color-text ); font-family: var( --e-global-typography-text-font-family ), Sans-serif; font-weight: var( --e-global-typography-text-font-weight ); font-size: 1rem;\">Die Wiederbeteiligung bei den Nachuntersuchungen lag bei 86 % beziehungsweise 77 %.<\/span><\/p><p><span style=\"color: var( --e-global-color-text ); font-family: var( --e-global-typography-text-font-family ), Sans-serif; font-weight: var( --e-global-typography-text-font-weight ); font-size: 1rem;\">Vierundsechzig Prozent der Studienteilnehmer befanden sich im Ruhestand, 25 % waren voll- oder teilbesch\u00e4ftigt und 11 % waren zum Zeitpunkt der Erstuntersuchung arbeitslos.\u00a0<\/span><\/p><p><span style=\"color: var( --e-global-color-text ); font-family: var( --e-global-typography-text-font-family ), Sans-serif; font-weight: var( --e-global-typography-text-font-weight ); font-size: 1rem;\">Die derzeit laufende dritte Nachuntersuchung konzentriert sich auf die Bewertung der k\u00f6rperlichen und geistigen Gesundheit mit einem intensiven 4-st\u00fcndigen Untersuchungsprogramm, das die Messung von kardiovaskul\u00e4ren, neurokognitiven, Gleichgewichts- und Gangparametern umfasst.\u00a0<\/span><\/p><p><span style=\"color: var( --e-global-color-text ); font-family: var( --e-global-typography-text-font-family ), Sans-serif; font-weight: var( --e-global-typography-text-font-weight ); font-size: 1rem;\">Die im Rahmen der CARLA-Studie gesammelten Daten f\u00fchrten bisher zur Beantwortung verschiedener Forschungsfragen in \u00fcber 80 Ver\u00f6ffentlichungen, von denen zwei Drittel gepoolte Analysen mit \u00e4hnlichen bev\u00f6lkerungsbasierten Studien waren.\u00a0<\/span><\/p><p><span style=\"color: var( --e-global-color-text ); font-family: var( --e-global-typography-text-font-family ), Sans-serif; font-weight: var( --e-global-typography-text-font-weight ); font-size: 1rem;\">Aufgrund der umfangreichen Informationen \u00fcber Risikofaktoren, subklinische Zust\u00e4nde und manifeste Krankheiten, des Biobanking-Konzepts, der Repr\u00e4sentativit\u00e4t der Kohorte f\u00fcr eine \u00e4ltere Bev\u00f6lkerung und des hohen Niveaus der Qualit\u00e4tssicherung bietet die CARLA-Kohorte eine einzigartige Plattform f\u00fcr weitere Forschungen zu wichtigen Indikatoren f\u00fcr gesundes Altern.<\/span><\/p>\t\t\t\t\t<\/div>\n\t\t\t\t\t\t<\/div>\n\t\t\t\t<\/div>\n\t\t\t\t\t\t<\/div>\n\t\t\t\t\t<\/div>\n\t\t<\/div>\n\t\t\t\t\t\t\t\t<\/div>\n\t\t\t\t\t<\/div>\n\t\t<\/section>\n\t\t\t\t\t\t\t\t\t<\/div>\n\t\t\t<\/div>\n\t\t\t\t\t<\/div>\n\t\t","protected":false},"excerpt":{"rendered":"<p>Studienbeschreibung Kohortenprofil 2022 Die aktuelle Beschreibung der CARLA-Studie inklusive aller Follow-ups, der eingesetzten Instrumente, durchgef\u00fchrter Messungen, gesammelter Proben und erhobener Laborparameter finden sie in folgender Publikation: Hassan, L., Efremov, L., Gro\u00dfkopf, A. et al. Cardiovascular risk factors, living and ageing in Halle: the CARLA study. Eur J Epidemiol (2022). DOI: https:\/\/doi.org\/10.1007\/s10654-021-00824-7 Studienprotokoll 2005 Das uspr\u00fcngliche [&hellip;]<\/p>\n","protected":false},"author":4,"featured_media":0,"parent":0,"menu_order":0,"comment_status":"closed","ping_status":"closed","template":"","meta":{"footnotes":""},"class_list":["post-597","page","type-page","status-publish","hentry"],"_links":{"self":[{"href":"https:\/\/webszh.uk-halle.de\/carla-studie\/index.php\/wp-json\/wp\/v2\/pages\/597","targetHints":{"allow":["GET"]}}],"collection":[{"href":"https:\/\/webszh.uk-halle.de\/carla-studie\/index.php\/wp-json\/wp\/v2\/pages"}],"about":[{"href":"https:\/\/webszh.uk-halle.de\/carla-studie\/index.php\/wp-json\/wp\/v2\/types\/page"}],"author":[{"embeddable":true,"href":"https:\/\/webszh.uk-halle.de\/carla-studie\/index.php\/wp-json\/wp\/v2\/users\/4"}],"replies":[{"embeddable":true,"href":"https:\/\/webszh.uk-halle.de\/carla-studie\/index.php\/wp-json\/wp\/v2\/comments?post=597"}],"version-history":[{"count":103,"href":"https:\/\/webszh.uk-halle.de\/carla-studie\/index.php\/wp-json\/wp\/v2\/pages\/597\/revisions"}],"predecessor-version":[{"id":2225,"href":"https:\/\/webszh.uk-halle.de\/carla-studie\/index.php\/wp-json\/wp\/v2\/pages\/597\/revisions\/2225"}],"wp:attachment":[{"href":"https:\/\/webszh.uk-halle.de\/carla-studie\/index.php\/wp-json\/wp\/v2\/media?parent=597"}],"curies":[{"name":"wp","href":"https:\/\/api.w.org\/{rel}","templated":true}]}}