{"id":178,"date":"2021-06-30T15:05:55","date_gmt":"2021-06-30T15:05:55","guid":{"rendered":"https:\/\/webszh.uk-halle.de\/carla-studie\/?page_id=178"},"modified":"2022-12-22T00:00:35","modified_gmt":"2022-12-22T00:00:35","slug":"aktuelles","status":"publish","type":"page","link":"https:\/\/webszh.uk-halle.de\/carla-studie\/index.php\/aktuelles\/","title":{"rendered":"Aktuelles"},"content":{"rendered":"\t\t<div data-elementor-type=\"wp-page\" data-elementor-id=\"178\" class=\"elementor elementor-178\">\n\t\t\t\t\t\t<div class=\"elementor-inner\">\n\t\t\t\t<div class=\"elementor-section-wrap\">\n\t\t\t\t\t\t\t\t\t<section class=\"elementor-section elementor-top-section elementor-element elementor-element-396a65f elementor-section-full_width elementor-section-height-default elementor-section-height-default\" data-id=\"396a65f\" data-element_type=\"section\" data-settings=\"{&quot;background_background&quot;:&quot;classic&quot;}\">\n\t\t\t\t\t\t\t<div class=\"elementor-background-overlay\"><\/div>\n\t\t\t\t\t\t\t<div class=\"elementor-container elementor-column-gap-default\">\n\t\t\t\t\t\t\t<div class=\"elementor-row\">\n\t\t\t\t\t<div class=\"elementor-column elementor-col-100 elementor-top-column elementor-element elementor-element-fe16d6b\" data-id=\"fe16d6b\" data-element_type=\"column\">\n\t\t\t<div class=\"elementor-column-wrap elementor-element-populated\">\n\t\t\t\t\t\t\t<div class=\"elementor-widget-wrap\">\n\t\t\t\t\t\t<div class=\"elementor-element elementor-element-bf10030 elementor-widget elementor-widget-heading\" data-id=\"bf10030\" data-element_type=\"widget\" data-widget_type=\"heading.default\">\n\t\t\t\t<div class=\"elementor-widget-container\">\n\t\t\t<h2 class=\"elementor-heading-title elementor-size-default\">Aktuelles<\/h2>\t\t<\/div>\n\t\t\t\t<\/div>\n\t\t\t\t\t\t<\/div>\n\t\t\t\t\t<\/div>\n\t\t<\/div>\n\t\t\t\t\t\t\t\t<\/div>\n\t\t\t\t\t<\/div>\n\t\t<\/section>\n\t\t\t\t<section class=\"elementor-section elementor-top-section elementor-element elementor-element-503dd8e9 elementor-section-boxed elementor-section-height-default elementor-section-height-default\" data-id=\"503dd8e9\" data-element_type=\"section\" data-settings=\"{&quot;background_background&quot;:&quot;gradient&quot;}\">\n\t\t\t\t\t\t<div class=\"elementor-container elementor-column-gap-default\">\n\t\t\t\t\t\t\t<div class=\"elementor-row\">\n\t\t\t\t\t<div class=\"elementor-column elementor-col-100 elementor-top-column elementor-element elementor-element-706b994e\" data-id=\"706b994e\" data-element_type=\"column\">\n\t\t\t<div class=\"elementor-column-wrap elementor-element-populated\">\n\t\t\t\t\t\t\t<div class=\"elementor-widget-wrap\">\n\t\t\t\t\t\t<div class=\"elementor-element elementor-element-33ca7a0f elementor-grid-3 elementor-grid-tablet-2 elementor-grid-mobile-1 elementor-posts--thumbnail-top elementor-card-shadow-yes elementor-posts__hover-gradient elementor-widget elementor-widget-posts\" data-id=\"33ca7a0f\" data-element_type=\"widget\" data-settings=\"{&quot;cards_row_gap&quot;:{&quot;unit&quot;:&quot;px&quot;,&quot;size&quot;:50,&quot;sizes&quot;:[]},&quot;cards_columns&quot;:&quot;3&quot;,&quot;cards_columns_tablet&quot;:&quot;2&quot;,&quot;cards_columns_mobile&quot;:&quot;1&quot;}\" data-widget_type=\"posts.cards\">\n\t\t\t\t<div class=\"elementor-widget-container\">\n\t\t\t\t\t<div class=\"elementor-posts-container elementor-posts elementor-posts--skin-cards elementor-grid\">\n\t\t\t\t<article class=\"elementor-post elementor-grid-item post-1817 post type-post status-publish format-standard has-post-thumbnail hentry category-uncategorized\">\n\t\t\t<div class=\"elementor-post__card\">\n\t\t\t\t<a class=\"elementor-post__thumbnail__link\" href=\"https:\/\/webszh.uk-halle.de\/carla-studie\/index.php\/20-jahre-carla-studie-videoprojekt\/\" target=\"_blank\">\n\t\t\t<div class=\"elementor-post__thumbnail\"><img loading=\"lazy\" decoding=\"async\" width=\"1732\" height=\"912\" src=\"https:\/\/webszh.uk-halle.de\/carla-studie\/wp-content\/uploads\/2021\/06\/snap.png\" class=\"attachment-full size-full\" alt=\"\" srcset=\"https:\/\/webszh.uk-halle.de\/carla-studie\/wp-content\/uploads\/2021\/06\/snap.png 1732w, https:\/\/webszh.uk-halle.de\/carla-studie\/wp-content\/uploads\/2021\/06\/snap-300x158.png 300w, https:\/\/webszh.uk-halle.de\/carla-studie\/wp-content\/uploads\/2021\/06\/snap-1024x539.png 1024w, https:\/\/webszh.uk-halle.de\/carla-studie\/wp-content\/uploads\/2021\/06\/snap-768x404.png 768w, https:\/\/webszh.uk-halle.de\/carla-studie\/wp-content\/uploads\/2021\/06\/snap-1536x809.png 1536w\" sizes=\"auto, (max-width: 1732px) 100vw, 1732px\" \/><\/div>\n\t\t<\/a>\n\t\t\t\t<div class=\"elementor-post__text\">\n\t\t\t\t<h3 class=\"elementor-post__title\">\n\t\t\t<a href=\"https:\/\/webszh.uk-halle.de\/carla-studie\/index.php\/20-jahre-carla-studie-videoprojekt\/\" target=\"_blank\">\n\t\t\t\t20 Jahre CARLA-Studie: Videoprojekt\t\t\t<\/a>\n\t\t<\/h3>\n\t\t\t\t<div class=\"elementor-post__excerpt\">\n\t\t\t<p>Die CARLA-Studie feiert im Jahr 2022 ihr 20-j\u00e4hriges Bestehen und das Studienteam hat dieses Jubil\u00e4um und den Abschluss der dritten Nachfolge-untersuchung zum Anlass genommen, bei<\/p>\n\t\t<\/div>\n\t\t\t\t\t<a class=\"elementor-post__read-more\" href=\"https:\/\/webszh.uk-halle.de\/carla-studie\/index.php\/20-jahre-carla-studie-videoprojekt\/\" target=\"_blank\">\n\t\t\t\tweiterlesen \u00bb\t\t\t<\/a>\n\t\t\t\t<\/div>\n\t\t\t\t<div class=\"elementor-post__meta-data\">\n\t\t\t\t\t<span class=\"elementor-post-date\">\n\t\t\t21. November 2022\t\t<\/span>\n\t\t\t\t<\/div>\n\t\t\t\t\t<\/div>\n\t\t<\/article>\n\t\t\t\t<article class=\"elementor-post elementor-grid-item post-1748 post type-post status-publish format-standard has-post-thumbnail hentry category-uncategorized\">\n\t\t\t<div class=\"elementor-post__card\">\n\t\t\t\t<a class=\"elementor-post__thumbnail__link\" href=\"https:\/\/webszh.uk-halle.de\/carla-studie\/index.php\/biosalsa-unterwegs-aia-abschlusssymposium\/\" target=\"_blank\">\n\t\t\t<div class=\"elementor-post__thumbnail\"><img loading=\"lazy\" decoding=\"async\" width=\"2560\" height=\"1439\" src=\"https:\/\/webszh.uk-halle.de\/carla-studie\/wp-content\/uploads\/2022\/07\/20220630_125927-scaled.jpg\" class=\"attachment-full size-full\" alt=\"\" srcset=\"https:\/\/webszh.uk-halle.de\/carla-studie\/wp-content\/uploads\/2022\/07\/20220630_125927-scaled.jpg 2560w, https:\/\/webszh.uk-halle.de\/carla-studie\/wp-content\/uploads\/2022\/07\/20220630_125927-300x169.jpg 300w, https:\/\/webszh.uk-halle.de\/carla-studie\/wp-content\/uploads\/2022\/07\/20220630_125927-1024x576.jpg 1024w, https:\/\/webszh.uk-halle.de\/carla-studie\/wp-content\/uploads\/2022\/07\/20220630_125927-768x432.jpg 768w, https:\/\/webszh.uk-halle.de\/carla-studie\/wp-content\/uploads\/2022\/07\/20220630_125927-1536x863.jpg 1536w, https:\/\/webszh.uk-halle.de\/carla-studie\/wp-content\/uploads\/2022\/07\/20220630_125927-2048x1151.jpg 2048w\" sizes=\"auto, (max-width: 2560px) 100vw, 2560px\" \/><\/div>\n\t\t<\/a>\n\t\t\t\t<div class=\"elementor-post__text\">\n\t\t\t\t<h3 class=\"elementor-post__title\">\n\t\t\t<a href=\"https:\/\/webszh.uk-halle.de\/carla-studie\/index.php\/biosalsa-unterwegs-aia-abschlusssymposium\/\" target=\"_blank\">\n\t\t\t\tBioSALSA unterwegs &#8211; AiA Abschlusssymposium\t\t\t<\/a>\n\t\t<\/h3>\n\t\t\t\t<div class=\"elementor-post__excerpt\">\n\t\t\t<p>Seit zweieinhalb Jahren arbeitet das BioSALSA-Team jetzt am Gelingen der 3.Folgeuntersuchung der CARLA-Studie und widmet sich der Suche nach Biomarkern gesunden Alterns in Sachsen-Anhalt. Am<\/p>\n\t\t<\/div>\n\t\t\t\t\t<a class=\"elementor-post__read-more\" href=\"https:\/\/webszh.uk-halle.de\/carla-studie\/index.php\/biosalsa-unterwegs-aia-abschlusssymposium\/\" target=\"_blank\">\n\t\t\t\tweiterlesen \u00bb\t\t\t<\/a>\n\t\t\t\t<\/div>\n\t\t\t\t<div class=\"elementor-post__meta-data\">\n\t\t\t\t\t<span class=\"elementor-post-date\">\n\t\t\t30. Juni 2022\t\t<\/span>\n\t\t\t\t<\/div>\n\t\t\t\t\t<\/div>\n\t\t<\/article>\n\t\t\t\t<article class=\"elementor-post elementor-grid-item post-1770 post type-post status-publish format-standard has-post-thumbnail hentry category-uncategorized\">\n\t\t\t<div class=\"elementor-post__card\">\n\t\t\t\t<a class=\"elementor-post__thumbnail__link\" href=\"https:\/\/webszh.uk-halle.de\/carla-studie\/index.php\/mit-ganzem-herzen-dabei\/\" target=\"_blank\">\n\t\t\t<div class=\"elementor-post__thumbnail\"><img loading=\"lazy\" decoding=\"async\" width=\"2560\" height=\"1781\" src=\"https:\/\/webszh.uk-halle.de\/carla-studie\/wp-content\/uploads\/2022\/02\/wilhelm-gunkel-AKQlYooS72w-unsplash-scaled.jpg\" class=\"attachment-full size-full\" alt=\"\" srcset=\"https:\/\/webszh.uk-halle.de\/carla-studie\/wp-content\/uploads\/2022\/02\/wilhelm-gunkel-AKQlYooS72w-unsplash-scaled.jpg 2560w, https:\/\/webszh.uk-halle.de\/carla-studie\/wp-content\/uploads\/2022\/02\/wilhelm-gunkel-AKQlYooS72w-unsplash-300x209.jpg 300w, https:\/\/webszh.uk-halle.de\/carla-studie\/wp-content\/uploads\/2022\/02\/wilhelm-gunkel-AKQlYooS72w-unsplash-1024x712.jpg 1024w, https:\/\/webszh.uk-halle.de\/carla-studie\/wp-content\/uploads\/2022\/02\/wilhelm-gunkel-AKQlYooS72w-unsplash-768x534.jpg 768w, https:\/\/webszh.uk-halle.de\/carla-studie\/wp-content\/uploads\/2022\/02\/wilhelm-gunkel-AKQlYooS72w-unsplash-1536x1069.jpg 1536w, https:\/\/webszh.uk-halle.de\/carla-studie\/wp-content\/uploads\/2022\/02\/wilhelm-gunkel-AKQlYooS72w-unsplash-2048x1425.jpg 2048w\" sizes=\"auto, (max-width: 2560px) 100vw, 2560px\" \/><\/div>\n\t\t<\/a>\n\t\t\t\t<div class=\"elementor-post__text\">\n\t\t\t\t<h3 class=\"elementor-post__title\">\n\t\t\t<a href=\"https:\/\/webszh.uk-halle.de\/carla-studie\/index.php\/mit-ganzem-herzen-dabei\/\" target=\"_blank\">\n\t\t\t\tMit ganzem Herzen dabei!\t\t\t<\/a>\n\t\t<\/h3>\n\t\t\t\t<div class=\"elementor-post__excerpt\">\n\t\t\t<p>Was unsere TeilnehmerInnen \u00fcber die Studie sagen: Manchmal erreichen uns ganz unerwartet Zuschriften von TeilnehmerInnen, die mit ganzem Herzen dabei sind, wenn es um die<\/p>\n\t\t<\/div>\n\t\t\t\t\t<a class=\"elementor-post__read-more\" href=\"https:\/\/webszh.uk-halle.de\/carla-studie\/index.php\/mit-ganzem-herzen-dabei\/\" target=\"_blank\">\n\t\t\t\tweiterlesen \u00bb\t\t\t<\/a>\n\t\t\t\t<\/div>\n\t\t\t\t<div class=\"elementor-post__meta-data\">\n\t\t\t\t\t<span class=\"elementor-post-date\">\n\t\t\t11. Februar 2022\t\t<\/span>\n\t\t\t\t<\/div>\n\t\t\t\t\t<\/div>\n\t\t<\/article>\n\t\t\t\t<article class=\"elementor-post elementor-grid-item post-1616 post type-post status-publish format-standard has-post-thumbnail hentry category-uncategorized\">\n\t\t\t<div class=\"elementor-post__card\">\n\t\t\t\t<a class=\"elementor-post__thumbnail__link\" href=\"https:\/\/webszh.uk-halle.de\/carla-studie\/index.php\/unsere-aeltesten-teilnehmerinnen\/\" target=\"_blank\">\n\t\t\t<div class=\"elementor-post__thumbnail\"><img loading=\"lazy\" decoding=\"async\" width=\"2560\" height=\"1920\" src=\"https:\/\/webszh.uk-halle.de\/carla-studie\/wp-content\/uploads\/2022\/01\/DSC07199-scaled.jpg\" class=\"attachment-full size-full\" alt=\"\" srcset=\"https:\/\/webszh.uk-halle.de\/carla-studie\/wp-content\/uploads\/2022\/01\/DSC07199-scaled.jpg 2560w, https:\/\/webszh.uk-halle.de\/carla-studie\/wp-content\/uploads\/2022\/01\/DSC07199-300x225.jpg 300w, https:\/\/webszh.uk-halle.de\/carla-studie\/wp-content\/uploads\/2022\/01\/DSC07199-1024x768.jpg 1024w, https:\/\/webszh.uk-halle.de\/carla-studie\/wp-content\/uploads\/2022\/01\/DSC07199-768x576.jpg 768w, https:\/\/webszh.uk-halle.de\/carla-studie\/wp-content\/uploads\/2022\/01\/DSC07199-1536x1152.jpg 1536w, https:\/\/webszh.uk-halle.de\/carla-studie\/wp-content\/uploads\/2022\/01\/DSC07199-2048x1536.jpg 2048w\" sizes=\"auto, (max-width: 2560px) 100vw, 2560px\" \/><\/div>\n\t\t<\/a>\n\t\t\t\t<div class=\"elementor-post__text\">\n\t\t\t\t<h3 class=\"elementor-post__title\">\n\t\t\t<a href=\"https:\/\/webszh.uk-halle.de\/carla-studie\/index.php\/unsere-aeltesten-teilnehmerinnen\/\" target=\"_blank\">\n\t\t\t\tUnsere \u00e4ltesten TeilnehmerInnen\t\t\t<\/a>\n\t\t<\/h3>\n\t\t\t\t<div class=\"elementor-post__excerpt\">\n\t\t\t<p>Heute konnte das Studienteam die \u00e4ltesten TeilnehmerInnen, die noch aktiv an der CARLA-Studie teilnehmen im Studienzentrum begr\u00fc\u00dfen. Die beiden ProbandInnen waren zum Zeitpunkt der Teilnahme<\/p>\n\t\t<\/div>\n\t\t\t\t\t<a class=\"elementor-post__read-more\" href=\"https:\/\/webszh.uk-halle.de\/carla-studie\/index.php\/unsere-aeltesten-teilnehmerinnen\/\" target=\"_blank\">\n\t\t\t\tweiterlesen \u00bb\t\t\t<\/a>\n\t\t\t\t<\/div>\n\t\t\t\t<div class=\"elementor-post__meta-data\">\n\t\t\t\t\t<span class=\"elementor-post-date\">\n\t\t\t6. Mai 2021\t\t<\/span>\n\t\t\t\t<\/div>\n\t\t\t\t\t<\/div>\n\t\t<\/article>\n\t\t\t\t<article class=\"elementor-post elementor-grid-item post-1587 post type-post status-publish format-standard has-post-thumbnail hentry category-uncategorized\">\n\t\t\t<div class=\"elementor-post__card\">\n\t\t\t\t<a class=\"elementor-post__thumbnail__link\" href=\"https:\/\/webszh.uk-halle.de\/carla-studie\/index.php\/fortsetzung-carla-3\/\" target=\"_blank\">\n\t\t\t<div class=\"elementor-post__thumbnail\"><img loading=\"lazy\" decoding=\"async\" width=\"2560\" height=\"1707\" src=\"https:\/\/webszh.uk-halle.de\/carla-studie\/wp-content\/uploads\/2022\/01\/tim-marshall-cAtzHUz7Z8g-unsplash-scaled.jpg\" class=\"attachment-full size-full\" alt=\"\" srcset=\"https:\/\/webszh.uk-halle.de\/carla-studie\/wp-content\/uploads\/2022\/01\/tim-marshall-cAtzHUz7Z8g-unsplash-scaled.jpg 2560w, https:\/\/webszh.uk-halle.de\/carla-studie\/wp-content\/uploads\/2022\/01\/tim-marshall-cAtzHUz7Z8g-unsplash-300x200.jpg 300w, https:\/\/webszh.uk-halle.de\/carla-studie\/wp-content\/uploads\/2022\/01\/tim-marshall-cAtzHUz7Z8g-unsplash-1024x683.jpg 1024w, https:\/\/webszh.uk-halle.de\/carla-studie\/wp-content\/uploads\/2022\/01\/tim-marshall-cAtzHUz7Z8g-unsplash-768x512.jpg 768w, https:\/\/webszh.uk-halle.de\/carla-studie\/wp-content\/uploads\/2022\/01\/tim-marshall-cAtzHUz7Z8g-unsplash-1536x1024.jpg 1536w, https:\/\/webszh.uk-halle.de\/carla-studie\/wp-content\/uploads\/2022\/01\/tim-marshall-cAtzHUz7Z8g-unsplash-2048x1365.jpg 2048w\" sizes=\"auto, (max-width: 2560px) 100vw, 2560px\" \/><\/div>\n\t\t<\/a>\n\t\t\t\t<div class=\"elementor-post__text\">\n\t\t\t\t<h3 class=\"elementor-post__title\">\n\t\t\t<a href=\"https:\/\/webszh.uk-halle.de\/carla-studie\/index.php\/fortsetzung-carla-3\/\" target=\"_blank\">\n\t\t\t\tFortsetzung CARLA-3\t\t\t<\/a>\n\t\t<\/h3>\n\t\t\t\t<div class=\"elementor-post__excerpt\">\n\t\t\t<p>Nachdem die Untersuchungen der ProbandInnen auf Grund der Pandemie noch einmal unterbrochen werden musste, kann das Studienzentrums-Team heute wieder TeilnehmerInnen begr\u00fc\u00dfen. Unter angepassten Sicherheitsvorkehrungen kann<\/p>\n\t\t<\/div>\n\t\t\t\t\t<a class=\"elementor-post__read-more\" href=\"https:\/\/webszh.uk-halle.de\/carla-studie\/index.php\/fortsetzung-carla-3\/\" target=\"_blank\">\n\t\t\t\tweiterlesen \u00bb\t\t\t<\/a>\n\t\t\t\t<\/div>\n\t\t\t\t<div class=\"elementor-post__meta-data\">\n\t\t\t\t\t<span class=\"elementor-post-date\">\n\t\t\t8. April 2021\t\t<\/span>\n\t\t\t\t<\/div>\n\t\t\t\t\t<\/div>\n\t\t<\/article>\n\t\t\t\t<article class=\"elementor-post elementor-grid-item post-1554 post type-post status-publish format-standard has-post-thumbnail hentry category-uncategorized\">\n\t\t\t<div class=\"elementor-post__card\">\n\t\t\t\t<a class=\"elementor-post__thumbnail__link\" href=\"https:\/\/webszh.uk-halle.de\/carla-studie\/index.php\/start-der-3-folgeuntersuchung-carla-3\/\" target=\"_blank\">\n\t\t\t<div class=\"elementor-post__thumbnail\"><img loading=\"lazy\" decoding=\"async\" width=\"2560\" height=\"1433\" src=\"https:\/\/webszh.uk-halle.de\/carla-studie\/wp-content\/uploads\/2021\/09\/Labor_11_Kachel-scaled-e1642083359169.jpg\" class=\"attachment-full size-full\" alt=\"\" srcset=\"https:\/\/webszh.uk-halle.de\/carla-studie\/wp-content\/uploads\/2021\/09\/Labor_11_Kachel-scaled-e1642083359169.jpg 2560w, https:\/\/webszh.uk-halle.de\/carla-studie\/wp-content\/uploads\/2021\/09\/Labor_11_Kachel-scaled-e1642083359169-300x168.jpg 300w, https:\/\/webszh.uk-halle.de\/carla-studie\/wp-content\/uploads\/2021\/09\/Labor_11_Kachel-scaled-e1642083359169-1024x573.jpg 1024w, https:\/\/webszh.uk-halle.de\/carla-studie\/wp-content\/uploads\/2021\/09\/Labor_11_Kachel-scaled-e1642083359169-768x430.jpg 768w, https:\/\/webszh.uk-halle.de\/carla-studie\/wp-content\/uploads\/2021\/09\/Labor_11_Kachel-scaled-e1642083359169-1536x860.jpg 1536w, https:\/\/webszh.uk-halle.de\/carla-studie\/wp-content\/uploads\/2021\/09\/Labor_11_Kachel-scaled-e1642083359169-2048x1146.jpg 2048w\" sizes=\"auto, (max-width: 2560px) 100vw, 2560px\" \/><\/div>\n\t\t<\/a>\n\t\t\t\t<div class=\"elementor-post__text\">\n\t\t\t\t<h3 class=\"elementor-post__title\">\n\t\t\t<a href=\"https:\/\/webszh.uk-halle.de\/carla-studie\/index.php\/start-der-3-folgeuntersuchung-carla-3\/\" target=\"_blank\">\n\t\t\t\tStart der 3. Folgeuntersuchung\t\t\t<\/a>\n\t\t<\/h3>\n\t\t\t\t<div class=\"elementor-post__excerpt\">\n\t\t\t<p>Nach einigen Verz\u00f6gerungen startet die CARLA-Studie heute in ihre 4. Runde. Nach knapp 20 Jahren kommen nun die TeilnehmerInnen in das Studienzentrum der NAKO \/<\/p>\n\t\t<\/div>\n\t\t\t\t\t<a class=\"elementor-post__read-more\" href=\"https:\/\/webszh.uk-halle.de\/carla-studie\/index.php\/start-der-3-folgeuntersuchung-carla-3\/\" target=\"_blank\">\n\t\t\t\tweiterlesen \u00bb\t\t\t<\/a>\n\t\t\t\t<\/div>\n\t\t\t\t<div class=\"elementor-post__meta-data\">\n\t\t\t\t\t<span class=\"elementor-post-date\">\n\t\t\t8. Oktober 2020\t\t<\/span>\n\t\t\t\t<\/div>\n\t\t\t\t\t<\/div>\n\t\t<\/article>\n\t\t\t\t<\/div>\n\t\t\t\t<nav class=\"elementor-pagination\" role=\"navigation\" aria-label=\"Pagination\">\n\t\t\t<span aria-current=\"page\" class=\"page-numbers current\"><span class=\"elementor-screen-only\">Page<\/span>1<\/span>\n<a class=\"page-numbers\" href=\"https:\/\/webszh.uk-halle.de\/carla-studie\/index.php\/wp-json\/wp\/v2\/pages\/178\/page\/2\/\"><span class=\"elementor-screen-only\">Page<\/span>2<\/a>\t\t<\/nav>\n\t\t\t\t<\/div>\n\t\t\t\t<\/div>\n\t\t\t\t\t\t<\/div>\n\t\t\t\t\t<\/div>\n\t\t<\/div>\n\t\t\t\t\t\t\t\t<\/div>\n\t\t\t\t\t<\/div>\n\t\t<\/section>\n\t\t\t\t\t\t\t\t\t<\/div>\n\t\t\t<\/div>\n\t\t\t\t\t<\/div>\n\t\t","protected":false},"excerpt":{"rendered":"<p>Aktuelles<\/p>\n","protected":false},"author":1,"featured_media":0,"parent":0,"menu_order":0,"comment_status":"closed","ping_status":"closed","template":"","meta":{"footnotes":""},"class_list":["post-178","page","type-page","status-publish","hentry"],"_links":{"self":[{"href":"https:\/\/webszh.uk-halle.de\/carla-studie\/index.php\/wp-json\/wp\/v2\/pages\/178","targetHints":{"allow":["GET"]}}],"collection":[{"href":"https:\/\/webszh.uk-halle.de\/carla-studie\/index.php\/wp-json\/wp\/v2\/pages"}],"about":[{"href":"https:\/\/webszh.uk-halle.de\/carla-studie\/index.php\/wp-json\/wp\/v2\/types\/page"}],"author":[{"embeddable":true,"href":"https:\/\/webszh.uk-halle.de\/carla-studie\/index.php\/wp-json\/wp\/v2\/users\/1"}],"replies":[{"embeddable":true,"href":"https:\/\/webszh.uk-halle.de\/carla-studie\/index.php\/wp-json\/wp\/v2\/comments?post=178"}],"version-history":[{"count":22,"href":"https:\/\/webszh.uk-halle.de\/carla-studie\/index.php\/wp-json\/wp\/v2\/pages\/178\/revisions"}],"predecessor-version":[{"id":2199,"href":"https:\/\/webszh.uk-halle.de\/carla-studie\/index.php\/wp-json\/wp\/v2\/pages\/178\/revisions\/2199"}],"wp:attachment":[{"href":"https:\/\/webszh.uk-halle.de\/carla-studie\/index.php\/wp-json\/wp\/v2\/media?parent=178"}],"curies":[{"name":"wp","href":"https:\/\/api.w.org\/{rel}","templated":true}]}}