{"id":1513,"date":"2022-01-13T12:08:52","date_gmt":"2022-01-13T12:08:52","guid":{"rendered":"https:\/\/webszh.uk-halle.de\/carla-studie\/?page_id=1513"},"modified":"2022-12-21T14:41:31","modified_gmt":"2022-12-21T14:41:31","slug":"ergebnisse-probanden","status":"publish","type":"page","link":"https:\/\/webszh.uk-halle.de\/carla-studie\/index.php\/ergebnisse-probanden\/","title":{"rendered":"Ergebnisse (Probanden)"},"content":{"rendered":"\t\t<div data-elementor-type=\"wp-page\" data-elementor-id=\"1513\" class=\"elementor elementor-1513\">\n\t\t\t\t\t\t<div class=\"elementor-inner\">\n\t\t\t\t<div class=\"elementor-section-wrap\">\n\t\t\t\t\t\t\t\t\t<section class=\"elementor-section elementor-top-section elementor-element elementor-element-970141a elementor-section-full_width elementor-section-height-default elementor-section-height-default\" data-id=\"970141a\" data-element_type=\"section\" data-settings=\"{&quot;background_background&quot;:&quot;classic&quot;}\">\n\t\t\t\t\t\t\t<div class=\"elementor-background-overlay\"><\/div>\n\t\t\t\t\t\t\t<div class=\"elementor-container elementor-column-gap-default\">\n\t\t\t\t\t\t\t<div class=\"elementor-row\">\n\t\t\t\t\t<div class=\"elementor-column elementor-col-100 elementor-top-column elementor-element elementor-element-5f48e34\" data-id=\"5f48e34\" data-element_type=\"column\">\n\t\t\t<div class=\"elementor-column-wrap elementor-element-populated\">\n\t\t\t\t\t\t\t<div class=\"elementor-widget-wrap\">\n\t\t\t\t\t\t<div class=\"elementor-element elementor-element-0e298b8 elementor-widget elementor-widget-heading\" data-id=\"0e298b8\" data-element_type=\"widget\" data-widget_type=\"heading.default\">\n\t\t\t\t<div class=\"elementor-widget-container\">\n\t\t\t<h2 class=\"elementor-heading-title elementor-size-default\">Ergebnisse<\/h2>\t\t<\/div>\n\t\t\t\t<\/div>\n\t\t\t\t\t\t<\/div>\n\t\t\t\t\t<\/div>\n\t\t<\/div>\n\t\t\t\t\t\t\t\t<\/div>\n\t\t\t\t\t<\/div>\n\t\t<\/section>\n\t\t\t\t<section class=\"elementor-section elementor-top-section elementor-element elementor-element-48d8ce3 elementor-section-boxed elementor-section-height-default elementor-section-height-default\" data-id=\"48d8ce3\" data-element_type=\"section\">\n\t\t\t\t\t\t<div class=\"elementor-container elementor-column-gap-default\">\n\t\t\t\t\t\t\t<div class=\"elementor-row\">\n\t\t\t\t\t<div class=\"elementor-column elementor-col-100 elementor-top-column elementor-element elementor-element-5937277\" data-id=\"5937277\" data-element_type=\"column\" data-settings=\"{&quot;background_background&quot;:&quot;classic&quot;}\">\n\t\t\t<div class=\"elementor-column-wrap elementor-element-populated\">\n\t\t\t\t\t\t\t<div class=\"elementor-widget-wrap\">\n\t\t\t\t\t\t<div class=\"elementor-element elementor-element-06203c4 elementor-position-right elementor-vertical-align-middle elementor-widget elementor-widget-image-box\" data-id=\"06203c4\" data-element_type=\"widget\" data-widget_type=\"image-box.default\">\n\t\t\t\t<div class=\"elementor-widget-container\">\n\t\t\t<div class=\"elementor-image-box-wrapper\"><figure class=\"elementor-image-box-img\"><img loading=\"lazy\" decoding=\"async\" width=\"2537\" height=\"1474\" src=\"https:\/\/webszh.uk-halle.de\/carla-studie\/wp-content\/uploads\/2022\/01\/Bluthochdruck.png\" class=\"attachment-full size-full\" alt=\"\" \/><\/figure><div class=\"elementor-image-box-content\"><h3 class=\"elementor-image-box-title\">Volkskrankheit Bluthochdruck<\/h3><p class=\"elementor-image-box-description\">Schon in der Erstuntersuchung litten etwa 75 % aller CARLA-TeilnehmerInnen an Bluthochdruck d.h.\nsie hatten einen Blutdruck \u2265 140\/90 mm\/Hg oder nahmen ein blutdrucksenkendes Medikament ein.<br><br>\nDer Anteil der TeilnehmerInnen, die zur Erstuntersuchung nichts von Ihrem erh\u00f6hten Blutdruck\nwussten, lag bei 26% und hat erfreulicherweise bis zur dritten Untersuchung auf nur 6% abgenommen.<br><\/p><\/div><\/div>\t\t<\/div>\n\t\t\t\t<\/div>\n\t\t\t\t<div class=\"elementor-element elementor-element-8b323ec elementor-widget elementor-widget-spacer\" data-id=\"8b323ec\" data-element_type=\"widget\" data-widget_type=\"spacer.default\">\n\t\t\t\t<div class=\"elementor-widget-container\">\n\t\t\t\t\t<div class=\"elementor-spacer\">\n\t\t\t<div class=\"elementor-spacer-inner\"><\/div>\n\t\t<\/div>\n\t\t\t\t<\/div>\n\t\t\t\t<\/div>\n\t\t\t\t<div class=\"elementor-element elementor-element-c0787c9 elementor-position-left elementor-vertical-align-middle elementor-widget elementor-widget-image-box\" data-id=\"c0787c9\" data-element_type=\"widget\" data-widget_type=\"image-box.default\">\n\t\t\t\t<div class=\"elementor-widget-container\">\n\t\t\t<div class=\"elementor-image-box-wrapper\"><figure class=\"elementor-image-box-img\"><img loading=\"lazy\" decoding=\"async\" width=\"1687\" height=\"1226\" src=\"https:\/\/webszh.uk-halle.de\/carla-studie\/wp-content\/uploads\/2022\/01\/Sport_Sterblichkeit.png\" class=\"attachment-full size-full\" alt=\"\" \/><\/figure><div class=\"elementor-image-box-content\"><h3 class=\"elementor-image-box-title\">K\u00f6rperliche Aktivit\u00e4t und Langlebigkeit<\/h3><p class=\"elementor-image-box-description\">In der CARLA-Studie wurden die TeilnehmerInnen\nnach der H\u00e4ufigkeit und Dauer k\u00f6rperlicher Aktivit\u00e4t\nin der Freizeit z.B. Rad fahren und Laufen,\nSport und k\u00f6rperlichen Aktivit\u00e4ten w\u00e4hrend der\nArbeit befragt.<br><br>Es konnte gezeigt werden, dass TeilnehmerInnen,\ndie h\u00e4ufiger Sport treiben oder in Ihrer Freizeit k\u00f6rperlich\naktiv sind, ein 30 % geringeres Risiko hatten\nvorzeitig zu versterben. Dies gilt insbesondere auch f\u00fcr die Sterbe-Wahrscheinlichkeit in Folge von Herz-Kreislauf-Erkrankungen.<\/p><\/div><\/div>\t\t<\/div>\n\t\t\t\t<\/div>\n\t\t\t\t<div class=\"elementor-element elementor-element-f4320e5 elementor-widget elementor-widget-spacer\" data-id=\"f4320e5\" data-element_type=\"widget\" data-widget_type=\"spacer.default\">\n\t\t\t\t<div class=\"elementor-widget-container\">\n\t\t\t\t\t<div class=\"elementor-spacer\">\n\t\t\t<div class=\"elementor-spacer-inner\"><\/div>\n\t\t<\/div>\n\t\t\t\t<\/div>\n\t\t\t\t<\/div>\n\t\t\t\t<div class=\"elementor-element elementor-element-953a38d elementor-position-right elementor-vertical-align-middle elementor-widget elementor-widget-image-box\" data-id=\"953a38d\" data-element_type=\"widget\" data-widget_type=\"image-box.default\">\n\t\t\t\t<div class=\"elementor-widget-container\">\n\t\t\t<div class=\"elementor-image-box-wrapper\"><figure class=\"elementor-image-box-img\"><img loading=\"lazy\" decoding=\"async\" width=\"1899\" height=\"1115\" src=\"https:\/\/webszh.uk-halle.de\/carla-studie\/wp-content\/uploads\/2022\/01\/AGE_FunktionsfA\u00a4higkeit.png\" class=\"attachment-full size-full\" alt=\"\" \/><\/figure><div class=\"elementor-image-box-content\"><h3 class=\"elementor-image-box-title\">Verzuckerte Eiwei\u00dfe &amp; k\u00f6rperliche Einschr\u00e4nkungen<\/h3><p class=\"elementor-image-box-description\">Verzuckerte Eiwei\u00dfe (AGEs) entstehen im K\u00f6rper,\nwenn hohe Zuckermengen \u00fcber l\u00e4ngere Zeit mit\nGewebe oder K\u00f6rperfl\u00fcssigkeiten in Kontakt stehen.\nDie CARLA-Studie macht sich zu Nutze, dass einige\ndiese AGEs bei Aktivierung Licht aussenden.<br>Dadurch kann ihr Gehalt in der Haut oder im Blut\ngemessen werden.<br><br>Die Untersuchung der AGEs im Blut der CARLA-Teilnehmerinnen\nkonnte zeigen, dass bei Frauen\neine Assoziation zwischen erh\u00f6hten AGE-Werten\nund Einschr\u00e4nkungen bei mittelschweren T\u00e4tigkeiten,\nwie Staubsaugen und beim Treppen-steigen\nbesteht. Dieser Einfluss scheint unabh\u00e4ngig\nvom Alter und einer vorliegenden Zuckerkrankheit\nzu sein.<br><br>\nBei m\u00e4nnlichen Probanden hingegen konnte kein\nUnterschied gefunden werden.<\/p><\/div><\/div>\t\t<\/div>\n\t\t\t\t<\/div>\n\t\t\t\t<div class=\"elementor-element elementor-element-88f5e0f elementor-widget elementor-widget-spacer\" data-id=\"88f5e0f\" data-element_type=\"widget\" data-widget_type=\"spacer.default\">\n\t\t\t\t<div class=\"elementor-widget-container\">\n\t\t\t\t\t<div class=\"elementor-spacer\">\n\t\t\t<div class=\"elementor-spacer-inner\"><\/div>\n\t\t<\/div>\n\t\t\t\t<\/div>\n\t\t\t\t<\/div>\n\t\t\t\t<div class=\"elementor-element elementor-element-a9dfbe6 elementor-position-left elementor-vertical-align-middle elementor-widget elementor-widget-image-box\" data-id=\"a9dfbe6\" data-element_type=\"widget\" data-widget_type=\"image-box.default\">\n\t\t\t\t<div class=\"elementor-widget-container\">\n\t\t\t<div class=\"elementor-image-box-wrapper\"><figure class=\"elementor-image-box-img\"><img loading=\"lazy\" decoding=\"async\" width=\"768\" height=\"611\" src=\"https:\/\/webszh.uk-halle.de\/carla-studie\/wp-content\/uploads\/2022\/01\/Diabetes_Schipf2012-768x611.png\" class=\"attachment-medium_large size-medium_large\" alt=\"\" \/><\/figure><div class=\"elementor-image-box-content\"><h3 class=\"elementor-image-box-title\">Diabetes in Deutschland<\/h3><p class=\"elementor-image-box-description\">Diabetes mellitus (Zuckerkrankheit) steht h\u00e4ufig in\nengem Zusammenhang mit \u00dcbergewicht. Das hei\u00dft,\ndass Personen mit \u00dcbergewicht ein gr\u00f6\u00dferes Risiko\nhaben, eine Zuckerkrankheit vom Typ 2, den so genannten\nAltersdiabetes, zu entwickeln. Patienten mit\nDiabetes haben wiederum ein erh\u00f6htes Risiko f\u00fcr\nHerz-Kreislauf-Erkrankungen und Nerven- bzw. Sehst\u00f6rungen.\n<br><br>Unter den Teilnehmern der CARLA-Studie litten zum\nZeitpunkt der Basisuntersuchung 12% unter der Zuckerkrankheit.\nEin regionaler Vergleich zeigt, dass die\nH\u00e4ufigkeit des Diabetes in Halle im Vergleich zu anderen\nRegionen Deutschlands h\u00f6her ist.<\/p><\/div><\/div>\t\t<\/div>\n\t\t\t\t<\/div>\n\t\t\t\t\t\t<\/div>\n\t\t\t\t\t<\/div>\n\t\t<\/div>\n\t\t\t\t\t\t\t\t<\/div>\n\t\t\t\t\t<\/div>\n\t\t<\/section>\n\t\t\t\t\t\t\t\t\t<\/div>\n\t\t\t<\/div>\n\t\t\t\t\t<\/div>\n\t\t","protected":false},"excerpt":{"rendered":"<p>Ergebnisse Volkskrankheit Bluthochdruck Schon in der Erstuntersuchung litten etwa 75 % aller CARLA-TeilnehmerInnen an Bluthochdruck d.h. sie hatten einen Blutdruck \u2265 140\/90 mm\/Hg oder nahmen ein blutdrucksenkendes Medikament ein. Der Anteil der TeilnehmerInnen, die zur Erstuntersuchung nichts von Ihrem erh\u00f6hten Blutdruck wussten, lag bei 26% und hat erfreulicherweise bis zur dritten Untersuchung auf nur 6% [&hellip;]<\/p>\n","protected":false},"author":4,"featured_media":0,"parent":0,"menu_order":0,"comment_status":"closed","ping_status":"closed","template":"","meta":{"footnotes":""},"class_list":["post-1513","page","type-page","status-publish","hentry"],"_links":{"self":[{"href":"https:\/\/webszh.uk-halle.de\/carla-studie\/index.php\/wp-json\/wp\/v2\/pages\/1513","targetHints":{"allow":["GET"]}}],"collection":[{"href":"https:\/\/webszh.uk-halle.de\/carla-studie\/index.php\/wp-json\/wp\/v2\/pages"}],"about":[{"href":"https:\/\/webszh.uk-halle.de\/carla-studie\/index.php\/wp-json\/wp\/v2\/types\/page"}],"author":[{"embeddable":true,"href":"https:\/\/webszh.uk-halle.de\/carla-studie\/index.php\/wp-json\/wp\/v2\/users\/4"}],"replies":[{"embeddable":true,"href":"https:\/\/webszh.uk-halle.de\/carla-studie\/index.php\/wp-json\/wp\/v2\/comments?post=1513"}],"version-history":[{"count":22,"href":"https:\/\/webszh.uk-halle.de\/carla-studie\/index.php\/wp-json\/wp\/v2\/pages\/1513\/revisions"}],"predecessor-version":[{"id":2117,"href":"https:\/\/webszh.uk-halle.de\/carla-studie\/index.php\/wp-json\/wp\/v2\/pages\/1513\/revisions\/2117"}],"wp:attachment":[{"href":"https:\/\/webszh.uk-halle.de\/carla-studie\/index.php\/wp-json\/wp\/v2\/media?parent=1513"}],"curies":[{"name":"wp","href":"https:\/\/api.w.org\/{rel}","templated":true}]}}