{"id":944,"date":"2021-12-03T15:20:28","date_gmt":"2021-12-03T15:20:28","guid":{"rendered":"https:\/\/webszh.uk-halle.de\/beonet\/?page_id=944"},"modified":"2021-12-03T15:38:22","modified_gmt":"2021-12-03T15:38:22","slug":"versorgungsdaten","status":"publish","type":"page","link":"https:\/\/webszh.uk-halle.de\/beonet\/index.php\/versorgungsdaten\/","title":{"rendered":"Versorgungsdaten"},"content":{"rendered":"\t\t<div data-elementor-type=\"wp-page\" data-elementor-id=\"944\" class=\"elementor elementor-944\">\n\t\t\t\t\t\t\t\t\t<section class=\"elementor-section elementor-top-section elementor-element elementor-element-6c5c3f9 elementor-section-boxed elementor-section-height-default elementor-section-height-default\" data-id=\"6c5c3f9\" data-element_type=\"section\">\n\t\t\t\t\t\t<div class=\"elementor-container elementor-column-gap-default\">\n\t\t\t\t\t<div class=\"elementor-column elementor-col-100 elementor-top-column elementor-element elementor-element-6c309d7\" data-id=\"6c309d7\" data-element_type=\"column\">\n\t\t\t<div class=\"elementor-widget-wrap elementor-element-populated\">\n\t\t\t\t\t\t\t\t<div class=\"elementor-element elementor-element-c590d22 elementor-widget elementor-widget-heading\" data-id=\"c590d22\" data-element_type=\"widget\" data-widget_type=\"heading.default\">\n\t\t\t\t<div class=\"elementor-widget-container\">\n\t\t\t<h2 class=\"elementor-heading-title elementor-size-default\">Versorgungsdaten f\u00fcr die Gesundheitsforschung<\/h2>\t\t<\/div>\n\t\t\t\t<\/div>\n\t\t\t\t<div class=\"elementor-element elementor-element-def5eae elementor-widget elementor-widget-text-editor\" data-id=\"def5eae\" data-element_type=\"widget\" data-widget_type=\"text-editor.default\">\n\t\t\t\t<div class=\"elementor-widget-container\">\n\t\t\t\t\t\t\t<p>BeoNet-Halle sammelt \u00fcber 50 Variablen aus elektronischen Patientenakten von Haus- und Facharztpraxen. Dabei k\u00f6nnen Daten aus mehr als 70 verschiedenen Praxissoftwaresystemen exportiert werden. Die Daten werden zun\u00e4chst aufbereitet, da es einige Unterschiede in Struktur und klinischer Kodierung innerhalb Praxissoftwares gibt. Haus- und Facharztpraxen werden in separate Datenbanken mit Metadaten eingepflegt.<\/p><pre id=\"tw-target-text\" class=\"tw-data-text tw-text-large tw-ta\" dir=\"ltr\" data-placeholder=\"Translation\"><span class=\"Y2IQFc\" lang=\"de\">\u00a0<\/span><\/pre>\t\t\t\t\t\t<\/div>\n\t\t\t\t<\/div>\n\t\t\t\t\t<\/div>\n\t\t<\/div>\n\t\t\t\t\t\t\t<\/div>\n\t\t<\/section>\n\t\t\t\t\t\t\t<\/div>\n\t\t","protected":false},"excerpt":{"rendered":"<p>Versorgungsdaten f\u00fcr die Gesundheitsforschung BeoNet-Halle sammelt \u00fcber 50 Variablen aus elektronischen Patientenakten von Haus- und Facharztpraxen. Dabei k\u00f6nnen Daten aus mehr als 70 verschiedenen Praxissoftwaresystemen exportiert werden. Die Daten werden zun\u00e4chst aufbereitet, da es einige Unterschiede in Struktur und klinischer Kodierung innerhalb Praxissoftwares gibt. Haus- und Facharztpraxen werden in separate Datenbanken mit Metadaten eingepflegt. \u00a0<\/p>\n","protected":false},"author":2,"featured_media":0,"parent":0,"menu_order":0,"comment_status":"closed","ping_status":"closed","template":"","meta":[],"_links":{"self":[{"href":"https:\/\/webszh.uk-halle.de\/beonet\/index.php\/wp-json\/wp\/v2\/pages\/944"}],"collection":[{"href":"https:\/\/webszh.uk-halle.de\/beonet\/index.php\/wp-json\/wp\/v2\/pages"}],"about":[{"href":"https:\/\/webszh.uk-halle.de\/beonet\/index.php\/wp-json\/wp\/v2\/types\/page"}],"author":[{"embeddable":true,"href":"https:\/\/webszh.uk-halle.de\/beonet\/index.php\/wp-json\/wp\/v2\/users\/2"}],"replies":[{"embeddable":true,"href":"https:\/\/webszh.uk-halle.de\/beonet\/index.php\/wp-json\/wp\/v2\/comments?post=944"}],"version-history":[{"count":4,"href":"https:\/\/webszh.uk-halle.de\/beonet\/index.php\/wp-json\/wp\/v2\/pages\/944\/revisions"}],"predecessor-version":[{"id":950,"href":"https:\/\/webszh.uk-halle.de\/beonet\/index.php\/wp-json\/wp\/v2\/pages\/944\/revisions\/950"}],"wp:attachment":[{"href":"https:\/\/webszh.uk-halle.de\/beonet\/index.php\/wp-json\/wp\/v2\/media?parent=944"}],"curies":[{"name":"wp","href":"https:\/\/api.w.org\/{rel}","templated":true}]}}