{"id":895,"date":"2021-12-03T10:44:47","date_gmt":"2021-12-03T10:44:47","guid":{"rendered":"https:\/\/webszh.uk-halle.de\/beonet\/?page_id=895"},"modified":"2023-02-24T08:36:25","modified_gmt":"2023-02-24T08:36:25","slug":"datenschutz","status":"publish","type":"page","link":"https:\/\/webszh.uk-halle.de\/beonet\/index.php\/datenschutz\/","title":{"rendered":"Datenschutz"},"content":{"rendered":"\t\t<div data-elementor-type=\"wp-page\" data-elementor-id=\"895\" class=\"elementor elementor-895\">\n\t\t\t\t\t\t\t\t\t<section class=\"elementor-section elementor-top-section elementor-element elementor-element-788afb6 elementor-section-boxed elementor-section-height-default elementor-section-height-default\" data-id=\"788afb6\" data-element_type=\"section\">\n\t\t\t\t\t\t<div class=\"elementor-container elementor-column-gap-default\">\n\t\t\t\t\t<div class=\"elementor-column elementor-col-50 elementor-top-column elementor-element elementor-element-86b8e59\" data-id=\"86b8e59\" data-element_type=\"column\">\n\t\t\t<div class=\"elementor-widget-wrap elementor-element-populated\">\n\t\t\t\t\t\t\t\t<div class=\"elementor-element elementor-element-96901ad elementor-widget elementor-widget-heading\" data-id=\"96901ad\" data-element_type=\"widget\" data-widget_type=\"heading.default\">\n\t\t\t\t<div class=\"elementor-widget-container\">\n\t\t\t<h2 class=\"elementor-heading-title elementor-size-default\">Schutz von Patientendaten<\/h2>\t\t<\/div>\n\t\t\t\t<\/div>\n\t\t\t\t<div class=\"elementor-element elementor-element-0a8723a elementor-widget elementor-widget-heading\" data-id=\"0a8723a\" data-element_type=\"widget\" data-widget_type=\"heading.default\">\n\t\t\t\t<div class=\"elementor-widget-container\">\n\t\t\t<h2 class=\"elementor-heading-title elementor-size-default\">Datenschutz<\/h2>\t\t<\/div>\n\t\t\t\t<\/div>\n\t\t\t\t<div class=\"elementor-element elementor-element-d7477f0 elementor-widget elementor-widget-text-editor\" data-id=\"d7477f0\" data-element_type=\"widget\" data-widget_type=\"text-editor.default\">\n\t\t\t\t<div class=\"elementor-widget-container\">\n\t\t\t\t\t\t\t<p><span lang=\"de\"><span data-language-for-alternatives=\"de\" data-language-to-translate-into=\"en\" data-phrase-index=\"0\" data-number-of-phrases=\"2\">Der Schutz von Patientendaten\u00a0<\/span><\/span><span style=\"color: var( --e-global-color-primary );\" data-language-for-alternatives=\"de\" data-language-to-translate-into=\"en\" data-phrase-index=\"0\" data-number-of-phrases=\"2\">spielt eine zentrale Rolle im BeoNet Halle.<\/span>\u00a0<span style=\"color: var( --e-global-color-primary );\" data-language-for-alternatives=\"de\" data-language-to-translate-into=\"en\" data-phrase-index=\"1\" data-number-of-phrases=\"2\">Hier erl\u00e4utern wir, wie die Privatsph\u00e4re von Patientendaten gesch\u00fctzt und wie die Daten verarbeitet und verwendet werden.<\/span><span style=\"color: var( --e-global-color-primary );\">\u00a0In die Datenverarbeitung involviert sind:<\/span><\/p><ul><li>Alle Patientinnen und Patienten, die eine Einwilligungserkl\u00e4rung in die Nutzung von Patientendaten f\u00fcr medizinische Forschungszwecke unterzeichnet haben. Die Behandlungsdaten der Patienten von \u00c4rztinnen und \u00c4rzten werden anschlie\u00dfend f\u00fcr die Forschung und Qualit\u00e4tssicherung genutzt.<\/li><li><p>Die teilnehmende Arztpraxis bzw. die teilnehmenden \u00c4rztinnen und \u00c4rzte, die einen Kooperationsvertrag mit dem Register unterzeichnet haben.<\/p><\/li><\/ul>\t\t\t\t\t\t<\/div>\n\t\t\t\t<\/div>\n\t\t\t\t<div class=\"elementor-element elementor-element-8faf150 elementor-widget elementor-widget-heading\" data-id=\"8faf150\" data-element_type=\"widget\" data-widget_type=\"heading.default\">\n\t\t\t\t<div class=\"elementor-widget-container\">\n\t\t\t<h2 class=\"elementor-heading-title elementor-size-default\">Datensammlung in Arztpraxen<\/h2>\t\t<\/div>\n\t\t\t\t<\/div>\n\t\t\t\t<div class=\"elementor-element elementor-element-05aff63 elementor-widget elementor-widget-text-editor\" data-id=\"05aff63\" data-element_type=\"widget\" data-widget_type=\"text-editor.default\">\n\t\t\t\t<div class=\"elementor-widget-container\">\n\t\t\t\t\t\t\t<div><div><div><div><div data-language=\"de\" data-original-language=\"en\" data-result-index=\"0\"><ul><li><span lang=\"de\"><span data-language-for-alternatives=\"de\" data-language-to-translate-into=\"en\" data-phrase-index=\"0\" data-number-of-phrases=\"14\">Ambulant t\u00e4tige \u00c4rzte unterzeichnen eine Kooperationsvereinbarung mit der Martin-Luther-Universit\u00e4t Halle-Wittenberg, die einen anonymisierten oder pseudonymisierten Export von Patientendaten f\u00fcr Forschungszwecke im Bereich der \u00f6ffentlichen Gesundheit umfasst.\u00a0<\/span><\/span><\/li><li><span lang=\"de\"><span data-language-for-alternatives=\"de\" data-language-to-translate-into=\"en\" data-phrase-index=\"4\" data-number-of-phrases=\"14\">Es werden keine patientenidentifizierbaren Informationen an die Datenbank gesendet. Beim anonymisierten Export wird mit technischen Ma\u00dfnahmen und einer Anonymisierungssoftware sichergestellt, dass der Patient nicht oder nicht mehr identifiziert werden kann.\u00a0<\/span><\/span><\/li><li><span lang=\"de\"><span data-language-for-alternatives=\"de\" data-language-to-translate-into=\"en\" data-phrase-index=\"4\" data-number-of-phrases=\"14\">Beim pseudonymisierten Export werden die patientenbezogenen Daten sicher an eine Treuhandstelle weitergeleitet und dort mit einem Pseudonym versehen.<\/span><\/span><\/li><li style=\"font-size: 13px;\"><span lang=\"de\">Zur Erstellung von Pseudonymen und Ausleitung pseudonymisierter Daten ist die Zustimmung des Patienten von der teilnehmenden Arztpraxis einzuholen.\u00a0<\/span><\/li><li><span lang=\"de\"><span data-language-for-alternatives=\"de\" data-language-to-translate-into=\"en\" data-phrase-index=\"6\" data-number-of-phrases=\"14\">Das Pseudonym erlaubt keinen R\u00fcckschluss auf den Patienten. Bei der Pseudonymisierung kommen verschiedene Sicherheitsstufen zum Einsatz. Zum Beispiel wird ein doppeltes Pseudonym (PID-2) erzeugt, wenn die Daten f\u00fcr weitere Analysen verwendet werden. <\/span><\/span>Eine\u00a0 Zusammenf\u00fchrung der Daten wird \u00fcber ein Record Linkage erzielt.<\/li><li><span style=\"background-color: transparent; color: var( --e-global-color-primary );\">Patienten k\u00f6nnen jederzeit und ohne Angaben von Gr\u00fcnden Ihre Einwilligung\u00a0 widerrufen.<\/span><\/li><\/ul><\/div><\/div><\/div><\/div><\/div>\t\t\t\t\t\t<\/div>\n\t\t\t\t<\/div>\n\t\t\t\t<div class=\"elementor-element elementor-element-ca81eac elementor-widget elementor-widget-heading\" data-id=\"ca81eac\" data-element_type=\"widget\" data-widget_type=\"heading.default\">\n\t\t\t\t<div class=\"elementor-widget-container\">\n\t\t\t<h2 class=\"elementor-heading-title elementor-size-default\">Forschung mit den Daten<\/h2>\t\t<\/div>\n\t\t\t\t<\/div>\n\t\t\t\t<div class=\"elementor-element elementor-element-31195f5 elementor-widget elementor-widget-text-editor\" data-id=\"31195f5\" data-element_type=\"widget\" data-widget_type=\"text-editor.default\">\n\t\t\t\t<div class=\"elementor-widget-container\">\n\t\t\t\t\t\t\t<div data-language=\"de\" data-original-language=\"en\" data-result-index=\"0\"><ul><li><span lang=\"de\"><span data-language-for-alternatives=\"de\" data-language-to-translate-into=\"en\" data-phrase-index=\"0\" data-number-of-phrases=\"1\">Das BeoNet-Halle hat ein positives Ethikvotum von der Ethik-Kommission der Medizinische Fakult\u00e4t der Martin-Luther-Universit\u00e4t Halle-Wittenberg zur Forschung mit anonymisierten und pseudonymisierten Patientendaten erhalten.<\/span><\/span><\/li><li><span lang=\"de\"><span data-language-for-alternatives=\"de\" data-language-to-translate-into=\"en\" data-phrase-index=\"0\" data-number-of-phrases=\"1\"> Sobald das BeoNet-Halle anonymisierte oder pseudonymisierte Patientendaten von einer teilnehmenden Arztpraxis erh\u00e4lt, werden Konformit\u00e4tschecks durchgef\u00fchrt, die die Privatsph\u00e4re der Patienten sicherstellt.\u00a0<\/span><\/span><\/li><li><span lang=\"de\"><span data-language-for-alternatives=\"de\" data-language-to-translate-into=\"en\" data-phrase-index=\"0\" data-number-of-phrases=\"1\">Die Identit\u00e4t der teilnehmenden Praxen wird grunds\u00e4tzlich verschwiegen.<\/span><\/span><\/li><li><span lang=\"de\"><span data-language-for-alternatives=\"de\" data-language-to-translate-into=\"en\" data-phrase-index=\"0\" data-number-of-phrases=\"1\">Die Daten k\u00f6nnen nur f\u00fcr die \u00f6ffentliche Gesundheitsforschung verwendet werden. <\/span><\/span><\/li><li>Nur der BeoNet-Halle Datenmanager hat\u00a0 Zugriff auf die direkt \u00fcbermittelten Rohdaten. Er muss sicherstellen, dass einerseits Datenlieferungen regelm\u00e4\u00dfig und korrekt erfolgen und andererseits die Forscher mit Daten f\u00fcr die Auswertung versorgt werden.<\/li><li><span lang=\"DE\">Die Auswertung erfolgt ausschlie\u00dflich von Mitarbeitern und Doktoranden der Medizinischen Fakult\u00e4t der Martin-Luther-Universit\u00e4t Halle-Wittenberg.<\/span><\/li><\/ul><\/div>\t\t\t\t\t\t<\/div>\n\t\t\t\t<\/div>\n\t\t\t\t\t<\/div>\n\t\t<\/div>\n\t\t\t\t<div class=\"elementor-column elementor-col-50 elementor-top-column elementor-element elementor-element-a6d972f\" data-id=\"a6d972f\" data-element_type=\"column\">\n\t\t\t<div class=\"elementor-widget-wrap elementor-element-populated\">\n\t\t\t\t\t\t\t\t<div class=\"elementor-element elementor-element-0e76506 elementor-widget elementor-widget-image\" data-id=\"0e76506\" data-element_type=\"widget\" data-widget_type=\"image.default\">\n\t\t\t\t<div class=\"elementor-widget-container\">\n\t\t\t\t\t\t\t\t\t\t\t\t\t\t\t\t<a href=\"https:\/\/webszh.uk-halle.de\/beonet\/index.php\/interessensformular\/\">\n\t\t\t\t\t\t\t<img width=\"210\" height=\"210\" src=\"https:\/\/webszh.uk-halle.de\/beonet\/wp-content\/uploads\/2021\/12\/Arzt.png\" class=\"attachment-large size-large wp-image-769\" alt=\"\" loading=\"lazy\" srcset=\"https:\/\/webszh.uk-halle.de\/beonet\/wp-content\/uploads\/2021\/12\/Arzt.png 210w, https:\/\/webszh.uk-halle.de\/beonet\/wp-content\/uploads\/2021\/12\/Arzt-150x150.png 150w\" sizes=\"(max-width: 210px) 100vw, 210px\" \/>\t\t\t\t\t\t\t\t<\/a>\n\t\t\t\t\t\t\t\t\t\t\t\t\t\t\t<\/div>\n\t\t\t\t<\/div>\n\t\t\t\t<div class=\"elementor-element elementor-element-dda5312 elementor-widget elementor-widget-heading\" data-id=\"dda5312\" data-element_type=\"widget\" data-widget_type=\"heading.default\">\n\t\t\t\t<div class=\"elementor-widget-container\">\n\t\t\t<h2 class=\"elementor-heading-title elementor-size-default\"><a href=\"https:\/\/webszh.uk-halle.de\/beonet\/index.php\/interessensformular\/\">Arztpraxis - Hier Teilnehmen<\/a><\/h2>\t\t<\/div>\n\t\t\t\t<\/div>\n\t\t\t\t\t<\/div>\n\t\t<\/div>\n\t\t\t\t\t\t\t<\/div>\n\t\t<\/section>\n\t\t\t\t\t\t\t<\/div>\n\t\t","protected":false},"excerpt":{"rendered":"<p>Schutz von Patientendaten Datenschutz Der Schutz von Patientendaten\u00a0spielt eine zentrale Rolle im BeoNet Halle.\u00a0Hier erl\u00e4utern wir, wie die Privatsph\u00e4re von Patientendaten gesch\u00fctzt und wie die Daten verarbeitet und verwendet werden.\u00a0In die Datenverarbeitung involviert sind: Alle Patientinnen und Patienten, die eine Einwilligungserkl\u00e4rung in die Nutzung von Patientendaten f\u00fcr medizinische Forschungszwecke unterzeichnet haben. Die Behandlungsdaten der Patienten [&hellip;]<\/p>\n","protected":false},"author":2,"featured_media":0,"parent":0,"menu_order":0,"comment_status":"closed","ping_status":"closed","template":"","meta":[],"_links":{"self":[{"href":"https:\/\/webszh.uk-halle.de\/beonet\/index.php\/wp-json\/wp\/v2\/pages\/895"}],"collection":[{"href":"https:\/\/webszh.uk-halle.de\/beonet\/index.php\/wp-json\/wp\/v2\/pages"}],"about":[{"href":"https:\/\/webszh.uk-halle.de\/beonet\/index.php\/wp-json\/wp\/v2\/types\/page"}],"author":[{"embeddable":true,"href":"https:\/\/webszh.uk-halle.de\/beonet\/index.php\/wp-json\/wp\/v2\/users\/2"}],"replies":[{"embeddable":true,"href":"https:\/\/webszh.uk-halle.de\/beonet\/index.php\/wp-json\/wp\/v2\/comments?post=895"}],"version-history":[{"count":58,"href":"https:\/\/webszh.uk-halle.de\/beonet\/index.php\/wp-json\/wp\/v2\/pages\/895\/revisions"}],"predecessor-version":[{"id":1456,"href":"https:\/\/webszh.uk-halle.de\/beonet\/index.php\/wp-json\/wp\/v2\/pages\/895\/revisions\/1456"}],"wp:attachment":[{"href":"https:\/\/webszh.uk-halle.de\/beonet\/index.php\/wp-json\/wp\/v2\/media?parent=895"}],"curies":[{"name":"wp","href":"https:\/\/api.w.org\/{rel}","templated":true}]}}