{"id":15,"date":"2021-06-29T05:53:12","date_gmt":"2021-06-29T05:53:12","guid":{"rendered":"https:\/\/webszh.uk-halle.de\/beonet\/?page_id=15"},"modified":"2023-08-08T13:06:56","modified_gmt":"2023-08-08T13:06:56","slug":"rhesa-studie-start","status":"publish","type":"page","link":"https:\/\/webszh.uk-halle.de\/beonet\/","title":{"rendered":"beonet"},"content":{"rendered":"\t\t<div data-elementor-type=\"wp-page\" data-elementor-id=\"15\" class=\"elementor elementor-15\">\n\t\t\t\t\t\t\t\t\t<section class=\"elementor-section elementor-top-section elementor-element elementor-element-82be681 elementor-section-full_width elementor-section-height-default elementor-section-height-default\" data-id=\"82be681\" data-element_type=\"section\">\n\t\t\t\t\t\t<div class=\"elementor-container elementor-column-gap-default\">\n\t\t\t\t\t<div class=\"elementor-column elementor-col-100 elementor-top-column elementor-element elementor-element-c2579b0\" data-id=\"c2579b0\" data-element_type=\"column\">\n\t\t\t<div class=\"elementor-widget-wrap elementor-element-populated\">\n\t\t\t\t\t\t\t\t<div class=\"elementor-element elementor-element-f47a3de elementor-widget__width-initial elementor-widget elementor-widget-video\" data-id=\"f47a3de\" data-element_type=\"widget\" data-settings=\"{&quot;video_type&quot;:&quot;hosted&quot;,&quot;controls&quot;:&quot;yes&quot;}\" data-widget_type=\"video.default\">\n\t\t\t\t<div class=\"elementor-widget-container\">\n\t\t\t\t\t<div class=\"e-hosted-video elementor-wrapper elementor-open-inline\">\n\t\t\t\t\t<video class=\"elementor-video\" src=\"https:\/\/webszh.uk-halle.de\/beonet\/wp-content\/uploads\/2023\/06\/BeoNet-Imagevideo.mp4\" controls=\"\" preload=\"metadata\" controlsList=\"nodownload\"><\/video>\n\t\t\t\t<\/div>\n\t\t\t\t<\/div>\n\t\t\t\t<\/div>\n\t\t\t\t\t<\/div>\n\t\t<\/div>\n\t\t\t\t\t\t\t<\/div>\n\t\t<\/section>\n\t\t\t\t<section class=\"elementor-section elementor-top-section elementor-element elementor-element-a086e97 elementor-section-boxed elementor-section-height-default elementor-section-height-default\" data-id=\"a086e97\" data-element_type=\"section\">\n\t\t\t\t\t\t<div class=\"elementor-container elementor-column-gap-default\">\n\t\t\t\t\t<div class=\"elementor-column elementor-col-100 elementor-top-column elementor-element elementor-element-13edaae\" data-id=\"13edaae\" data-element_type=\"column\">\n\t\t\t<div class=\"elementor-widget-wrap elementor-element-populated\">\n\t\t\t\t\t\t\t\t<div class=\"elementor-element elementor-element-69405db elementor-widget elementor-widget-heading\" data-id=\"69405db\" data-element_type=\"widget\" data-widget_type=\"heading.default\">\n\t\t\t\t<div class=\"elementor-widget-container\">\n\t\t\t<h1 class=\"elementor-heading-title elementor-size-default\">BeoNet-Halle<\/h1>\t\t<\/div>\n\t\t\t\t<\/div>\n\t\t\t\t\t<\/div>\n\t\t<\/div>\n\t\t\t\t\t\t\t<\/div>\n\t\t<\/section>\n\t\t\t\t<section class=\"elementor-section elementor-top-section elementor-element elementor-element-cfa7394 elementor-section-boxed elementor-section-height-default elementor-section-height-default\" data-id=\"cfa7394\" data-element_type=\"section\">\n\t\t\t\t\t\t<div class=\"elementor-container elementor-column-gap-default\">\n\t\t\t\t\t<div class=\"elementor-column elementor-col-100 elementor-top-column elementor-element elementor-element-290685a\" data-id=\"290685a\" data-element_type=\"column\">\n\t\t\t<div class=\"elementor-widget-wrap elementor-element-populated\">\n\t\t\t\t\t\t\t\t<div class=\"elementor-element elementor-element-203ac98 elementor-widget elementor-widget-text-editor\" data-id=\"203ac98\" data-element_type=\"widget\" data-widget_type=\"text-editor.default\">\n\t\t\t\t<div class=\"elementor-widget-container\">\n\t\t\t\t\t\t\t<p>BeoNet-Halle steht f\u00fcr das Beobachtungspraxen-Netzwerk Halle. Das Register ist eine systematische Sammlung von anonymisierten und pseudonymisierten Patientendaten aus der ambulanten medizinischen Versorgung in Form einer Datenbank. Aufgebaut und betreut wird die Datenbank vom <a style=\"background-color: #ffffff;\" href=\"https:\/\/www.medizin.uni-halle.de\/einrichtungen\/institute\/medizinische-epidemiologie-biometrie-und-informatik\"><span style=\"color: #bb1c43;\">Institut<\/span> f\u00fcr Medizinische Epidemiologie, Biometrie und Informatik<\/a> und dem <a style=\"background-color: #ffffff;\" href=\"https:\/\/www.medizin.uni-halle.de\/einrichtungen\/institute\/allgemeinmedizin\"><span style=\"color: #bb1c43;\">Institut<\/span> f\u00fcr Allgemeinmedizin<\/a> der Medizinischen Fakult\u00e4t der Martin-Luther-Universit\u00e4t Halle-Wittenberg.<\/p><p>Arztpraxen, die an einer Teilnahme interessiert sind, k\u00f6nnen sich gerne an das Register wenden. Ebenso k\u00f6nnen Patienten in teilnehmenden Arztpraxen ihre Einwilligung zur Teilnahme am Register erkl\u00e4ren oder ihre behandelnden \u00c4rzte und \u00c4rztinnen auf das Register aufmerksam machen.<span style=\"color: #bb1c43;\"><a style=\"color: #bb1c43;\" href=\"https:\/\/webszh.uk-halle.de\/beonet\/index.php\/daten\/\">Mehr Erfahren.<\/a>..<\/span><\/p>\t\t\t\t\t\t<\/div>\n\t\t\t\t<\/div>\n\t\t\t\t\t<\/div>\n\t\t<\/div>\n\t\t\t\t\t\t\t<\/div>\n\t\t<\/section>\n\t\t\t\t<section class=\"elementor-section elementor-top-section elementor-element elementor-element-d4a563c elementor-section-boxed elementor-section-height-default elementor-section-height-default\" data-id=\"d4a563c\" data-element_type=\"section\" data-settings=\"{&quot;background_background&quot;:&quot;classic&quot;}\">\n\t\t\t\t\t\t<div class=\"elementor-container elementor-column-gap-default\">\n\t\t\t\t\t<div class=\"elementor-column elementor-col-100 elementor-top-column elementor-element elementor-element-7ff186a\" data-id=\"7ff186a\" data-element_type=\"column\">\n\t\t\t<div class=\"elementor-widget-wrap elementor-element-populated\">\n\t\t\t\t\t\t\t\t<div class=\"elementor-element elementor-element-3c8709b elementor-widget elementor-widget-heading\" data-id=\"3c8709b\" data-element_type=\"widget\" data-widget_type=\"heading.default\">\n\t\t\t\t<div class=\"elementor-widget-container\">\n\t\t\t<h2 class=\"elementor-heading-title elementor-size-default\">Wof\u00fcr werden die Daten genutzt?<\/h2>\t\t<\/div>\n\t\t\t\t<\/div>\n\t\t\t\t\t<\/div>\n\t\t<\/div>\n\t\t\t\t\t\t\t<\/div>\n\t\t<\/section>\n\t\t\t\t<section class=\"elementor-section elementor-top-section elementor-element elementor-element-0338b64 elementor-section-boxed elementor-section-height-default elementor-section-height-default\" data-id=\"0338b64\" data-element_type=\"section\">\n\t\t\t\t\t\t<div class=\"elementor-container elementor-column-gap-default\">\n\t\t\t\t\t<div class=\"elementor-column elementor-col-33 elementor-top-column elementor-element elementor-element-722fb0f\" data-id=\"722fb0f\" data-element_type=\"column\">\n\t\t\t<div class=\"elementor-widget-wrap elementor-element-populated\">\n\t\t\t\t\t\t\t\t<div class=\"elementor-element elementor-element-71427ae elementor-widget elementor-widget-image\" data-id=\"71427ae\" data-element_type=\"widget\" data-widget_type=\"image.default\">\n\t\t\t\t<div class=\"elementor-widget-container\">\n\t\t\t\t\t\t\t\t\t\t\t\t\t\t\t\t<a href=\"https:\/\/webszh.uk-halle.de\/beonet\/index.php\/versorgungsdaten\/\">\n\t\t\t\t\t\t\t<img width=\"210\" height=\"210\" src=\"https:\/\/webszh.uk-halle.de\/beonet\/wp-content\/uploads\/2021\/12\/1.jpg\" class=\"attachment-large size-large wp-image-784\" alt=\"\" loading=\"lazy\" srcset=\"https:\/\/webszh.uk-halle.de\/beonet\/wp-content\/uploads\/2021\/12\/1.jpg 210w, https:\/\/webszh.uk-halle.de\/beonet\/wp-content\/uploads\/2021\/12\/1-150x150.jpg 150w\" sizes=\"(max-width: 210px) 100vw, 210px\" \/>\t\t\t\t\t\t\t\t<\/a>\n\t\t\t\t\t\t\t\t\t\t\t\t\t\t\t<\/div>\n\t\t\t\t<\/div>\n\t\t\t\t<div class=\"elementor-element elementor-element-be26f37 elementor-widget elementor-widget-heading\" data-id=\"be26f37\" data-element_type=\"widget\" data-widget_type=\"heading.default\">\n\t\t\t\t<div class=\"elementor-widget-container\">\n\t\t\t<h2 class=\"elementor-heading-title elementor-size-default\"><a href=\"https:\/\/webszh.uk-halle.de\/beonet\/index.php\/versorgungsdaten\/\">Patientenpfade verstehen<\/a><\/h2>\t\t<\/div>\n\t\t\t\t<\/div>\n\t\t\t\t<div class=\"elementor-element elementor-element-444b911 elementor-widget elementor-widget-text-editor\" data-id=\"444b911\" data-element_type=\"widget\" data-widget_type=\"text-editor.default\">\n\t\t\t\t<div class=\"elementor-widget-container\">\n\t\t\t\t\t\t\t<p style=\"text-align: center;\"><span lang=\"de\"><span data-language-for-alternatives=\"de\" data-language-to-translate-into=\"en\" data-phrase-index=\"0\" data-number-of-phrases=\"1\">Von einer Vielzahl unterschiedlicher Praxis-Softwarel\u00f6sungen k\u00f6nnen patientenbezogene Daten longitudinal exportiert und in eine einheitliche Datenbank \u00fcberf\u00fchrt werden. Dies schafft die Voraussetzung, um Behandlungsdaten \u00fcber viele Versorger hinweg abzubilden.<\/span><\/span><\/p>\t\t\t\t\t\t<\/div>\n\t\t\t\t<\/div>\n\t\t\t\t\t<\/div>\n\t\t<\/div>\n\t\t\t\t<div class=\"elementor-column elementor-col-33 elementor-top-column elementor-element elementor-element-8c6b960\" data-id=\"8c6b960\" data-element_type=\"column\">\n\t\t\t<div class=\"elementor-widget-wrap elementor-element-populated\">\n\t\t\t\t\t\t\t\t<div class=\"elementor-element elementor-element-c0e9a30 elementor-widget elementor-widget-image\" data-id=\"c0e9a30\" data-element_type=\"widget\" data-widget_type=\"image.default\">\n\t\t\t\t<div class=\"elementor-widget-container\">\n\t\t\t\t\t\t\t\t\t\t\t\t\t\t\t<img width=\"210\" height=\"210\" src=\"https:\/\/webszh.uk-halle.de\/beonet\/wp-content\/uploads\/2021\/12\/6.png\" class=\"attachment-large size-large wp-image-789\" alt=\"\" loading=\"lazy\" srcset=\"https:\/\/webszh.uk-halle.de\/beonet\/wp-content\/uploads\/2021\/12\/6.png 210w, https:\/\/webszh.uk-halle.de\/beonet\/wp-content\/uploads\/2021\/12\/6-150x150.png 150w\" sizes=\"(max-width: 210px) 100vw, 210px\" \/>\t\t\t\t\t\t\t\t\t\t\t\t\t\t\t<\/div>\n\t\t\t\t<\/div>\n\t\t\t\t<div class=\"elementor-element elementor-element-c7052f1 elementor-widget elementor-widget-heading\" data-id=\"c7052f1\" data-element_type=\"widget\" data-widget_type=\"heading.default\">\n\t\t\t\t<div class=\"elementor-widget-container\">\n\t\t\t<h2 class=\"elementor-heading-title elementor-size-default\"><a href=\"https:\/\/webszh.uk-halle.de\/beonet\/index.php\/daten\/\">Verlinkung von Gesundheitsdaten<\/a><\/h2>\t\t<\/div>\n\t\t\t\t<\/div>\n\t\t\t\t<div class=\"elementor-element elementor-element-a1d74f4 elementor-widget elementor-widget-text-editor\" data-id=\"a1d74f4\" data-element_type=\"widget\" data-widget_type=\"text-editor.default\">\n\t\t\t\t<div class=\"elementor-widget-container\">\n\t\t\t\t\t\t\t<p style=\"text-align: center;\">Patientenbezogene Daten aus der prim\u00e4r\u00e4rztlichen Versorgung k\u00f6nnen individuell mit Daten aus der Facharztversorgung und mit station\u00e4ren Versorgungsdaten verkn\u00fcpft werden.<\/p>\t\t\t\t\t\t<\/div>\n\t\t\t\t<\/div>\n\t\t\t\t\t<\/div>\n\t\t<\/div>\n\t\t\t\t<div class=\"elementor-column elementor-col-33 elementor-top-column elementor-element elementor-element-804a011\" data-id=\"804a011\" data-element_type=\"column\">\n\t\t\t<div class=\"elementor-widget-wrap elementor-element-populated\">\n\t\t\t\t\t\t\t\t<div class=\"elementor-element elementor-element-0705666 elementor-widget elementor-widget-image\" data-id=\"0705666\" data-element_type=\"widget\" data-widget_type=\"image.default\">\n\t\t\t\t<div class=\"elementor-widget-container\">\n\t\t\t\t\t\t\t\t\t\t\t\t\t\t\t<img width=\"210\" height=\"210\" src=\"https:\/\/webszh.uk-halle.de\/beonet\/wp-content\/uploads\/2021\/12\/5.png\" class=\"attachment-large size-large wp-image-788\" alt=\"\" loading=\"lazy\" srcset=\"https:\/\/webszh.uk-halle.de\/beonet\/wp-content\/uploads\/2021\/12\/5.png 210w, https:\/\/webszh.uk-halle.de\/beonet\/wp-content\/uploads\/2021\/12\/5-150x150.png 150w\" sizes=\"(max-width: 210px) 100vw, 210px\" \/>\t\t\t\t\t\t\t\t\t\t\t\t\t\t\t<\/div>\n\t\t\t\t<\/div>\n\t\t\t\t<div class=\"elementor-element elementor-element-6ff745d elementor-widget elementor-widget-heading\" data-id=\"6ff745d\" data-element_type=\"widget\" data-widget_type=\"heading.default\">\n\t\t\t\t<div class=\"elementor-widget-container\">\n\t\t\t<h2 class=\"elementor-heading-title elementor-size-default\">Epidemiologische Forschung<\/h2>\t\t<\/div>\n\t\t\t\t<\/div>\n\t\t\t\t<div class=\"elementor-element elementor-element-dde7cd6 elementor-widget elementor-widget-text-editor\" data-id=\"dde7cd6\" data-element_type=\"widget\" data-widget_type=\"text-editor.default\">\n\t\t\t\t<div class=\"elementor-widget-container\">\n\t\t\t\t\t\t\t<p style=\"text-align: center;\">Die Datenbank leistet einen wesentlichen Beitrag zur Analyse von Gesundheitstrends, indem sie die Entstehung von Krankheiten sowie deren Auswirkungen auf die Gesellschaft aufzeigt. Echtzeitdaten k\u00f6nnen wichtige Informationen zur Entwicklung und dem Verlauf von Pandemien liefern.<\/p>\t\t\t\t\t\t<\/div>\n\t\t\t\t<\/div>\n\t\t\t\t\t<\/div>\n\t\t<\/div>\n\t\t\t\t\t\t\t<\/div>\n\t\t<\/section>\n\t\t\t\t<section class=\"elementor-section elementor-top-section elementor-element elementor-element-46b0d2a elementor-section-boxed elementor-section-height-default elementor-section-height-default\" data-id=\"46b0d2a\" data-element_type=\"section\">\n\t\t\t\t\t\t<div class=\"elementor-container elementor-column-gap-default\">\n\t\t\t\t\t<div class=\"elementor-column elementor-col-33 elementor-top-column elementor-element elementor-element-399a256\" data-id=\"399a256\" data-element_type=\"column\">\n\t\t\t<div class=\"elementor-widget-wrap elementor-element-populated\">\n\t\t\t\t\t\t\t\t<div class=\"elementor-element elementor-element-03f74fb elementor-widget elementor-widget-image\" data-id=\"03f74fb\" data-element_type=\"widget\" data-widget_type=\"image.default\">\n\t\t\t\t<div class=\"elementor-widget-container\">\n\t\t\t\t\t\t\t\t\t\t\t\t\t\t\t<img width=\"210\" height=\"210\" src=\"https:\/\/webszh.uk-halle.de\/beonet\/wp-content\/uploads\/2021\/12\/3.png\" class=\"attachment-large size-large wp-image-786\" alt=\"\" loading=\"lazy\" srcset=\"https:\/\/webszh.uk-halle.de\/beonet\/wp-content\/uploads\/2021\/12\/3.png 210w, https:\/\/webszh.uk-halle.de\/beonet\/wp-content\/uploads\/2021\/12\/3-150x150.png 150w\" sizes=\"(max-width: 210px) 100vw, 210px\" \/>\t\t\t\t\t\t\t\t\t\t\t\t\t\t\t<\/div>\n\t\t\t\t<\/div>\n\t\t\t\t<div class=\"elementor-element elementor-element-0349b87 elementor-widget elementor-widget-heading\" data-id=\"0349b87\" data-element_type=\"widget\" data-widget_type=\"heading.default\">\n\t\t\t\t<div class=\"elementor-widget-container\">\n\t\t\t<h2 class=\"elementor-heading-title elementor-size-default\">Versorgungsprozesse optimieren<\/h2>\t\t<\/div>\n\t\t\t\t<\/div>\n\t\t\t\t<div class=\"elementor-element elementor-element-c5a1b18 elementor-widget elementor-widget-text-editor\" data-id=\"c5a1b18\" data-element_type=\"widget\" data-widget_type=\"text-editor.default\">\n\t\t\t\t<div class=\"elementor-widget-container\">\n\t\t\t\t\t\t\t<p style=\"text-align: center;\">Die Datenbank hat das Ziel, auf lange Sicht Prozesse im Versorgungsalltag zu optimieren und den teilnehmenden Praxen wichtige Informationen zum Versorgungsgeschehen bereitzustellen.<\/p>\t\t\t\t\t\t<\/div>\n\t\t\t\t<\/div>\n\t\t\t\t\t<\/div>\n\t\t<\/div>\n\t\t\t\t<div class=\"elementor-column elementor-col-33 elementor-top-column elementor-element elementor-element-e4037a4\" data-id=\"e4037a4\" data-element_type=\"column\">\n\t\t\t<div class=\"elementor-widget-wrap elementor-element-populated\">\n\t\t\t\t\t\t\t\t<div class=\"elementor-element elementor-element-903c6b6 elementor-widget elementor-widget-image\" data-id=\"903c6b6\" data-element_type=\"widget\" data-widget_type=\"image.default\">\n\t\t\t\t<div class=\"elementor-widget-container\">\n\t\t\t\t\t\t\t\t\t\t\t\t\t\t\t<img width=\"210\" height=\"210\" src=\"https:\/\/webszh.uk-halle.de\/beonet\/wp-content\/uploads\/2021\/12\/2.png\" class=\"attachment-large size-large wp-image-785\" alt=\"\" loading=\"lazy\" srcset=\"https:\/\/webszh.uk-halle.de\/beonet\/wp-content\/uploads\/2021\/12\/2.png 210w, https:\/\/webszh.uk-halle.de\/beonet\/wp-content\/uploads\/2021\/12\/2-150x150.png 150w\" sizes=\"(max-width: 210px) 100vw, 210px\" \/>\t\t\t\t\t\t\t\t\t\t\t\t\t\t\t<\/div>\n\t\t\t\t<\/div>\n\t\t\t\t<div class=\"elementor-element elementor-element-bcacc19 elementor-widget elementor-widget-heading\" data-id=\"bcacc19\" data-element_type=\"widget\" data-widget_type=\"heading.default\">\n\t\t\t\t<div class=\"elementor-widget-container\">\n\t\t\t<h2 class=\"elementor-heading-title elementor-size-default\">Retrospektive und prospektive Studiendesigns<\/h2>\t\t<\/div>\n\t\t\t\t<\/div>\n\t\t\t\t<div class=\"elementor-element elementor-element-b6bb9b3 elementor-widget elementor-widget-text-editor\" data-id=\"b6bb9b3\" data-element_type=\"widget\" data-widget_type=\"text-editor.default\">\n\t\t\t\t<div class=\"elementor-widget-container\">\n\t\t\t\t\t\t\t<p style=\"text-align: center;\">Durch das BeoNet-Halle werden Studien mit verschiedenen Designs in ihrer Durchf\u00fchrbarkeit deutlich vereinfacht, insbesondere der Prozess der Rekrutierung und Begleitung w\u00e4hrend der Datenerhebung wird erleichtert.<\/p>\t\t\t\t\t\t<\/div>\n\t\t\t\t<\/div>\n\t\t\t\t\t<\/div>\n\t\t<\/div>\n\t\t\t\t<div class=\"elementor-column elementor-col-33 elementor-top-column elementor-element elementor-element-ce715d8\" data-id=\"ce715d8\" data-element_type=\"column\">\n\t\t\t<div class=\"elementor-widget-wrap elementor-element-populated\">\n\t\t\t\t\t\t\t\t<div class=\"elementor-element elementor-element-0388d26 elementor-widget elementor-widget-image\" data-id=\"0388d26\" data-element_type=\"widget\" data-widget_type=\"image.default\">\n\t\t\t\t<div class=\"elementor-widget-container\">\n\t\t\t\t\t\t\t\t\t\t\t\t\t\t\t<img width=\"210\" height=\"210\" src=\"https:\/\/webszh.uk-halle.de\/beonet\/wp-content\/uploads\/2021\/12\/4.png\" class=\"attachment-large size-large wp-image-787\" alt=\"\" loading=\"lazy\" srcset=\"https:\/\/webszh.uk-halle.de\/beonet\/wp-content\/uploads\/2021\/12\/4.png 210w, https:\/\/webszh.uk-halle.de\/beonet\/wp-content\/uploads\/2021\/12\/4-150x150.png 150w\" sizes=\"(max-width: 210px) 100vw, 210px\" \/>\t\t\t\t\t\t\t\t\t\t\t\t\t\t\t<\/div>\n\t\t\t\t<\/div>\n\t\t\t\t<div class=\"elementor-element elementor-element-c3207ba elementor-widget elementor-widget-heading\" data-id=\"c3207ba\" data-element_type=\"widget\" data-widget_type=\"heading.default\">\n\t\t\t\t<div class=\"elementor-widget-container\">\n\t\t\t<h2 class=\"elementor-heading-title elementor-size-default\">Langfristige Verbesserung der Gesundheit der Bev\u00f6lkerung<\/h2>\t\t<\/div>\n\t\t\t\t<\/div>\n\t\t\t\t<div class=\"elementor-element elementor-element-1d85dbc elementor-widget elementor-widget-text-editor\" data-id=\"1d85dbc\" data-element_type=\"widget\" data-widget_type=\"text-editor.default\">\n\t\t\t\t<div class=\"elementor-widget-container\">\n\t\t\t\t\t\t\t<p style=\"text-align: center;\">Das BeoNet Halle hat die Gesundheitsforschung im Fokus und tr\u00e4gt langfristig zur Verbesserung der Patientenversorgung in Deutschland bei.<\/p>\t\t\t\t\t\t<\/div>\n\t\t\t\t<\/div>\n\t\t\t\t\t<\/div>\n\t\t<\/div>\n\t\t\t\t\t\t\t<\/div>\n\t\t<\/section>\n\t\t\t\t\t\t\t<\/div>\n\t\t","protected":false},"excerpt":{"rendered":"<p>https:\/\/webszh.uk-halle.de\/beonet\/wp-content\/uploads\/2023\/06\/BeoNet-Imagevideo.mp4 BeoNet-Halle BeoNet-Halle steht f\u00fcr das Beobachtungspraxen-Netzwerk Halle. Das Register ist eine systematische Sammlung von anonymisierten und pseudonymisierten Patientendaten aus der ambulanten medizinischen Versorgung in Form einer Datenbank. Aufgebaut und betreut wird die Datenbank vom Institut f\u00fcr Medizinische Epidemiologie, Biometrie und Informatik und dem Institut f\u00fcr Allgemeinmedizin der Medizinischen Fakult\u00e4t der Martin-Luther-Universit\u00e4t Halle-Wittenberg. Arztpraxen, die [&hellip;]<\/p>\n","protected":false},"author":1,"featured_media":0,"parent":0,"menu_order":0,"comment_status":"closed","ping_status":"closed","template":"","meta":[],"_links":{"self":[{"href":"https:\/\/webszh.uk-halle.de\/beonet\/index.php\/wp-json\/wp\/v2\/pages\/15"}],"collection":[{"href":"https:\/\/webszh.uk-halle.de\/beonet\/index.php\/wp-json\/wp\/v2\/pages"}],"about":[{"href":"https:\/\/webszh.uk-halle.de\/beonet\/index.php\/wp-json\/wp\/v2\/types\/page"}],"author":[{"embeddable":true,"href":"https:\/\/webszh.uk-halle.de\/beonet\/index.php\/wp-json\/wp\/v2\/users\/1"}],"replies":[{"embeddable":true,"href":"https:\/\/webszh.uk-halle.de\/beonet\/index.php\/wp-json\/wp\/v2\/comments?post=15"}],"version-history":[{"count":492,"href":"https:\/\/webszh.uk-halle.de\/beonet\/index.php\/wp-json\/wp\/v2\/pages\/15\/revisions"}],"predecessor-version":[{"id":1542,"href":"https:\/\/webszh.uk-halle.de\/beonet\/index.php\/wp-json\/wp\/v2\/pages\/15\/revisions\/1542"}],"wp:attachment":[{"href":"https:\/\/webszh.uk-halle.de\/beonet\/index.php\/wp-json\/wp\/v2\/media?parent=15"}],"curies":[{"name":"wp","href":"https:\/\/api.w.org\/{rel}","templated":true}]}}